{"id":1046,"date":"2021-11-21T17:30:43","date_gmt":"2021-11-21T16:30:43","guid":{"rendered":"https:\/\/kkpp.pl\/?page_id=1046"},"modified":"2021-12-04T18:49:46","modified_gmt":"2021-12-04T17:49:46","slug":"harmonogram","status":"publish","type":"page","link":"https:\/\/kkpp.pl\/de\/polski-stp\/polski-stp-2021\/polski-harmonogram\/","title":{"rendered":"(Polski) Harmonogram"},"content":{"rendered":"<p><a href=\"https:\/\/kkpp.pl\/stp\/stp-2021\/harmonogram\/stp-2021_1000x300px\/\" rel=\"attachment wp-att-1048\"><img loading=\"lazy\" width=\"1001\" height=\"300\" class=\"aligncenter size-full wp-image-1048\" src=\"https:\/\/kkpp.pl\/wp-content\/uploads\/2021\/11\/STP-2021_1000x300px.png\" alt=\"\" srcset=\"https:\/\/kkpp.pl\/wp-content\/uploads\/2021\/11\/STP-2021_1000x300px.png 1001w, https:\/\/kkpp.pl\/wp-content\/uploads\/2021\/11\/STP-2021_1000x300px-250x75.png 250w, https:\/\/kkpp.pl\/wp-content\/uploads\/2021\/11\/STP-2021_1000x300px-700x210.png 700w, https:\/\/kkpp.pl\/wp-content\/uploads\/2021\/11\/STP-2021_1000x300px-768x230.png 768w, https:\/\/kkpp.pl\/wp-content\/uploads\/2021\/11\/STP-2021_1000x300px-120x36.png 120w\" sizes=\"(max-width: 1001px) 100vw, 1001px\" \/><\/a><\/p>\n<p><\/p>","protected":false},"excerpt":{"rendered":"","protected":false},"author":2,"featured_media":1964,"parent":1033,"menu_order":0,"comment_status":"closed","ping_status":"closed","template":"","meta":{"inline_featured_image":false},"acf":[],"yoast_head":"<!-- This site is optimized with the Yoast SEO plugin v18.1 - https:\/\/yoast.com\/wordpress\/plugins\/seo\/ -->\n<meta name=\"robots\" content=\"index, follow, max-snippet:-1, max-image-preview:large, max-video-preview:-1\" \/>\n<link rel=\"canonical\" href=\"https:\/\/kkpp.pl\/de\/stp\/stp-2021\/harmonogram\/\" \/>\n<meta property=\"og:locale\" content=\"de_DE\" \/>\n<meta property=\"og:type\" content=\"article\" \/>\n<meta property=\"og:title\" content=\"(Polski) Harmonogram - KKPP K\u0119dzierzy\u0144sko-Kozielski Park Przemys\u0142owy Sp. z o.o.\" \/>\n<meta property=\"og:url\" content=\"https:\/\/kkpp.pl\/de\/stp\/stp-2021\/harmonogram\/\" \/>\n<meta property=\"og:site_name\" content=\"KKPP K\u0119dzierzy\u0144sko-Kozielski Park Przemys\u0142owy Sp. z o.o.\" \/>\n<meta property=\"article:modified_time\" content=\"2021-12-04T17:49:46+00:00\" \/>\n<meta property=\"og:image\" content=\"https:\/\/kkpp.pl\/wp-content\/uploads\/2021\/11\/Baner_STP_header-2000x633px-scaled.jpg\" \/>\n\t<meta property=\"og:image:width\" content=\"2560\" \/>\n\t<meta property=\"og:image:height\" content=\"810\" \/>\n\t<meta property=\"og:image:type\" content=\"image\/jpeg\" \/>\n<meta name=\"twitter:card\" content=\"summary_large_image\" \/>\n<meta name=\"twitter:label1\" content=\"Gesch\u00e4tzte Lesezeit\" \/>\n\t<meta name=\"twitter:data1\" content=\"1\u00a0Minute\" \/>\n<script type=\"application\/ld+json\" class=\"yoast-schema-graph\">{\"@context\":\"https:\/\/schema.org\",\"@graph\":[{\"@type\":\"WebSite\",\"@id\":\"https:\/\/kkpp.pl\/de\/#website\",\"url\":\"https:\/\/kkpp.pl\/de\/\",\"name\":\"KKPP K\u0119dzierzy\u0144sko-Kozielski Park Przemys\u0142owy Sp. z o.o.\",\"description\":\"Centrum Obs\u0142ugi Inwestora K\u0119dzierzyn-Ko\u017ale oferuje tereny inwestycyjne, wsparcie doradcze, szkoleniowe; wynajem powierzchni biurowych, produkcyjnych, us\u0142ugowych.\",\"potentialAction\":[{\"@type\":\"SearchAction\",\"target\":{\"@type\":\"EntryPoint\",\"urlTemplate\":\"https:\/\/kkpp.pl\/de\/?s={search_term_string}\"},\"query-input\":\"required name=search_term_string\"}],\"inLanguage\":\"de\"},{\"@type\":\"ImageObject\",\"@id\":\"https:\/\/kkpp.pl\/de\/stp\/stp-2021\/harmonogram\/#primaryimage\",\"inLanguage\":\"de\",\"url\":\"https:\/\/kkpp.pl\/wp-content\/uploads\/2021\/11\/Baner_STP_header-2000x633px-scaled.jpg\",\"contentUrl\":\"https:\/\/kkpp.pl\/wp-content\/uploads\/2021\/11\/Baner_STP_header-2000x633px-scaled.jpg\",\"width\":2560,\"height\":810},{\"@type\":\"WebPage\",\"@id\":\"https:\/\/kkpp.pl\/de\/stp\/stp-2021\/harmonogram\/#webpage\",\"url\":\"https:\/\/kkpp.pl\/de\/stp\/stp-2021\/harmonogram\/\",\"name\":\"(Polski) Harmonogram - KKPP K\u0119dzierzy\u0144sko-Kozielski Park Przemys\u0142owy Sp. z o.o.\",\"isPartOf\":{\"@id\":\"https:\/\/kkpp.pl\/de\/#website\"},\"primaryImageOfPage\":{\"@id\":\"https:\/\/kkpp.pl\/de\/stp\/stp-2021\/harmonogram\/#primaryimage\"},\"datePublished\":\"2021-11-21T16:30:43+00:00\",\"dateModified\":\"2021-12-04T17:49:46+00:00\",\"breadcrumb\":{\"@id\":\"https:\/\/kkpp.pl\/de\/stp\/stp-2021\/harmonogram\/#breadcrumb\"},\"inLanguage\":\"de\",\"potentialAction\":[{\"@type\":\"ReadAction\",\"target\":[[\"https:\/\/kkpp.pl\/stp\/stp-2021\/harmonogram\/\"]]}]},{\"@type\":\"BreadcrumbList\",\"@id\":\"https:\/\/kkpp.pl\/de\/stp\/stp-2021\/harmonogram\/#breadcrumb\",\"itemListElement\":[{\"@type\":\"ListItem\",\"position\":1,\"name\":\"\u015aTP\",\"item\":\"https:\/\/kkpp.pl\/stp\/\"},{\"@type\":\"ListItem\",\"position\":2,\"name\":\"\u015aTP 2021\",\"item\":\"https:\/\/kkpp.pl\/stp\/stp-2021\/\"},{\"@type\":\"ListItem\",\"position\":3,\"name\":\"Harmonogram\"}]}]}<\/script>\n<!-- \/ Yoast SEO plugin. -->","yoast_head_json":{"robots":{"index":"index","follow":"follow","max-snippet":"max-snippet:-1","max-image-preview":"max-image-preview:large","max-video-preview":"max-video-preview:-1"},"canonical":"https:\/\/kkpp.pl\/de\/stp\/stp-2021\/harmonogram\/","og_locale":"de_DE","og_type":"article","og_title":"(Polski) Harmonogram - KKPP K\u0119dzierzy\u0144sko-Kozielski Park Przemys\u0142owy Sp. z o.o.","og_url":"https:\/\/kkpp.pl\/de\/stp\/stp-2021\/harmonogram\/","og_site_name":"KKPP K\u0119dzierzy\u0144sko-Kozielski Park Przemys\u0142owy Sp. z o.o.","article_modified_time":"2021-12-04T17:49:46+00:00","og_image":[{"width":2560,"height":810,"url":"https:\/\/kkpp.pl\/wp-content\/uploads\/2021\/11\/Baner_STP_header-2000x633px-scaled.jpg","type":"image\/jpeg"}],"twitter_card":"summary_large_image","twitter_misc":{"Gesch\u00e4tzte Lesezeit":"1\u00a0Minute"},"schema":{"@context":"https:\/\/schema.org","@graph":[{"@type":"WebSite","@id":"https:\/\/kkpp.pl\/de\/#website","url":"https:\/\/kkpp.pl\/de\/","name":"KKPP K\u0119dzierzy\u0144sko-Kozielski Park Przemys\u0142owy Sp. z o.o.","description":"Centrum Obs\u0142ugi Inwestora K\u0119dzierzyn-Ko\u017ale oferuje tereny inwestycyjne, wsparcie doradcze, szkoleniowe; wynajem powierzchni biurowych, produkcyjnych, us\u0142ugowych.","potentialAction":[{"@type":"SearchAction","target":{"@type":"EntryPoint","urlTemplate":"https:\/\/kkpp.pl\/de\/?s={search_term_string}"},"query-input":"required name=search_term_string"}],"inLanguage":"de"},{"@type":"ImageObject","@id":"https:\/\/kkpp.pl\/de\/stp\/stp-2021\/harmonogram\/#primaryimage","inLanguage":"de","url":"https:\/\/kkpp.pl\/wp-content\/uploads\/2021\/11\/Baner_STP_header-2000x633px-scaled.jpg","contentUrl":"https:\/\/kkpp.pl\/wp-content\/uploads\/2021\/11\/Baner_STP_header-2000x633px-scaled.jpg","width":2560,"height":810},{"@type":"WebPage","@id":"https:\/\/kkpp.pl\/de\/stp\/stp-2021\/harmonogram\/#webpage","url":"https:\/\/kkpp.pl\/de\/stp\/stp-2021\/harmonogram\/","name":"(Polski) Harmonogram - KKPP K\u0119dzierzy\u0144sko-Kozielski Park Przemys\u0142owy Sp. z o.o.","isPartOf":{"@id":"https:\/\/kkpp.pl\/de\/#website"},"primaryImageOfPage":{"@id":"https:\/\/kkpp.pl\/de\/stp\/stp-2021\/harmonogram\/#primaryimage"},"datePublished":"2021-11-21T16:30:43+00:00","dateModified":"2021-12-04T17:49:46+00:00","breadcrumb":{"@id":"https:\/\/kkpp.pl\/de\/stp\/stp-2021\/harmonogram\/#breadcrumb"},"inLanguage":"de","potentialAction":[{"@type":"ReadAction","target":[["https:\/\/kkpp.pl\/stp\/stp-2021\/harmonogram\/"]]}]},{"@type":"BreadcrumbList","@id":"https:\/\/kkpp.pl\/de\/stp\/stp-2021\/harmonogram\/#breadcrumb","itemListElement":[{"@type":"ListItem","position":1,"name":"\u015aTP","item":"https:\/\/kkpp.pl\/stp\/"},{"@type":"ListItem","position":2,"name":"\u015aTP 2021","item":"https:\/\/kkpp.pl\/stp\/stp-2021\/"},{"@type":"ListItem","position":3,"name":"Harmonogram"}]}]}},"_links":{"self":[{"href":"https:\/\/kkpp.pl\/de\/wp-json\/wp\/v2\/pages\/1046"}],"collection":[{"href":"https:\/\/kkpp.pl\/de\/wp-json\/wp\/v2\/pages"}],"about":[{"href":"https:\/\/kkpp.pl\/de\/wp-json\/wp\/v2\/types\/page"}],"author":[{"embeddable":true,"href":"https:\/\/kkpp.pl\/de\/wp-json\/wp\/v2\/users\/2"}],"replies":[{"embeddable":true,"href":"https:\/\/kkpp.pl\/de\/wp-json\/wp\/v2\/comments?post=1046"}],"version-history":[{"count":1,"href":"https:\/\/kkpp.pl\/de\/wp-json\/wp\/v2\/pages\/1046\/revisions"}],"predecessor-version":[{"id":2099,"href":"https:\/\/kkpp.pl\/de\/wp-json\/wp\/v2\/pages\/1046\/revisions\/2099"}],"up":[{"embeddable":true,"href":"https:\/\/kkpp.pl\/de\/wp-json\/wp\/v2\/pages\/1033"}],"wp:featuredmedia":[{"embeddable":true,"href":"https:\/\/kkpp.pl\/de\/wp-json\/wp\/v2\/media\/1964"}],"wp:attachment":[{"href":"https:\/\/kkpp.pl\/de\/wp-json\/wp\/v2\/media?parent=1046"}],"curies":[{"name":"wp","href":"https:\/\/api.w.org\/{rel}","templated":true}]}}