{"id":1074,"date":"2019-11-15T14:35:08","date_gmt":"2019-11-15T13:35:08","guid":{"rendered":"https:\/\/kkpp.pl\/?page_id=1074"},"modified":"2023-11-02T10:42:25","modified_gmt":"2023-11-02T09:42:25","slug":"stp-2019","status":"publish","type":"page","link":"https:\/\/kkpp.pl\/de\/polski-stp\/polski-stp-2019\/","title":{"rendered":"(Polski) \u015aTP 2019"},"content":{"rendered":"<p class=\"qtranxs-available-languages-message qtranxs-available-languages-message-de\">Leider ist der Eintrag nur auf <a href=\"https:\/\/kkpp.pl\/pl\/wp-json\/wp\/v2\/pages\/1074\" class=\"qtranxs-available-language-link qtranxs-available-language-link-pl\" title=\"Polski\">Polnisch<\/a> verf\u00fcgbar.<\/p>","protected":false},"excerpt":{"rendered":"Leider ist der Eintrag nur auf Polnisch verf\u00fcgbar.","protected":false},"author":2,"featured_media":1964,"parent":1029,"menu_order":3,"comment_status":"closed","ping_status":"closed","template":"","meta":{"inline_featured_image":false},"acf":[],"yoast_head":"<!-- This site is optimized with the Yoast SEO plugin v18.1 - https:\/\/yoast.com\/wordpress\/plugins\/seo\/ -->\n<meta name=\"robots\" content=\"index, follow, max-snippet:-1, max-image-preview:large, max-video-preview:-1\" \/>\n<link rel=\"canonical\" href=\"https:\/\/kkpp.pl\/de\/stp\/stp-2019\/\" \/>\n<meta property=\"og:locale\" content=\"de_DE\" \/>\n<meta property=\"og:type\" content=\"article\" \/>\n<meta property=\"og:title\" content=\"(Polski) \u015aTP 2019 - KKPP K\u0119dzierzy\u0144sko-Kozielski Park Przemys\u0142owy Sp. z o.o.\" \/>\n<meta property=\"og:description\" content=\"Leider ist der Eintrag nur auf Polnisch verf\u00fcgbar.\" \/>\n<meta property=\"og:url\" content=\"https:\/\/kkpp.pl\/de\/stp\/stp-2019\/\" \/>\n<meta property=\"og:site_name\" content=\"KKPP K\u0119dzierzy\u0144sko-Kozielski Park Przemys\u0142owy Sp. z o.o.\" \/>\n<meta property=\"article:modified_time\" content=\"2023-11-02T09:42:25+00:00\" \/>\n<meta property=\"og:image\" content=\"https:\/\/kkpp.pl\/wp-content\/uploads\/2021\/11\/Baner_STP_header-2000x633px-scaled.jpg\" \/>\n\t<meta property=\"og:image:width\" content=\"2560\" \/>\n\t<meta property=\"og:image:height\" content=\"810\" \/>\n\t<meta property=\"og:image:type\" content=\"image\/jpeg\" \/>\n<meta name=\"twitter:card\" content=\"summary_large_image\" \/>\n<script type=\"application\/ld+json\" class=\"yoast-schema-graph\">{\"@context\":\"https:\/\/schema.org\",\"@graph\":[{\"@type\":\"WebSite\",\"@id\":\"https:\/\/kkpp.pl\/de\/#website\",\"url\":\"https:\/\/kkpp.pl\/de\/\",\"name\":\"KKPP K\u0119dzierzy\u0144sko-Kozielski Park Przemys\u0142owy Sp. z o.o.\",\"description\":\"Centrum Obs\u0142ugi Inwestora K\u0119dzierzyn-Ko\u017ale oferuje tereny inwestycyjne, wsparcie doradcze, szkoleniowe; wynajem powierzchni biurowych, produkcyjnych, us\u0142ugowych.\",\"potentialAction\":[{\"@type\":\"SearchAction\",\"target\":{\"@type\":\"EntryPoint\",\"urlTemplate\":\"https:\/\/kkpp.pl\/de\/?s={search_term_string}\"},\"query-input\":\"required name=search_term_string\"}],\"inLanguage\":\"de\"},{\"@type\":\"ImageObject\",\"@id\":\"https:\/\/kkpp.pl\/de\/stp\/stp-2019\/#primaryimage\",\"inLanguage\":\"de\",\"url\":\"https:\/\/kkpp.pl\/wp-content\/uploads\/2021\/11\/Baner_STP_header-2000x633px-scaled.jpg\",\"contentUrl\":\"https:\/\/kkpp.pl\/wp-content\/uploads\/2021\/11\/Baner_STP_header-2000x633px-scaled.jpg\",\"width\":2560,\"height\":810},{\"@type\":\"WebPage\",\"@id\":\"https:\/\/kkpp.pl\/de\/stp\/stp-2019\/#webpage\",\"url\":\"https:\/\/kkpp.pl\/de\/stp\/stp-2019\/\",\"name\":\"(Polski) \u015aTP 2019 - KKPP K\u0119dzierzy\u0144sko-Kozielski Park Przemys\u0142owy Sp. z o.o.\",\"isPartOf\":{\"@id\":\"https:\/\/kkpp.pl\/de\/#website\"},\"primaryImageOfPage\":{\"@id\":\"https:\/\/kkpp.pl\/de\/stp\/stp-2019\/#primaryimage\"},\"datePublished\":\"2019-11-15T13:35:08+00:00\",\"dateModified\":\"2023-11-02T09:42:25+00:00\",\"breadcrumb\":{\"@id\":\"https:\/\/kkpp.pl\/de\/stp\/stp-2019\/#breadcrumb\"},\"inLanguage\":\"de\",\"potentialAction\":[{\"@type\":\"ReadAction\",\"target\":[[\"https:\/\/kkpp.pl\/stp\/stp-2019\/\"]]}]},{\"@type\":\"BreadcrumbList\",\"@id\":\"https:\/\/kkpp.pl\/de\/stp\/stp-2019\/#breadcrumb\",\"itemListElement\":[{\"@type\":\"ListItem\",\"position\":1,\"name\":\"\u015aTP\",\"item\":\"https:\/\/kkpp.pl\/stp\/\"},{\"@type\":\"ListItem\",\"position\":2,\"name\":\"\u015aTP 2019\"}]}]}<\/script>\n<!-- \/ Yoast SEO plugin. -->","yoast_head_json":{"robots":{"index":"index","follow":"follow","max-snippet":"max-snippet:-1","max-image-preview":"max-image-preview:large","max-video-preview":"max-video-preview:-1"},"canonical":"https:\/\/kkpp.pl\/de\/stp\/stp-2019\/","og_locale":"de_DE","og_type":"article","og_title":"(Polski) \u015aTP 2019 - KKPP K\u0119dzierzy\u0144sko-Kozielski Park Przemys\u0142owy Sp. z o.o.","og_description":"Leider ist der Eintrag nur auf Polnisch verf\u00fcgbar.","og_url":"https:\/\/kkpp.pl\/de\/stp\/stp-2019\/","og_site_name":"KKPP K\u0119dzierzy\u0144sko-Kozielski Park Przemys\u0142owy Sp. z o.o.","article_modified_time":"2023-11-02T09:42:25+00:00","og_image":[{"width":2560,"height":810,"url":"https:\/\/kkpp.pl\/wp-content\/uploads\/2021\/11\/Baner_STP_header-2000x633px-scaled.jpg","type":"image\/jpeg"}],"twitter_card":"summary_large_image","schema":{"@context":"https:\/\/schema.org","@graph":[{"@type":"WebSite","@id":"https:\/\/kkpp.pl\/de\/#website","url":"https:\/\/kkpp.pl\/de\/","name":"KKPP K\u0119dzierzy\u0144sko-Kozielski Park Przemys\u0142owy Sp. z o.o.","description":"Centrum Obs\u0142ugi Inwestora K\u0119dzierzyn-Ko\u017ale oferuje tereny inwestycyjne, wsparcie doradcze, szkoleniowe; wynajem powierzchni biurowych, produkcyjnych, us\u0142ugowych.","potentialAction":[{"@type":"SearchAction","target":{"@type":"EntryPoint","urlTemplate":"https:\/\/kkpp.pl\/de\/?s={search_term_string}"},"query-input":"required name=search_term_string"}],"inLanguage":"de"},{"@type":"ImageObject","@id":"https:\/\/kkpp.pl\/de\/stp\/stp-2019\/#primaryimage","inLanguage":"de","url":"https:\/\/kkpp.pl\/wp-content\/uploads\/2021\/11\/Baner_STP_header-2000x633px-scaled.jpg","contentUrl":"https:\/\/kkpp.pl\/wp-content\/uploads\/2021\/11\/Baner_STP_header-2000x633px-scaled.jpg","width":2560,"height":810},{"@type":"WebPage","@id":"https:\/\/kkpp.pl\/de\/stp\/stp-2019\/#webpage","url":"https:\/\/kkpp.pl\/de\/stp\/stp-2019\/","name":"(Polski) \u015aTP 2019 - KKPP K\u0119dzierzy\u0144sko-Kozielski Park Przemys\u0142owy Sp. z o.o.","isPartOf":{"@id":"https:\/\/kkpp.pl\/de\/#website"},"primaryImageOfPage":{"@id":"https:\/\/kkpp.pl\/de\/stp\/stp-2019\/#primaryimage"},"datePublished":"2019-11-15T13:35:08+00:00","dateModified":"2023-11-02T09:42:25+00:00","breadcrumb":{"@id":"https:\/\/kkpp.pl\/de\/stp\/stp-2019\/#breadcrumb"},"inLanguage":"de","potentialAction":[{"@type":"ReadAction","target":[["https:\/\/kkpp.pl\/stp\/stp-2019\/"]]}]},{"@type":"BreadcrumbList","@id":"https:\/\/kkpp.pl\/de\/stp\/stp-2019\/#breadcrumb","itemListElement":[{"@type":"ListItem","position":1,"name":"\u015aTP","item":"https:\/\/kkpp.pl\/stp\/"},{"@type":"ListItem","position":2,"name":"\u015aTP 2019"}]}]}},"_links":{"self":[{"href":"https:\/\/kkpp.pl\/de\/wp-json\/wp\/v2\/pages\/1074"}],"collection":[{"href":"https:\/\/kkpp.pl\/de\/wp-json\/wp\/v2\/pages"}],"about":[{"href":"https:\/\/kkpp.pl\/de\/wp-json\/wp\/v2\/types\/page"}],"author":[{"embeddable":true,"href":"https:\/\/kkpp.pl\/de\/wp-json\/wp\/v2\/users\/2"}],"replies":[{"embeddable":true,"href":"https:\/\/kkpp.pl\/de\/wp-json\/wp\/v2\/comments?post=1074"}],"version-history":[{"count":0,"href":"https:\/\/kkpp.pl\/de\/wp-json\/wp\/v2\/pages\/1074\/revisions"}],"up":[{"embeddable":true,"href":"https:\/\/kkpp.pl\/de\/wp-json\/wp\/v2\/pages\/1029"}],"wp:featuredmedia":[{"embeddable":true,"href":"https:\/\/kkpp.pl\/de\/wp-json\/wp\/v2\/media\/1964"}],"wp:attachment":[{"href":"https:\/\/kkpp.pl\/de\/wp-json\/wp\/v2\/media?parent=1074"}],"curies":[{"name":"wp","href":"https:\/\/api.w.org\/{rel}","templated":true}]}}