{"id":1305,"date":"2021-11-22T17:44:06","date_gmt":"2021-11-22T16:44:06","guid":{"rendered":"https:\/\/kkpp.pl\/?page_id=1305"},"modified":"2021-12-04T20:09:08","modified_gmt":"2021-12-04T19:09:08","slug":"warsztaty-rozwojowe-dla-mlodziezy","status":"publish","type":"page","link":"https:\/\/kkpp.pl\/de\/polski-stp\/polski-stp-2018\/polski-galerie-2\/polski-warsztaty-rozwojowe-dla-mlodziezy\/","title":{"rendered":"(Polski) Warsztaty rozwojowe dla m\u0142odzie\u017cy"},"content":{"rendered":"<p class=\"qtranxs-available-languages-message qtranxs-available-languages-message-de\">Leider ist der Eintrag nur auf <a href=\"https:\/\/kkpp.pl\/pl\/wp-json\/wp\/v2\/pages\/1305\" class=\"qtranxs-available-language-link qtranxs-available-language-link-pl\" title=\"Polski\">Polnisch<\/a> verf\u00fcgbar.<\/p>","protected":false},"excerpt":{"rendered":"Leider ist der Eintrag nur auf Polnisch verf\u00fcgbar.","protected":false},"author":2,"featured_media":2118,"parent":1259,"menu_order":3,"comment_status":"closed","ping_status":"closed","template":"","meta":{"inline_featured_image":false},"acf":[],"yoast_head":"<!-- This site is optimized with the Yoast SEO plugin v18.1 - https:\/\/yoast.com\/wordpress\/plugins\/seo\/ -->\n<meta name=\"robots\" content=\"index, follow, max-snippet:-1, max-image-preview:large, max-video-preview:-1\" \/>\n<link rel=\"canonical\" href=\"https:\/\/kkpp.pl\/de\/stp\/stp-2018\/galerie-3\/warsztaty-rozwojowe-dla-mlodziezy\/\" \/>\n<meta property=\"og:locale\" content=\"de_DE\" \/>\n<meta property=\"og:type\" content=\"article\" \/>\n<meta property=\"og:title\" content=\"(Polski) Warsztaty rozwojowe dla m\u0142odzie\u017cy - KKPP K\u0119dzierzy\u0144sko-Kozielski Park Przemys\u0142owy Sp. z o.o.\" \/>\n<meta property=\"og:description\" content=\"Leider ist der Eintrag nur auf Polnisch verf\u00fcgbar.\" \/>\n<meta property=\"og:url\" content=\"https:\/\/kkpp.pl\/de\/stp\/stp-2018\/galerie-3\/warsztaty-rozwojowe-dla-mlodziezy\/\" \/>\n<meta property=\"og:site_name\" content=\"KKPP K\u0119dzierzy\u0144sko-Kozielski Park Przemys\u0142owy Sp. z o.o.\" \/>\n<meta property=\"article:modified_time\" content=\"2021-12-04T19:09:08+00:00\" \/>\n<meta property=\"og:image\" content=\"https:\/\/kkpp.pl\/wp-content\/uploads\/2021\/12\/header_STP_podstrona_2000x633px.gif\" \/>\n\t<meta property=\"og:image:width\" content=\"2000\" \/>\n\t<meta property=\"og:image:height\" content=\"633\" \/>\n\t<meta property=\"og:image:type\" content=\"image\/gif\" \/>\n<meta name=\"twitter:card\" content=\"summary_large_image\" \/>\n<meta name=\"twitter:label1\" content=\"Gesch\u00e4tzte Lesezeit\" \/>\n\t<meta name=\"twitter:data1\" content=\"1\u00a0Minute\" \/>\n<script type=\"application\/ld+json\" class=\"yoast-schema-graph\">{\"@context\":\"https:\/\/schema.org\",\"@graph\":[{\"@type\":\"WebSite\",\"@id\":\"https:\/\/kkpp.pl\/de\/#website\",\"url\":\"https:\/\/kkpp.pl\/de\/\",\"name\":\"KKPP K\u0119dzierzy\u0144sko-Kozielski Park Przemys\u0142owy Sp. z o.o.\",\"description\":\"Centrum Obs\u0142ugi Inwestora K\u0119dzierzyn-Ko\u017ale oferuje tereny inwestycyjne, wsparcie doradcze, szkoleniowe; wynajem powierzchni biurowych, produkcyjnych, us\u0142ugowych.\",\"potentialAction\":[{\"@type\":\"SearchAction\",\"target\":{\"@type\":\"EntryPoint\",\"urlTemplate\":\"https:\/\/kkpp.pl\/de\/?s={search_term_string}\"},\"query-input\":\"required name=search_term_string\"}],\"inLanguage\":\"de\"},{\"@type\":\"ImageObject\",\"@id\":\"https:\/\/kkpp.pl\/de\/stp\/stp-2018\/galerie-3\/warsztaty-rozwojowe-dla-mlodziezy\/#primaryimage\",\"inLanguage\":\"de\",\"url\":\"https:\/\/kkpp.pl\/wp-content\/uploads\/2021\/12\/header_STP_podstrona_2000x633px.gif\",\"contentUrl\":\"https:\/\/kkpp.pl\/wp-content\/uploads\/2021\/12\/header_STP_podstrona_2000x633px.gif\",\"width\":2000,\"height\":633},{\"@type\":\"WebPage\",\"@id\":\"https:\/\/kkpp.pl\/de\/stp\/stp-2018\/galerie-3\/warsztaty-rozwojowe-dla-mlodziezy\/#webpage\",\"url\":\"https:\/\/kkpp.pl\/de\/stp\/stp-2018\/galerie-3\/warsztaty-rozwojowe-dla-mlodziezy\/\",\"name\":\"(Polski) Warsztaty rozwojowe dla m\u0142odzie\u017cy - KKPP K\u0119dzierzy\u0144sko-Kozielski Park Przemys\u0142owy Sp. z o.o.\",\"isPartOf\":{\"@id\":\"https:\/\/kkpp.pl\/de\/#website\"},\"primaryImageOfPage\":{\"@id\":\"https:\/\/kkpp.pl\/de\/stp\/stp-2018\/galerie-3\/warsztaty-rozwojowe-dla-mlodziezy\/#primaryimage\"},\"datePublished\":\"2021-11-22T16:44:06+00:00\",\"dateModified\":\"2021-12-04T19:09:08+00:00\",\"breadcrumb\":{\"@id\":\"https:\/\/kkpp.pl\/de\/stp\/stp-2018\/galerie-3\/warsztaty-rozwojowe-dla-mlodziezy\/#breadcrumb\"},\"inLanguage\":\"de\",\"potentialAction\":[{\"@type\":\"ReadAction\",\"target\":[[\"https:\/\/kkpp.pl\/stp\/stp-2018\/galerie-3\/warsztaty-rozwojowe-dla-mlodziezy\/\"]]}]},{\"@type\":\"BreadcrumbList\",\"@id\":\"https:\/\/kkpp.pl\/de\/stp\/stp-2018\/galerie-3\/warsztaty-rozwojowe-dla-mlodziezy\/#breadcrumb\",\"itemListElement\":[{\"@type\":\"ListItem\",\"position\":1,\"name\":\"\u015aTP\",\"item\":\"https:\/\/kkpp.pl\/stp\/\"},{\"@type\":\"ListItem\",\"position\":2,\"name\":\"\u015aTP 2018\",\"item\":\"https:\/\/kkpp.pl\/stp\/stp-2018\/\"},{\"@type\":\"ListItem\",\"position\":3,\"name\":\"Galerie\",\"item\":\"https:\/\/kkpp.pl\/stp\/stp-2018\/galerie-3\/\"},{\"@type\":\"ListItem\",\"position\":4,\"name\":\"Warsztaty rozwojowe dla m\u0142odzie\u017cy\"}]}]}<\/script>\n<!-- \/ Yoast SEO plugin. -->","yoast_head_json":{"robots":{"index":"index","follow":"follow","max-snippet":"max-snippet:-1","max-image-preview":"max-image-preview:large","max-video-preview":"max-video-preview:-1"},"canonical":"https:\/\/kkpp.pl\/de\/stp\/stp-2018\/galerie-3\/warsztaty-rozwojowe-dla-mlodziezy\/","og_locale":"de_DE","og_type":"article","og_title":"(Polski) Warsztaty rozwojowe dla m\u0142odzie\u017cy - KKPP K\u0119dzierzy\u0144sko-Kozielski Park Przemys\u0142owy Sp. z o.o.","og_description":"Leider ist der Eintrag nur auf Polnisch verf\u00fcgbar.","og_url":"https:\/\/kkpp.pl\/de\/stp\/stp-2018\/galerie-3\/warsztaty-rozwojowe-dla-mlodziezy\/","og_site_name":"KKPP K\u0119dzierzy\u0144sko-Kozielski Park Przemys\u0142owy Sp. z o.o.","article_modified_time":"2021-12-04T19:09:08+00:00","og_image":[{"width":2000,"height":633,"url":"https:\/\/kkpp.pl\/wp-content\/uploads\/2021\/12\/header_STP_podstrona_2000x633px.gif","type":"image\/gif"}],"twitter_card":"summary_large_image","twitter_misc":{"Gesch\u00e4tzte Lesezeit":"1\u00a0Minute"},"schema":{"@context":"https:\/\/schema.org","@graph":[{"@type":"WebSite","@id":"https:\/\/kkpp.pl\/de\/#website","url":"https:\/\/kkpp.pl\/de\/","name":"KKPP K\u0119dzierzy\u0144sko-Kozielski Park Przemys\u0142owy Sp. z o.o.","description":"Centrum Obs\u0142ugi Inwestora K\u0119dzierzyn-Ko\u017ale oferuje tereny inwestycyjne, wsparcie doradcze, szkoleniowe; wynajem powierzchni biurowych, produkcyjnych, us\u0142ugowych.","potentialAction":[{"@type":"SearchAction","target":{"@type":"EntryPoint","urlTemplate":"https:\/\/kkpp.pl\/de\/?s={search_term_string}"},"query-input":"required name=search_term_string"}],"inLanguage":"de"},{"@type":"ImageObject","@id":"https:\/\/kkpp.pl\/de\/stp\/stp-2018\/galerie-3\/warsztaty-rozwojowe-dla-mlodziezy\/#primaryimage","inLanguage":"de","url":"https:\/\/kkpp.pl\/wp-content\/uploads\/2021\/12\/header_STP_podstrona_2000x633px.gif","contentUrl":"https:\/\/kkpp.pl\/wp-content\/uploads\/2021\/12\/header_STP_podstrona_2000x633px.gif","width":2000,"height":633},{"@type":"WebPage","@id":"https:\/\/kkpp.pl\/de\/stp\/stp-2018\/galerie-3\/warsztaty-rozwojowe-dla-mlodziezy\/#webpage","url":"https:\/\/kkpp.pl\/de\/stp\/stp-2018\/galerie-3\/warsztaty-rozwojowe-dla-mlodziezy\/","name":"(Polski) Warsztaty rozwojowe dla m\u0142odzie\u017cy - KKPP K\u0119dzierzy\u0144sko-Kozielski Park Przemys\u0142owy Sp. z o.o.","isPartOf":{"@id":"https:\/\/kkpp.pl\/de\/#website"},"primaryImageOfPage":{"@id":"https:\/\/kkpp.pl\/de\/stp\/stp-2018\/galerie-3\/warsztaty-rozwojowe-dla-mlodziezy\/#primaryimage"},"datePublished":"2021-11-22T16:44:06+00:00","dateModified":"2021-12-04T19:09:08+00:00","breadcrumb":{"@id":"https:\/\/kkpp.pl\/de\/stp\/stp-2018\/galerie-3\/warsztaty-rozwojowe-dla-mlodziezy\/#breadcrumb"},"inLanguage":"de","potentialAction":[{"@type":"ReadAction","target":[["https:\/\/kkpp.pl\/stp\/stp-2018\/galerie-3\/warsztaty-rozwojowe-dla-mlodziezy\/"]]}]},{"@type":"BreadcrumbList","@id":"https:\/\/kkpp.pl\/de\/stp\/stp-2018\/galerie-3\/warsztaty-rozwojowe-dla-mlodziezy\/#breadcrumb","itemListElement":[{"@type":"ListItem","position":1,"name":"\u015aTP","item":"https:\/\/kkpp.pl\/stp\/"},{"@type":"ListItem","position":2,"name":"\u015aTP 2018","item":"https:\/\/kkpp.pl\/stp\/stp-2018\/"},{"@type":"ListItem","position":3,"name":"Galerie","item":"https:\/\/kkpp.pl\/stp\/stp-2018\/galerie-3\/"},{"@type":"ListItem","position":4,"name":"Warsztaty rozwojowe dla m\u0142odzie\u017cy"}]}]}},"_links":{"self":[{"href":"https:\/\/kkpp.pl\/de\/wp-json\/wp\/v2\/pages\/1305"}],"collection":[{"href":"https:\/\/kkpp.pl\/de\/wp-json\/wp\/v2\/pages"}],"about":[{"href":"https:\/\/kkpp.pl\/de\/wp-json\/wp\/v2\/types\/page"}],"author":[{"embeddable":true,"href":"https:\/\/kkpp.pl\/de\/wp-json\/wp\/v2\/users\/2"}],"replies":[{"embeddable":true,"href":"https:\/\/kkpp.pl\/de\/wp-json\/wp\/v2\/comments?post=1305"}],"version-history":[{"count":0,"href":"https:\/\/kkpp.pl\/de\/wp-json\/wp\/v2\/pages\/1305\/revisions"}],"up":[{"embeddable":true,"href":"https:\/\/kkpp.pl\/de\/wp-json\/wp\/v2\/pages\/1259"}],"wp:featuredmedia":[{"embeddable":true,"href":"https:\/\/kkpp.pl\/de\/wp-json\/wp\/v2\/media\/2118"}],"wp:attachment":[{"href":"https:\/\/kkpp.pl\/de\/wp-json\/wp\/v2\/media?parent=1305"}],"curies":[{"name":"wp","href":"https:\/\/api.w.org\/{rel}","templated":true}]}}