{"id":1639,"date":"2021-11-24T11:25:22","date_gmt":"2021-11-24T10:25:22","guid":{"rendered":"https:\/\/kkpp.pl\/?page_id=1639"},"modified":"2021-12-04T20:39:20","modified_gmt":"2021-12-04T19:39:20","slug":"wydarzenia","status":"publish","type":"page","link":"https:\/\/kkpp.pl\/de\/polski-stp\/polski-stp-2015\/polski-wydarzenia\/","title":{"rendered":"(Polski) Wydarzenia"},"content":{"rendered":"<p><\/p>\n<p><strong>Koordynatorzy:<\/strong><br \/>\nMariola Szyma\u0144ska<br \/>\ne-mail: <a  href=\"javascript:smae_decode('bWFyaW9sYS5zenltYW5za2FAa2twcC5wbA==');\" >&#109;&#097;&#114;&#105;&#111;&#108;&#097;&#046;&#115;&#122;&#121;&#109;&#097;&#110;&#115;&#107;&#097;&#064;&#107;&#107;&#112;&#112;&#046;&#112;&#108;<\/a><br \/>\ntel.:+48 530 263 583<\/p>\n<p>El\u017cbieta Barciak<br \/>\ne-mail: <a  href=\"javascript:smae_decode('ZWx6YmlldGEuYmFyY2lha0Bra3BwLnBs');\" >&#101;&#108;&#122;&#098;&#105;&#101;&#116;&#097;&#046;&#098;&#097;&#114;&#099;&#105;&#097;&#107;&#064;&#107;&#107;&#112;&#112;&#046;&#112;&#108;<\/a><br \/>\ntel.:+48 607 670 013<\/p>","protected":false},"excerpt":{"rendered":"Koordynatorzy: Mariola Szyma\u0144ska e-mail: &#109;&#097;&#114;&#105;&#111;&#108;&#097;&#046;&#115;&#122;&#121;&#109;&#097;&#110;&#115;&#107;&#097;&#064;&#107;&#107;&#112;&#112;&#046;&#112;&#108; tel.:+48 530 263 583 El\u017cbieta Barciak e-mail: &#101;&#108;&#122;&#098;&#105;&#101;&#116;&#097;&#046;&#098;&#097;&#114;&#099;&#105;&#097;&#107;&#064;&#107;&#107;&#112;&#112;&#046;&#112;&#108; tel.:+48 607 670 013","protected":false},"author":2,"featured_media":2118,"parent":1584,"menu_order":4,"comment_status":"closed","ping_status":"closed","template":"","meta":{"inline_featured_image":false},"acf":[],"yoast_head":"<!-- This site is optimized with the Yoast SEO plugin v18.1 - https:\/\/yoast.com\/wordpress\/plugins\/seo\/ -->\n<meta name=\"robots\" content=\"index, follow, max-snippet:-1, max-image-preview:large, max-video-preview:-1\" \/>\n<link rel=\"canonical\" href=\"https:\/\/kkpp.pl\/de\/stp\/stp-2015\/wydarzenia\/\" \/>\n<meta property=\"og:locale\" content=\"de_DE\" \/>\n<meta property=\"og:type\" content=\"article\" \/>\n<meta property=\"og:title\" content=\"(Polski) Wydarzenia - KKPP K\u0119dzierzy\u0144sko-Kozielski Park Przemys\u0142owy Sp. z o.o.\" \/>\n<meta property=\"og:description\" content=\"Koordynatorzy: Mariola Szyma\u0144ska e-mail: &#109;&#097;&#114;&#105;&#111;&#108;&#097;&#046;&#115;&#122;&#121;&#109;&#097;&#110;&#115;&#107;&#097;&#064;&#107;&#107;&#112;&#112;&#046;&#112;&#108; tel.:+48 530 263 583 El\u017cbieta Barciak e-mail: &#101;&#108;&#122;&#098;&#105;&#101;&#116;&#097;&#046;&#098;&#097;&#114;&#099;&#105;&#097;&#107;&#064;&#107;&#107;&#112;&#112;&#046;&#112;&#108; tel.:+48 607 670 013\" \/>\n<meta property=\"og:url\" content=\"https:\/\/kkpp.pl\/de\/stp\/stp-2015\/wydarzenia\/\" \/>\n<meta property=\"og:site_name\" content=\"KKPP K\u0119dzierzy\u0144sko-Kozielski Park Przemys\u0142owy Sp. z o.o.\" \/>\n<meta property=\"article:modified_time\" content=\"2021-12-04T19:39:20+00:00\" \/>\n<meta property=\"og:image\" content=\"https:\/\/kkpp.pl\/wp-content\/uploads\/2021\/12\/header_STP_podstrona_2000x633px.gif\" \/>\n\t<meta property=\"og:image:width\" content=\"2000\" \/>\n\t<meta property=\"og:image:height\" content=\"633\" \/>\n\t<meta property=\"og:image:type\" content=\"image\/gif\" \/>\n<meta name=\"twitter:card\" content=\"summary_large_image\" \/>\n<script type=\"application\/ld+json\" class=\"yoast-schema-graph\">{\"@context\":\"https:\/\/schema.org\",\"@graph\":[{\"@type\":\"WebSite\",\"@id\":\"https:\/\/kkpp.pl\/de\/#website\",\"url\":\"https:\/\/kkpp.pl\/de\/\",\"name\":\"KKPP K\u0119dzierzy\u0144sko-Kozielski Park Przemys\u0142owy Sp. z o.o.\",\"description\":\"Centrum Obs\u0142ugi Inwestora K\u0119dzierzyn-Ko\u017ale oferuje tereny inwestycyjne, wsparcie doradcze, szkoleniowe; wynajem powierzchni biurowych, produkcyjnych, us\u0142ugowych.\",\"potentialAction\":[{\"@type\":\"SearchAction\",\"target\":{\"@type\":\"EntryPoint\",\"urlTemplate\":\"https:\/\/kkpp.pl\/de\/?s={search_term_string}\"},\"query-input\":\"required name=search_term_string\"}],\"inLanguage\":\"de\"},{\"@type\":\"ImageObject\",\"@id\":\"https:\/\/kkpp.pl\/de\/stp\/stp-2015\/wydarzenia\/#primaryimage\",\"inLanguage\":\"de\",\"url\":\"https:\/\/kkpp.pl\/wp-content\/uploads\/2021\/12\/header_STP_podstrona_2000x633px.gif\",\"contentUrl\":\"https:\/\/kkpp.pl\/wp-content\/uploads\/2021\/12\/header_STP_podstrona_2000x633px.gif\",\"width\":2000,\"height\":633},{\"@type\":\"WebPage\",\"@id\":\"https:\/\/kkpp.pl\/de\/stp\/stp-2015\/wydarzenia\/#webpage\",\"url\":\"https:\/\/kkpp.pl\/de\/stp\/stp-2015\/wydarzenia\/\",\"name\":\"(Polski) Wydarzenia - KKPP K\u0119dzierzy\u0144sko-Kozielski Park Przemys\u0142owy Sp. z o.o.\",\"isPartOf\":{\"@id\":\"https:\/\/kkpp.pl\/de\/#website\"},\"primaryImageOfPage\":{\"@id\":\"https:\/\/kkpp.pl\/de\/stp\/stp-2015\/wydarzenia\/#primaryimage\"},\"datePublished\":\"2021-11-24T10:25:22+00:00\",\"dateModified\":\"2021-12-04T19:39:20+00:00\",\"breadcrumb\":{\"@id\":\"https:\/\/kkpp.pl\/de\/stp\/stp-2015\/wydarzenia\/#breadcrumb\"},\"inLanguage\":\"de\",\"potentialAction\":[{\"@type\":\"ReadAction\",\"target\":[[\"https:\/\/kkpp.pl\/stp\/stp-2015\/wydarzenia\/\"]]}]},{\"@type\":\"BreadcrumbList\",\"@id\":\"https:\/\/kkpp.pl\/de\/stp\/stp-2015\/wydarzenia\/#breadcrumb\",\"itemListElement\":[{\"@type\":\"ListItem\",\"position\":1,\"name\":\"\u015aTP\",\"item\":\"https:\/\/kkpp.pl\/stp\/\"},{\"@type\":\"ListItem\",\"position\":2,\"name\":\"\u015aTP 2015\",\"item\":\"https:\/\/kkpp.pl\/stp\/stp-2015\/\"},{\"@type\":\"ListItem\",\"position\":3,\"name\":\"Wydarzenia\"}]}]}<\/script>\n<!-- \/ Yoast SEO plugin. -->","yoast_head_json":{"robots":{"index":"index","follow":"follow","max-snippet":"max-snippet:-1","max-image-preview":"max-image-preview:large","max-video-preview":"max-video-preview:-1"},"canonical":"https:\/\/kkpp.pl\/de\/stp\/stp-2015\/wydarzenia\/","og_locale":"de_DE","og_type":"article","og_title":"(Polski) Wydarzenia - KKPP K\u0119dzierzy\u0144sko-Kozielski Park Przemys\u0142owy Sp. z o.o.","og_description":"Koordynatorzy: Mariola Szyma\u0144ska e-mail: &#109;&#097;&#114;&#105;&#111;&#108;&#097;&#046;&#115;&#122;&#121;&#109;&#097;&#110;&#115;&#107;&#097;&#064;&#107;&#107;&#112;&#112;&#046;&#112;&#108; tel.:+48 530 263 583 El\u017cbieta Barciak e-mail: &#101;&#108;&#122;&#098;&#105;&#101;&#116;&#097;&#046;&#098;&#097;&#114;&#099;&#105;&#097;&#107;&#064;&#107;&#107;&#112;&#112;&#046;&#112;&#108; tel.:+48 607 670 013","og_url":"https:\/\/kkpp.pl\/de\/stp\/stp-2015\/wydarzenia\/","og_site_name":"KKPP K\u0119dzierzy\u0144sko-Kozielski Park Przemys\u0142owy Sp. z o.o.","article_modified_time":"2021-12-04T19:39:20+00:00","og_image":[{"width":2000,"height":633,"url":"https:\/\/kkpp.pl\/wp-content\/uploads\/2021\/12\/header_STP_podstrona_2000x633px.gif","type":"image\/gif"}],"twitter_card":"summary_large_image","schema":{"@context":"https:\/\/schema.org","@graph":[{"@type":"WebSite","@id":"https:\/\/kkpp.pl\/de\/#website","url":"https:\/\/kkpp.pl\/de\/","name":"KKPP K\u0119dzierzy\u0144sko-Kozielski Park Przemys\u0142owy Sp. z o.o.","description":"Centrum Obs\u0142ugi Inwestora K\u0119dzierzyn-Ko\u017ale oferuje tereny inwestycyjne, wsparcie doradcze, szkoleniowe; wynajem powierzchni biurowych, produkcyjnych, us\u0142ugowych.","potentialAction":[{"@type":"SearchAction","target":{"@type":"EntryPoint","urlTemplate":"https:\/\/kkpp.pl\/de\/?s={search_term_string}"},"query-input":"required name=search_term_string"}],"inLanguage":"de"},{"@type":"ImageObject","@id":"https:\/\/kkpp.pl\/de\/stp\/stp-2015\/wydarzenia\/#primaryimage","inLanguage":"de","url":"https:\/\/kkpp.pl\/wp-content\/uploads\/2021\/12\/header_STP_podstrona_2000x633px.gif","contentUrl":"https:\/\/kkpp.pl\/wp-content\/uploads\/2021\/12\/header_STP_podstrona_2000x633px.gif","width":2000,"height":633},{"@type":"WebPage","@id":"https:\/\/kkpp.pl\/de\/stp\/stp-2015\/wydarzenia\/#webpage","url":"https:\/\/kkpp.pl\/de\/stp\/stp-2015\/wydarzenia\/","name":"(Polski) Wydarzenia - KKPP K\u0119dzierzy\u0144sko-Kozielski Park Przemys\u0142owy Sp. z o.o.","isPartOf":{"@id":"https:\/\/kkpp.pl\/de\/#website"},"primaryImageOfPage":{"@id":"https:\/\/kkpp.pl\/de\/stp\/stp-2015\/wydarzenia\/#primaryimage"},"datePublished":"2021-11-24T10:25:22+00:00","dateModified":"2021-12-04T19:39:20+00:00","breadcrumb":{"@id":"https:\/\/kkpp.pl\/de\/stp\/stp-2015\/wydarzenia\/#breadcrumb"},"inLanguage":"de","potentialAction":[{"@type":"ReadAction","target":[["https:\/\/kkpp.pl\/stp\/stp-2015\/wydarzenia\/"]]}]},{"@type":"BreadcrumbList","@id":"https:\/\/kkpp.pl\/de\/stp\/stp-2015\/wydarzenia\/#breadcrumb","itemListElement":[{"@type":"ListItem","position":1,"name":"\u015aTP","item":"https:\/\/kkpp.pl\/stp\/"},{"@type":"ListItem","position":2,"name":"\u015aTP 2015","item":"https:\/\/kkpp.pl\/stp\/stp-2015\/"},{"@type":"ListItem","position":3,"name":"Wydarzenia"}]}]}},"_links":{"self":[{"href":"https:\/\/kkpp.pl\/de\/wp-json\/wp\/v2\/pages\/1639"}],"collection":[{"href":"https:\/\/kkpp.pl\/de\/wp-json\/wp\/v2\/pages"}],"about":[{"href":"https:\/\/kkpp.pl\/de\/wp-json\/wp\/v2\/types\/page"}],"author":[{"embeddable":true,"href":"https:\/\/kkpp.pl\/de\/wp-json\/wp\/v2\/users\/2"}],"replies":[{"embeddable":true,"href":"https:\/\/kkpp.pl\/de\/wp-json\/wp\/v2\/comments?post=1639"}],"version-history":[{"count":2,"href":"https:\/\/kkpp.pl\/de\/wp-json\/wp\/v2\/pages\/1639\/revisions"}],"predecessor-version":[{"id":2159,"href":"https:\/\/kkpp.pl\/de\/wp-json\/wp\/v2\/pages\/1639\/revisions\/2159"}],"up":[{"embeddable":true,"href":"https:\/\/kkpp.pl\/de\/wp-json\/wp\/v2\/pages\/1584"}],"wp:featuredmedia":[{"embeddable":true,"href":"https:\/\/kkpp.pl\/de\/wp-json\/wp\/v2\/media\/2118"}],"wp:attachment":[{"href":"https:\/\/kkpp.pl\/de\/wp-json\/wp\/v2\/media?parent=1639"}],"curies":[{"name":"wp","href":"https:\/\/api.w.org\/{rel}","templated":true}]}}