{"id":1793,"date":"2021-11-24T12:27:21","date_gmt":"2021-11-24T11:27:21","guid":{"rendered":"https:\/\/kkpp.pl\/?page_id=1793"},"modified":"2021-12-04T20:56:05","modified_gmt":"2021-12-04T19:56:05","slug":"spotkanie-z-michalem-wawrzyniakiem","status":"publish","type":"page","link":"https:\/\/kkpp.pl\/de\/polski-stp\/polski-stp-2015\/polski-galerie-4\/polski-spotkanie-z-michalem-wawrzyniakiem\/","title":{"rendered":"(Polski) Spotkanie z Micha\u0142em Wawrzyniakiem"},"content":{"rendered":"<p class=\"qtranxs-available-languages-message qtranxs-available-languages-message-de\">Leider ist der Eintrag nur auf <a href=\"https:\/\/kkpp.pl\/pl\/wp-json\/wp\/v2\/pages\/1793\" class=\"qtranxs-available-language-link qtranxs-available-language-link-pl\" title=\"Polski\">Polnisch<\/a> verf\u00fcgbar.<\/p>","protected":false},"excerpt":{"rendered":"","protected":false},"author":2,"featured_media":2118,"parent":1681,"menu_order":10,"comment_status":"closed","ping_status":"closed","template":"","meta":{"inline_featured_image":false},"acf":[],"yoast_head":"<!-- This site is optimized with the Yoast SEO plugin v18.1 - https:\/\/yoast.com\/wordpress\/plugins\/seo\/ -->\n<meta name=\"robots\" content=\"index, follow, max-snippet:-1, max-image-preview:large, max-video-preview:-1\" \/>\n<link rel=\"canonical\" href=\"https:\/\/kkpp.pl\/de\/stp\/stp-2015\/galerie-5\/spotkanie-z-michalem-wawrzyniakiem\/\" \/>\n<meta property=\"og:locale\" content=\"de_DE\" \/>\n<meta property=\"og:type\" content=\"article\" \/>\n<meta property=\"og:title\" content=\"(Polski) Spotkanie z Micha\u0142em Wawrzyniakiem - KKPP K\u0119dzierzy\u0144sko-Kozielski Park Przemys\u0142owy Sp. z o.o.\" \/>\n<meta property=\"og:url\" content=\"https:\/\/kkpp.pl\/de\/stp\/stp-2015\/galerie-5\/spotkanie-z-michalem-wawrzyniakiem\/\" \/>\n<meta property=\"og:site_name\" content=\"KKPP K\u0119dzierzy\u0144sko-Kozielski Park Przemys\u0142owy Sp. z o.o.\" \/>\n<meta property=\"article:modified_time\" content=\"2021-12-04T19:56:05+00:00\" \/>\n<meta property=\"og:image\" content=\"https:\/\/kkpp.pl\/wp-content\/uploads\/2021\/12\/header_STP_podstrona_2000x633px.gif\" \/>\n\t<meta property=\"og:image:width\" content=\"2000\" \/>\n\t<meta property=\"og:image:height\" content=\"633\" \/>\n\t<meta property=\"og:image:type\" content=\"image\/gif\" \/>\n<meta name=\"twitter:card\" content=\"summary_large_image\" \/>\n<script type=\"application\/ld+json\" class=\"yoast-schema-graph\">{\"@context\":\"https:\/\/schema.org\",\"@graph\":[{\"@type\":\"WebSite\",\"@id\":\"https:\/\/kkpp.pl\/de\/#website\",\"url\":\"https:\/\/kkpp.pl\/de\/\",\"name\":\"KKPP K\u0119dzierzy\u0144sko-Kozielski Park Przemys\u0142owy Sp. z o.o.\",\"description\":\"Centrum Obs\u0142ugi Inwestora K\u0119dzierzyn-Ko\u017ale oferuje tereny inwestycyjne, wsparcie doradcze, szkoleniowe; wynajem powierzchni biurowych, produkcyjnych, us\u0142ugowych.\",\"potentialAction\":[{\"@type\":\"SearchAction\",\"target\":{\"@type\":\"EntryPoint\",\"urlTemplate\":\"https:\/\/kkpp.pl\/de\/?s={search_term_string}\"},\"query-input\":\"required name=search_term_string\"}],\"inLanguage\":\"de\"},{\"@type\":\"ImageObject\",\"@id\":\"https:\/\/kkpp.pl\/de\/stp\/stp-2015\/galerie-5\/spotkanie-z-michalem-wawrzyniakiem\/#primaryimage\",\"inLanguage\":\"de\",\"url\":\"https:\/\/kkpp.pl\/wp-content\/uploads\/2021\/12\/header_STP_podstrona_2000x633px.gif\",\"contentUrl\":\"https:\/\/kkpp.pl\/wp-content\/uploads\/2021\/12\/header_STP_podstrona_2000x633px.gif\",\"width\":2000,\"height\":633},{\"@type\":\"WebPage\",\"@id\":\"https:\/\/kkpp.pl\/de\/stp\/stp-2015\/galerie-5\/spotkanie-z-michalem-wawrzyniakiem\/#webpage\",\"url\":\"https:\/\/kkpp.pl\/de\/stp\/stp-2015\/galerie-5\/spotkanie-z-michalem-wawrzyniakiem\/\",\"name\":\"(Polski) Spotkanie z Micha\u0142em Wawrzyniakiem - KKPP K\u0119dzierzy\u0144sko-Kozielski Park Przemys\u0142owy Sp. z o.o.\",\"isPartOf\":{\"@id\":\"https:\/\/kkpp.pl\/de\/#website\"},\"primaryImageOfPage\":{\"@id\":\"https:\/\/kkpp.pl\/de\/stp\/stp-2015\/galerie-5\/spotkanie-z-michalem-wawrzyniakiem\/#primaryimage\"},\"datePublished\":\"2021-11-24T11:27:21+00:00\",\"dateModified\":\"2021-12-04T19:56:05+00:00\",\"breadcrumb\":{\"@id\":\"https:\/\/kkpp.pl\/de\/stp\/stp-2015\/galerie-5\/spotkanie-z-michalem-wawrzyniakiem\/#breadcrumb\"},\"inLanguage\":\"de\",\"potentialAction\":[{\"@type\":\"ReadAction\",\"target\":[[\"https:\/\/kkpp.pl\/stp\/stp-2015\/galerie-5\/spotkanie-z-michalem-wawrzyniakiem\/\"]]}]},{\"@type\":\"BreadcrumbList\",\"@id\":\"https:\/\/kkpp.pl\/de\/stp\/stp-2015\/galerie-5\/spotkanie-z-michalem-wawrzyniakiem\/#breadcrumb\",\"itemListElement\":[{\"@type\":\"ListItem\",\"position\":1,\"name\":\"\u015aTP\",\"item\":\"https:\/\/kkpp.pl\/stp\/\"},{\"@type\":\"ListItem\",\"position\":2,\"name\":\"\u015aTP 2015\",\"item\":\"https:\/\/kkpp.pl\/stp\/stp-2015\/\"},{\"@type\":\"ListItem\",\"position\":3,\"name\":\"Galerie\",\"item\":\"https:\/\/kkpp.pl\/stp\/stp-2015\/galerie-5\/\"},{\"@type\":\"ListItem\",\"position\":4,\"name\":\"Spotkanie z Micha\u0142em Wawrzyniakiem\"}]}]}<\/script>\n<!-- \/ Yoast SEO plugin. -->","yoast_head_json":{"robots":{"index":"index","follow":"follow","max-snippet":"max-snippet:-1","max-image-preview":"max-image-preview:large","max-video-preview":"max-video-preview:-1"},"canonical":"https:\/\/kkpp.pl\/de\/stp\/stp-2015\/galerie-5\/spotkanie-z-michalem-wawrzyniakiem\/","og_locale":"de_DE","og_type":"article","og_title":"(Polski) Spotkanie z Micha\u0142em Wawrzyniakiem - KKPP K\u0119dzierzy\u0144sko-Kozielski Park Przemys\u0142owy Sp. z o.o.","og_url":"https:\/\/kkpp.pl\/de\/stp\/stp-2015\/galerie-5\/spotkanie-z-michalem-wawrzyniakiem\/","og_site_name":"KKPP K\u0119dzierzy\u0144sko-Kozielski Park Przemys\u0142owy Sp. z o.o.","article_modified_time":"2021-12-04T19:56:05+00:00","og_image":[{"width":2000,"height":633,"url":"https:\/\/kkpp.pl\/wp-content\/uploads\/2021\/12\/header_STP_podstrona_2000x633px.gif","type":"image\/gif"}],"twitter_card":"summary_large_image","schema":{"@context":"https:\/\/schema.org","@graph":[{"@type":"WebSite","@id":"https:\/\/kkpp.pl\/de\/#website","url":"https:\/\/kkpp.pl\/de\/","name":"KKPP K\u0119dzierzy\u0144sko-Kozielski Park Przemys\u0142owy Sp. z o.o.","description":"Centrum Obs\u0142ugi Inwestora K\u0119dzierzyn-Ko\u017ale oferuje tereny inwestycyjne, wsparcie doradcze, szkoleniowe; wynajem powierzchni biurowych, produkcyjnych, us\u0142ugowych.","potentialAction":[{"@type":"SearchAction","target":{"@type":"EntryPoint","urlTemplate":"https:\/\/kkpp.pl\/de\/?s={search_term_string}"},"query-input":"required name=search_term_string"}],"inLanguage":"de"},{"@type":"ImageObject","@id":"https:\/\/kkpp.pl\/de\/stp\/stp-2015\/galerie-5\/spotkanie-z-michalem-wawrzyniakiem\/#primaryimage","inLanguage":"de","url":"https:\/\/kkpp.pl\/wp-content\/uploads\/2021\/12\/header_STP_podstrona_2000x633px.gif","contentUrl":"https:\/\/kkpp.pl\/wp-content\/uploads\/2021\/12\/header_STP_podstrona_2000x633px.gif","width":2000,"height":633},{"@type":"WebPage","@id":"https:\/\/kkpp.pl\/de\/stp\/stp-2015\/galerie-5\/spotkanie-z-michalem-wawrzyniakiem\/#webpage","url":"https:\/\/kkpp.pl\/de\/stp\/stp-2015\/galerie-5\/spotkanie-z-michalem-wawrzyniakiem\/","name":"(Polski) Spotkanie z Micha\u0142em Wawrzyniakiem - KKPP K\u0119dzierzy\u0144sko-Kozielski Park Przemys\u0142owy Sp. z o.o.","isPartOf":{"@id":"https:\/\/kkpp.pl\/de\/#website"},"primaryImageOfPage":{"@id":"https:\/\/kkpp.pl\/de\/stp\/stp-2015\/galerie-5\/spotkanie-z-michalem-wawrzyniakiem\/#primaryimage"},"datePublished":"2021-11-24T11:27:21+00:00","dateModified":"2021-12-04T19:56:05+00:00","breadcrumb":{"@id":"https:\/\/kkpp.pl\/de\/stp\/stp-2015\/galerie-5\/spotkanie-z-michalem-wawrzyniakiem\/#breadcrumb"},"inLanguage":"de","potentialAction":[{"@type":"ReadAction","target":[["https:\/\/kkpp.pl\/stp\/stp-2015\/galerie-5\/spotkanie-z-michalem-wawrzyniakiem\/"]]}]},{"@type":"BreadcrumbList","@id":"https:\/\/kkpp.pl\/de\/stp\/stp-2015\/galerie-5\/spotkanie-z-michalem-wawrzyniakiem\/#breadcrumb","itemListElement":[{"@type":"ListItem","position":1,"name":"\u015aTP","item":"https:\/\/kkpp.pl\/stp\/"},{"@type":"ListItem","position":2,"name":"\u015aTP 2015","item":"https:\/\/kkpp.pl\/stp\/stp-2015\/"},{"@type":"ListItem","position":3,"name":"Galerie","item":"https:\/\/kkpp.pl\/stp\/stp-2015\/galerie-5\/"},{"@type":"ListItem","position":4,"name":"Spotkanie z Micha\u0142em Wawrzyniakiem"}]}]}},"_links":{"self":[{"href":"https:\/\/kkpp.pl\/de\/wp-json\/wp\/v2\/pages\/1793"}],"collection":[{"href":"https:\/\/kkpp.pl\/de\/wp-json\/wp\/v2\/pages"}],"about":[{"href":"https:\/\/kkpp.pl\/de\/wp-json\/wp\/v2\/types\/page"}],"author":[{"embeddable":true,"href":"https:\/\/kkpp.pl\/de\/wp-json\/wp\/v2\/users\/2"}],"replies":[{"embeddable":true,"href":"https:\/\/kkpp.pl\/de\/wp-json\/wp\/v2\/comments?post=1793"}],"version-history":[{"count":0,"href":"https:\/\/kkpp.pl\/de\/wp-json\/wp\/v2\/pages\/1793\/revisions"}],"up":[{"embeddable":true,"href":"https:\/\/kkpp.pl\/de\/wp-json\/wp\/v2\/pages\/1681"}],"wp:featuredmedia":[{"embeddable":true,"href":"https:\/\/kkpp.pl\/de\/wp-json\/wp\/v2\/media\/2118"}],"wp:attachment":[{"href":"https:\/\/kkpp.pl\/de\/wp-json\/wp\/v2\/media?parent=1793"}],"curies":[{"name":"wp","href":"https:\/\/api.w.org\/{rel}","templated":true}]}}