{"id":1817,"date":"2021-11-24T12:49:08","date_gmt":"2021-11-24T11:49:08","guid":{"rendered":"https:\/\/kkpp.pl\/?page_id=1817"},"modified":"2026-03-27T10:30:56","modified_gmt":"2026-03-27T09:30:56","slug":"udzialowcy","status":"publish","type":"page","link":"https:\/\/kkpp.pl\/de\/kkpp-und-region\/ipk\/anteilseigner\/","title":{"rendered":"Anteilseigner"},"content":{"rendered":"<p><\/p>\n<table border=\"0\" width=\"695\">\n<tbody>\n<tr>\n<th>Lfd.<br \/>\nNr.<\/th>\n<th>Firmenname<\/th>\n<th>Firmensitz<\/th>\n<th>Anzahl<br \/>\nder Anteile<\/th>\n<th>Gesamtwert<br \/>\nder Anteile<\/th>\n<th>%<\/th>\n<\/tr>\n<tr>\n<td>1.<\/td>\n<td>Gmina<br \/>\nK\u0119dzierzyn-Ko\u017ale<\/td>\n<td>Piramowicza 32<br \/>\n47-200 K\u0119dzierzyn-Ko\u017ale<\/td>\n<td>31.362<\/td>\n<td>16.181.000,00<\/td>\n<td>86,33%<\/td>\n<\/tr>\n<tr>\n<td>2.<\/td>\n<td>Grupa Azoty<br \/>\nZak\u0142ady Azotowe<br \/>\nK\u0119dzierzyn S.A.<\/td>\n<td>Mostowa 30 A<br \/>\n47-220 K\u0119dzierzyn-Ko\u017ale<\/td>\n<td>4.720<\/td>\n<td>2.360.000,00<\/td>\n<td>12,59%<\/td>\n<\/tr>\n<tr>\n<td>3.<\/td>\n<td>JPM Holding S.A.<\/td>\n<td>Szkolna 15<br \/>\n47-225 K\u0119dzierzyn-Ko\u017ale<\/td>\n<td>400<\/td>\n<td>200.000,00<\/td>\n<td>1,07%<\/td>\n<\/tr>\n<tr>\n<td colspan=\"3\"><strong>GESAMT &#8211; Stammkapital:<\/strong><\/td>\n<td><strong>36.482<\/strong><\/td>\n<td><strong>18.741.000,00<\/strong><\/td>\n<td><strong>100%<\/strong><\/td>\n<\/tr>\n<\/tbody>\n<\/table>\n<p><\/p>","protected":false},"excerpt":{"rendered":"Lfd. Nr. Firmenname Firmensitz Anzahl der Anteile Gesamtwert der Anteile % 1. Gmina K\u0119dzierzyn-Ko\u017ale Piramowicza 32 47-200 K\u0119dzierzyn-Ko\u017ale 31.362 16.181.000,00 86,33% 2. Grupa Azoty Zak\u0142ady Azotowe K\u0119dzierzyn S.A. Mostowa 30 A 47-220 K\u0119dzierzyn-Ko\u017ale 4.720 2.360.000,00 12,59% 3. JPM Holding S.A. Szkolna 15 47-225 K\u0119dzierzyn-Ko\u017ale 400 200.000,00 1,07% GESAMT &#8211; Stammkapital: 36.482 18.741.000,00 100%","protected":false},"author":2,"featured_media":3607,"parent":24,"menu_order":1,"comment_status":"closed","ping_status":"closed","template":"","meta":{"inline_featured_image":false},"acf":[],"yoast_head":"<!-- This site is optimized with the Yoast SEO plugin v18.1 - https:\/\/yoast.com\/wordpress\/plugins\/seo\/ -->\n<meta name=\"robots\" content=\"index, follow, max-snippet:-1, max-image-preview:large, max-video-preview:-1\" \/>\n<link rel=\"canonical\" href=\"https:\/\/kkpp.pl\/de\/kkpp-i-region\/kkpp\/udzialowcy\/\" \/>\n<meta property=\"og:locale\" content=\"de_DE\" \/>\n<meta property=\"og:type\" content=\"article\" \/>\n<meta property=\"og:title\" content=\"Anteilseigner - KKPP K\u0119dzierzy\u0144sko-Kozielski Park Przemys\u0142owy Sp. z o.o.\" \/>\n<meta property=\"og:description\" content=\"Lfd. Nr. Firmenname Firmensitz Anzahl der Anteile Gesamtwert der Anteile % 1. Gmina K\u0119dzierzyn-Ko\u017ale Piramowicza 32 47-200 K\u0119dzierzyn-Ko\u017ale 31.362 16.181.000,00 86,33% 2. Grupa Azoty Zak\u0142ady Azotowe K\u0119dzierzyn S.A. Mostowa 30 A 47-220 K\u0119dzierzyn-Ko\u017ale 4.720 2.360.000,00 12,59% 3. JPM Holding S.A. Szkolna 15 47-225 K\u0119dzierzyn-Ko\u017ale 400 200.000,00 1,07% GESAMT &#8211; Stammkapital: 36.482 18.741.000,00 100%\" \/>\n<meta property=\"og:url\" content=\"https:\/\/kkpp.pl\/de\/kkpp-i-region\/kkpp\/udzialowcy\/\" \/>\n<meta property=\"og:site_name\" content=\"KKPP K\u0119dzierzy\u0144sko-Kozielski Park Przemys\u0142owy Sp. z o.o.\" \/>\n<meta property=\"article:modified_time\" content=\"2026-03-27T09:30:56+00:00\" \/>\n<meta property=\"og:image\" content=\"https:\/\/kkpp.pl\/wp-content\/uploads\/2024\/08\/COI-inwestuj-w-kedzierzynie2.jpg\" \/>\n\t<meta property=\"og:image:width\" content=\"2000\" \/>\n\t<meta property=\"og:image:height\" content=\"635\" \/>\n\t<meta property=\"og:image:type\" content=\"image\/jpeg\" \/>\n<meta name=\"twitter:card\" content=\"summary_large_image\" \/>\n<meta name=\"twitter:label1\" content=\"Gesch\u00e4tzte Lesezeit\" \/>\n\t<meta name=\"twitter:data1\" content=\"1\u00a0Minute\" \/>\n<script type=\"application\/ld+json\" class=\"yoast-schema-graph\">{\"@context\":\"https:\/\/schema.org\",\"@graph\":[{\"@type\":\"WebSite\",\"@id\":\"https:\/\/kkpp.pl\/de\/#website\",\"url\":\"https:\/\/kkpp.pl\/de\/\",\"name\":\"KKPP K\u0119dzierzy\u0144sko-Kozielski Park Przemys\u0142owy Sp. z o.o.\",\"description\":\"Centrum Obs\u0142ugi Inwestora K\u0119dzierzyn-Ko\u017ale oferuje tereny inwestycyjne, wsparcie doradcze, szkoleniowe; wynajem powierzchni biurowych, produkcyjnych, us\u0142ugowych.\",\"potentialAction\":[{\"@type\":\"SearchAction\",\"target\":{\"@type\":\"EntryPoint\",\"urlTemplate\":\"https:\/\/kkpp.pl\/de\/?s={search_term_string}\"},\"query-input\":\"required name=search_term_string\"}],\"inLanguage\":\"de\"},{\"@type\":\"ImageObject\",\"@id\":\"https:\/\/kkpp.pl\/de\/kkpp-i-region\/kkpp\/udzialowcy\/#primaryimage\",\"inLanguage\":\"de\",\"url\":\"https:\/\/kkpp.pl\/wp-content\/uploads\/2024\/08\/COI-inwestuj-w-kedzierzynie2.jpg\",\"contentUrl\":\"https:\/\/kkpp.pl\/wp-content\/uploads\/2024\/08\/COI-inwestuj-w-kedzierzynie2.jpg\",\"width\":2000,\"height\":635},{\"@type\":\"WebPage\",\"@id\":\"https:\/\/kkpp.pl\/de\/kkpp-i-region\/kkpp\/udzialowcy\/#webpage\",\"url\":\"https:\/\/kkpp.pl\/de\/kkpp-i-region\/kkpp\/udzialowcy\/\",\"name\":\"Anteilseigner - KKPP K\u0119dzierzy\u0144sko-Kozielski Park Przemys\u0142owy Sp. z o.o.\",\"isPartOf\":{\"@id\":\"https:\/\/kkpp.pl\/de\/#website\"},\"primaryImageOfPage\":{\"@id\":\"https:\/\/kkpp.pl\/de\/kkpp-i-region\/kkpp\/udzialowcy\/#primaryimage\"},\"datePublished\":\"2021-11-24T11:49:08+00:00\",\"dateModified\":\"2026-03-27T09:30:56+00:00\",\"breadcrumb\":{\"@id\":\"https:\/\/kkpp.pl\/de\/kkpp-i-region\/kkpp\/udzialowcy\/#breadcrumb\"},\"inLanguage\":\"de\",\"potentialAction\":[{\"@type\":\"ReadAction\",\"target\":[[\"https:\/\/kkpp.pl\/kkpp-i-region\/kkpp\/udzialowcy\/\"]]}]},{\"@type\":\"BreadcrumbList\",\"@id\":\"https:\/\/kkpp.pl\/de\/kkpp-i-region\/kkpp\/udzialowcy\/#breadcrumb\",\"itemListElement\":[{\"@type\":\"ListItem\",\"position\":1,\"name\":\"KKPP i Region\",\"item\":\"https:\/\/kkpp.pl\/kkpp-i-region\/\"},{\"@type\":\"ListItem\",\"position\":2,\"name\":\"KKPP\",\"item\":\"https:\/\/kkpp.pl\/kkpp-i-region\/kkpp\/\"},{\"@type\":\"ListItem\",\"position\":3,\"name\":\"Udzia\u0142owcy\"}]}]}<\/script>\n<!-- \/ Yoast SEO plugin. -->","yoast_head_json":{"robots":{"index":"index","follow":"follow","max-snippet":"max-snippet:-1","max-image-preview":"max-image-preview:large","max-video-preview":"max-video-preview:-1"},"canonical":"https:\/\/kkpp.pl\/de\/kkpp-i-region\/kkpp\/udzialowcy\/","og_locale":"de_DE","og_type":"article","og_title":"Anteilseigner - KKPP K\u0119dzierzy\u0144sko-Kozielski Park Przemys\u0142owy Sp. z o.o.","og_description":"Lfd. Nr. Firmenname Firmensitz Anzahl der Anteile Gesamtwert der Anteile % 1. Gmina K\u0119dzierzyn-Ko\u017ale Piramowicza 32 47-200 K\u0119dzierzyn-Ko\u017ale 31.362 16.181.000,00 86,33% 2. Grupa Azoty Zak\u0142ady Azotowe K\u0119dzierzyn S.A. Mostowa 30 A 47-220 K\u0119dzierzyn-Ko\u017ale 4.720 2.360.000,00 12,59% 3. JPM Holding S.A. Szkolna 15 47-225 K\u0119dzierzyn-Ko\u017ale 400 200.000,00 1,07% GESAMT &#8211; Stammkapital: 36.482 18.741.000,00 100%","og_url":"https:\/\/kkpp.pl\/de\/kkpp-i-region\/kkpp\/udzialowcy\/","og_site_name":"KKPP K\u0119dzierzy\u0144sko-Kozielski Park Przemys\u0142owy Sp. z o.o.","article_modified_time":"2026-03-27T09:30:56+00:00","og_image":[{"width":2000,"height":635,"url":"https:\/\/kkpp.pl\/wp-content\/uploads\/2024\/08\/COI-inwestuj-w-kedzierzynie2.jpg","type":"image\/jpeg"}],"twitter_card":"summary_large_image","twitter_misc":{"Gesch\u00e4tzte Lesezeit":"1\u00a0Minute"},"schema":{"@context":"https:\/\/schema.org","@graph":[{"@type":"WebSite","@id":"https:\/\/kkpp.pl\/de\/#website","url":"https:\/\/kkpp.pl\/de\/","name":"KKPP K\u0119dzierzy\u0144sko-Kozielski Park Przemys\u0142owy Sp. z o.o.","description":"Centrum Obs\u0142ugi Inwestora K\u0119dzierzyn-Ko\u017ale oferuje tereny inwestycyjne, wsparcie doradcze, szkoleniowe; wynajem powierzchni biurowych, produkcyjnych, us\u0142ugowych.","potentialAction":[{"@type":"SearchAction","target":{"@type":"EntryPoint","urlTemplate":"https:\/\/kkpp.pl\/de\/?s={search_term_string}"},"query-input":"required name=search_term_string"}],"inLanguage":"de"},{"@type":"ImageObject","@id":"https:\/\/kkpp.pl\/de\/kkpp-i-region\/kkpp\/udzialowcy\/#primaryimage","inLanguage":"de","url":"https:\/\/kkpp.pl\/wp-content\/uploads\/2024\/08\/COI-inwestuj-w-kedzierzynie2.jpg","contentUrl":"https:\/\/kkpp.pl\/wp-content\/uploads\/2024\/08\/COI-inwestuj-w-kedzierzynie2.jpg","width":2000,"height":635},{"@type":"WebPage","@id":"https:\/\/kkpp.pl\/de\/kkpp-i-region\/kkpp\/udzialowcy\/#webpage","url":"https:\/\/kkpp.pl\/de\/kkpp-i-region\/kkpp\/udzialowcy\/","name":"Anteilseigner - KKPP K\u0119dzierzy\u0144sko-Kozielski Park Przemys\u0142owy Sp. z o.o.","isPartOf":{"@id":"https:\/\/kkpp.pl\/de\/#website"},"primaryImageOfPage":{"@id":"https:\/\/kkpp.pl\/de\/kkpp-i-region\/kkpp\/udzialowcy\/#primaryimage"},"datePublished":"2021-11-24T11:49:08+00:00","dateModified":"2026-03-27T09:30:56+00:00","breadcrumb":{"@id":"https:\/\/kkpp.pl\/de\/kkpp-i-region\/kkpp\/udzialowcy\/#breadcrumb"},"inLanguage":"de","potentialAction":[{"@type":"ReadAction","target":[["https:\/\/kkpp.pl\/kkpp-i-region\/kkpp\/udzialowcy\/"]]}]},{"@type":"BreadcrumbList","@id":"https:\/\/kkpp.pl\/de\/kkpp-i-region\/kkpp\/udzialowcy\/#breadcrumb","itemListElement":[{"@type":"ListItem","position":1,"name":"KKPP i Region","item":"https:\/\/kkpp.pl\/kkpp-i-region\/"},{"@type":"ListItem","position":2,"name":"KKPP","item":"https:\/\/kkpp.pl\/kkpp-i-region\/kkpp\/"},{"@type":"ListItem","position":3,"name":"Udzia\u0142owcy"}]}]}},"_links":{"self":[{"href":"https:\/\/kkpp.pl\/de\/wp-json\/wp\/v2\/pages\/1817"}],"collection":[{"href":"https:\/\/kkpp.pl\/de\/wp-json\/wp\/v2\/pages"}],"about":[{"href":"https:\/\/kkpp.pl\/de\/wp-json\/wp\/v2\/types\/page"}],"author":[{"embeddable":true,"href":"https:\/\/kkpp.pl\/de\/wp-json\/wp\/v2\/users\/2"}],"replies":[{"embeddable":true,"href":"https:\/\/kkpp.pl\/de\/wp-json\/wp\/v2\/comments?post=1817"}],"version-history":[{"count":15,"href":"https:\/\/kkpp.pl\/de\/wp-json\/wp\/v2\/pages\/1817\/revisions"}],"predecessor-version":[{"id":4322,"href":"https:\/\/kkpp.pl\/de\/wp-json\/wp\/v2\/pages\/1817\/revisions\/4322"}],"up":[{"embeddable":true,"href":"https:\/\/kkpp.pl\/de\/wp-json\/wp\/v2\/pages\/24"}],"wp:featuredmedia":[{"embeddable":true,"href":"https:\/\/kkpp.pl\/de\/wp-json\/wp\/v2\/media\/3607"}],"wp:attachment":[{"href":"https:\/\/kkpp.pl\/de\/wp-json\/wp\/v2\/media?parent=1817"}],"curies":[{"name":"wp","href":"https:\/\/api.w.org\/{rel}","templated":true}]}}