{"id":1863,"date":"2021-11-24T15:28:23","date_gmt":"2021-11-24T14:28:23","guid":{"rendered":"https:\/\/kkpp.pl\/?page_id=1863"},"modified":"2026-03-16T10:59:59","modified_gmt":"2026-03-16T09:59:59","slug":"jpm-holding","status":"publish","type":"page","link":"https:\/\/kkpp.pl\/de\/kkpp-und-region\/ipk\/jpm-holding\/","title":{"rendered":"JPM Holding"},"content":{"rendered":"<p>Zur Holding geh\u00f6ren sechs Gesellschaften:<\/p>\n<ul>\n<li>JPM Development Sp. z&nbsp;o.o.,<\/li>\n<li>JPM Koleje Sp. z&nbsp;o.o.,<\/li>\n<li>Park Przemys\u0142owy Blachownia Sp. z&nbsp;o.o.,<\/li>\n<li>Serwis Blachownia Sp. z&nbsp;o.o.,<\/li>\n<li>Belmar Sp. z&nbsp;o.o.,<\/li>\n<li>Laboratorium Badawcze Blachownia Sp. z&nbsp;o.o.<\/li>\n<\/ul>\n<p>JPM Holding SA erbringt die Leasingleistungen und vermietet Industriefl\u00e4chen.<\/p>\n<p><a href=\"https:\/\/kkpp.pl\/wp-content\/uploads\/2021\/11\/Spawacz.jpg\"><img loading=\"lazy\" class=\"alignright wp-image-1864\" src=\"https:\/\/kkpp.pl\/wp-content\/uploads\/2021\/11\/Spawacz-250x262.jpg\" alt=\"\" width=\"200\" height=\"209\" srcset=\"https:\/\/kkpp.pl\/wp-content\/uploads\/2021\/11\/Spawacz-250x262.jpg 250w, https:\/\/kkpp.pl\/wp-content\/uploads\/2021\/11\/Spawacz-120x126.jpg 120w, https:\/\/kkpp.pl\/wp-content\/uploads\/2021\/11\/Spawacz.jpg 300w\" sizes=\"(max-width: 200px) 100vw, 200px\" \/><\/a>Gemeinsam mit ihren Tochtergesellschaften spezialisiert sie sich auf die komplexe Bedienung von Firmen, die auf dem von ihr verwalteten Industriegebiet t\u00e4tig sind. Das Gebiet eignet sich ideal f\u00fcr Investitionen. Es ist ein Immobilienkomplex mit einer technischen Industrieinfrastruktur. Auf einem Gebiet von ca. 400 ha sind beinahe 60 Firmen pr\u00e4sent; vor allem Petrochemiewerke, Produktionsbetriebe f\u00fcr Kohlenderivate, Kunststoffverarbeitungswerke, Produktionsbetriebe f\u00fcr Konzentrate, aber auch Maschinen- und Anlagenwerke. Au\u00dfer typischer Produktionswerke gibt es hier au\u00dferdem Dienstleistungs- und Beratungsfirmen. Das Gebiet zeichnet sich durch eine gute Infrastruktur aus. Es verf\u00fcgt \u00fcber alle n\u00f6tigen Energiemedien, ein Stra\u00dfennetz, ein eigenes Anschlussgleis, das mit dem Netz der Polnischen Staatsbahnen verbunden ist. Es liegt an der Kreuzung zu einigen wichtigen Verkehrswegen von nationaler und internationaler Bedeutung. Das Gebiet ist sowohl mit der Autobahn A4 als auch mit den Seeh\u00e4fen durch die an das Industriegebiet grenzenden Kan\u00e4le der Oder und durch den ein gutes Dutzend Kilometer entfernten Binnenhafen an der Oder verbunden.<\/p>\n<p><strong>JPM Holding SA<br \/>\nPartnerberatung<\/strong><br \/>\nul. Szkolna 15<br \/>\n47-225 K\u0119dzierzyn-Ko\u017ale<br \/>\nTel.: +48 77 488 66 52, +48 77 488 66 78<br \/>\nFax: +48 77 488 62 04<br \/>\ne-mail: zarzad@jpmholding.pl<br \/>\n<a href=\"http:\/\/www.jpmholding.pl\/\">www.jpmholding.pl<\/a><\/p>","protected":false},"excerpt":{"rendered":"Zur Holding geh\u00f6ren sechs Gesellschaften: JPM Development Sp. z&nbsp;o.o., JPM Koleje Sp. z&nbsp;o.o., Park Przemys\u0142owy Blachownia Sp. z&nbsp;o.o., Serwis Blachownia Sp. z&nbsp;o.o., Belmar Sp. z&nbsp;o.o., Laboratorium Badawcze Blachownia Sp. z&nbsp;o.o. JPM Holding SA erbringt die Leasingleistungen und vermietet Industriefl\u00e4chen. Gemeinsam mit ihren Tochtergesellschaften spezialisiert sie sich auf die komplexe Bedienung von Firmen, die auf dem&#8230; <a class=\"view-article\" href=\"https:\/\/kkpp.pl\/de\/kkpp-und-region\/ipk\/jpm-holding\/\"><br><p style=\"text-align:right\"><i>wi\u0119cej ><\/i><\/p><\/a>","protected":false},"author":2,"featured_media":3607,"parent":24,"menu_order":4,"comment_status":"closed","ping_status":"closed","template":"","meta":{"inline_featured_image":false},"acf":[],"yoast_head":"<!-- This site is optimized with the Yoast SEO plugin v18.1 - https:\/\/yoast.com\/wordpress\/plugins\/seo\/ -->\n<meta name=\"robots\" content=\"index, follow, max-snippet:-1, max-image-preview:large, max-video-preview:-1\" \/>\n<link rel=\"canonical\" href=\"https:\/\/kkpp.pl\/de\/kkpp-i-region\/kkpp\/jpm-holding\/\" \/>\n<meta property=\"og:locale\" content=\"de_DE\" \/>\n<meta property=\"og:type\" content=\"article\" \/>\n<meta property=\"og:title\" content=\"JPM Holding - KKPP K\u0119dzierzy\u0144sko-Kozielski Park Przemys\u0142owy Sp. z o.o.\" \/>\n<meta property=\"og:description\" content=\"Zur Holding geh\u00f6ren sechs Gesellschaften: JPM Development Sp. z&nbsp;o.o., JPM Koleje Sp. z&nbsp;o.o., Park Przemys\u0142owy Blachownia Sp. z&nbsp;o.o., Serwis Blachownia Sp. z&nbsp;o.o., Belmar Sp. z&nbsp;o.o., Laboratorium Badawcze Blachownia Sp. z&nbsp;o.o. JPM Holding SA erbringt die Leasingleistungen und vermietet Industriefl\u00e4chen. Gemeinsam mit ihren Tochtergesellschaften spezialisiert sie sich auf die komplexe Bedienung von Firmen, die auf dem... wi\u0119cej &gt;\" \/>\n<meta property=\"og:url\" content=\"https:\/\/kkpp.pl\/de\/kkpp-i-region\/kkpp\/jpm-holding\/\" \/>\n<meta property=\"og:site_name\" content=\"KKPP K\u0119dzierzy\u0144sko-Kozielski Park Przemys\u0142owy Sp. z o.o.\" \/>\n<meta property=\"article:modified_time\" content=\"2026-03-16T09:59:59+00:00\" \/>\n<meta property=\"og:image\" content=\"https:\/\/kkpp.pl\/wp-content\/uploads\/2024\/08\/COI-inwestuj-w-kedzierzynie2.jpg\" \/>\n\t<meta property=\"og:image:width\" content=\"2000\" \/>\n\t<meta property=\"og:image:height\" content=\"635\" \/>\n\t<meta property=\"og:image:type\" content=\"image\/jpeg\" \/>\n<meta name=\"twitter:card\" content=\"summary_large_image\" \/>\n<meta name=\"twitter:label1\" content=\"Gesch\u00e4tzte Lesezeit\" \/>\n\t<meta name=\"twitter:data1\" content=\"2\u00a0Minuten\" \/>\n<script type=\"application\/ld+json\" class=\"yoast-schema-graph\">{\"@context\":\"https:\/\/schema.org\",\"@graph\":[{\"@type\":\"WebSite\",\"@id\":\"https:\/\/kkpp.pl\/de\/#website\",\"url\":\"https:\/\/kkpp.pl\/de\/\",\"name\":\"KKPP K\u0119dzierzy\u0144sko-Kozielski Park Przemys\u0142owy Sp. z o.o.\",\"description\":\"Centrum Obs\u0142ugi Inwestora K\u0119dzierzyn-Ko\u017ale oferuje tereny inwestycyjne, wsparcie doradcze, szkoleniowe; wynajem powierzchni biurowych, produkcyjnych, us\u0142ugowych.\",\"potentialAction\":[{\"@type\":\"SearchAction\",\"target\":{\"@type\":\"EntryPoint\",\"urlTemplate\":\"https:\/\/kkpp.pl\/de\/?s={search_term_string}\"},\"query-input\":\"required name=search_term_string\"}],\"inLanguage\":\"de\"},{\"@type\":\"ImageObject\",\"@id\":\"https:\/\/kkpp.pl\/de\/kkpp-i-region\/kkpp\/jpm-holding\/#primaryimage\",\"inLanguage\":\"de\",\"url\":\"https:\/\/kkpp.pl\/wp-content\/uploads\/2024\/08\/COI-inwestuj-w-kedzierzynie2.jpg\",\"contentUrl\":\"https:\/\/kkpp.pl\/wp-content\/uploads\/2024\/08\/COI-inwestuj-w-kedzierzynie2.jpg\",\"width\":2000,\"height\":635},{\"@type\":\"WebPage\",\"@id\":\"https:\/\/kkpp.pl\/de\/kkpp-i-region\/kkpp\/jpm-holding\/#webpage\",\"url\":\"https:\/\/kkpp.pl\/de\/kkpp-i-region\/kkpp\/jpm-holding\/\",\"name\":\"JPM Holding - KKPP K\u0119dzierzy\u0144sko-Kozielski Park Przemys\u0142owy Sp. z o.o.\",\"isPartOf\":{\"@id\":\"https:\/\/kkpp.pl\/de\/#website\"},\"primaryImageOfPage\":{\"@id\":\"https:\/\/kkpp.pl\/de\/kkpp-i-region\/kkpp\/jpm-holding\/#primaryimage\"},\"datePublished\":\"2021-11-24T14:28:23+00:00\",\"dateModified\":\"2026-03-16T09:59:59+00:00\",\"breadcrumb\":{\"@id\":\"https:\/\/kkpp.pl\/de\/kkpp-i-region\/kkpp\/jpm-holding\/#breadcrumb\"},\"inLanguage\":\"de\",\"potentialAction\":[{\"@type\":\"ReadAction\",\"target\":[[\"https:\/\/kkpp.pl\/kkpp-i-region\/kkpp\/jpm-holding\/\"]]}]},{\"@type\":\"BreadcrumbList\",\"@id\":\"https:\/\/kkpp.pl\/de\/kkpp-i-region\/kkpp\/jpm-holding\/#breadcrumb\",\"itemListElement\":[{\"@type\":\"ListItem\",\"position\":1,\"name\":\"KKPP i Region\",\"item\":\"https:\/\/kkpp.pl\/kkpp-i-region\/\"},{\"@type\":\"ListItem\",\"position\":2,\"name\":\"KKPP\",\"item\":\"https:\/\/kkpp.pl\/kkpp-i-region\/kkpp\/\"},{\"@type\":\"ListItem\",\"position\":3,\"name\":\"JPM Holding\"}]}]}<\/script>\n<!-- \/ Yoast SEO plugin. -->","yoast_head_json":{"robots":{"index":"index","follow":"follow","max-snippet":"max-snippet:-1","max-image-preview":"max-image-preview:large","max-video-preview":"max-video-preview:-1"},"canonical":"https:\/\/kkpp.pl\/de\/kkpp-i-region\/kkpp\/jpm-holding\/","og_locale":"de_DE","og_type":"article","og_title":"JPM Holding - KKPP K\u0119dzierzy\u0144sko-Kozielski Park Przemys\u0142owy Sp. z o.o.","og_description":"Zur Holding geh\u00f6ren sechs Gesellschaften: JPM Development Sp. z&nbsp;o.o., JPM Koleje Sp. z&nbsp;o.o., Park Przemys\u0142owy Blachownia Sp. z&nbsp;o.o., Serwis Blachownia Sp. z&nbsp;o.o., Belmar Sp. z&nbsp;o.o., Laboratorium Badawcze Blachownia Sp. z&nbsp;o.o. JPM Holding SA erbringt die Leasingleistungen und vermietet Industriefl\u00e4chen. Gemeinsam mit ihren Tochtergesellschaften spezialisiert sie sich auf die komplexe Bedienung von Firmen, die auf dem... wi\u0119cej >","og_url":"https:\/\/kkpp.pl\/de\/kkpp-i-region\/kkpp\/jpm-holding\/","og_site_name":"KKPP K\u0119dzierzy\u0144sko-Kozielski Park Przemys\u0142owy Sp. z o.o.","article_modified_time":"2026-03-16T09:59:59+00:00","og_image":[{"width":2000,"height":635,"url":"https:\/\/kkpp.pl\/wp-content\/uploads\/2024\/08\/COI-inwestuj-w-kedzierzynie2.jpg","type":"image\/jpeg"}],"twitter_card":"summary_large_image","twitter_misc":{"Gesch\u00e4tzte Lesezeit":"2\u00a0Minuten"},"schema":{"@context":"https:\/\/schema.org","@graph":[{"@type":"WebSite","@id":"https:\/\/kkpp.pl\/de\/#website","url":"https:\/\/kkpp.pl\/de\/","name":"KKPP K\u0119dzierzy\u0144sko-Kozielski Park Przemys\u0142owy Sp. z o.o.","description":"Centrum Obs\u0142ugi Inwestora K\u0119dzierzyn-Ko\u017ale oferuje tereny inwestycyjne, wsparcie doradcze, szkoleniowe; wynajem powierzchni biurowych, produkcyjnych, us\u0142ugowych.","potentialAction":[{"@type":"SearchAction","target":{"@type":"EntryPoint","urlTemplate":"https:\/\/kkpp.pl\/de\/?s={search_term_string}"},"query-input":"required name=search_term_string"}],"inLanguage":"de"},{"@type":"ImageObject","@id":"https:\/\/kkpp.pl\/de\/kkpp-i-region\/kkpp\/jpm-holding\/#primaryimage","inLanguage":"de","url":"https:\/\/kkpp.pl\/wp-content\/uploads\/2024\/08\/COI-inwestuj-w-kedzierzynie2.jpg","contentUrl":"https:\/\/kkpp.pl\/wp-content\/uploads\/2024\/08\/COI-inwestuj-w-kedzierzynie2.jpg","width":2000,"height":635},{"@type":"WebPage","@id":"https:\/\/kkpp.pl\/de\/kkpp-i-region\/kkpp\/jpm-holding\/#webpage","url":"https:\/\/kkpp.pl\/de\/kkpp-i-region\/kkpp\/jpm-holding\/","name":"JPM Holding - KKPP K\u0119dzierzy\u0144sko-Kozielski Park Przemys\u0142owy Sp. z o.o.","isPartOf":{"@id":"https:\/\/kkpp.pl\/de\/#website"},"primaryImageOfPage":{"@id":"https:\/\/kkpp.pl\/de\/kkpp-i-region\/kkpp\/jpm-holding\/#primaryimage"},"datePublished":"2021-11-24T14:28:23+00:00","dateModified":"2026-03-16T09:59:59+00:00","breadcrumb":{"@id":"https:\/\/kkpp.pl\/de\/kkpp-i-region\/kkpp\/jpm-holding\/#breadcrumb"},"inLanguage":"de","potentialAction":[{"@type":"ReadAction","target":[["https:\/\/kkpp.pl\/kkpp-i-region\/kkpp\/jpm-holding\/"]]}]},{"@type":"BreadcrumbList","@id":"https:\/\/kkpp.pl\/de\/kkpp-i-region\/kkpp\/jpm-holding\/#breadcrumb","itemListElement":[{"@type":"ListItem","position":1,"name":"KKPP i Region","item":"https:\/\/kkpp.pl\/kkpp-i-region\/"},{"@type":"ListItem","position":2,"name":"KKPP","item":"https:\/\/kkpp.pl\/kkpp-i-region\/kkpp\/"},{"@type":"ListItem","position":3,"name":"JPM Holding"}]}]}},"_links":{"self":[{"href":"https:\/\/kkpp.pl\/de\/wp-json\/wp\/v2\/pages\/1863"}],"collection":[{"href":"https:\/\/kkpp.pl\/de\/wp-json\/wp\/v2\/pages"}],"about":[{"href":"https:\/\/kkpp.pl\/de\/wp-json\/wp\/v2\/types\/page"}],"author":[{"embeddable":true,"href":"https:\/\/kkpp.pl\/de\/wp-json\/wp\/v2\/users\/2"}],"replies":[{"embeddable":true,"href":"https:\/\/kkpp.pl\/de\/wp-json\/wp\/v2\/comments?post=1863"}],"version-history":[{"count":11,"href":"https:\/\/kkpp.pl\/de\/wp-json\/wp\/v2\/pages\/1863\/revisions"}],"predecessor-version":[{"id":4310,"href":"https:\/\/kkpp.pl\/de\/wp-json\/wp\/v2\/pages\/1863\/revisions\/4310"}],"up":[{"embeddable":true,"href":"https:\/\/kkpp.pl\/de\/wp-json\/wp\/v2\/pages\/24"}],"wp:featuredmedia":[{"embeddable":true,"href":"https:\/\/kkpp.pl\/de\/wp-json\/wp\/v2\/media\/3607"}],"wp:attachment":[{"href":"https:\/\/kkpp.pl\/de\/wp-json\/wp\/v2\/media?parent=1863"}],"curies":[{"name":"wp","href":"https:\/\/api.w.org\/{rel}","templated":true}]}}