{"id":1876,"date":"2021-11-24T16:01:26","date_gmt":"2021-11-24T15:01:26","guid":{"rendered":"https:\/\/kkpp.pl\/?page_id=1876"},"modified":"2024-08-06T20:52:47","modified_gmt":"2024-08-06T18:52:47","slug":"ksse","status":"publish","type":"page","link":"https:\/\/kkpp.pl\/de\/kkpp-und-region\/wspolpraca-biznesu\/ksse\/","title":{"rendered":"KSSE"},"content":{"rendered":"<p>Die Kattowitzer Sonderwirtschaftszone ist ein gesondertes Gebiet, auf dem die Investoren durch die Umsatzsteuerbefreiung ihre Gesch\u00e4ftst\u00e4tigkeiten zu Pr\u00e4ferenzbedingungen betreiben k\u00f6nnen.<\/p>\n<p>Das Ziel zur Schaffung von Sonderwirtschaftszonen (SSE) ist die Beschleunigung der wirtschaftlichen Entwicklung auf ausgew\u00e4hlten Landesgebieten. KSSE ist eine der 14 Sonderwirtschaftszonen in Polen und umfasst die Woiwodschaften Schlesien, Oppeln und Kleinpolen. Eines der Gebiete ist das sog. S\u00fcdfeld [poln. Pole Po\u0142udnie] mit einer Fl\u00e4che von 77 ha, gelegen in K\u0119dzierzyn-Ko\u017ale, mit guten Verkehrsverbindungen und gutem Zugang zur technischen Infrastruktur.<\/p>\n<p>Das Investitionsgebiet ist bereits vorbereitet und kann den Unternehmen von KKPP zur Verf\u00fcgung gestellt zu werden, wo sie durch die Durchf\u00fchrung von ihren Projekten mit Steuerbefreiungen bis zu 50%-70% der Investitionskosten rechnen k\u00f6nnen.<\/p>\n<h3>Katowicka Specjalna Strefa Ekonomiczna S.A.<\/h3>\n<p>ul. Wojew\u00f3dzka 42<br \/>\n40-026 Katowice<br \/>\ntel.: +48 32 251 07 36<br \/>\ntel.: +48 32 760 98 38<br \/>\ne-mail: <a  href=\"javascript:smae_decode('a3NzZUBrc3NlLmNvbS5wbA==');\" >&#107;&#115;&#115;&#101;&#064;&#107;&#115;&#115;&#101;&#046;&#099;&#111;&#109;&#046;&#112;&#108;<\/a><br \/>\n<a href=\"http:\/\/www.ksse.com.pl\/\">www.ksse.com.pl<\/a><\/p>","protected":false},"excerpt":{"rendered":"Die Kattowitzer Sonderwirtschaftszone ist ein gesondertes Gebiet, auf dem die Investoren durch die Umsatzsteuerbefreiung ihre Gesch\u00e4ftst\u00e4tigkeiten zu Pr\u00e4ferenzbedingungen betreiben k\u00f6nnen. Das Ziel zur Schaffung von Sonderwirtschaftszonen (SSE) ist die Beschleunigung der wirtschaftlichen Entwicklung auf ausgew\u00e4hlten Landesgebieten. KSSE ist eine der 14 Sonderwirtschaftszonen in Polen und umfasst die Woiwodschaften Schlesien, Oppeln und Kleinpolen. Eines der Gebiete&#8230; <a class=\"view-article\" href=\"https:\/\/kkpp.pl\/de\/kkpp-und-region\/wspolpraca-biznesu\/ksse\/\"><br><p style=\"text-align:right\"><i>wi\u0119cej ><\/i><\/p><\/a>","protected":false},"author":2,"featured_media":3607,"parent":1872,"menu_order":1,"comment_status":"closed","ping_status":"closed","template":"","meta":{"inline_featured_image":false},"acf":[],"yoast_head":"<!-- This site is optimized with the Yoast SEO plugin v18.1 - https:\/\/yoast.com\/wordpress\/plugins\/seo\/ -->\n<meta name=\"robots\" content=\"index, follow, max-snippet:-1, max-image-preview:large, max-video-preview:-1\" \/>\n<link rel=\"canonical\" href=\"https:\/\/kkpp.pl\/de\/kkpp-i-region\/wspolpraca-biznesu\/ksse\/\" \/>\n<meta property=\"og:locale\" content=\"de_DE\" \/>\n<meta property=\"og:type\" content=\"article\" \/>\n<meta property=\"og:title\" content=\"KSSE - KKPP K\u0119dzierzy\u0144sko-Kozielski Park Przemys\u0142owy Sp. z o.o.\" \/>\n<meta property=\"og:description\" content=\"Die Kattowitzer Sonderwirtschaftszone ist ein gesondertes Gebiet, auf dem die Investoren durch die Umsatzsteuerbefreiung ihre Gesch\u00e4ftst\u00e4tigkeiten zu Pr\u00e4ferenzbedingungen betreiben k\u00f6nnen. Das Ziel zur Schaffung von Sonderwirtschaftszonen (SSE) ist die Beschleunigung der wirtschaftlichen Entwicklung auf ausgew\u00e4hlten Landesgebieten. KSSE ist eine der 14 Sonderwirtschaftszonen in Polen und umfasst die Woiwodschaften Schlesien, Oppeln und Kleinpolen. Eines der Gebiete... wi\u0119cej &gt;\" \/>\n<meta property=\"og:url\" content=\"https:\/\/kkpp.pl\/de\/kkpp-i-region\/wspolpraca-biznesu\/ksse\/\" \/>\n<meta property=\"og:site_name\" content=\"KKPP K\u0119dzierzy\u0144sko-Kozielski Park Przemys\u0142owy Sp. z o.o.\" \/>\n<meta property=\"article:modified_time\" content=\"2024-08-06T18:52:47+00:00\" \/>\n<meta property=\"og:image\" content=\"https:\/\/kkpp.pl\/wp-content\/uploads\/2024\/08\/COI-inwestuj-w-kedzierzynie2.jpg\" \/>\n\t<meta property=\"og:image:width\" content=\"2000\" \/>\n\t<meta property=\"og:image:height\" content=\"635\" \/>\n\t<meta property=\"og:image:type\" content=\"image\/jpeg\" \/>\n<meta name=\"twitter:card\" content=\"summary_large_image\" \/>\n<meta name=\"twitter:label1\" content=\"Gesch\u00e4tzte Lesezeit\" \/>\n\t<meta name=\"twitter:data1\" content=\"2\u00a0Minuten\" \/>\n<script type=\"application\/ld+json\" class=\"yoast-schema-graph\">{\"@context\":\"https:\/\/schema.org\",\"@graph\":[{\"@type\":\"WebSite\",\"@id\":\"https:\/\/kkpp.pl\/de\/#website\",\"url\":\"https:\/\/kkpp.pl\/de\/\",\"name\":\"KKPP K\u0119dzierzy\u0144sko-Kozielski Park Przemys\u0142owy Sp. z o.o.\",\"description\":\"Centrum Obs\u0142ugi Inwestora K\u0119dzierzyn-Ko\u017ale oferuje tereny inwestycyjne, wsparcie doradcze, szkoleniowe; wynajem powierzchni biurowych, produkcyjnych, us\u0142ugowych.\",\"potentialAction\":[{\"@type\":\"SearchAction\",\"target\":{\"@type\":\"EntryPoint\",\"urlTemplate\":\"https:\/\/kkpp.pl\/de\/?s={search_term_string}\"},\"query-input\":\"required name=search_term_string\"}],\"inLanguage\":\"de\"},{\"@type\":\"ImageObject\",\"@id\":\"https:\/\/kkpp.pl\/de\/kkpp-i-region\/wspolpraca-biznesu\/ksse\/#primaryimage\",\"inLanguage\":\"de\",\"url\":\"https:\/\/kkpp.pl\/wp-content\/uploads\/2024\/08\/COI-inwestuj-w-kedzierzynie2.jpg\",\"contentUrl\":\"https:\/\/kkpp.pl\/wp-content\/uploads\/2024\/08\/COI-inwestuj-w-kedzierzynie2.jpg\",\"width\":2000,\"height\":635},{\"@type\":\"WebPage\",\"@id\":\"https:\/\/kkpp.pl\/de\/kkpp-i-region\/wspolpraca-biznesu\/ksse\/#webpage\",\"url\":\"https:\/\/kkpp.pl\/de\/kkpp-i-region\/wspolpraca-biznesu\/ksse\/\",\"name\":\"KSSE - KKPP K\u0119dzierzy\u0144sko-Kozielski Park Przemys\u0142owy Sp. z o.o.\",\"isPartOf\":{\"@id\":\"https:\/\/kkpp.pl\/de\/#website\"},\"primaryImageOfPage\":{\"@id\":\"https:\/\/kkpp.pl\/de\/kkpp-i-region\/wspolpraca-biznesu\/ksse\/#primaryimage\"},\"datePublished\":\"2021-11-24T15:01:26+00:00\",\"dateModified\":\"2024-08-06T18:52:47+00:00\",\"breadcrumb\":{\"@id\":\"https:\/\/kkpp.pl\/de\/kkpp-i-region\/wspolpraca-biznesu\/ksse\/#breadcrumb\"},\"inLanguage\":\"de\",\"potentialAction\":[{\"@type\":\"ReadAction\",\"target\":[[\"https:\/\/kkpp.pl\/kkpp-i-region\/wspolpraca-biznesu\/ksse\/\"]]}]},{\"@type\":\"BreadcrumbList\",\"@id\":\"https:\/\/kkpp.pl\/de\/kkpp-i-region\/wspolpraca-biznesu\/ksse\/#breadcrumb\",\"itemListElement\":[{\"@type\":\"ListItem\",\"position\":1,\"name\":\"KKPP i Region\",\"item\":\"https:\/\/kkpp.pl\/kkpp-i-region\/\"},{\"@type\":\"ListItem\",\"position\":2,\"name\":\"Wsp\u00f3\u0142praca biznesu\",\"item\":\"https:\/\/kkpp.pl\/kkpp-i-region\/wspolpraca-biznesu\/\"},{\"@type\":\"ListItem\",\"position\":3,\"name\":\"KSSE\"}]}]}<\/script>\n<!-- \/ Yoast SEO plugin. -->","yoast_head_json":{"robots":{"index":"index","follow":"follow","max-snippet":"max-snippet:-1","max-image-preview":"max-image-preview:large","max-video-preview":"max-video-preview:-1"},"canonical":"https:\/\/kkpp.pl\/de\/kkpp-i-region\/wspolpraca-biznesu\/ksse\/","og_locale":"de_DE","og_type":"article","og_title":"KSSE - KKPP K\u0119dzierzy\u0144sko-Kozielski Park Przemys\u0142owy Sp. z o.o.","og_description":"Die Kattowitzer Sonderwirtschaftszone ist ein gesondertes Gebiet, auf dem die Investoren durch die Umsatzsteuerbefreiung ihre Gesch\u00e4ftst\u00e4tigkeiten zu Pr\u00e4ferenzbedingungen betreiben k\u00f6nnen. Das Ziel zur Schaffung von Sonderwirtschaftszonen (SSE) ist die Beschleunigung der wirtschaftlichen Entwicklung auf ausgew\u00e4hlten Landesgebieten. KSSE ist eine der 14 Sonderwirtschaftszonen in Polen und umfasst die Woiwodschaften Schlesien, Oppeln und Kleinpolen. Eines der Gebiete... wi\u0119cej >","og_url":"https:\/\/kkpp.pl\/de\/kkpp-i-region\/wspolpraca-biznesu\/ksse\/","og_site_name":"KKPP K\u0119dzierzy\u0144sko-Kozielski Park Przemys\u0142owy Sp. z o.o.","article_modified_time":"2024-08-06T18:52:47+00:00","og_image":[{"width":2000,"height":635,"url":"https:\/\/kkpp.pl\/wp-content\/uploads\/2024\/08\/COI-inwestuj-w-kedzierzynie2.jpg","type":"image\/jpeg"}],"twitter_card":"summary_large_image","twitter_misc":{"Gesch\u00e4tzte Lesezeit":"2\u00a0Minuten"},"schema":{"@context":"https:\/\/schema.org","@graph":[{"@type":"WebSite","@id":"https:\/\/kkpp.pl\/de\/#website","url":"https:\/\/kkpp.pl\/de\/","name":"KKPP K\u0119dzierzy\u0144sko-Kozielski Park Przemys\u0142owy Sp. z o.o.","description":"Centrum Obs\u0142ugi Inwestora K\u0119dzierzyn-Ko\u017ale oferuje tereny inwestycyjne, wsparcie doradcze, szkoleniowe; wynajem powierzchni biurowych, produkcyjnych, us\u0142ugowych.","potentialAction":[{"@type":"SearchAction","target":{"@type":"EntryPoint","urlTemplate":"https:\/\/kkpp.pl\/de\/?s={search_term_string}"},"query-input":"required name=search_term_string"}],"inLanguage":"de"},{"@type":"ImageObject","@id":"https:\/\/kkpp.pl\/de\/kkpp-i-region\/wspolpraca-biznesu\/ksse\/#primaryimage","inLanguage":"de","url":"https:\/\/kkpp.pl\/wp-content\/uploads\/2024\/08\/COI-inwestuj-w-kedzierzynie2.jpg","contentUrl":"https:\/\/kkpp.pl\/wp-content\/uploads\/2024\/08\/COI-inwestuj-w-kedzierzynie2.jpg","width":2000,"height":635},{"@type":"WebPage","@id":"https:\/\/kkpp.pl\/de\/kkpp-i-region\/wspolpraca-biznesu\/ksse\/#webpage","url":"https:\/\/kkpp.pl\/de\/kkpp-i-region\/wspolpraca-biznesu\/ksse\/","name":"KSSE - KKPP K\u0119dzierzy\u0144sko-Kozielski Park Przemys\u0142owy Sp. z o.o.","isPartOf":{"@id":"https:\/\/kkpp.pl\/de\/#website"},"primaryImageOfPage":{"@id":"https:\/\/kkpp.pl\/de\/kkpp-i-region\/wspolpraca-biznesu\/ksse\/#primaryimage"},"datePublished":"2021-11-24T15:01:26+00:00","dateModified":"2024-08-06T18:52:47+00:00","breadcrumb":{"@id":"https:\/\/kkpp.pl\/de\/kkpp-i-region\/wspolpraca-biznesu\/ksse\/#breadcrumb"},"inLanguage":"de","potentialAction":[{"@type":"ReadAction","target":[["https:\/\/kkpp.pl\/kkpp-i-region\/wspolpraca-biznesu\/ksse\/"]]}]},{"@type":"BreadcrumbList","@id":"https:\/\/kkpp.pl\/de\/kkpp-i-region\/wspolpraca-biznesu\/ksse\/#breadcrumb","itemListElement":[{"@type":"ListItem","position":1,"name":"KKPP i Region","item":"https:\/\/kkpp.pl\/kkpp-i-region\/"},{"@type":"ListItem","position":2,"name":"Wsp\u00f3\u0142praca biznesu","item":"https:\/\/kkpp.pl\/kkpp-i-region\/wspolpraca-biznesu\/"},{"@type":"ListItem","position":3,"name":"KSSE"}]}]}},"_links":{"self":[{"href":"https:\/\/kkpp.pl\/de\/wp-json\/wp\/v2\/pages\/1876"}],"collection":[{"href":"https:\/\/kkpp.pl\/de\/wp-json\/wp\/v2\/pages"}],"about":[{"href":"https:\/\/kkpp.pl\/de\/wp-json\/wp\/v2\/types\/page"}],"author":[{"embeddable":true,"href":"https:\/\/kkpp.pl\/de\/wp-json\/wp\/v2\/users\/2"}],"replies":[{"embeddable":true,"href":"https:\/\/kkpp.pl\/de\/wp-json\/wp\/v2\/comments?post=1876"}],"version-history":[{"count":3,"href":"https:\/\/kkpp.pl\/de\/wp-json\/wp\/v2\/pages\/1876\/revisions"}],"predecessor-version":[{"id":1880,"href":"https:\/\/kkpp.pl\/de\/wp-json\/wp\/v2\/pages\/1876\/revisions\/1880"}],"up":[{"embeddable":true,"href":"https:\/\/kkpp.pl\/de\/wp-json\/wp\/v2\/pages\/1872"}],"wp:featuredmedia":[{"embeddable":true,"href":"https:\/\/kkpp.pl\/de\/wp-json\/wp\/v2\/media\/3607"}],"wp:attachment":[{"href":"https:\/\/kkpp.pl\/de\/wp-json\/wp\/v2\/media?parent=1876"}],"curies":[{"name":"wp","href":"https:\/\/api.w.org\/{rel}","templated":true}]}}