{"id":232,"date":"2018-03-16T10:51:52","date_gmt":"2018-03-16T09:51:52","guid":{"rendered":"https:\/\/kkpp.pl\/?page_id=232"},"modified":"2024-05-07T11:09:22","modified_gmt":"2024-05-07T09:09:22","slug":"wynajem","status":"publish","type":"page","link":"https:\/\/kkpp.pl\/de\/fur-investoren\/dienstleistungen\/vermietung\/","title":{"rendered":"Vermietung"},"content":{"rendered":"<p>Das Invest.\u00a0Service Center der Industriepark K\u0119dzierzyn-Ko\u017ale Sp. z&nbsp;o.o. [GmbH] vermietet B\u00fcro- und andere R\u00e4ume f\u00fcr gesch\u00e4ftliche und gewerbliche Zwecke sowie f\u00fcr Workshops, Schulungen und Konferenzen.<br \/>\nAn folgenden Standorten k\u00f6nnen B\u00fcro- sowie Produktions- und Dienstleistungsfl\u00e4chen gemietet werden:<\/p>\n<ul>\n<li>Invest.ServiceCenter, ul.\/Str. Wojska Polskiego 16 F<\/li>\n<li>B\u00fcrohaus, ul.\/Str. Szkolna 15 (Blachownia)<\/li>\n<li>Produktions- und Dienstleistungsgeb\u00e4ude mit einer Gesamtfl\u00e4che von 240 m\u00b2, ul.\/Str. Szkolna 15 (Blachownia)<\/li>\n<li>Gr\u00fcnderzentrum, ul.\/Str. Szkolna 17 (Blachownia);<br \/>\nMietpreise bei Nutzung im Rahmen einer Unternehmensgr\u00fcndung:<br \/>\nim ersten Jahr: 16,00 PLN\/m\u00b2\/Monat<br \/>\nim zweiten Jahr: 24,00 PLN\/m\u00b2\/Monat<br \/>\nim dritten Jahr: 32,00 PLN\/m\u00b2\/Monat<br \/>\nMietpreise bei ausschlie\u00dflich gesch\u00e4ftlicher Nutzung: 40,00 PLN\/m\u00b2\/Monat<\/li>\n<\/ul>\n<p><strong>VERMIETUNG VON KONFERENZR\u00c4UMEN<\/strong><br \/>\nInvest.ServiceCenter<br \/>\nul.\/Str. Wojska Polskiego 16 F<br \/>\nKonferenzsaal:<\/p>\n<ul>\n<li>bis zu 80 Teilnehmer;<\/li>\n<li>klimatisiert, Licht- und Audioanlage, Leinwand\/Bildschirm, mit Videoprojektor f\u00fcr Fernsehaufnahmen, Pressekonferenzen, Workshops und Schulungen;<\/li>\n<li>K\u00fcchenzeile.<\/li>\n<\/ul>\n<p>Kleiner Konferenzraum:<\/p>\n<ul>\n<li>bis zu 10 Personen;<\/li>\n<li>vollst\u00e4ndige Multimedia-Ausstattung (Leinwand\/Bildschirm, Videoprojektor, etc.).<\/li>\n<\/ul>\n<p><strong>B\u00dcROHAUS<br \/>\n<\/strong>ul.\/Str. Szkolna 15<br \/>\nZwei Konferenzr\u00e4ume mit vollst\u00e4ndiger Multimedia-Ausstattung (Leinwand\/Bildschirm, Videoprojektor, etc.):<\/p>\n<ul>\n<li>Konferenzsaal: bis zu 120 Personen;<\/li>\n<li>kleiner Konferenzraum: bis zu 60 Personen.<\/li>\n<\/ul>\n<p><strong>GR\u00dcNDERZENTRUM<br \/>\n<\/strong> ul.\/Str. Szkolna 17<br \/>\nKonferenzraum:<\/p>\n<ul>\n<li>vollst\u00e4ndige Multimedia-Ausstattung (Leinwand\/Bildschirm, Videoprojektor, etc.);<\/li>\n<li>klimatisiert;<\/li>\n<li>K\u00fcchenzeile.<\/li>\n<\/ul>\n<p><strong>B\u00dcROSHARING<\/strong><br \/>\nInvest.ServiceCenter, ul.\/Str. Wojska Polskiego 16 F<br \/>\nMieten Sie sich einen B\u00fcroarbeitsplatz f\u00fcr die Zeit, in der Sie es auch wirklich ben\u00f6tigen.<br \/>\nBereitgestellt werden vollst\u00e4ndig ausgestattete B\u00fcror\u00e4ume (PC, Internetzugang, etc.) einschl. Serviceleistungen des Copyshops sowie unseres Sekretariats; bei Bedarf k\u00f6nnen Catering sowie unsere Serviceleistungen bei der Organisation von Gesch\u00e4ftstreffen in Anspruch genommen werden.<\/p>\n<p>Kontakt:<br \/>\nK\u0119dzierzy\u0144sko-Kozielski Park Przemys\u0142owy Sp. z&nbsp;o.o.<br \/>\nul. Wojska Polskiego 16 F<br \/>\n47-220 K\u0119dzierzyn-Ko\u017ale<br \/>\nt: +48 77 488 62 15<br \/>\nmobile: +48 535 364 046<br \/>\ne-mail: <a  href=\"javascript:smae_decode('Yml1cm9Aa2twcC5wbA==');\" >&#098;&#105;&#117;&#114;&#111;&#064;&#107;&#107;&#112;&#112;&#046;&#112;&#108;<\/a><\/p>\n<p>\n\t\t<style type=\"text\/css\">\n\t\t\t#gallery-2 {\n\t\t\t\tmargin: auto;\n\t\t\t}\n\t\t\t#gallery-2 .gallery-item {\n\t\t\t\tfloat: left;\n\t\t\t\tmargin-top: 10px;\n\t\t\t\ttext-align: center;\n\t\t\t\twidth: 33%;\n\t\t\t}\n\t\t\t#gallery-2 img {\n\t\t\t\tborder: 2px solid #cfcfcf;\n\t\t\t}\n\t\t\t#gallery-2 .gallery-caption {\n\t\t\t\tmargin-left: 0;\n\t\t\t}\n\t\t\t\/* see gallery_shortcode() in wp-includes\/media.php *\/\n\t\t<\/style>\n\t\t<div id='gallery-2' class='gallery galleryid-232 gallery-columns-3 gallery-size-thumbnail'><dl class='gallery-item'>\n\t\t\t<dt class='gallery-icon portrait'>\n\t\t\t\t<a href='https:\/\/kkpp.pl\/de\/fur-investoren\/dienstleistungen\/vermietung\/konf-mala-coi_1-2\/'><img width=\"150\" height=\"150\" src=\"https:\/\/kkpp.pl\/wp-content\/uploads\/2018\/04\/konf-ma\u0142a-COI_1-150x150.jpg\" class=\"attachment-thumbnail size-thumbnail\" alt=\"\" loading=\"lazy\" \/><\/a>\n\t\t\t<\/dt><\/dl><dl class='gallery-item'>\n\t\t\t<dt class='gallery-icon landscape'>\n\t\t\t\t<a href='https:\/\/kkpp.pl\/de\/fur-investoren\/dienstleistungen\/vermietung\/konf-duza-coi_1-2\/'><img width=\"150\" height=\"150\" src=\"https:\/\/kkpp.pl\/wp-content\/uploads\/2018\/04\/konf-du\u017ca-COI_1-150x150.jpg\" class=\"attachment-thumbnail size-thumbnail\" alt=\"\" loading=\"lazy\" \/><\/a>\n\t\t\t<\/dt><\/dl><dl class='gallery-item'>\n\t\t\t<dt class='gallery-icon landscape'>\n\t\t\t\t<a href='https:\/\/kkpp.pl\/de\/fur-investoren\/dienstleistungen\/vermietung\/konf_ip_1-2\/'><img width=\"150\" height=\"150\" src=\"https:\/\/kkpp.pl\/wp-content\/uploads\/2018\/04\/konf_IP_1-150x150.jpg\" class=\"attachment-thumbnail size-thumbnail\" alt=\"\" loading=\"lazy\" \/><\/a>\n\t\t\t<\/dt><\/dl><br style=\"clear: both\" \/>\n\t\t<\/div>\n<\/p>","protected":false},"excerpt":{"rendered":"Das Invest.\u00a0Service Center der Industriepark K\u0119dzierzyn-Ko\u017ale Sp. z&nbsp;o.o. [GmbH] vermietet B\u00fcro- und andere R\u00e4ume f\u00fcr gesch\u00e4ftliche und gewerbliche Zwecke sowie f\u00fcr Workshops, Schulungen und Konferenzen. An folgenden Standorten k\u00f6nnen B\u00fcro- sowie Produktions- und Dienstleistungsfl\u00e4chen gemietet werden: Invest.ServiceCenter, ul.\/Str. Wojska Polskiego 16 F B\u00fcrohaus, ul.\/Str. Szkolna 15 (Blachownia) Produktions- und Dienstleistungsgeb\u00e4ude mit einer Gesamtfl\u00e4che von 240&#8230; <a class=\"view-article\" href=\"https:\/\/kkpp.pl\/de\/fur-investoren\/dienstleistungen\/vermietung\/\"><br><p style=\"text-align:right\"><i>wi\u0119cej ><\/i><\/p><\/a>","protected":false},"author":2,"featured_media":0,"parent":239,"menu_order":2,"comment_status":"closed","ping_status":"closed","template":"","meta":{"inline_featured_image":false},"acf":[],"yoast_head":"<!-- This site is optimized with the Yoast SEO plugin v18.1 - https:\/\/yoast.com\/wordpress\/plugins\/seo\/ -->\n<meta name=\"robots\" content=\"index, follow, max-snippet:-1, max-image-preview:large, max-video-preview:-1\" \/>\n<link rel=\"canonical\" href=\"https:\/\/kkpp.pl\/de\/centrum-obslugi-inwestora\/uslugi\/wynajem\/\" \/>\n<meta property=\"og:locale\" content=\"de_DE\" \/>\n<meta property=\"og:type\" content=\"article\" \/>\n<meta property=\"og:title\" content=\"Vermietung - KKPP K\u0119dzierzy\u0144sko-Kozielski Park Przemys\u0142owy Sp. z o.o.\" \/>\n<meta property=\"og:description\" content=\"Das Invest.\u00a0Service Center der Industriepark K\u0119dzierzyn-Ko\u017ale Sp. z&nbsp;o.o. [GmbH] vermietet B\u00fcro- und andere R\u00e4ume f\u00fcr gesch\u00e4ftliche und gewerbliche Zwecke sowie f\u00fcr Workshops, Schulungen und Konferenzen. An folgenden Standorten k\u00f6nnen B\u00fcro- sowie Produktions- und Dienstleistungsfl\u00e4chen gemietet werden: Invest.ServiceCenter, ul.\/Str. Wojska Polskiego 16 F B\u00fcrohaus, ul.\/Str. Szkolna 15 (Blachownia) Produktions- und Dienstleistungsgeb\u00e4ude mit einer Gesamtfl\u00e4che von 240... wi\u0119cej &gt;\" \/>\n<meta property=\"og:url\" content=\"https:\/\/kkpp.pl\/de\/centrum-obslugi-inwestora\/uslugi\/wynajem\/\" \/>\n<meta property=\"og:site_name\" content=\"KKPP K\u0119dzierzy\u0144sko-Kozielski Park Przemys\u0142owy Sp. z o.o.\" \/>\n<meta property=\"article:modified_time\" content=\"2024-05-07T09:09:22+00:00\" \/>\n<meta property=\"og:image\" content=\"https:\/\/kkpp.pl\/wp-content\/uploads\/2018\/04\/konf-ma\u0142a-COI_1-150x150.jpg\" \/>\n<meta name=\"twitter:card\" content=\"summary_large_image\" \/>\n<meta name=\"twitter:label1\" content=\"Gesch\u00e4tzte Lesezeit\" \/>\n\t<meta name=\"twitter:data1\" content=\"2\u00a0Minuten\" \/>\n<script type=\"application\/ld+json\" class=\"yoast-schema-graph\">{\"@context\":\"https:\/\/schema.org\",\"@graph\":[{\"@type\":\"WebSite\",\"@id\":\"https:\/\/kkpp.pl\/de\/#website\",\"url\":\"https:\/\/kkpp.pl\/de\/\",\"name\":\"KKPP K\u0119dzierzy\u0144sko-Kozielski Park Przemys\u0142owy Sp. z o.o.\",\"description\":\"Centrum Obs\u0142ugi Inwestora K\u0119dzierzyn-Ko\u017ale oferuje tereny inwestycyjne, wsparcie doradcze, szkoleniowe; wynajem powierzchni biurowych, produkcyjnych, us\u0142ugowych.\",\"potentialAction\":[{\"@type\":\"SearchAction\",\"target\":{\"@type\":\"EntryPoint\",\"urlTemplate\":\"https:\/\/kkpp.pl\/de\/?s={search_term_string}\"},\"query-input\":\"required name=search_term_string\"}],\"inLanguage\":\"de\"},{\"@type\":\"WebPage\",\"@id\":\"https:\/\/kkpp.pl\/de\/centrum-obslugi-inwestora\/uslugi\/wynajem\/#webpage\",\"url\":\"https:\/\/kkpp.pl\/de\/centrum-obslugi-inwestora\/uslugi\/wynajem\/\",\"name\":\"Vermietung - KKPP K\u0119dzierzy\u0144sko-Kozielski Park Przemys\u0142owy Sp. z o.o.\",\"isPartOf\":{\"@id\":\"https:\/\/kkpp.pl\/de\/#website\"},\"datePublished\":\"2018-03-16T09:51:52+00:00\",\"dateModified\":\"2024-05-07T09:09:22+00:00\",\"breadcrumb\":{\"@id\":\"https:\/\/kkpp.pl\/de\/centrum-obslugi-inwestora\/uslugi\/wynajem\/#breadcrumb\"},\"inLanguage\":\"de\",\"potentialAction\":[{\"@type\":\"ReadAction\",\"target\":[[\"https:\/\/kkpp.pl\/centrum-obslugi-inwestora\/uslugi\/wynajem\/\"]]}]},{\"@type\":\"BreadcrumbList\",\"@id\":\"https:\/\/kkpp.pl\/de\/centrum-obslugi-inwestora\/uslugi\/wynajem\/#breadcrumb\",\"itemListElement\":[{\"@type\":\"ListItem\",\"position\":1,\"name\":\"Centrum Obs\u0142ugi Inwestora\",\"item\":\"https:\/\/kkpp.pl\/centrum-obslugi-inwestora\/\"},{\"@type\":\"ListItem\",\"position\":2,\"name\":\"Us\u0142ugi\",\"item\":\"https:\/\/kkpp.pl\/centrum-obslugi-inwestora\/uslugi\/\"},{\"@type\":\"ListItem\",\"position\":3,\"name\":\"Wynajem\"}]}]}<\/script>\n<!-- \/ Yoast SEO plugin. -->","yoast_head_json":{"robots":{"index":"index","follow":"follow","max-snippet":"max-snippet:-1","max-image-preview":"max-image-preview:large","max-video-preview":"max-video-preview:-1"},"canonical":"https:\/\/kkpp.pl\/de\/centrum-obslugi-inwestora\/uslugi\/wynajem\/","og_locale":"de_DE","og_type":"article","og_title":"Vermietung - KKPP K\u0119dzierzy\u0144sko-Kozielski Park Przemys\u0142owy Sp. z o.o.","og_description":"Das Invest.\u00a0Service Center der Industriepark K\u0119dzierzyn-Ko\u017ale Sp. z&nbsp;o.o. [GmbH] vermietet B\u00fcro- und andere R\u00e4ume f\u00fcr gesch\u00e4ftliche und gewerbliche Zwecke sowie f\u00fcr Workshops, Schulungen und Konferenzen. An folgenden Standorten k\u00f6nnen B\u00fcro- sowie Produktions- und Dienstleistungsfl\u00e4chen gemietet werden: Invest.ServiceCenter, ul.\/Str. Wojska Polskiego 16 F B\u00fcrohaus, ul.\/Str. Szkolna 15 (Blachownia) Produktions- und Dienstleistungsgeb\u00e4ude mit einer Gesamtfl\u00e4che von 240... wi\u0119cej >","og_url":"https:\/\/kkpp.pl\/de\/centrum-obslugi-inwestora\/uslugi\/wynajem\/","og_site_name":"KKPP K\u0119dzierzy\u0144sko-Kozielski Park Przemys\u0142owy Sp. z o.o.","article_modified_time":"2024-05-07T09:09:22+00:00","og_image":[{"url":"https:\/\/kkpp.pl\/wp-content\/uploads\/2018\/04\/konf-ma\u0142a-COI_1-150x150.jpg"}],"twitter_card":"summary_large_image","twitter_misc":{"Gesch\u00e4tzte Lesezeit":"2\u00a0Minuten"},"schema":{"@context":"https:\/\/schema.org","@graph":[{"@type":"WebSite","@id":"https:\/\/kkpp.pl\/de\/#website","url":"https:\/\/kkpp.pl\/de\/","name":"KKPP K\u0119dzierzy\u0144sko-Kozielski Park Przemys\u0142owy Sp. z o.o.","description":"Centrum Obs\u0142ugi Inwestora K\u0119dzierzyn-Ko\u017ale oferuje tereny inwestycyjne, wsparcie doradcze, szkoleniowe; wynajem powierzchni biurowych, produkcyjnych, us\u0142ugowych.","potentialAction":[{"@type":"SearchAction","target":{"@type":"EntryPoint","urlTemplate":"https:\/\/kkpp.pl\/de\/?s={search_term_string}"},"query-input":"required name=search_term_string"}],"inLanguage":"de"},{"@type":"WebPage","@id":"https:\/\/kkpp.pl\/de\/centrum-obslugi-inwestora\/uslugi\/wynajem\/#webpage","url":"https:\/\/kkpp.pl\/de\/centrum-obslugi-inwestora\/uslugi\/wynajem\/","name":"Vermietung - KKPP K\u0119dzierzy\u0144sko-Kozielski Park Przemys\u0142owy Sp. z o.o.","isPartOf":{"@id":"https:\/\/kkpp.pl\/de\/#website"},"datePublished":"2018-03-16T09:51:52+00:00","dateModified":"2024-05-07T09:09:22+00:00","breadcrumb":{"@id":"https:\/\/kkpp.pl\/de\/centrum-obslugi-inwestora\/uslugi\/wynajem\/#breadcrumb"},"inLanguage":"de","potentialAction":[{"@type":"ReadAction","target":[["https:\/\/kkpp.pl\/centrum-obslugi-inwestora\/uslugi\/wynajem\/"]]}]},{"@type":"BreadcrumbList","@id":"https:\/\/kkpp.pl\/de\/centrum-obslugi-inwestora\/uslugi\/wynajem\/#breadcrumb","itemListElement":[{"@type":"ListItem","position":1,"name":"Centrum Obs\u0142ugi Inwestora","item":"https:\/\/kkpp.pl\/centrum-obslugi-inwestora\/"},{"@type":"ListItem","position":2,"name":"Us\u0142ugi","item":"https:\/\/kkpp.pl\/centrum-obslugi-inwestora\/uslugi\/"},{"@type":"ListItem","position":3,"name":"Wynajem"}]}]}},"_links":{"self":[{"href":"https:\/\/kkpp.pl\/de\/wp-json\/wp\/v2\/pages\/232"}],"collection":[{"href":"https:\/\/kkpp.pl\/de\/wp-json\/wp\/v2\/pages"}],"about":[{"href":"https:\/\/kkpp.pl\/de\/wp-json\/wp\/v2\/types\/page"}],"author":[{"embeddable":true,"href":"https:\/\/kkpp.pl\/de\/wp-json\/wp\/v2\/users\/2"}],"replies":[{"embeddable":true,"href":"https:\/\/kkpp.pl\/de\/wp-json\/wp\/v2\/comments?post=232"}],"version-history":[{"count":16,"href":"https:\/\/kkpp.pl\/de\/wp-json\/wp\/v2\/pages\/232\/revisions"}],"predecessor-version":[{"id":3485,"href":"https:\/\/kkpp.pl\/de\/wp-json\/wp\/v2\/pages\/232\/revisions\/3485"}],"up":[{"embeddable":true,"href":"https:\/\/kkpp.pl\/de\/wp-json\/wp\/v2\/pages\/239"}],"wp:attachment":[{"href":"https:\/\/kkpp.pl\/de\/wp-json\/wp\/v2\/media?parent=232"}],"curies":[{"name":"wp","href":"https:\/\/api.w.org\/{rel}","templated":true}]}}