{"id":236,"date":"2018-03-16T10:49:42","date_gmt":"2018-03-16T09:49:42","guid":{"rendered":"https:\/\/kkpp.pl\/?page_id=236"},"modified":"2024-04-29T12:55:23","modified_gmt":"2024-04-29T10:55:23","slug":"tereny-inwestycyjne","status":"publish","type":"page","link":"https:\/\/kkpp.pl\/de\/fur-investoren\/gewerbeflachen\/","title":{"rendered":"Gewerbefl\u00e4chen"},"content":{"rendered":"<p><\/p>\n<p style=\"font-weight: 400;\">Die Gemeinde K\u0119dzierzyn-Ko\u017ale h\u00e4lt Immobilien, die ihr Eigentum sind und Immobilien, die sich im Erbnie\u00dfbrauch der Gemeinde K\u0119dzierzyn-Ko\u017ale befinden, gem\u00e4\u00df den folgenden Gemarkungen zum Verkauf:<\/p>\n<p style=\"font-weight: 400;\"><strong>S\u0142awi\u0119cice (0091):<br \/>\n<\/strong>&#8211; Flurst\u00fcck Nr. 40\/25 mit einer Fl\u00e4che von 1,1947 ha, Grundbuch Nr. OP1K\/00038396\/8,<br \/>\nBestimmung: Bp \u2013 nicht bebaute oder in Bebauung befindliche st\u00e4dtische Gebiete<br \/>\n&#8211; Flurst\u00fcck Nr. 40\/26 mit einer Fl\u00e4che von 1,6742 ha, Grundbuch Nr. OP1K\/00038396\/8,<br \/>\nBestimmung: Bp \u2013 nicht bebaute oder in Bebauung befindliche st\u00e4dtische Gebiete<br \/>\n&#8211; Flurst\u00fcck Nr. 40\/27 mit einer Fl\u00e4che von 1,6723 ha, Grundbuch Nr. OP1K\/00038396\/8,<br \/>\nBestimmung: Bp \u2013 nicht bebaute oder in Bebauung befindliche st\u00e4dtische Gebiete<\/p>\n<p style=\"font-weight: 400;\"><strong>Blachownia (0063):<br \/>\n<\/strong>&#8211; Flurst\u00fcck Nr. 602\/934 mit einer Fl\u00e4che von 4,1768 ha, Grundbuch Nr. OP1K\/00053859\/3,<br \/>\nBestimmung: BA \u2013 Industriefl\u00e4chen<br \/>\n&#8211; Flurst\u00fcck Nr. 602\/369 mit einer Fl\u00e4che von 0,3317 ha, Grundbuch Nr. OP1K\/00054065\/7,<br \/>\nBestimmung: BA \u2013 Industriefl\u00e4chen<\/p>\n<p style=\"font-weight: 400;\"><strong>K\u0119dzierzyn (0044):<br \/>\n<\/strong>&#8211; Flurst\u00fcck Nr. 3417\/63 mit einer Fl\u00e4che von 1,2256 ha, Grundbuch Nr. OP1K\/00038310\/2,<br \/>\nBestimmung: Bp \u2013 nicht bebaute oder in Bebauung befindliche st\u00e4dtische Gebiete<br \/>\n&#8211; Flurst\u00fcck Nr. 3417\/31 mit einer Fl\u00e4che von 0,8776 ha, Grundbuch Nr. OP1K\/00038310\/2,<br \/>\nBestimmung: Bp \u2013 nicht bebaute oder in Bebauung befindliche st\u00e4dtische Gebiete<br \/>\n&#8211; Flurst\u00fcck Nr. 3417\/21 mit einer Fl\u00e4che von 0,0059 ha, Grundbuch Nr. OP1K\/00038310\/2,<br \/>\nBestimmung: Bp \u2013 nicht bebaute oder in Bebauung befindliche st\u00e4dtische Gebiete<br \/>\n&#8211; Flurst\u00fcck Nr. 3417\/30 mit einer Fl\u00e4che von 0,1541 ha, Grundbuch Nr. OP1K\/00038310\/2,<br \/>\nBestimmung: Bp \u2013 nicht bebaute oder in Bebauung befindliche st\u00e4dtische Gebiete<br \/>\n&#8211; Flurst\u00fcck Nr. 3420\/49 mit einer Fl\u00e4che von 0,0502 ha, Grundbuch Nr. OP1K\/00038310\/2,<br \/>\nBestimmung: Bp \u2013 nicht bebaute oder in Bebauung befindliche st\u00e4dtische Gebiete<br \/>\n&#8211; Flurst\u00fcck Nr. 3417\/245 mit einer Fl\u00e4che von 0,0882 ha, Grundbuch Nr. OP1K\/00070099\/2,<br \/>\nBestimmung: Bp \u2013 nicht bebaute oder in Bebauung befindliche st\u00e4dtische Gebiete<br \/>\n&#8211; Flurst\u00fcck Nr. 2265\/8 mit einer Fl\u00e4che von 0,0281 ha, Grundbuch Nr. OP1K\/00035575\/6,<br \/>\nBestimmung: Ls V \u2013 W\u00e4lder der Klasse V<br \/>\n&#8211; Flurst\u00fcck Nr. 2265\/9 mit einer Fl\u00e4che von 0,1981 ha, Grundbuch Nr. OP1K\/00035575\/6,<br \/>\nBestimmung: Bp \u2013 nicht bebaute oder in Bebauung befindliche st\u00e4dtische Gebiete<br \/>\n(\u00fcber 0,0333 ha); Ls V \u2013 W\u00e4lder der Klasse V (\u00fcber 0,1648 ha)<br \/>\n&#8211; Flurst\u00fcck Nr. 2265\/10 mit einer Fl\u00e4che von 0,1921 ha, Grundbuch Nr. OP1K\/00035575\/6,<br \/>\nBestimmung: Ls V \u2013 W\u00e4lder der Klasse V<br \/>\n&#8211; Flurst\u00fcck Nr. 2265\/11 mit einer Fl\u00e4che von 0,0290 ha, Grundbuch Nr. OP1K\/00035575\/6,<br \/>\nBestimmung: Ls V \u2013 W\u00e4lder der Klasse V<br \/>\n&#8211; Flurst\u00fcck Nr. 2265\/14 mit einer Fl\u00e4che von 0,2275 ha, Grundbuch Nr. OP1K\/00035575\/6,<br \/>\nBestimmung: Ps VI \u2013 Dauerweiden der Klasse VI (\u00fcber 0,1592 ha); Ls V \u2013 W\u00e4lder der Klasse V (\u00fcber 0,0683 ha)<br \/>\n&#8211; Flurst\u00fcck Nr. 2265\/16 mit einer Fl\u00e4che von 0,2275 ha, Grundbuch Nr. OP1K\/00035575\/6,<br \/>\nBestimmung: R VI \u2013 Ackerfl\u00e4chen der Klasse VI (\u00fcber 0,1049 ha); Ls V \u2013 W\u00e4lder der Klasse V (\u00fcber 0,1226 ha)<\/p>\n<p style=\"font-weight: 400;\"><strong>Ko\u017ale (0014):<br \/>\n<\/strong>&#8211; Flurst\u00fcck Nr. 1304\/9 mit einer Fl\u00e4che von 1,7404 ha, Grundbuch Nr. OP1K\/00073740\/2,<br \/>\nBestimmung: BA \u2013 Industriefl\u00e4chen<br \/>\n&#8211; Flurst\u00fcck Nr. 1306\/9 mit einer Fl\u00e4che von 0,2486 ha, Grundbuch Nr. OP1K\/00073740\/2,<br \/>\nBestimmung: DR \u2013 Stra\u00dfen<br \/>\n&#8211; Flurst\u00fcck Nr. 1661\/1 mit einer Fl\u00e4che von 0,7721 ha, Grundbuch Nr. OP1K\/00037825\/8,<br \/>\nBestimmung: R \u2013 Ackerfl\u00e4chen<br \/>\n&#8211; Flurst\u00fcck Nr. 1306\/7 mit einer Fl\u00e4che von 2,3675 ha, Grundbuch Nr. OP1K\/00031331\/6,<br \/>\nBestimmung: BA \u2013 Industriefl\u00e4chen<\/p>\n<p style=\"font-weight: 400;\"><strong>K\u0142odnica (0046):<br \/>\n<\/strong>&#8211; Flurst\u00fcck Nr. 1045 mit einer Fl\u00e4che von 2,3753 ha, Grundbuch Nr. OP1K\/00035878\/0,<br \/>\nBestimmung: BA \u2013 Industriefl\u00e4chen<br \/>\n&#8211; Flurst\u00fcck Nr. 2714\/9 mit einer Fl\u00e4che von 0,8037 ha, Grundbuch Nr. OP1K\/00038002\/0,<br \/>\nBestimmung: R &#8211; IIIa \u2013 Ackerfl\u00e4chen \u2013 0,3479 ha; S \u2013 RIIIa \u2013 Obstg\u00e4rten \u2013 0,4558 ha<br \/>\n&#8211; Flurst\u00fcck Nr. 2665\/3 mit einer Fl\u00e4che von 1,2547 ha, Grundbuch Nr. OP1K\/00034929\/6,<br \/>\nBestimmung: Bp \u2013 nicht bebaute oder in Bebauung befindliche st\u00e4dtische Gebiete<br \/>\n&#8211; Flurst\u00fcck Nr. 1049\/16 mit einer Fl\u00e4che von 0,1917 ha, Grundbuch Nr. OP1K\/00055225\/4,<br \/>\nBestimmung: BA \u2013 Industriefl\u00e4chen<br \/>\n&#8211; Flurst\u00fcck Nr. 1049\/17 mit einer Fl\u00e4che von 0,0201 ha, Grundbuch Nr. OP1K\/00055225\/4,<br \/>\nBestimmung: BA \u2013 Industriefl\u00e4chen<br \/>\n&#8211; Flurst\u00fcck Nr. 1049\/18 mit einer Fl\u00e4che von 0,0281 ha, Grundbuch Nr. OP1K\/00055225\/4,<br \/>\nBestimmung: Bp \u2013 nicht bebaute oder in Bebauung befindliche st\u00e4dtische Gebiete<br \/>\n&#8211; Flurst\u00fcck Nr. 1049\/19 mit einer Fl\u00e4che von 0,0030 ha, Grundbuch Nr. OP1K\/00055225\/4,<br \/>\nBestimmung: Bp \u2013 nicht bebaute oder in Bebauung befindliche st\u00e4dtische Gebiete<br \/>\n&#8211; Flurst\u00fcck Nr. 1049\/26 mit einer Fl\u00e4che von 0,0230 ha, Grundbuch Nr. OP1K\/00047001\/9,<br \/>\nBestimmung: DR \u2013 Stra\u00dfen<br \/>\n&#8211; Flurst\u00fcck Nr. 1049\/3 mit einer Fl\u00e4che von 0,3348 ha, Grundbuch Nr. OP1K\/00047002\/6,<br \/>\nBestimmung: BA \u2013 Industriefl\u00e4chen<br \/>\n&#8211; Flurst\u00fcck Nr. 1049\/27 mit einer Fl\u00e4che von 0,1007 ha, Grundbuch Nr. OP1K\/00047002\/6,<br \/>\nBestimmung: Bp \u2013 nicht bebaute oder in Bebauung befindliche st\u00e4dtische Gebiete<br \/>\n&#8211; Flurst\u00fcck Nr. 1049\/28 mit einer Fl\u00e4che von 0,0063 ha, Grundbuch Nr. OP1K\/00047002\/6,<br \/>\nBestimmung: Bp \u2013 nicht bebaute oder in Bebauung befindliche st\u00e4dtische Gebiete<br \/>\n&#8211; Flurst\u00fcck Nr. 1049\/29 mit einer Fl\u00e4che von 0,0325 ha, Grundbuch Nr. OP1K\/00047002\/6<br \/>\nBestimmung: Bp \u2013 nicht bebaute oder in Bebauung befindliche st\u00e4dtische Gebiete<\/p>\n<p><strong>Kontakt:<\/strong><br \/>\nInvest Service Centers der Industriepark K\u0119dzierzyn-Ko\u017ale Sp. z&nbsp;o.o<br \/>\n47-220 K\u0119dzierzyn-Ko\u017ale<br \/>\nul. Wojska Polskiego 16F<br \/>\nt: +48 77 488 62 15<br \/>\ne: <a  href=\"javascript:smae_decode('Yml1cm9Aa2twcC5wbA==');\" >&#098;&#105;&#117;&#114;&#111;&#064;&#107;&#107;&#112;&#112;&#046;&#112;&#108;<\/a><\/p>","protected":false},"excerpt":{"rendered":"Die Gemeinde K\u0119dzierzyn-Ko\u017ale h\u00e4lt Immobilien, die ihr Eigentum sind und Immobilien, die sich im Erbnie\u00dfbrauch der Gemeinde K\u0119dzierzyn-Ko\u017ale befinden, gem\u00e4\u00df den folgenden Gemarkungen zum Verkauf: S\u0142awi\u0119cice (0091): &#8211; Flurst\u00fcck Nr. 40\/25 mit einer Fl\u00e4che von 1,1947 ha, Grundbuch Nr. OP1K\/00038396\/8, Bestimmung: Bp \u2013 nicht bebaute oder in Bebauung befindliche st\u00e4dtische Gebiete &#8211; Flurst\u00fcck Nr. 40\/26&#8230; <a class=\"view-article\" href=\"https:\/\/kkpp.pl\/de\/fur-investoren\/gewerbeflachen\/\"><br><p style=\"text-align:right\"><i>wi\u0119cej ><\/i><\/p><\/a>","protected":false},"author":2,"featured_media":0,"parent":9,"menu_order":1,"comment_status":"closed","ping_status":"closed","template":"","meta":{"inline_featured_image":false},"acf":[],"yoast_head":"<!-- This site is optimized with the Yoast SEO plugin v18.1 - https:\/\/yoast.com\/wordpress\/plugins\/seo\/ -->\n<meta name=\"robots\" content=\"index, follow, max-snippet:-1, max-image-preview:large, max-video-preview:-1\" \/>\n<link rel=\"canonical\" href=\"https:\/\/kkpp.pl\/de\/centrum-obslugi-inwestora\/tereny-inwestycyjne\/\" \/>\n<meta property=\"og:locale\" content=\"de_DE\" \/>\n<meta property=\"og:type\" content=\"article\" \/>\n<meta property=\"og:title\" content=\"Gewerbefl\u00e4chen - KKPP K\u0119dzierzy\u0144sko-Kozielski Park Przemys\u0142owy Sp. z o.o.\" \/>\n<meta property=\"og:description\" content=\"Die Gemeinde K\u0119dzierzyn-Ko\u017ale h\u00e4lt Immobilien, die ihr Eigentum sind und Immobilien, die sich im Erbnie\u00dfbrauch der Gemeinde K\u0119dzierzyn-Ko\u017ale befinden, gem\u00e4\u00df den folgenden Gemarkungen zum Verkauf: S\u0142awi\u0119cice (0091): &#8211; Flurst\u00fcck Nr. 40\/25 mit einer Fl\u00e4che von 1,1947 ha, Grundbuch Nr. OP1K\/00038396\/8, Bestimmung: Bp \u2013 nicht bebaute oder in Bebauung befindliche st\u00e4dtische Gebiete &#8211; Flurst\u00fcck Nr. 40\/26... wi\u0119cej &gt;\" \/>\n<meta property=\"og:url\" content=\"https:\/\/kkpp.pl\/de\/centrum-obslugi-inwestora\/tereny-inwestycyjne\/\" \/>\n<meta property=\"og:site_name\" content=\"KKPP K\u0119dzierzy\u0144sko-Kozielski Park Przemys\u0142owy Sp. z o.o.\" \/>\n<meta property=\"article:modified_time\" content=\"2024-04-29T10:55:23+00:00\" \/>\n<meta property=\"og:image\" content=\"https:\/\/kkpp.pl\/wp-content\/uploads\/2020\/09\/baner.jpg\" \/>\n<meta name=\"twitter:card\" content=\"summary_large_image\" \/>\n<meta name=\"twitter:label1\" content=\"Gesch\u00e4tzte Lesezeit\" \/>\n\t<meta name=\"twitter:data1\" content=\"12\u00a0Minuten\" \/>\n<script type=\"application\/ld+json\" class=\"yoast-schema-graph\">{\"@context\":\"https:\/\/schema.org\",\"@graph\":[{\"@type\":\"WebSite\",\"@id\":\"https:\/\/kkpp.pl\/de\/#website\",\"url\":\"https:\/\/kkpp.pl\/de\/\",\"name\":\"KKPP K\u0119dzierzy\u0144sko-Kozielski Park Przemys\u0142owy Sp. z o.o.\",\"description\":\"Centrum Obs\u0142ugi Inwestora K\u0119dzierzyn-Ko\u017ale oferuje tereny inwestycyjne, wsparcie doradcze, szkoleniowe; wynajem powierzchni biurowych, produkcyjnych, us\u0142ugowych.\",\"potentialAction\":[{\"@type\":\"SearchAction\",\"target\":{\"@type\":\"EntryPoint\",\"urlTemplate\":\"https:\/\/kkpp.pl\/de\/?s={search_term_string}\"},\"query-input\":\"required name=search_term_string\"}],\"inLanguage\":\"de\"},{\"@type\":\"ImageObject\",\"@id\":\"https:\/\/kkpp.pl\/de\/centrum-obslugi-inwestora\/tereny-inwestycyjne\/#primaryimage\",\"inLanguage\":\"de\",\"url\":\"https:\/\/kkpp.pl\/wp-content\/uploads\/2020\/09\/baner.jpg\",\"contentUrl\":\"https:\/\/kkpp.pl\/wp-content\/uploads\/2020\/09\/baner.jpg\",\"width\":1890,\"height\":611},{\"@type\":\"WebPage\",\"@id\":\"https:\/\/kkpp.pl\/de\/centrum-obslugi-inwestora\/tereny-inwestycyjne\/#webpage\",\"url\":\"https:\/\/kkpp.pl\/de\/centrum-obslugi-inwestora\/tereny-inwestycyjne\/\",\"name\":\"Gewerbefl\u00e4chen - KKPP K\u0119dzierzy\u0144sko-Kozielski Park Przemys\u0142owy Sp. z o.o.\",\"isPartOf\":{\"@id\":\"https:\/\/kkpp.pl\/de\/#website\"},\"primaryImageOfPage\":{\"@id\":\"https:\/\/kkpp.pl\/de\/centrum-obslugi-inwestora\/tereny-inwestycyjne\/#primaryimage\"},\"datePublished\":\"2018-03-16T09:49:42+00:00\",\"dateModified\":\"2024-04-29T10:55:23+00:00\",\"breadcrumb\":{\"@id\":\"https:\/\/kkpp.pl\/de\/centrum-obslugi-inwestora\/tereny-inwestycyjne\/#breadcrumb\"},\"inLanguage\":\"de\",\"potentialAction\":[{\"@type\":\"ReadAction\",\"target\":[[\"https:\/\/kkpp.pl\/centrum-obslugi-inwestora\/tereny-inwestycyjne\/\"]]}]},{\"@type\":\"BreadcrumbList\",\"@id\":\"https:\/\/kkpp.pl\/de\/centrum-obslugi-inwestora\/tereny-inwestycyjne\/#breadcrumb\",\"itemListElement\":[{\"@type\":\"ListItem\",\"position\":1,\"name\":\"Centrum Obs\u0142ugi Inwestora\",\"item\":\"https:\/\/kkpp.pl\/centrum-obslugi-inwestora\/\"},{\"@type\":\"ListItem\",\"position\":2,\"name\":\"Tereny inwestycyjne\"}]}]}<\/script>\n<!-- \/ Yoast SEO plugin. -->","yoast_head_json":{"robots":{"index":"index","follow":"follow","max-snippet":"max-snippet:-1","max-image-preview":"max-image-preview:large","max-video-preview":"max-video-preview:-1"},"canonical":"https:\/\/kkpp.pl\/de\/centrum-obslugi-inwestora\/tereny-inwestycyjne\/","og_locale":"de_DE","og_type":"article","og_title":"Gewerbefl\u00e4chen - KKPP K\u0119dzierzy\u0144sko-Kozielski Park Przemys\u0142owy Sp. z o.o.","og_description":"Die Gemeinde K\u0119dzierzyn-Ko\u017ale h\u00e4lt Immobilien, die ihr Eigentum sind und Immobilien, die sich im Erbnie\u00dfbrauch der Gemeinde K\u0119dzierzyn-Ko\u017ale befinden, gem\u00e4\u00df den folgenden Gemarkungen zum Verkauf: S\u0142awi\u0119cice (0091): &#8211; Flurst\u00fcck Nr. 40\/25 mit einer Fl\u00e4che von 1,1947 ha, Grundbuch Nr. OP1K\/00038396\/8, Bestimmung: Bp \u2013 nicht bebaute oder in Bebauung befindliche st\u00e4dtische Gebiete &#8211; Flurst\u00fcck Nr. 40\/26... wi\u0119cej >","og_url":"https:\/\/kkpp.pl\/de\/centrum-obslugi-inwestora\/tereny-inwestycyjne\/","og_site_name":"KKPP K\u0119dzierzy\u0144sko-Kozielski Park Przemys\u0142owy Sp. z o.o.","article_modified_time":"2024-04-29T10:55:23+00:00","og_image":[{"url":"https:\/\/kkpp.pl\/wp-content\/uploads\/2020\/09\/baner.jpg"}],"twitter_card":"summary_large_image","twitter_misc":{"Gesch\u00e4tzte Lesezeit":"12\u00a0Minuten"},"schema":{"@context":"https:\/\/schema.org","@graph":[{"@type":"WebSite","@id":"https:\/\/kkpp.pl\/de\/#website","url":"https:\/\/kkpp.pl\/de\/","name":"KKPP K\u0119dzierzy\u0144sko-Kozielski Park Przemys\u0142owy Sp. z o.o.","description":"Centrum Obs\u0142ugi Inwestora K\u0119dzierzyn-Ko\u017ale oferuje tereny inwestycyjne, wsparcie doradcze, szkoleniowe; wynajem powierzchni biurowych, produkcyjnych, us\u0142ugowych.","potentialAction":[{"@type":"SearchAction","target":{"@type":"EntryPoint","urlTemplate":"https:\/\/kkpp.pl\/de\/?s={search_term_string}"},"query-input":"required name=search_term_string"}],"inLanguage":"de"},{"@type":"ImageObject","@id":"https:\/\/kkpp.pl\/de\/centrum-obslugi-inwestora\/tereny-inwestycyjne\/#primaryimage","inLanguage":"de","url":"https:\/\/kkpp.pl\/wp-content\/uploads\/2020\/09\/baner.jpg","contentUrl":"https:\/\/kkpp.pl\/wp-content\/uploads\/2020\/09\/baner.jpg","width":1890,"height":611},{"@type":"WebPage","@id":"https:\/\/kkpp.pl\/de\/centrum-obslugi-inwestora\/tereny-inwestycyjne\/#webpage","url":"https:\/\/kkpp.pl\/de\/centrum-obslugi-inwestora\/tereny-inwestycyjne\/","name":"Gewerbefl\u00e4chen - KKPP K\u0119dzierzy\u0144sko-Kozielski Park Przemys\u0142owy Sp. z o.o.","isPartOf":{"@id":"https:\/\/kkpp.pl\/de\/#website"},"primaryImageOfPage":{"@id":"https:\/\/kkpp.pl\/de\/centrum-obslugi-inwestora\/tereny-inwestycyjne\/#primaryimage"},"datePublished":"2018-03-16T09:49:42+00:00","dateModified":"2024-04-29T10:55:23+00:00","breadcrumb":{"@id":"https:\/\/kkpp.pl\/de\/centrum-obslugi-inwestora\/tereny-inwestycyjne\/#breadcrumb"},"inLanguage":"de","potentialAction":[{"@type":"ReadAction","target":[["https:\/\/kkpp.pl\/centrum-obslugi-inwestora\/tereny-inwestycyjne\/"]]}]},{"@type":"BreadcrumbList","@id":"https:\/\/kkpp.pl\/de\/centrum-obslugi-inwestora\/tereny-inwestycyjne\/#breadcrumb","itemListElement":[{"@type":"ListItem","position":1,"name":"Centrum Obs\u0142ugi Inwestora","item":"https:\/\/kkpp.pl\/centrum-obslugi-inwestora\/"},{"@type":"ListItem","position":2,"name":"Tereny inwestycyjne"}]}]}},"_links":{"self":[{"href":"https:\/\/kkpp.pl\/de\/wp-json\/wp\/v2\/pages\/236"}],"collection":[{"href":"https:\/\/kkpp.pl\/de\/wp-json\/wp\/v2\/pages"}],"about":[{"href":"https:\/\/kkpp.pl\/de\/wp-json\/wp\/v2\/types\/page"}],"author":[{"embeddable":true,"href":"https:\/\/kkpp.pl\/de\/wp-json\/wp\/v2\/users\/2"}],"replies":[{"embeddable":true,"href":"https:\/\/kkpp.pl\/de\/wp-json\/wp\/v2\/comments?post=236"}],"version-history":[{"count":57,"href":"https:\/\/kkpp.pl\/de\/wp-json\/wp\/v2\/pages\/236\/revisions"}],"predecessor-version":[{"id":3445,"href":"https:\/\/kkpp.pl\/de\/wp-json\/wp\/v2\/pages\/236\/revisions\/3445"}],"up":[{"embeddable":true,"href":"https:\/\/kkpp.pl\/de\/wp-json\/wp\/v2\/pages\/9"}],"wp:attachment":[{"href":"https:\/\/kkpp.pl\/de\/wp-json\/wp\/v2\/media?parent=236"}],"curies":[{"name":"wp","href":"https:\/\/api.w.org\/{rel}","templated":true}]}}