{"id":24,"date":"2018-03-01T10:44:51","date_gmt":"2018-03-01T09:44:51","guid":{"rendered":"https:\/\/kkpp.pl\/?page_id=24"},"modified":"2024-08-06T21:14:13","modified_gmt":"2024-08-06T19:14:13","slug":"kkpp","status":"publish","type":"page","link":"https:\/\/kkpp.pl\/de\/kkpp-und-region\/ipk\/","title":{"rendered":"IPK"},"content":{"rendered":"<p>Industriepark K\u0119dzierzyn-Ko\u017ale<br \/>\nDie Tr\u00e4gergesellschaft des Industrieparks K\u0119dzierzyn-Ko\u017ale Sp. z&nbsp;o.o. [GmbH] (IPKK) wurde am 9. Dezember 2003 gegr\u00fcndet; Gesellschafter sind die Gemeinde K\u0119dzierzyn-Ko\u017ale, die Grupa Azoty Stickstoffwerke K\u0119dzierzyn S.A. [AG], das Institut f\u00fcr organische Synthese schwerer Elemente \u201eBlachownia\u201c (ICSO), die Blachownia Holding S.A. sowie die ICSO Chemical Production Sp. z&nbsp;o.o.<br \/>\nMehrheitsgesellschafter ist die Gemeinde K\u0119dzierzyn-Ko\u017ale.<br \/>\nZiel der Gesch\u00e4ftst\u00e4tigkeit des Industrieparks sowie des gegr\u00fcndeten Invest.ServiceCenters (ISC) ist es, Impulse f\u00fcr die lokale und regionale Entwicklung zu setzen, indem Unternehmen zielgerichtet unterst\u00fctzt werden. Dies betrifft vor allem die Schaffung neuer Arbeitspl\u00e4tze wie ebenso die St\u00e4rkung ihrer Wettbewerbsf\u00e4higkeit sowie der sozio-\u00f6konomischen Potenziale der Gemeinden und der Region im Allgemeinen.<\/p>\n<p>Der IPKK verbindet Unternehmen und schafft neue Arbeitspl\u00e4tze. Unter Ber\u00fccksichtigung umfangreicher und gut erschlossener Gewerbefl\u00e4chen sowie der lokalen Infrastruktur begleitet und unterst\u00fctzt er mit seinem umfassenden Serviceangebot Unternehmensansiedlungen von Anfang an: \u00fcber die Erstellung von Angeboten und Hilfestellungen bei allen Verwaltungsangelegenheiten bis hin zu umfassender Beratung und aktiver Unterst\u00fctzung bei der Suche nach geeigneten Gesch\u00e4ftspartnern.<br \/>\nIn Zusammenarbeit mit der Gemeinde K\u0119dzierzyn-Ko\u017ale bietet der Industriepark, gest\u00fctzt auf die gut ausgebaute Infrastruktur, eine hervorragende Ausgangsbasis f\u00fcr die Umsetzung von Investitionsvorhaben, sowohl im Bereich technische Verfahren, als auch bei Herstellung und Vertrieb von Produkten. Er ist ein gut geeigneter Ort f\u00fcr unterschiedlichste Unternehmenst\u00e4tigkeiten: von der Industrie \u00fcber Logistik und Dienstleistungen bis hin zum Handel; und all dies zu g\u00fcnstigen steuerlichen Standortbedingungen, sowohl f\u00fcr inl\u00e4ndische, als auch f\u00fcr ausl\u00e4ndische Investoren.<br \/>\nDer IPKK wurde mehrfach im Rahmen des Wettbewerbs \u201eUnternehmen Fairplay\u201c ausgezeichnet, in dem Firmen vor allem aufgrund ihrer besonderen Unternehmensethik, Ehrlichkeit und Redlichkeit geehrt werden.<\/p>\n<p>Zusammenarbeit mit Organisationen und Institutionen im Rahmen der Wirtschaftsf\u00f6rderung<br \/>\nDer IPKK arbeitet aktiv mit den unterschiedlichsten Organisationen und Institutionen zusammen, sowohl auf kommunaler, wie auch auf regionaler und nationaler Ebene. So kann der Industriepark allen k\u00fcnftigen Investoren ein komplettes Unterst\u00fctzungsangebot f\u00fcr ihre Unternehmensansiedlung unterbreiten.<br \/>\nDie im Rahmen der Wirtschaftsf\u00f6rderung t\u00e4tigen Organisationen und Institutionen vermitteln zwischen den erforderlichen Verwaltungsvorg\u00e4ngen sowie den Marktmechanismen. Kompetent unterst\u00fctzen sie mit ihrem hochqualifizierten Personal eine fach- und sachgerechte sowie stets professionelle Umsetzung von Investitionsvorhaben.<\/p>\n<p><strong>Zu diesen Organisationen und Institutionen der Wirtschaftsf\u00f6rderungen z\u00e4hlen im Einzelnen:<\/strong><\/p>\n<ul>\n<li>Institut f\u00fcr organische Synthese schwerer Elemente \u201eBlachownia\u201c (ICSO);<\/li>\n<li>Zentrum f\u00fcr Wirtschaftsf\u00f6rderung der Wojewodschaft Opole (OCRG);<\/li>\n<li>Sonderwirtschaftszone Katowice (KSSE);<\/li>\n<li>Polnische Agentur f\u00fcr Investitionen und Handel S.A. (PAIH).<\/li>\n<\/ul>\n<p><\/p>","protected":false},"excerpt":{"rendered":"Industriepark K\u0119dzierzyn-Ko\u017ale Die Tr\u00e4gergesellschaft des Industrieparks K\u0119dzierzyn-Ko\u017ale Sp. z&nbsp;o.o. [GmbH] (IPKK) wurde am 9. Dezember 2003 gegr\u00fcndet; Gesellschafter sind die Gemeinde K\u0119dzierzyn-Ko\u017ale, die Grupa Azoty Stickstoffwerke K\u0119dzierzyn S.A. [AG], das Institut f\u00fcr organische Synthese schwerer Elemente \u201eBlachownia\u201c (ICSO), die Blachownia Holding S.A. sowie die ICSO Chemical Production Sp. z&nbsp;o.o. Mehrheitsgesellschafter ist die Gemeinde K\u0119dzierzyn-Ko\u017ale. Ziel&#8230; <a class=\"view-article\" href=\"https:\/\/kkpp.pl\/de\/kkpp-und-region\/ipk\/\"><br><p style=\"text-align:right\"><i>wi\u0119cej ><\/i><\/p><\/a>","protected":false},"author":1,"featured_media":0,"parent":5,"menu_order":0,"comment_status":"closed","ping_status":"closed","template":"","meta":{"inline_featured_image":false},"acf":[],"yoast_head":"<!-- This site is optimized with the Yoast SEO plugin v18.1 - https:\/\/yoast.com\/wordpress\/plugins\/seo\/ -->\n<meta name=\"robots\" content=\"index, follow, max-snippet:-1, max-image-preview:large, max-video-preview:-1\" \/>\n<link rel=\"canonical\" href=\"https:\/\/kkpp.pl\/de\/kkpp-i-region\/kkpp\/\" \/>\n<meta property=\"og:locale\" content=\"de_DE\" \/>\n<meta property=\"og:type\" content=\"article\" \/>\n<meta property=\"og:title\" content=\"IPK - KKPP K\u0119dzierzy\u0144sko-Kozielski Park Przemys\u0142owy Sp. z o.o.\" \/>\n<meta property=\"og:description\" content=\"Industriepark K\u0119dzierzyn-Ko\u017ale Die Tr\u00e4gergesellschaft des Industrieparks K\u0119dzierzyn-Ko\u017ale Sp. z&nbsp;o.o. [GmbH] (IPKK) wurde am 9. Dezember 2003 gegr\u00fcndet; Gesellschafter sind die Gemeinde K\u0119dzierzyn-Ko\u017ale, die Grupa Azoty Stickstoffwerke K\u0119dzierzyn S.A. [AG], das Institut f\u00fcr organische Synthese schwerer Elemente \u201eBlachownia\u201c (ICSO), die Blachownia Holding S.A. sowie die ICSO Chemical Production Sp. z&nbsp;o.o. Mehrheitsgesellschafter ist die Gemeinde K\u0119dzierzyn-Ko\u017ale. Ziel... wi\u0119cej &gt;\" \/>\n<meta property=\"og:url\" content=\"https:\/\/kkpp.pl\/de\/kkpp-i-region\/kkpp\/\" \/>\n<meta property=\"og:site_name\" content=\"KKPP K\u0119dzierzy\u0144sko-Kozielski Park Przemys\u0142owy Sp. z o.o.\" \/>\n<meta property=\"article:modified_time\" content=\"2024-08-06T19:14:13+00:00\" \/>\n<meta name=\"twitter:card\" content=\"summary_large_image\" \/>\n<meta name=\"twitter:label1\" content=\"Gesch\u00e4tzte Lesezeit\" \/>\n\t<meta name=\"twitter:data1\" content=\"6\u00a0Minuten\" \/>\n<script type=\"application\/ld+json\" class=\"yoast-schema-graph\">{\"@context\":\"https:\/\/schema.org\",\"@graph\":[{\"@type\":\"WebSite\",\"@id\":\"https:\/\/kkpp.pl\/de\/#website\",\"url\":\"https:\/\/kkpp.pl\/de\/\",\"name\":\"KKPP K\u0119dzierzy\u0144sko-Kozielski Park Przemys\u0142owy Sp. z o.o.\",\"description\":\"Centrum Obs\u0142ugi Inwestora K\u0119dzierzyn-Ko\u017ale oferuje tereny inwestycyjne, wsparcie doradcze, szkoleniowe; wynajem powierzchni biurowych, produkcyjnych, us\u0142ugowych.\",\"potentialAction\":[{\"@type\":\"SearchAction\",\"target\":{\"@type\":\"EntryPoint\",\"urlTemplate\":\"https:\/\/kkpp.pl\/de\/?s={search_term_string}\"},\"query-input\":\"required name=search_term_string\"}],\"inLanguage\":\"de\"},{\"@type\":\"WebPage\",\"@id\":\"https:\/\/kkpp.pl\/de\/kkpp-i-region\/kkpp\/#webpage\",\"url\":\"https:\/\/kkpp.pl\/de\/kkpp-i-region\/kkpp\/\",\"name\":\"IPK - KKPP K\u0119dzierzy\u0144sko-Kozielski Park Przemys\u0142owy Sp. z o.o.\",\"isPartOf\":{\"@id\":\"https:\/\/kkpp.pl\/de\/#website\"},\"datePublished\":\"2018-03-01T09:44:51+00:00\",\"dateModified\":\"2024-08-06T19:14:13+00:00\",\"breadcrumb\":{\"@id\":\"https:\/\/kkpp.pl\/de\/kkpp-i-region\/kkpp\/#breadcrumb\"},\"inLanguage\":\"de\",\"potentialAction\":[{\"@type\":\"ReadAction\",\"target\":[[\"https:\/\/kkpp.pl\/kkpp-i-region\/kkpp\/\"]]}]},{\"@type\":\"BreadcrumbList\",\"@id\":\"https:\/\/kkpp.pl\/de\/kkpp-i-region\/kkpp\/#breadcrumb\",\"itemListElement\":[{\"@type\":\"ListItem\",\"position\":1,\"name\":\"KKPP i Region\",\"item\":\"https:\/\/kkpp.pl\/kkpp-i-region\/\"},{\"@type\":\"ListItem\",\"position\":2,\"name\":\"KKPP\"}]}]}<\/script>\n<!-- \/ Yoast SEO plugin. -->","yoast_head_json":{"robots":{"index":"index","follow":"follow","max-snippet":"max-snippet:-1","max-image-preview":"max-image-preview:large","max-video-preview":"max-video-preview:-1"},"canonical":"https:\/\/kkpp.pl\/de\/kkpp-i-region\/kkpp\/","og_locale":"de_DE","og_type":"article","og_title":"IPK - KKPP K\u0119dzierzy\u0144sko-Kozielski Park Przemys\u0142owy Sp. z o.o.","og_description":"Industriepark K\u0119dzierzyn-Ko\u017ale Die Tr\u00e4gergesellschaft des Industrieparks K\u0119dzierzyn-Ko\u017ale Sp. z&nbsp;o.o. [GmbH] (IPKK) wurde am 9. Dezember 2003 gegr\u00fcndet; Gesellschafter sind die Gemeinde K\u0119dzierzyn-Ko\u017ale, die Grupa Azoty Stickstoffwerke K\u0119dzierzyn S.A. [AG], das Institut f\u00fcr organische Synthese schwerer Elemente \u201eBlachownia\u201c (ICSO), die Blachownia Holding S.A. sowie die ICSO Chemical Production Sp. z&nbsp;o.o. Mehrheitsgesellschafter ist die Gemeinde K\u0119dzierzyn-Ko\u017ale. Ziel... wi\u0119cej >","og_url":"https:\/\/kkpp.pl\/de\/kkpp-i-region\/kkpp\/","og_site_name":"KKPP K\u0119dzierzy\u0144sko-Kozielski Park Przemys\u0142owy Sp. z o.o.","article_modified_time":"2024-08-06T19:14:13+00:00","twitter_card":"summary_large_image","twitter_misc":{"Gesch\u00e4tzte Lesezeit":"6\u00a0Minuten"},"schema":{"@context":"https:\/\/schema.org","@graph":[{"@type":"WebSite","@id":"https:\/\/kkpp.pl\/de\/#website","url":"https:\/\/kkpp.pl\/de\/","name":"KKPP K\u0119dzierzy\u0144sko-Kozielski Park Przemys\u0142owy Sp. z o.o.","description":"Centrum Obs\u0142ugi Inwestora K\u0119dzierzyn-Ko\u017ale oferuje tereny inwestycyjne, wsparcie doradcze, szkoleniowe; wynajem powierzchni biurowych, produkcyjnych, us\u0142ugowych.","potentialAction":[{"@type":"SearchAction","target":{"@type":"EntryPoint","urlTemplate":"https:\/\/kkpp.pl\/de\/?s={search_term_string}"},"query-input":"required name=search_term_string"}],"inLanguage":"de"},{"@type":"WebPage","@id":"https:\/\/kkpp.pl\/de\/kkpp-i-region\/kkpp\/#webpage","url":"https:\/\/kkpp.pl\/de\/kkpp-i-region\/kkpp\/","name":"IPK - KKPP K\u0119dzierzy\u0144sko-Kozielski Park Przemys\u0142owy Sp. z o.o.","isPartOf":{"@id":"https:\/\/kkpp.pl\/de\/#website"},"datePublished":"2018-03-01T09:44:51+00:00","dateModified":"2024-08-06T19:14:13+00:00","breadcrumb":{"@id":"https:\/\/kkpp.pl\/de\/kkpp-i-region\/kkpp\/#breadcrumb"},"inLanguage":"de","potentialAction":[{"@type":"ReadAction","target":[["https:\/\/kkpp.pl\/kkpp-i-region\/kkpp\/"]]}]},{"@type":"BreadcrumbList","@id":"https:\/\/kkpp.pl\/de\/kkpp-i-region\/kkpp\/#breadcrumb","itemListElement":[{"@type":"ListItem","position":1,"name":"KKPP i Region","item":"https:\/\/kkpp.pl\/kkpp-i-region\/"},{"@type":"ListItem","position":2,"name":"KKPP"}]}]}},"_links":{"self":[{"href":"https:\/\/kkpp.pl\/de\/wp-json\/wp\/v2\/pages\/24"}],"collection":[{"href":"https:\/\/kkpp.pl\/de\/wp-json\/wp\/v2\/pages"}],"about":[{"href":"https:\/\/kkpp.pl\/de\/wp-json\/wp\/v2\/types\/page"}],"author":[{"embeddable":true,"href":"https:\/\/kkpp.pl\/de\/wp-json\/wp\/v2\/users\/1"}],"replies":[{"embeddable":true,"href":"https:\/\/kkpp.pl\/de\/wp-json\/wp\/v2\/comments?post=24"}],"version-history":[{"count":8,"href":"https:\/\/kkpp.pl\/de\/wp-json\/wp\/v2\/pages\/24\/revisions"}],"predecessor-version":[{"id":3618,"href":"https:\/\/kkpp.pl\/de\/wp-json\/wp\/v2\/pages\/24\/revisions\/3618"}],"up":[{"embeddable":true,"href":"https:\/\/kkpp.pl\/de\/wp-json\/wp\/v2\/pages\/5"}],"wp:attachment":[{"href":"https:\/\/kkpp.pl\/de\/wp-json\/wp\/v2\/media?parent=24"}],"curies":[{"name":"wp","href":"https:\/\/api.w.org\/{rel}","templated":true}]}}