{"id":245,"date":"2018-03-16T12:47:48","date_gmt":"2018-03-16T11:47:48","guid":{"rendered":"https:\/\/kkpp.pl\/?page_id=245"},"modified":"2024-05-09T11:18:40","modified_gmt":"2024-05-09T09:18:40","slug":"ulgi-podatkowe","status":"publish","type":"page","link":"https:\/\/kkpp.pl\/de\/fur-investoren\/steuerermasigungen\/","title":{"rendered":"Steuererm\u00e4\u00dfigungen"},"content":{"rendered":"<p><strong>Steuerverg\u00fcnstigungen f\u00fcr Investoren<\/strong><br \/>\nDie Steuerverg\u00fcnstigungen f\u00fcr Investitionen im Gebiet der Katowicka Specjalna Strefa Ekonomiczna (Sonderwirtschaftszone Katowice &#8211; KSSE) sind an die Regeln angepasst, die in \u00e4hnlichen Einrichtungen in den L\u00e4ndern der Europ\u00e4ischen Union gelten. Die Verg\u00fcnstigungen bei der K\u00f6rperschaftsteuer f\u00fcr Unternehmen, die in der KSSE investieren, k\u00f6nnen nach einer der folgenden Methoden berechnet werden:<br \/>\n<a href=\"https:\/\/kkpp.pl\/centrum-obslugi-inwestora\/ulgi-podatkowe-dla-inwestorow\/slajd-ulgi-deutsch\/\" rel=\"attachment wp-att-3489\"><img loading=\"lazy\" width=\"1280\" height=\"720\" class=\"aligncenter size-full wp-image-3489\" src=\"https:\/\/kkpp.pl\/wp-content\/uploads\/2024\/05\/slajd-ulgi-DEUTSCH.png\" alt=\"\" srcset=\"https:\/\/kkpp.pl\/wp-content\/uploads\/2024\/05\/slajd-ulgi-DEUTSCH.png 1280w, https:\/\/kkpp.pl\/wp-content\/uploads\/2024\/05\/slajd-ulgi-DEUTSCH-250x141.png 250w, https:\/\/kkpp.pl\/wp-content\/uploads\/2024\/05\/slajd-ulgi-DEUTSCH-700x394.png 700w, https:\/\/kkpp.pl\/wp-content\/uploads\/2024\/05\/slajd-ulgi-DEUTSCH-768x432.png 768w, https:\/\/kkpp.pl\/wp-content\/uploads\/2024\/05\/slajd-ulgi-DEUTSCH-120x68.png 120w\" sizes=\"(max-width: 1280px) 100vw, 1280px\" \/><\/a><\/p>\n<p><strong>Was k\u00f6nnen wir als f\u00f6rderf\u00e4hige Kosten anrechnen?<\/strong><br \/>\nAls f\u00f6rderf\u00e4hige Ausgaben gelten die Investitionskosten, abz\u00fcglich der Vorsteuer und der Verbrauchssteuer, wenn sich die M\u00f6glichkeit ihres Abzugs aus gesonderten Vorschriften ergibt, die in der Zone w\u00e4hrend der G\u00fcltigkeit des F\u00f6rderbescheids entstanden sind:<br \/>\n1. die Kosten im Zusammenhang mit dem Erwerb von Grundst\u00fccken oder dem Erbnie\u00dfbrauch derselben<br \/>\n2. der Kaufpreis oder die Kosten f\u00fcr die Herstellung von Sachanlagen auf eigene Rechnung, die am Tag ihrer \u00dcbernahme zur Nutzung vollst\u00e4ndig und gebrauchsf\u00e4hig sind, unter der Voraussetzung, dass sie gem\u00e4\u00df gesonderten Bestimmungen zum Verm\u00f6gen des Steuerpflichtigen geh\u00f6ren und in das Register der Sachanlagen und der immateriellen Verm\u00f6genswerten eingetragen sind;<br \/>\n3. die Kosten f\u00fcr den Ausbau oder die Modernisierung bestehender Sachanlagen;<br \/>\n4. die Kosten f\u00fcr den Erwerb von immateriellen Verm\u00f6genswerten im Zusammenhang mit dem Technologietransfer durch den Erwerb von Patentrechten, Lizenzen, Know-how und nicht patentiertem technischen Wissen, vorbehaltlich der Abs\u00e4tze 2 und 3;<br \/>\n5. die Kosten im Zusammenhang mit der Verpachtung von Grundst\u00fccken, Geb\u00e4uden und Bauten &#8211; vorausgesetzt, die Pachtdauer betr\u00e4gt mindestens 5 Jahre und im Falle von Kleinst-, Klein- und mittleren Unternehmen mindestens 3 Jahre, gerechnet ab dem Zeitpunkt der Fertigstellung der neuen Investition;<br \/>\n6. der Kaufpreis f\u00fcr andere Verm\u00f6genswerte als Grundst\u00fccke, Geb\u00e4ude und Bauten, die Gegenstand des Miet- oder Pachtvertrags sind, wenn die Miete oder Pacht die Form eines Finanzierungsleasings hat und die Verpflichtung enth\u00e4lt, die Verm\u00f6genswerte bei Ablauf der Miet- oder Pachtdauer zu erwerben.<\/p>\n<p>Weitere Informationen\u00a0 <a href=\"https:\/\/kkpp.pl\/de\/fur-investoren\/zusammenarbeit-mit-der-sonderwirtschaftszone-katowice-ksse\/\">&gt;&gt;hier<\/a><\/p>\n<p>&nbsp;<\/p>\n<p>&nbsp;<\/p>","protected":false},"excerpt":{"rendered":"Steuerverg\u00fcnstigungen f\u00fcr Investoren Die Steuerverg\u00fcnstigungen f\u00fcr Investitionen im Gebiet der Katowicka Specjalna Strefa Ekonomiczna (Sonderwirtschaftszone Katowice &#8211; KSSE) sind an die Regeln angepasst, die in \u00e4hnlichen Einrichtungen in den L\u00e4ndern der Europ\u00e4ischen Union gelten. Die Verg\u00fcnstigungen bei der K\u00f6rperschaftsteuer f\u00fcr Unternehmen, die in der KSSE investieren, k\u00f6nnen nach einer der folgenden Methoden berechnet werden: Was&#8230; <a class=\"view-article\" href=\"https:\/\/kkpp.pl\/de\/fur-investoren\/steuerermasigungen\/\"><br><p style=\"text-align:right\"><i>wi\u0119cej ><\/i><\/p><\/a>","protected":false},"author":2,"featured_media":0,"parent":9,"menu_order":2,"comment_status":"closed","ping_status":"closed","template":"","meta":{"inline_featured_image":false},"acf":[],"yoast_head":"<!-- This site is optimized with the Yoast SEO plugin v18.1 - https:\/\/yoast.com\/wordpress\/plugins\/seo\/ -->\n<meta name=\"robots\" content=\"index, follow, max-snippet:-1, max-image-preview:large, max-video-preview:-1\" \/>\n<link rel=\"canonical\" href=\"https:\/\/kkpp.pl\/de\/centrum-obslugi-inwestora\/ulgi-podatkowe-dla-inwestorow\/\" \/>\n<meta property=\"og:locale\" content=\"de_DE\" \/>\n<meta property=\"og:type\" content=\"article\" \/>\n<meta property=\"og:title\" content=\"Steuererm\u00e4\u00dfigungen - KKPP K\u0119dzierzy\u0144sko-Kozielski Park Przemys\u0142owy Sp. z o.o.\" \/>\n<meta property=\"og:description\" content=\"Steuerverg\u00fcnstigungen f\u00fcr Investoren Die Steuerverg\u00fcnstigungen f\u00fcr Investitionen im Gebiet der Katowicka Specjalna Strefa Ekonomiczna (Sonderwirtschaftszone Katowice &#8211; KSSE) sind an die Regeln angepasst, die in \u00e4hnlichen Einrichtungen in den L\u00e4ndern der Europ\u00e4ischen Union gelten. Die Verg\u00fcnstigungen bei der K\u00f6rperschaftsteuer f\u00fcr Unternehmen, die in der KSSE investieren, k\u00f6nnen nach einer der folgenden Methoden berechnet werden: Was... wi\u0119cej &gt;\" \/>\n<meta property=\"og:url\" content=\"https:\/\/kkpp.pl\/de\/centrum-obslugi-inwestora\/ulgi-podatkowe-dla-inwestorow\/\" \/>\n<meta property=\"og:site_name\" content=\"KKPP K\u0119dzierzy\u0144sko-Kozielski Park Przemys\u0142owy Sp. z o.o.\" \/>\n<meta property=\"article:modified_time\" content=\"2024-05-09T09:18:40+00:00\" \/>\n<meta property=\"og:image\" content=\"https:\/\/kkpp.pl\/wp-content\/uploads\/2024\/03\/wysokosc-pomocy-publicznej.png\" \/>\n<meta name=\"twitter:card\" content=\"summary_large_image\" \/>\n<meta name=\"twitter:label1\" content=\"Gesch\u00e4tzte Lesezeit\" \/>\n\t<meta name=\"twitter:data1\" content=\"5\u00a0Minuten\" \/>\n<script type=\"application\/ld+json\" class=\"yoast-schema-graph\">{\"@context\":\"https:\/\/schema.org\",\"@graph\":[{\"@type\":\"WebSite\",\"@id\":\"https:\/\/kkpp.pl\/de\/#website\",\"url\":\"https:\/\/kkpp.pl\/de\/\",\"name\":\"KKPP K\u0119dzierzy\u0144sko-Kozielski Park Przemys\u0142owy Sp. z o.o.\",\"description\":\"Centrum Obs\u0142ugi Inwestora K\u0119dzierzyn-Ko\u017ale oferuje tereny inwestycyjne, wsparcie doradcze, szkoleniowe; wynajem powierzchni biurowych, produkcyjnych, us\u0142ugowych.\",\"potentialAction\":[{\"@type\":\"SearchAction\",\"target\":{\"@type\":\"EntryPoint\",\"urlTemplate\":\"https:\/\/kkpp.pl\/de\/?s={search_term_string}\"},\"query-input\":\"required name=search_term_string\"}],\"inLanguage\":\"de\"},{\"@type\":\"ImageObject\",\"@id\":\"https:\/\/kkpp.pl\/de\/centrum-obslugi-inwestora\/ulgi-podatkowe-dla-inwestorow\/#primaryimage\",\"inLanguage\":\"de\",\"url\":\"https:\/\/kkpp.pl\/wp-content\/uploads\/2024\/03\/wysokosc-pomocy-publicznej.png\",\"contentUrl\":\"https:\/\/kkpp.pl\/wp-content\/uploads\/2024\/03\/wysokosc-pomocy-publicznej.png\",\"width\":1280,\"height\":720},{\"@type\":\"WebPage\",\"@id\":\"https:\/\/kkpp.pl\/de\/centrum-obslugi-inwestora\/ulgi-podatkowe-dla-inwestorow\/#webpage\",\"url\":\"https:\/\/kkpp.pl\/de\/centrum-obslugi-inwestora\/ulgi-podatkowe-dla-inwestorow\/\",\"name\":\"Steuererm\u00e4\u00dfigungen - KKPP K\u0119dzierzy\u0144sko-Kozielski Park Przemys\u0142owy Sp. z o.o.\",\"isPartOf\":{\"@id\":\"https:\/\/kkpp.pl\/de\/#website\"},\"primaryImageOfPage\":{\"@id\":\"https:\/\/kkpp.pl\/de\/centrum-obslugi-inwestora\/ulgi-podatkowe-dla-inwestorow\/#primaryimage\"},\"datePublished\":\"2018-03-16T11:47:48+00:00\",\"dateModified\":\"2024-05-09T09:18:40+00:00\",\"breadcrumb\":{\"@id\":\"https:\/\/kkpp.pl\/de\/centrum-obslugi-inwestora\/ulgi-podatkowe-dla-inwestorow\/#breadcrumb\"},\"inLanguage\":\"de\",\"potentialAction\":[{\"@type\":\"ReadAction\",\"target\":[[\"https:\/\/kkpp.pl\/centrum-obslugi-inwestora\/ulgi-podatkowe-dla-inwestorow\/\"]]}]},{\"@type\":\"BreadcrumbList\",\"@id\":\"https:\/\/kkpp.pl\/de\/centrum-obslugi-inwestora\/ulgi-podatkowe-dla-inwestorow\/#breadcrumb\",\"itemListElement\":[{\"@type\":\"ListItem\",\"position\":1,\"name\":\"Centrum Obs\u0142ugi Inwestora\",\"item\":\"https:\/\/kkpp.pl\/centrum-obslugi-inwestora\/\"},{\"@type\":\"ListItem\",\"position\":2,\"name\":\"Ulgi podatkowe\"}]}]}<\/script>\n<!-- \/ Yoast SEO plugin. -->","yoast_head_json":{"robots":{"index":"index","follow":"follow","max-snippet":"max-snippet:-1","max-image-preview":"max-image-preview:large","max-video-preview":"max-video-preview:-1"},"canonical":"https:\/\/kkpp.pl\/de\/centrum-obslugi-inwestora\/ulgi-podatkowe-dla-inwestorow\/","og_locale":"de_DE","og_type":"article","og_title":"Steuererm\u00e4\u00dfigungen - KKPP K\u0119dzierzy\u0144sko-Kozielski Park Przemys\u0142owy Sp. z o.o.","og_description":"Steuerverg\u00fcnstigungen f\u00fcr Investoren Die Steuerverg\u00fcnstigungen f\u00fcr Investitionen im Gebiet der Katowicka Specjalna Strefa Ekonomiczna (Sonderwirtschaftszone Katowice &#8211; KSSE) sind an die Regeln angepasst, die in \u00e4hnlichen Einrichtungen in den L\u00e4ndern der Europ\u00e4ischen Union gelten. Die Verg\u00fcnstigungen bei der K\u00f6rperschaftsteuer f\u00fcr Unternehmen, die in der KSSE investieren, k\u00f6nnen nach einer der folgenden Methoden berechnet werden: Was... wi\u0119cej >","og_url":"https:\/\/kkpp.pl\/de\/centrum-obslugi-inwestora\/ulgi-podatkowe-dla-inwestorow\/","og_site_name":"KKPP K\u0119dzierzy\u0144sko-Kozielski Park Przemys\u0142owy Sp. z o.o.","article_modified_time":"2024-05-09T09:18:40+00:00","og_image":[{"url":"https:\/\/kkpp.pl\/wp-content\/uploads\/2024\/03\/wysokosc-pomocy-publicznej.png"}],"twitter_card":"summary_large_image","twitter_misc":{"Gesch\u00e4tzte Lesezeit":"5\u00a0Minuten"},"schema":{"@context":"https:\/\/schema.org","@graph":[{"@type":"WebSite","@id":"https:\/\/kkpp.pl\/de\/#website","url":"https:\/\/kkpp.pl\/de\/","name":"KKPP K\u0119dzierzy\u0144sko-Kozielski Park Przemys\u0142owy Sp. z o.o.","description":"Centrum Obs\u0142ugi Inwestora K\u0119dzierzyn-Ko\u017ale oferuje tereny inwestycyjne, wsparcie doradcze, szkoleniowe; wynajem powierzchni biurowych, produkcyjnych, us\u0142ugowych.","potentialAction":[{"@type":"SearchAction","target":{"@type":"EntryPoint","urlTemplate":"https:\/\/kkpp.pl\/de\/?s={search_term_string}"},"query-input":"required name=search_term_string"}],"inLanguage":"de"},{"@type":"ImageObject","@id":"https:\/\/kkpp.pl\/de\/centrum-obslugi-inwestora\/ulgi-podatkowe-dla-inwestorow\/#primaryimage","inLanguage":"de","url":"https:\/\/kkpp.pl\/wp-content\/uploads\/2024\/03\/wysokosc-pomocy-publicznej.png","contentUrl":"https:\/\/kkpp.pl\/wp-content\/uploads\/2024\/03\/wysokosc-pomocy-publicznej.png","width":1280,"height":720},{"@type":"WebPage","@id":"https:\/\/kkpp.pl\/de\/centrum-obslugi-inwestora\/ulgi-podatkowe-dla-inwestorow\/#webpage","url":"https:\/\/kkpp.pl\/de\/centrum-obslugi-inwestora\/ulgi-podatkowe-dla-inwestorow\/","name":"Steuererm\u00e4\u00dfigungen - KKPP K\u0119dzierzy\u0144sko-Kozielski Park Przemys\u0142owy Sp. z o.o.","isPartOf":{"@id":"https:\/\/kkpp.pl\/de\/#website"},"primaryImageOfPage":{"@id":"https:\/\/kkpp.pl\/de\/centrum-obslugi-inwestora\/ulgi-podatkowe-dla-inwestorow\/#primaryimage"},"datePublished":"2018-03-16T11:47:48+00:00","dateModified":"2024-05-09T09:18:40+00:00","breadcrumb":{"@id":"https:\/\/kkpp.pl\/de\/centrum-obslugi-inwestora\/ulgi-podatkowe-dla-inwestorow\/#breadcrumb"},"inLanguage":"de","potentialAction":[{"@type":"ReadAction","target":[["https:\/\/kkpp.pl\/centrum-obslugi-inwestora\/ulgi-podatkowe-dla-inwestorow\/"]]}]},{"@type":"BreadcrumbList","@id":"https:\/\/kkpp.pl\/de\/centrum-obslugi-inwestora\/ulgi-podatkowe-dla-inwestorow\/#breadcrumb","itemListElement":[{"@type":"ListItem","position":1,"name":"Centrum Obs\u0142ugi Inwestora","item":"https:\/\/kkpp.pl\/centrum-obslugi-inwestora\/"},{"@type":"ListItem","position":2,"name":"Ulgi podatkowe"}]}]}},"_links":{"self":[{"href":"https:\/\/kkpp.pl\/de\/wp-json\/wp\/v2\/pages\/245"}],"collection":[{"href":"https:\/\/kkpp.pl\/de\/wp-json\/wp\/v2\/pages"}],"about":[{"href":"https:\/\/kkpp.pl\/de\/wp-json\/wp\/v2\/types\/page"}],"author":[{"embeddable":true,"href":"https:\/\/kkpp.pl\/de\/wp-json\/wp\/v2\/users\/2"}],"replies":[{"embeddable":true,"href":"https:\/\/kkpp.pl\/de\/wp-json\/wp\/v2\/comments?post=245"}],"version-history":[{"count":19,"href":"https:\/\/kkpp.pl\/de\/wp-json\/wp\/v2\/pages\/245\/revisions"}],"predecessor-version":[{"id":3492,"href":"https:\/\/kkpp.pl\/de\/wp-json\/wp\/v2\/pages\/245\/revisions\/3492"}],"up":[{"embeddable":true,"href":"https:\/\/kkpp.pl\/de\/wp-json\/wp\/v2\/pages\/9"}],"wp:attachment":[{"href":"https:\/\/kkpp.pl\/de\/wp-json\/wp\/v2\/media?parent=245"}],"curies":[{"name":"wp","href":"https:\/\/api.w.org\/{rel}","templated":true}]}}