{"id":247,"date":"2018-03-16T12:48:24","date_gmt":"2018-03-16T11:48:24","guid":{"rendered":"https:\/\/kkpp.pl\/?page_id=247"},"modified":"2024-05-09T11:22:54","modified_gmt":"2024-05-09T09:22:54","slug":"wspolpraca-z-ksse","status":"publish","type":"page","link":"https:\/\/kkpp.pl\/de\/fur-investoren\/zusammenarbeit-mit-der-sonderwirtschaftszone-katowice-ksse\/","title":{"rendered":"Zusammenarbeit mit der Sonderwirtschaftszone Katowice (KSSE)"},"content":{"rendered":"<p>Zusammenarbeit mit der KSSE<\/p>\n<p>Die Katowicka SSE S.A. wurde durch die Verordnung des Ministerrates vom 18. Juni 1996 gegr\u00fcndet. Sie wurde gegr\u00fcndet, um Umstrukturierungsprozesse zu f\u00f6rdern und zu beschleunigen und um neue Arbeitspl\u00e4tze in der Region zu schaffen.<\/p>\n<p>Die KSSE besteht aus vier Unterzonen:<\/p>\n<ul>\n<li>Gliwicka (Gliwice),<\/li>\n<li>Jastrz\u0119bsko-\u017borska (Jastrz\u0119bie-Zdr\u00f3j &#8211; \u017bory),<\/li>\n<li>Sosnowiecko-D\u0105browska (Sosnowiec &#8211; D\u0105browa G\u00f3rnicza),<\/li>\n<li>Tyska (Tychy).<\/li>\n<\/ul>\n<p>Die KSSE umfasst die gesamte Woiwodschaft Schlesien und 6 Kreise in der Woiwodschaft Opole: Strzelce Opolskie, K\u0119dzierzyn-Ko\u017ale, G\u0142ubczyce, Krapkowice, Olesno und Prudnik.<\/p>\n<p>Das bedeutet, dass die KSSE f\u00fcr dieses gesamte Gebiet F\u00f6rderbescheide erlassen kann.<\/p>\n<p>Eine Sonderwirtschaftszone ist ein rechtlich eigenst\u00e4ndiges Gebiet mit Vorschriften, die es Unternehmern erm\u00f6glichen, von der K\u00f6rperschaftsteuer befreit zu werden.<\/p>\n<p>Eine Befreiung von der\u00a0 K\u00f6rperschaftsteuer stellt eine staatliche Beihilfe f\u00fcr eine neue Investition dar.<\/p>","protected":false},"excerpt":{"rendered":"Zusammenarbeit mit der KSSE Die Katowicka SSE S.A. wurde durch die Verordnung des Ministerrates vom 18. Juni 1996 gegr\u00fcndet. Sie wurde gegr\u00fcndet, um Umstrukturierungsprozesse zu f\u00f6rdern und zu beschleunigen und um neue Arbeitspl\u00e4tze in der Region zu schaffen. Die KSSE besteht aus vier Unterzonen: Gliwicka (Gliwice), Jastrz\u0119bsko-\u017borska (Jastrz\u0119bie-Zdr\u00f3j &#8211; \u017bory), Sosnowiecko-D\u0105browska (Sosnowiec &#8211; D\u0105browa G\u00f3rnicza),&#8230; <a class=\"view-article\" href=\"https:\/\/kkpp.pl\/de\/fur-investoren\/zusammenarbeit-mit-der-sonderwirtschaftszone-katowice-ksse\/\"><br><p style=\"text-align:right\"><i>wi\u0119cej ><\/i><\/p><\/a>","protected":false},"author":2,"featured_media":0,"parent":9,"menu_order":3,"comment_status":"closed","ping_status":"closed","template":"","meta":{"inline_featured_image":false},"acf":[],"yoast_head":"<!-- This site is optimized with the Yoast SEO plugin v18.1 - https:\/\/yoast.com\/wordpress\/plugins\/seo\/ -->\n<meta name=\"robots\" content=\"index, follow, max-snippet:-1, max-image-preview:large, max-video-preview:-1\" \/>\n<link rel=\"canonical\" href=\"https:\/\/kkpp.pl\/de\/centrum-obslugi-inwestora\/wspolpraca-z-ksse\/\" \/>\n<meta property=\"og:locale\" content=\"de_DE\" \/>\n<meta property=\"og:type\" content=\"article\" \/>\n<meta property=\"og:title\" content=\"Zusammenarbeit mit der Sonderwirtschaftszone Katowice (KSSE) - KKPP K\u0119dzierzy\u0144sko-Kozielski Park Przemys\u0142owy Sp. z o.o.\" \/>\n<meta property=\"og:description\" content=\"Zusammenarbeit mit der KSSE Die Katowicka SSE S.A. wurde durch die Verordnung des Ministerrates vom 18. Juni 1996 gegr\u00fcndet. Sie wurde gegr\u00fcndet, um Umstrukturierungsprozesse zu f\u00f6rdern und zu beschleunigen und um neue Arbeitspl\u00e4tze in der Region zu schaffen. Die KSSE besteht aus vier Unterzonen: Gliwicka (Gliwice), Jastrz\u0119bsko-\u017borska (Jastrz\u0119bie-Zdr\u00f3j &#8211; \u017bory), Sosnowiecko-D\u0105browska (Sosnowiec &#8211; D\u0105browa G\u00f3rnicza),... wi\u0119cej &gt;\" \/>\n<meta property=\"og:url\" content=\"https:\/\/kkpp.pl\/de\/centrum-obslugi-inwestora\/wspolpraca-z-ksse\/\" \/>\n<meta property=\"og:site_name\" content=\"KKPP K\u0119dzierzy\u0144sko-Kozielski Park Przemys\u0142owy Sp. z o.o.\" \/>\n<meta property=\"article:modified_time\" content=\"2024-05-09T09:22:54+00:00\" \/>\n<meta name=\"twitter:card\" content=\"summary_large_image\" \/>\n<meta name=\"twitter:label1\" content=\"Gesch\u00e4tzte Lesezeit\" \/>\n\t<meta name=\"twitter:data1\" content=\"1\u00a0Minute\" \/>\n<script type=\"application\/ld+json\" class=\"yoast-schema-graph\">{\"@context\":\"https:\/\/schema.org\",\"@graph\":[{\"@type\":\"WebSite\",\"@id\":\"https:\/\/kkpp.pl\/de\/#website\",\"url\":\"https:\/\/kkpp.pl\/de\/\",\"name\":\"KKPP K\u0119dzierzy\u0144sko-Kozielski Park Przemys\u0142owy Sp. z o.o.\",\"description\":\"Centrum Obs\u0142ugi Inwestora K\u0119dzierzyn-Ko\u017ale oferuje tereny inwestycyjne, wsparcie doradcze, szkoleniowe; wynajem powierzchni biurowych, produkcyjnych, us\u0142ugowych.\",\"potentialAction\":[{\"@type\":\"SearchAction\",\"target\":{\"@type\":\"EntryPoint\",\"urlTemplate\":\"https:\/\/kkpp.pl\/de\/?s={search_term_string}\"},\"query-input\":\"required name=search_term_string\"}],\"inLanguage\":\"de\"},{\"@type\":\"WebPage\",\"@id\":\"https:\/\/kkpp.pl\/de\/centrum-obslugi-inwestora\/wspolpraca-z-ksse\/#webpage\",\"url\":\"https:\/\/kkpp.pl\/de\/centrum-obslugi-inwestora\/wspolpraca-z-ksse\/\",\"name\":\"Zusammenarbeit mit der Sonderwirtschaftszone Katowice (KSSE) - KKPP K\u0119dzierzy\u0144sko-Kozielski Park Przemys\u0142owy Sp. z o.o.\",\"isPartOf\":{\"@id\":\"https:\/\/kkpp.pl\/de\/#website\"},\"datePublished\":\"2018-03-16T11:48:24+00:00\",\"dateModified\":\"2024-05-09T09:22:54+00:00\",\"breadcrumb\":{\"@id\":\"https:\/\/kkpp.pl\/de\/centrum-obslugi-inwestora\/wspolpraca-z-ksse\/#breadcrumb\"},\"inLanguage\":\"de\",\"potentialAction\":[{\"@type\":\"ReadAction\",\"target\":[[\"https:\/\/kkpp.pl\/centrum-obslugi-inwestora\/wspolpraca-z-ksse\/\"]]}]},{\"@type\":\"BreadcrumbList\",\"@id\":\"https:\/\/kkpp.pl\/de\/centrum-obslugi-inwestora\/wspolpraca-z-ksse\/#breadcrumb\",\"itemListElement\":[{\"@type\":\"ListItem\",\"position\":1,\"name\":\"Centrum Obs\u0142ugi Inwestora\",\"item\":\"https:\/\/kkpp.pl\/centrum-obslugi-inwestora\/\"},{\"@type\":\"ListItem\",\"position\":2,\"name\":\"Wsp\u00f3\u0142praca z KSSE\"}]}]}<\/script>\n<!-- \/ Yoast SEO plugin. -->","yoast_head_json":{"robots":{"index":"index","follow":"follow","max-snippet":"max-snippet:-1","max-image-preview":"max-image-preview:large","max-video-preview":"max-video-preview:-1"},"canonical":"https:\/\/kkpp.pl\/de\/centrum-obslugi-inwestora\/wspolpraca-z-ksse\/","og_locale":"de_DE","og_type":"article","og_title":"Zusammenarbeit mit der Sonderwirtschaftszone Katowice (KSSE) - KKPP K\u0119dzierzy\u0144sko-Kozielski Park Przemys\u0142owy Sp. z o.o.","og_description":"Zusammenarbeit mit der KSSE Die Katowicka SSE S.A. wurde durch die Verordnung des Ministerrates vom 18. Juni 1996 gegr\u00fcndet. Sie wurde gegr\u00fcndet, um Umstrukturierungsprozesse zu f\u00f6rdern und zu beschleunigen und um neue Arbeitspl\u00e4tze in der Region zu schaffen. Die KSSE besteht aus vier Unterzonen: Gliwicka (Gliwice), Jastrz\u0119bsko-\u017borska (Jastrz\u0119bie-Zdr\u00f3j &#8211; \u017bory), Sosnowiecko-D\u0105browska (Sosnowiec &#8211; D\u0105browa G\u00f3rnicza),... wi\u0119cej >","og_url":"https:\/\/kkpp.pl\/de\/centrum-obslugi-inwestora\/wspolpraca-z-ksse\/","og_site_name":"KKPP K\u0119dzierzy\u0144sko-Kozielski Park Przemys\u0142owy Sp. z o.o.","article_modified_time":"2024-05-09T09:22:54+00:00","twitter_card":"summary_large_image","twitter_misc":{"Gesch\u00e4tzte Lesezeit":"1\u00a0Minute"},"schema":{"@context":"https:\/\/schema.org","@graph":[{"@type":"WebSite","@id":"https:\/\/kkpp.pl\/de\/#website","url":"https:\/\/kkpp.pl\/de\/","name":"KKPP K\u0119dzierzy\u0144sko-Kozielski Park Przemys\u0142owy Sp. z o.o.","description":"Centrum Obs\u0142ugi Inwestora K\u0119dzierzyn-Ko\u017ale oferuje tereny inwestycyjne, wsparcie doradcze, szkoleniowe; wynajem powierzchni biurowych, produkcyjnych, us\u0142ugowych.","potentialAction":[{"@type":"SearchAction","target":{"@type":"EntryPoint","urlTemplate":"https:\/\/kkpp.pl\/de\/?s={search_term_string}"},"query-input":"required name=search_term_string"}],"inLanguage":"de"},{"@type":"WebPage","@id":"https:\/\/kkpp.pl\/de\/centrum-obslugi-inwestora\/wspolpraca-z-ksse\/#webpage","url":"https:\/\/kkpp.pl\/de\/centrum-obslugi-inwestora\/wspolpraca-z-ksse\/","name":"Zusammenarbeit mit der Sonderwirtschaftszone Katowice (KSSE) - KKPP K\u0119dzierzy\u0144sko-Kozielski Park Przemys\u0142owy Sp. z o.o.","isPartOf":{"@id":"https:\/\/kkpp.pl\/de\/#website"},"datePublished":"2018-03-16T11:48:24+00:00","dateModified":"2024-05-09T09:22:54+00:00","breadcrumb":{"@id":"https:\/\/kkpp.pl\/de\/centrum-obslugi-inwestora\/wspolpraca-z-ksse\/#breadcrumb"},"inLanguage":"de","potentialAction":[{"@type":"ReadAction","target":[["https:\/\/kkpp.pl\/centrum-obslugi-inwestora\/wspolpraca-z-ksse\/"]]}]},{"@type":"BreadcrumbList","@id":"https:\/\/kkpp.pl\/de\/centrum-obslugi-inwestora\/wspolpraca-z-ksse\/#breadcrumb","itemListElement":[{"@type":"ListItem","position":1,"name":"Centrum Obs\u0142ugi Inwestora","item":"https:\/\/kkpp.pl\/centrum-obslugi-inwestora\/"},{"@type":"ListItem","position":2,"name":"Wsp\u00f3\u0142praca z KSSE"}]}]}},"_links":{"self":[{"href":"https:\/\/kkpp.pl\/de\/wp-json\/wp\/v2\/pages\/247"}],"collection":[{"href":"https:\/\/kkpp.pl\/de\/wp-json\/wp\/v2\/pages"}],"about":[{"href":"https:\/\/kkpp.pl\/de\/wp-json\/wp\/v2\/types\/page"}],"author":[{"embeddable":true,"href":"https:\/\/kkpp.pl\/de\/wp-json\/wp\/v2\/users\/2"}],"replies":[{"embeddable":true,"href":"https:\/\/kkpp.pl\/de\/wp-json\/wp\/v2\/comments?post=247"}],"version-history":[{"count":20,"href":"https:\/\/kkpp.pl\/de\/wp-json\/wp\/v2\/pages\/247\/revisions"}],"predecessor-version":[{"id":3495,"href":"https:\/\/kkpp.pl\/de\/wp-json\/wp\/v2\/pages\/247\/revisions\/3495"}],"up":[{"embeddable":true,"href":"https:\/\/kkpp.pl\/de\/wp-json\/wp\/v2\/pages\/9"}],"wp:attachment":[{"href":"https:\/\/kkpp.pl\/de\/wp-json\/wp\/v2\/media?parent=247"}],"curies":[{"name":"wp","href":"https:\/\/api.w.org\/{rel}","templated":true}]}}