{"id":262,"date":"2018-03-16T14:41:47","date_gmt":"2018-03-16T13:41:47","guid":{"rendered":"https:\/\/kkpp.pl\/?page_id=262"},"modified":"2024-02-19T16:44:48","modified_gmt":"2024-02-19T15:44:48","slug":"staze","status":"publish","type":"page","link":"https:\/\/kkpp.pl\/de\/fur-investoren\/praktika\/","title":{"rendered":"Praktika"},"content":{"rendered":"<p>Im Rahmen von Praktika k\u00f6nnen praktische Erfahrungen an einem bestimmten Arbeitsplatz erworben werden, ohne dass ein Arbeitsverh\u00e4ltnis mit dem Arbeitgeber geschlossen wird. Grundlage hierf\u00fcr ist ein zwischen dem Landrat, d.h. des in seinem Namen t\u00e4tigen Leiters des Kreisarbeitsamts [Jobcenter] in K\u0119dzierzyn-Ko\u017ale, und dem Arbeitgeber\u00a0 abgeschlossener Vertrag, der ein jeweils vereinbartes Ausbildungsprogramm umfasst.<br \/>\nUm diese Praktikumsstellen k\u00f6nnen sich ausschlie\u00dflich Personen bewerben, im Rahmen dieser Ma\u00dfnahme des Jobcenters werden folgende Personengruppen bevorzugt gef\u00f6rdert:<\/p>\n<ul>\n<li>Arbeitssuchende bis zum 30. Lebensjahr;<\/li>\n<li>Menschen mit Behinderungen;<\/li>\n<li>Arbeitssuchende ab dem 50. Lebensjahr;<\/li>\n<li>Langzeitarbeitslose (d.h. l\u00e4nger als 12 Monate als arbeitssuchend registriert);<\/li>\n<li>Bezieher von Sozialhilfeleistungen;<\/li>\n<li>Arbeitssuchende mit mind. einem Kind unter 6 Jahren oder einem behinderten Kind im Alter von bis zu 18 Jahren.<\/li>\n<\/ul>\n<p>Tr\u00e4ger dieser Ma\u00dfnahme ist das Jobcenter, der Arbeitgeber stellt dem Arbeitssuchenden einen Betreuer zur Verf\u00fcgung, der ihn im Rahmen des Praktikums mit Rat und Tat zur Seite steht. Ebenso best\u00e4tigt er die Angaben im Bericht, den der Arbeitssuchende beim Jobcenter vorlegt.<br \/>\nDer Arbeitgeber ist verpflichtet, dem Jobcenter unverz\u00fcglich, sp\u00e4testens jedoch binnen einer Frist von 7 Tagen Vorkommnisse mitzuteilen, die im Rahmen der Umsetzung der Ma\u00dfnahme gemeldet werden m\u00fcssen, wie unentschuldigte Abwesenheitszeiten oder Unterbrechungen des Praktikums.<br \/>\nNach Abschluss des Praktikums stellt der Arbeitgeber ein Zeugnis aus, in dem er den entsprechenden T\u00e4tigkeitsbereich des Praktikanten beschreibt sowie die w\u00e4hrend des Praktikums erlangten beruflichen Qualifizierungen oder F\u00e4higkeiten erfasst.<br \/>\nN\u00e4here Angaben unter: Jobcenter K\u0119dzierzyn-Ko\u017ale; <a href=\"http:\/\/www.pup-kkozle.pl\/main\/index.html\">http:\/\/www.pup-kkozle.pl\/main\/index.html<\/a><\/p>","protected":false},"excerpt":{"rendered":"Im Rahmen von Praktika k\u00f6nnen praktische Erfahrungen an einem bestimmten Arbeitsplatz erworben werden, ohne dass ein Arbeitsverh\u00e4ltnis mit dem Arbeitgeber geschlossen wird. Grundlage hierf\u00fcr ist ein zwischen dem Landrat, d.h. des in seinem Namen t\u00e4tigen Leiters des Kreisarbeitsamts [Jobcenter] in K\u0119dzierzyn-Ko\u017ale, und dem Arbeitgeber\u00a0 abgeschlossener Vertrag, der ein jeweils vereinbartes Ausbildungsprogramm umfasst. Um diese Praktikumsstellen&#8230; <a class=\"view-article\" href=\"https:\/\/kkpp.pl\/de\/fur-investoren\/praktika\/\"><br><p style=\"text-align:right\"><i>wi\u0119cej ><\/i><\/p><\/a>","protected":false},"author":2,"featured_media":0,"parent":9,"menu_order":5,"comment_status":"closed","ping_status":"closed","template":"","meta":{"inline_featured_image":false},"acf":[],"yoast_head":"<!-- This site is optimized with the Yoast SEO plugin v18.1 - https:\/\/yoast.com\/wordpress\/plugins\/seo\/ -->\n<meta name=\"robots\" content=\"index, follow, max-snippet:-1, max-image-preview:large, max-video-preview:-1\" \/>\n<link rel=\"canonical\" href=\"https:\/\/kkpp.pl\/de\/centrum-obslugi-inwestora\/staze\/\" \/>\n<meta property=\"og:locale\" content=\"de_DE\" \/>\n<meta property=\"og:type\" content=\"article\" \/>\n<meta property=\"og:title\" content=\"Praktika - KKPP K\u0119dzierzy\u0144sko-Kozielski Park Przemys\u0142owy Sp. z o.o.\" \/>\n<meta property=\"og:description\" content=\"Im Rahmen von Praktika k\u00f6nnen praktische Erfahrungen an einem bestimmten Arbeitsplatz erworben werden, ohne dass ein Arbeitsverh\u00e4ltnis mit dem Arbeitgeber geschlossen wird. Grundlage hierf\u00fcr ist ein zwischen dem Landrat, d.h. des in seinem Namen t\u00e4tigen Leiters des Kreisarbeitsamts [Jobcenter] in K\u0119dzierzyn-Ko\u017ale, und dem Arbeitgeber\u00a0 abgeschlossener Vertrag, der ein jeweils vereinbartes Ausbildungsprogramm umfasst. Um diese Praktikumsstellen... wi\u0119cej &gt;\" \/>\n<meta property=\"og:url\" content=\"https:\/\/kkpp.pl\/de\/centrum-obslugi-inwestora\/staze\/\" \/>\n<meta property=\"og:site_name\" content=\"KKPP K\u0119dzierzy\u0144sko-Kozielski Park Przemys\u0142owy Sp. z o.o.\" \/>\n<meta property=\"article:modified_time\" content=\"2024-02-19T15:44:48+00:00\" \/>\n<meta name=\"twitter:card\" content=\"summary_large_image\" \/>\n<meta name=\"twitter:label1\" content=\"Gesch\u00e4tzte Lesezeit\" \/>\n\t<meta name=\"twitter:data1\" content=\"3\u00a0Minuten\" \/>\n<script type=\"application\/ld+json\" class=\"yoast-schema-graph\">{\"@context\":\"https:\/\/schema.org\",\"@graph\":[{\"@type\":\"WebSite\",\"@id\":\"https:\/\/kkpp.pl\/de\/#website\",\"url\":\"https:\/\/kkpp.pl\/de\/\",\"name\":\"KKPP K\u0119dzierzy\u0144sko-Kozielski Park Przemys\u0142owy Sp. z o.o.\",\"description\":\"Centrum Obs\u0142ugi Inwestora K\u0119dzierzyn-Ko\u017ale oferuje tereny inwestycyjne, wsparcie doradcze, szkoleniowe; wynajem powierzchni biurowych, produkcyjnych, us\u0142ugowych.\",\"potentialAction\":[{\"@type\":\"SearchAction\",\"target\":{\"@type\":\"EntryPoint\",\"urlTemplate\":\"https:\/\/kkpp.pl\/de\/?s={search_term_string}\"},\"query-input\":\"required name=search_term_string\"}],\"inLanguage\":\"de\"},{\"@type\":\"WebPage\",\"@id\":\"https:\/\/kkpp.pl\/de\/centrum-obslugi-inwestora\/staze\/#webpage\",\"url\":\"https:\/\/kkpp.pl\/de\/centrum-obslugi-inwestora\/staze\/\",\"name\":\"Praktika - KKPP K\u0119dzierzy\u0144sko-Kozielski Park Przemys\u0142owy Sp. z o.o.\",\"isPartOf\":{\"@id\":\"https:\/\/kkpp.pl\/de\/#website\"},\"datePublished\":\"2018-03-16T13:41:47+00:00\",\"dateModified\":\"2024-02-19T15:44:48+00:00\",\"breadcrumb\":{\"@id\":\"https:\/\/kkpp.pl\/de\/centrum-obslugi-inwestora\/staze\/#breadcrumb\"},\"inLanguage\":\"de\",\"potentialAction\":[{\"@type\":\"ReadAction\",\"target\":[[\"https:\/\/kkpp.pl\/centrum-obslugi-inwestora\/staze\/\"]]}]},{\"@type\":\"BreadcrumbList\",\"@id\":\"https:\/\/kkpp.pl\/de\/centrum-obslugi-inwestora\/staze\/#breadcrumb\",\"itemListElement\":[{\"@type\":\"ListItem\",\"position\":1,\"name\":\"Centrum Obs\u0142ugi Inwestora\",\"item\":\"https:\/\/kkpp.pl\/centrum-obslugi-inwestora\/\"},{\"@type\":\"ListItem\",\"position\":2,\"name\":\"Sta\u017ce\"}]}]}<\/script>\n<!-- \/ Yoast SEO plugin. -->","yoast_head_json":{"robots":{"index":"index","follow":"follow","max-snippet":"max-snippet:-1","max-image-preview":"max-image-preview:large","max-video-preview":"max-video-preview:-1"},"canonical":"https:\/\/kkpp.pl\/de\/centrum-obslugi-inwestora\/staze\/","og_locale":"de_DE","og_type":"article","og_title":"Praktika - KKPP K\u0119dzierzy\u0144sko-Kozielski Park Przemys\u0142owy Sp. z o.o.","og_description":"Im Rahmen von Praktika k\u00f6nnen praktische Erfahrungen an einem bestimmten Arbeitsplatz erworben werden, ohne dass ein Arbeitsverh\u00e4ltnis mit dem Arbeitgeber geschlossen wird. Grundlage hierf\u00fcr ist ein zwischen dem Landrat, d.h. des in seinem Namen t\u00e4tigen Leiters des Kreisarbeitsamts [Jobcenter] in K\u0119dzierzyn-Ko\u017ale, und dem Arbeitgeber\u00a0 abgeschlossener Vertrag, der ein jeweils vereinbartes Ausbildungsprogramm umfasst. Um diese Praktikumsstellen... wi\u0119cej >","og_url":"https:\/\/kkpp.pl\/de\/centrum-obslugi-inwestora\/staze\/","og_site_name":"KKPP K\u0119dzierzy\u0144sko-Kozielski Park Przemys\u0142owy Sp. z o.o.","article_modified_time":"2024-02-19T15:44:48+00:00","twitter_card":"summary_large_image","twitter_misc":{"Gesch\u00e4tzte Lesezeit":"3\u00a0Minuten"},"schema":{"@context":"https:\/\/schema.org","@graph":[{"@type":"WebSite","@id":"https:\/\/kkpp.pl\/de\/#website","url":"https:\/\/kkpp.pl\/de\/","name":"KKPP K\u0119dzierzy\u0144sko-Kozielski Park Przemys\u0142owy Sp. z o.o.","description":"Centrum Obs\u0142ugi Inwestora K\u0119dzierzyn-Ko\u017ale oferuje tereny inwestycyjne, wsparcie doradcze, szkoleniowe; wynajem powierzchni biurowych, produkcyjnych, us\u0142ugowych.","potentialAction":[{"@type":"SearchAction","target":{"@type":"EntryPoint","urlTemplate":"https:\/\/kkpp.pl\/de\/?s={search_term_string}"},"query-input":"required name=search_term_string"}],"inLanguage":"de"},{"@type":"WebPage","@id":"https:\/\/kkpp.pl\/de\/centrum-obslugi-inwestora\/staze\/#webpage","url":"https:\/\/kkpp.pl\/de\/centrum-obslugi-inwestora\/staze\/","name":"Praktika - KKPP K\u0119dzierzy\u0144sko-Kozielski Park Przemys\u0142owy Sp. z o.o.","isPartOf":{"@id":"https:\/\/kkpp.pl\/de\/#website"},"datePublished":"2018-03-16T13:41:47+00:00","dateModified":"2024-02-19T15:44:48+00:00","breadcrumb":{"@id":"https:\/\/kkpp.pl\/de\/centrum-obslugi-inwestora\/staze\/#breadcrumb"},"inLanguage":"de","potentialAction":[{"@type":"ReadAction","target":[["https:\/\/kkpp.pl\/centrum-obslugi-inwestora\/staze\/"]]}]},{"@type":"BreadcrumbList","@id":"https:\/\/kkpp.pl\/de\/centrum-obslugi-inwestora\/staze\/#breadcrumb","itemListElement":[{"@type":"ListItem","position":1,"name":"Centrum Obs\u0142ugi Inwestora","item":"https:\/\/kkpp.pl\/centrum-obslugi-inwestora\/"},{"@type":"ListItem","position":2,"name":"Sta\u017ce"}]}]}},"_links":{"self":[{"href":"https:\/\/kkpp.pl\/de\/wp-json\/wp\/v2\/pages\/262"}],"collection":[{"href":"https:\/\/kkpp.pl\/de\/wp-json\/wp\/v2\/pages"}],"about":[{"href":"https:\/\/kkpp.pl\/de\/wp-json\/wp\/v2\/types\/page"}],"author":[{"embeddable":true,"href":"https:\/\/kkpp.pl\/de\/wp-json\/wp\/v2\/users\/2"}],"replies":[{"embeddable":true,"href":"https:\/\/kkpp.pl\/de\/wp-json\/wp\/v2\/comments?post=262"}],"version-history":[{"count":11,"href":"https:\/\/kkpp.pl\/de\/wp-json\/wp\/v2\/pages\/262\/revisions"}],"predecessor-version":[{"id":3180,"href":"https:\/\/kkpp.pl\/de\/wp-json\/wp\/v2\/pages\/262\/revisions\/3180"}],"up":[{"embeddable":true,"href":"https:\/\/kkpp.pl\/de\/wp-json\/wp\/v2\/pages\/9"}],"wp:attachment":[{"href":"https:\/\/kkpp.pl\/de\/wp-json\/wp\/v2\/media?parent=262"}],"curies":[{"name":"wp","href":"https:\/\/api.w.org\/{rel}","templated":true}]}}