{"id":28,"date":"2018-03-01T10:45:19","date_gmt":"2018-03-01T09:45:19","guid":{"rendered":"https:\/\/kkpp.pl\/?page_id=28"},"modified":"2026-03-16T11:10:22","modified_gmt":"2026-03-16T10:10:22","slug":"biznes-w-miescie","status":"publish","type":"page","link":"https:\/\/kkpp.pl\/de\/kkpp-und-region\/unternehmenslandschaft-in-kedzierzyn-kozle\/","title":{"rendered":"Unternehmenslandschaft in K\u0119dzierzyn-Ko\u017ale"},"content":{"rendered":"<p><strong>Grupa Azoty Stickstoffwerke K\u0119dzierzyn S.A.<\/strong><br \/>\nDie Grupa Azoty ist einer der landesweit gr\u00f6\u00dften Chemiekonzerne und zugleich gr\u00f6\u00dfter Arbeitgeber in K\u0119dzierzyn-Ko\u017ale. Sie ist drittgr\u00f6\u00dfter Hersteller von Stickstoffd\u00fcnger in Polen sowie einziger Produzent von OXO-Alkoholen und Weichmachern. Der Chemiekonzern stellt ebenso chemische Rohstoffe her und produziert Strom, W\u00e4rme sowie Kokereigas. Abnehmer sind Landwirtschaft, Bauwesen, Kunststoffindustrie sowie chemische Industrie. Zur Produktpalette z\u00e4hlen Marken wie Ammoniumnitrat K\u0119dzierzyn\u00ae, D\u00fcnger Salmag\u00ae, Oxoplasty\u00ae sowie der zertifizierte Betriebsstoff AdBlue\u00ae.<br \/>\n<a href=\"http:\/\/www.grupaazoty.com\">www.grupaazoty.com<\/a><\/p>\n<p><strong>A. Berger Sp. z&nbsp;o. o.<\/strong><br \/>\nDie Firma zur deutschen Konzerngruppe Berger Holding GmbH. Das Werk in K\u0119dzierzyn-Ko\u017ale wurde 2003 in Betrieb genommen. Das Leistungsspektrum umfasst die pr\u00e4zise Spanbearbeitung von Metallen, u.a. f\u00fcr Fahrzeughersteller und Stromproduzenten, wobei die Serviceleistungen von der Konstruktion \u00fcber die Fertigung, das H\u00e4rten, den Versand und die Logistik bis hin zur Montage reicht.<br \/>\n<a href=\"http:\/\/www.aberger.de\">www.aberger.de<\/a><\/p>\n<p><strong>Brenntag Polska Sp. z&nbsp;o. o.<\/strong><br \/>\nDer weltweit agierende Chemiekonzern verf\u00fcgt \u00fcber 550 Niederlassungen in 74 L\u00e4ndern. In K\u0119dzierzyn-Ko\u017ale ist er seit 2002 t\u00e4tig. Die Gruppe ist Weltmarktf\u00fchrer im Chemiehandel sowie unterschiedlichster Industriedienstleistungen. Gr\u00f6\u00dfte Abnehmer sind Pharmazie und Kosmetik sowie Lebensmittelindustrie bis hin zur Baustoffchemie.<br \/>\n<a href=\"http:\/\/www.brenntag.com\">www.brenntag.com<\/a><\/p>\n<p><strong>Apparate- und Anlagenbau \u201eFamet\u201c S.A.<\/strong><br \/>\nSitz des Unternehmens ist seit 1950 Blachownia. Das Leistungsspektrum umfasst Entwurf, Herstellung und Lieferung von Apparaturen, Maschinen und Anlagen f\u00fcr die Industrie. Die Gesch\u00e4ftst\u00e4tigkeit umfasst ebenso die Herstellung von Anlagenteilen f\u00fcr Windturbinen, elektrische und Baumaschinen sowie Umladeanlagen f\u00fcr Hersteller in Deutschland, Schweden, Gro\u00dfbritannien und Spanien.<br \/>\n<a href=\"http:\/\/www.famet.com.pl\">www.famet.com.pl<\/a><\/p>\n<p><strong>Damen Shipyards Ko\u017ale<\/strong><br \/>\nDie Werft z\u00e4hlt zum niederl\u00e4ndischen Schiffbauunternehmen Damen Shipyards Group, die fast 30 Standorte weltweit unterh\u00e4lt. In Polen ist sie in K\u0119dzierzyn-Ko\u017ale und in Gdynia vertreten. Die Werft in K\u0119dzierzyn-Ko\u017ale baut vor allem Flussschiffe und Wassertaxis, die 2016 u.a. bis in die Elfenbeink\u00fcste exportiert wurden.<br \/>\n<a href=\"http:\/\/www.damenkozle.pl\">www.damenkozle.pl<\/a><\/p>\n<p><strong>Mostostal Zabrze Industriel\u00f6sungen mit Sitz in K\u0119dzierzyn-Ko\u017ale<\/strong><br \/>\nDie Mostotal Zabrze Industriel\u00f6sungen erbringt Leistungen im Bereich Planung und Bau von Geb\u00e4uden und Anlagen f\u00fcr die Industrie. Unternehmensphilosophie ist es, hierbei stets h\u00f6chste Qualit\u00e4t zu bieten, wobei Umwelt- und Naturschutz, Sicherheit f\u00fcr Mensch, Maschine und Umwelt sowie die Einhaltung s\u00e4mtlicher rechtlicher Bestimmungen gr\u00f6\u00dfte Bedeutung beigemessen wird. Erbringung und stete Verbesserung der von der Gesellschaft angebotenen Leistungen erfolgen in Anlehnung an die jeweiligen Anforderungen der Kunden sowie die langj\u00e4hrige Erfahrung der Mitarbeiter und die sehr guten Kenntnisse des Marktumfelds.<br \/>\nZu den Gesch\u00e4ftst\u00e4tigkeiten z\u00e4hlen: Herstellung von Stahlkonstruktionen in den eigenen Anlagen mit einer Produktionskapazit\u00e4t von 6.500 Tonnen p.a.; Erbringung von Baufachleistungen; Montage unterschiedlichster Stahlkonstruktionen, u.a. Hallen, Industriegeb\u00e4ude, Rampen- und Umschlagebr\u00fccken, T\u00fcrme, Schornsteine, etc.; Geb\u00e4udeverkleidungen und -isolationen; Montage kompletter Industrieobjekte, u.a. Chemie und Petrochemie,\u00a0 Zuckerindustrie, H\u00fcttenindustrie, Zementwerke und Kalkbrennereien, Energiewirtschaft und Lebensmittelindustrie; Lieferung und Montage von Beh\u00e4ltern und Rohrleitungen.<br \/>\n<a href=\"http:\/\/www.realizacje.mz.pl\">www.realizacje.mz.pl<\/a><\/p>\n<p><strong>Petrochemia-Blachownia S.A.<\/strong><br \/>\nDas Chemieunternehmen stellt Aromatische Kohlenwasserstoffe her, die bei der Verarbeitung von BTEX mittels bestimmter petrochemischer Verfahren gewonnen werden. Es verf\u00fcgt \u00fcber ein hochspezialisiertes Labor, das mit den modernsten Ger\u00e4ten ausgestattet wurde, so dass die Qualit\u00e4t der hergestellten Produkte sehr pr\u00e4zise \u00fcberwacht werden kann; ebenso f\u00fchrt es im Auftrage anderer Firmen chemische Analysen durch.<\/p>\n<p><strong>Komet-Urpol Sp z&nbsp;o.o.<\/strong><br \/>\nDie polnische Niederlassung wurde 2003 von der KOMET GROUP, einem international agierenden Hersteller von Pr\u00e4zisionswerkzeugen, gegr\u00fcndet und entstand im Zusammenschluss mit der 1986 begr\u00fcndeten Firma URPOL.<br \/>\nHergestellt werden hochqualitative Pr\u00e4zisionswerkzeugen f\u00fcr die Metallzerspanung. Die umfangreichen, langj\u00e4hrigen Erfahrungen, ein dynamisches Wachstum sowie die st\u00e4ndige Verbesserung der Qualit\u00e4t lie\u00dfen das Unternehmen zum unangefochtenen Weltmarktf\u00fchrer werden. Innovative Herstellungsverfahren, gest\u00fctzt auf modernste Anlagen sind Garant daf\u00fcr, dass die von der Komet-Urpol angebotenen Werkzeuge den h\u00f6chsten Anspr\u00fcchen gerecht werden.<br \/>\n<a href=\"http:\/\/www.kometgroup.pl\">www.kometgroup.pl<\/a><\/p>\n<p><strong>Jokey Plastik Blachownia Sp. z&nbsp;o.o.<\/strong><br \/>\nDas Unternehmen z\u00e4hlt zur Jokey Group, einem der weltweit gr\u00f6\u00dften Hersteller von Kunststoffverpackungen. Das Angebot umfasst stets ma\u00dfgeschneiderte Verpackungsl\u00f6sungen, kurze Herstellungswege sowie eine schnelle Koordinierung aller erforderlichen Verfahren bei der Abarbeitung sowohl kleinerer als auch umfangreicherer Kundenauftr\u00e4ge. Das Leistungsspektrum reicht von der Beratung bis hin zur Montage der geeigneten Beh\u00e4lter direkt an der Abf\u00fclllinie der Kunden.<br \/>\nDie Unternehmen der Jokey Group setzen auf ein solides, best\u00e4ndiges Wachstum und erschlie\u00dfen hierbei neue M\u00e4rkte. Die Herstellung erfolgt in \u00dcbereinstimmung mit den h\u00f6chsten internationalen Standards. Die eingesetzten hochmechanisierten Verfahren setzen auf das Konzept Industrie 4.0.<br \/>\n<a href=\"http:\/\/www.jokey.com.pl\">www.jokey.com.pl<\/a><\/p>\n<p><strong>Werft Ko\u017ale Sp. z&nbsp;o.o.<\/strong><br \/>\nDie Flusswerft verf\u00fcgt \u00fcber umfangreiche Erfahrungen im Rahmen der Instandsetzung und des Baus von Booten und Yachten, ihrer Ausstattung sowie der Herstellung geschwei\u00dfter Stahlkonstruktionen. Die Leistungen umfassen vor allem Instandsetzung und Instandhaltung von Booten sowie Wartung und Bau von Binnenschiffen, Yachten einschl. ihre Ausstattung sowie geschwei\u00dfte Stahlkonstruktionen.<br \/>\n<a href=\"http:\/\/www.stocznia-kozle.pl\">www.stocznia-kozle.pl<\/a><\/p>\n<p><strong>PCC Energetyka Blachownia Sp. z&nbsp;o.o.<\/strong><br \/>\nKern des Gesch\u00e4ftsfelds konventionelle Energien des Unternehmens bildet die Versorgung mit Strom und Kokereigas sowie die Erzeugung und Lieferung von Druckluft, Industriewasser sowie Brauch- und Trinkwasser. Daneben bildet die Abwasserreinigung einen weiteren Kern der Gesch\u00e4ftst\u00e4tigkeiten. Die Konzernholding PCC SE ist in Duisburg ans\u00e4ssig und ein international agierender Konzern in den Segmenten Chemie, Verkehr, Energie, Kohle, Koks, Kunstoffen und Metallurgie. Unternehmensmotto der Sparte konventionelle Energie ist es, die Kunden stets bestens mit der Strom- und W\u00e4rmeversorgung sowie der Bereitstellung umfassender Dienstleistungen zu unterst\u00fctzen.<br \/>\n<a href=\"http:\/\/www.zeblach.pl\">www.zeblach.pl<\/a><\/p>\n<p><strong>PCC Synteza S.A.<\/strong><br \/>\nDas Unternehmen ist Tochter der internationalen Industriegruppe PCC SE mit Hauptsitz in Duisburg. Es ist im Segment Spezial-Chemie t\u00e4tig und stellt Produkte zur weiteren Verarbeitung in der chemischen Industrie her, u.a. Nonylphenol und Dodecylphenol.<br \/>\nDie Anlagen der PCC Synteza S.A. dienen der Verarbeitung von Alkylphenolen und ihrer Propoxylate; sie stammen aus der Mitte der 70er Jahre und wurden je nach technischem Fortschritt unter Einsatz der umfangreichen Erfahrungen stetig modernisiert und verbessert. Der letzte Um- und Ausbau der Anlage erfolgte 2009\/2010, womit nun Produktionskapazit\u00e4ten p.a. von 18.000 Tonnen Nonylphenol sowie 12.000 Tonnen Dodecylphenol bereitstehen.<br \/>\n<a href=\"http:\/\/www.pccsynteza.pl\">www.pccsynteza.pl<\/a><\/p>\n<p><strong>SPOT Light<\/strong><br \/>\nDie SPOT Light ist Hersteller von Spotleuchten und Strahler und wurde 1996 gegr\u00fcndet. Das Sortiment umfasst \u00fcber 3.000 Einzelerzeugnisse, von Kristallleuchtern \u00fcber Holz- und klassische Spotleuchten bis hin zu modernen Designleuchten. Zu den bedeutendsten Kunden des Unternehmens z\u00e4hlen die gro\u00dfen Handelsketten, Gro\u00dfm\u00e4rkte sowie Beleuchtungsgesch\u00e4fte im In- und Ausland. Die SPOT Light exportiert in 46 L\u00e4nder weltweit.<br \/>\n<a href=\"http:\/\/www.spotlight.pl\">www.spotlight.pl<\/a><\/p>\n<p><strong>CEWE COLOR<\/strong><br \/>\nDie CEWE geh\u00f6rt zur Gruppe der Cewe Stiftung &amp; Co. KG KGaA, dem europaweit f\u00fchrenden Fotodienstleister. Derzeit ist sie in 24 L\u00e4ndern vertreten, besch\u00e4ftigt \u00fcber 3.000 Mitarbeiter und verf\u00fcgt \u00fcber die modernsten Maschinen und Anlagen in ganz Europa. CEWE stellt j\u00e4hrlich Milliarden digitaler Fotos und Millionen Fotob\u00fccher und Fotogeschenke h\u00f6chster Qualit\u00e4t. Das CEWE-Werk in K\u0119dzierzyn-Ko\u017ale bieten seine Leistungen f\u00fcr den polnischen wie auch den europ\u00e4ischen Markt an. Die meisten Erzeugnisse werden nach Deutschland, Tschechien und Ungarn exportiert.<br \/>\n<a href=\"http:\/\/www.cewe.pl\">www.cewe.pl<\/a><\/p>\n<p>&nbsp;<\/p>","protected":false},"excerpt":{"rendered":"Grupa Azoty Stickstoffwerke K\u0119dzierzyn S.A. Die Grupa Azoty ist einer der landesweit gr\u00f6\u00dften Chemiekonzerne und zugleich gr\u00f6\u00dfter Arbeitgeber in K\u0119dzierzyn-Ko\u017ale. Sie ist drittgr\u00f6\u00dfter Hersteller von Stickstoffd\u00fcnger in Polen sowie einziger Produzent von OXO-Alkoholen und Weichmachern. Der Chemiekonzern stellt ebenso chemische Rohstoffe her und produziert Strom, W\u00e4rme sowie Kokereigas. Abnehmer sind Landwirtschaft, Bauwesen, Kunststoffindustrie sowie chemische&#8230; <a class=\"view-article\" href=\"https:\/\/kkpp.pl\/de\/kkpp-und-region\/unternehmenslandschaft-in-kedzierzyn-kozle\/\"><br><p style=\"text-align:right\"><i>wi\u0119cej ><\/i><\/p><\/a>","protected":false},"author":1,"featured_media":3607,"parent":5,"menu_order":2,"comment_status":"closed","ping_status":"closed","template":"","meta":{"inline_featured_image":false},"acf":[],"yoast_head":"<!-- This site is optimized with the Yoast SEO plugin v18.1 - https:\/\/yoast.com\/wordpress\/plugins\/seo\/ -->\n<meta name=\"robots\" content=\"index, follow, max-snippet:-1, max-image-preview:large, max-video-preview:-1\" \/>\n<link rel=\"canonical\" href=\"https:\/\/kkpp.pl\/de\/kkpp-i-region\/biznes-w-miescie\/\" \/>\n<meta property=\"og:locale\" content=\"de_DE\" \/>\n<meta property=\"og:type\" content=\"article\" \/>\n<meta property=\"og:title\" content=\"Unternehmenslandschaft in K\u0119dzierzyn-Ko\u017ale - KKPP K\u0119dzierzy\u0144sko-Kozielski Park Przemys\u0142owy Sp. z o.o.\" \/>\n<meta property=\"og:description\" content=\"Grupa Azoty Stickstoffwerke K\u0119dzierzyn S.A. Die Grupa Azoty ist einer der landesweit gr\u00f6\u00dften Chemiekonzerne und zugleich gr\u00f6\u00dfter Arbeitgeber in K\u0119dzierzyn-Ko\u017ale. Sie ist drittgr\u00f6\u00dfter Hersteller von Stickstoffd\u00fcnger in Polen sowie einziger Produzent von OXO-Alkoholen und Weichmachern. Der Chemiekonzern stellt ebenso chemische Rohstoffe her und produziert Strom, W\u00e4rme sowie Kokereigas. Abnehmer sind Landwirtschaft, Bauwesen, Kunststoffindustrie sowie chemische... wi\u0119cej &gt;\" \/>\n<meta property=\"og:url\" content=\"https:\/\/kkpp.pl\/de\/kkpp-i-region\/biznes-w-miescie\/\" \/>\n<meta property=\"og:site_name\" content=\"KKPP K\u0119dzierzy\u0144sko-Kozielski Park Przemys\u0142owy Sp. z o.o.\" \/>\n<meta property=\"article:modified_time\" content=\"2026-03-16T10:10:22+00:00\" \/>\n<meta property=\"og:image\" content=\"https:\/\/kkpp.pl\/wp-content\/uploads\/2024\/08\/COI-inwestuj-w-kedzierzynie2.jpg\" \/>\n\t<meta property=\"og:image:width\" content=\"2000\" \/>\n\t<meta property=\"og:image:height\" content=\"635\" \/>\n\t<meta property=\"og:image:type\" content=\"image\/jpeg\" \/>\n<meta name=\"twitter:card\" content=\"summary_large_image\" \/>\n<meta name=\"twitter:label1\" content=\"Gesch\u00e4tzte Lesezeit\" \/>\n\t<meta name=\"twitter:data1\" content=\"18\u00a0Minuten\" \/>\n<script type=\"application\/ld+json\" class=\"yoast-schema-graph\">{\"@context\":\"https:\/\/schema.org\",\"@graph\":[{\"@type\":\"WebSite\",\"@id\":\"https:\/\/kkpp.pl\/de\/#website\",\"url\":\"https:\/\/kkpp.pl\/de\/\",\"name\":\"KKPP K\u0119dzierzy\u0144sko-Kozielski Park Przemys\u0142owy Sp. z o.o.\",\"description\":\"Centrum Obs\u0142ugi Inwestora K\u0119dzierzyn-Ko\u017ale oferuje tereny inwestycyjne, wsparcie doradcze, szkoleniowe; wynajem powierzchni biurowych, produkcyjnych, us\u0142ugowych.\",\"potentialAction\":[{\"@type\":\"SearchAction\",\"target\":{\"@type\":\"EntryPoint\",\"urlTemplate\":\"https:\/\/kkpp.pl\/de\/?s={search_term_string}\"},\"query-input\":\"required name=search_term_string\"}],\"inLanguage\":\"de\"},{\"@type\":\"ImageObject\",\"@id\":\"https:\/\/kkpp.pl\/de\/kkpp-i-region\/biznes-w-miescie\/#primaryimage\",\"inLanguage\":\"de\",\"url\":\"https:\/\/kkpp.pl\/wp-content\/uploads\/2024\/08\/COI-inwestuj-w-kedzierzynie2.jpg\",\"contentUrl\":\"https:\/\/kkpp.pl\/wp-content\/uploads\/2024\/08\/COI-inwestuj-w-kedzierzynie2.jpg\",\"width\":2000,\"height\":635},{\"@type\":\"WebPage\",\"@id\":\"https:\/\/kkpp.pl\/de\/kkpp-i-region\/biznes-w-miescie\/#webpage\",\"url\":\"https:\/\/kkpp.pl\/de\/kkpp-i-region\/biznes-w-miescie\/\",\"name\":\"Unternehmenslandschaft in K\u0119dzierzyn-Ko\u017ale - KKPP K\u0119dzierzy\u0144sko-Kozielski Park Przemys\u0142owy Sp. z o.o.\",\"isPartOf\":{\"@id\":\"https:\/\/kkpp.pl\/de\/#website\"},\"primaryImageOfPage\":{\"@id\":\"https:\/\/kkpp.pl\/de\/kkpp-i-region\/biznes-w-miescie\/#primaryimage\"},\"datePublished\":\"2018-03-01T09:45:19+00:00\",\"dateModified\":\"2026-03-16T10:10:22+00:00\",\"breadcrumb\":{\"@id\":\"https:\/\/kkpp.pl\/de\/kkpp-i-region\/biznes-w-miescie\/#breadcrumb\"},\"inLanguage\":\"de\",\"potentialAction\":[{\"@type\":\"ReadAction\",\"target\":[[\"https:\/\/kkpp.pl\/kkpp-i-region\/biznes-w-miescie\/\"]]}]},{\"@type\":\"BreadcrumbList\",\"@id\":\"https:\/\/kkpp.pl\/de\/kkpp-i-region\/biznes-w-miescie\/#breadcrumb\",\"itemListElement\":[{\"@type\":\"ListItem\",\"position\":1,\"name\":\"KKPP i Region\",\"item\":\"https:\/\/kkpp.pl\/kkpp-i-region\/\"},{\"@type\":\"ListItem\",\"position\":2,\"name\":\"Biznes w mie\u015bcie\"}]}]}<\/script>\n<!-- \/ Yoast SEO plugin. -->","yoast_head_json":{"robots":{"index":"index","follow":"follow","max-snippet":"max-snippet:-1","max-image-preview":"max-image-preview:large","max-video-preview":"max-video-preview:-1"},"canonical":"https:\/\/kkpp.pl\/de\/kkpp-i-region\/biznes-w-miescie\/","og_locale":"de_DE","og_type":"article","og_title":"Unternehmenslandschaft in K\u0119dzierzyn-Ko\u017ale - KKPP K\u0119dzierzy\u0144sko-Kozielski Park Przemys\u0142owy Sp. z o.o.","og_description":"Grupa Azoty Stickstoffwerke K\u0119dzierzyn S.A. Die Grupa Azoty ist einer der landesweit gr\u00f6\u00dften Chemiekonzerne und zugleich gr\u00f6\u00dfter Arbeitgeber in K\u0119dzierzyn-Ko\u017ale. Sie ist drittgr\u00f6\u00dfter Hersteller von Stickstoffd\u00fcnger in Polen sowie einziger Produzent von OXO-Alkoholen und Weichmachern. Der Chemiekonzern stellt ebenso chemische Rohstoffe her und produziert Strom, W\u00e4rme sowie Kokereigas. Abnehmer sind Landwirtschaft, Bauwesen, Kunststoffindustrie sowie chemische... wi\u0119cej >","og_url":"https:\/\/kkpp.pl\/de\/kkpp-i-region\/biznes-w-miescie\/","og_site_name":"KKPP K\u0119dzierzy\u0144sko-Kozielski Park Przemys\u0142owy Sp. z o.o.","article_modified_time":"2026-03-16T10:10:22+00:00","og_image":[{"width":2000,"height":635,"url":"https:\/\/kkpp.pl\/wp-content\/uploads\/2024\/08\/COI-inwestuj-w-kedzierzynie2.jpg","type":"image\/jpeg"}],"twitter_card":"summary_large_image","twitter_misc":{"Gesch\u00e4tzte Lesezeit":"18\u00a0Minuten"},"schema":{"@context":"https:\/\/schema.org","@graph":[{"@type":"WebSite","@id":"https:\/\/kkpp.pl\/de\/#website","url":"https:\/\/kkpp.pl\/de\/","name":"KKPP K\u0119dzierzy\u0144sko-Kozielski Park Przemys\u0142owy Sp. z o.o.","description":"Centrum Obs\u0142ugi Inwestora K\u0119dzierzyn-Ko\u017ale oferuje tereny inwestycyjne, wsparcie doradcze, szkoleniowe; wynajem powierzchni biurowych, produkcyjnych, us\u0142ugowych.","potentialAction":[{"@type":"SearchAction","target":{"@type":"EntryPoint","urlTemplate":"https:\/\/kkpp.pl\/de\/?s={search_term_string}"},"query-input":"required name=search_term_string"}],"inLanguage":"de"},{"@type":"ImageObject","@id":"https:\/\/kkpp.pl\/de\/kkpp-i-region\/biznes-w-miescie\/#primaryimage","inLanguage":"de","url":"https:\/\/kkpp.pl\/wp-content\/uploads\/2024\/08\/COI-inwestuj-w-kedzierzynie2.jpg","contentUrl":"https:\/\/kkpp.pl\/wp-content\/uploads\/2024\/08\/COI-inwestuj-w-kedzierzynie2.jpg","width":2000,"height":635},{"@type":"WebPage","@id":"https:\/\/kkpp.pl\/de\/kkpp-i-region\/biznes-w-miescie\/#webpage","url":"https:\/\/kkpp.pl\/de\/kkpp-i-region\/biznes-w-miescie\/","name":"Unternehmenslandschaft in K\u0119dzierzyn-Ko\u017ale - KKPP K\u0119dzierzy\u0144sko-Kozielski Park Przemys\u0142owy Sp. z o.o.","isPartOf":{"@id":"https:\/\/kkpp.pl\/de\/#website"},"primaryImageOfPage":{"@id":"https:\/\/kkpp.pl\/de\/kkpp-i-region\/biznes-w-miescie\/#primaryimage"},"datePublished":"2018-03-01T09:45:19+00:00","dateModified":"2026-03-16T10:10:22+00:00","breadcrumb":{"@id":"https:\/\/kkpp.pl\/de\/kkpp-i-region\/biznes-w-miescie\/#breadcrumb"},"inLanguage":"de","potentialAction":[{"@type":"ReadAction","target":[["https:\/\/kkpp.pl\/kkpp-i-region\/biznes-w-miescie\/"]]}]},{"@type":"BreadcrumbList","@id":"https:\/\/kkpp.pl\/de\/kkpp-i-region\/biznes-w-miescie\/#breadcrumb","itemListElement":[{"@type":"ListItem","position":1,"name":"KKPP i Region","item":"https:\/\/kkpp.pl\/kkpp-i-region\/"},{"@type":"ListItem","position":2,"name":"Biznes w mie\u015bcie"}]}]}},"_links":{"self":[{"href":"https:\/\/kkpp.pl\/de\/wp-json\/wp\/v2\/pages\/28"}],"collection":[{"href":"https:\/\/kkpp.pl\/de\/wp-json\/wp\/v2\/pages"}],"about":[{"href":"https:\/\/kkpp.pl\/de\/wp-json\/wp\/v2\/types\/page"}],"author":[{"embeddable":true,"href":"https:\/\/kkpp.pl\/de\/wp-json\/wp\/v2\/users\/1"}],"replies":[{"embeddable":true,"href":"https:\/\/kkpp.pl\/de\/wp-json\/wp\/v2\/comments?post=28"}],"version-history":[{"count":12,"href":"https:\/\/kkpp.pl\/de\/wp-json\/wp\/v2\/pages\/28\/revisions"}],"predecessor-version":[{"id":4316,"href":"https:\/\/kkpp.pl\/de\/wp-json\/wp\/v2\/pages\/28\/revisions\/4316"}],"up":[{"embeddable":true,"href":"https:\/\/kkpp.pl\/de\/wp-json\/wp\/v2\/pages\/5"}],"wp:featuredmedia":[{"embeddable":true,"href":"https:\/\/kkpp.pl\/de\/wp-json\/wp\/v2\/media\/3607"}],"wp:attachment":[{"href":"https:\/\/kkpp.pl\/de\/wp-json\/wp\/v2\/media?parent=28"}],"curies":[{"name":"wp","href":"https:\/\/api.w.org\/{rel}","templated":true}]}}