{"id":30,"date":"2018-03-01T10:45:38","date_gmt":"2018-03-01T09:45:38","guid":{"rendered":"https:\/\/kkpp.pl\/?page_id=30"},"modified":"2024-08-06T20:57:57","modified_gmt":"2024-08-06T18:57:57","slug":"miasto-w-liczbach","status":"publish","type":"page","link":"https:\/\/kkpp.pl\/de\/kkpp-und-region\/die-stadt-in-zahlen\/","title":{"rendered":"Die Stadt in Zahlen"},"content":{"rendered":"<p>Statistische Angaben; K\u0119dzierzyn-Ko\u017ale in Zahlen*<br \/>\n<strong>Einwohner:<\/strong> 62.088<br \/>\n<strong>Fl\u00e4che:<\/strong> 123,7 km2<br \/>\n<strong>im Stadtgebiet ans\u00e4ssige Firmen:<\/strong> 6.921, darunter:<br \/>\n\u2192 6.589 im privaten Sektor \/ \u2192 106 Unternehmen mit ausl\u00e4ndischer Beteiligung<br \/>\n<strong>Erwerbst\u00e4tige in der Stadt:<\/strong> 16.697, hiervon 7.671 in Industrie und Bauwesen<br \/>\n<strong>Erwerbslosenquote im Landkreis:<\/strong> 9,1%<br \/>\n<strong>Erwerbslosenquote in der Wojewodschaft:<\/strong> 7,2%<br \/>\n<strong>Durchschnittliche Bruttol\u00f6hne im Landkreis:<\/strong><br \/>\n\u2192 4.627,08 PLN<br \/>\n\u2192 5.000,25 PLN in der Baubranche und in der Industrie<br \/>\nDurchschnittliche Investitionsaufwendungen in den Unternehmen im Landkreis: 538.613.000 PLN<br \/>\n\u2192 446.989.000 PLN in der Industrie<br \/>\n<strong>Stra\u00dfen im Landkreis:<\/strong><br \/>\n\u2192 239,3 km Kreisstra\u00dfen, 303,4 km Gemeindestra\u00dfen<br \/>\n\u2192 Stra\u00dfennetz in der Wojewodschaft Opole insg.: 3.680 km<\/p>\n<p><strong>Entfernung von K\u0119dzierzyn-Ko\u017ale zu den gr\u00f6\u00dften polnischen St\u00e4dten.<br \/>\n<img loading=\"lazy\" class=\"alignnone wp-image-433 size-large\" src=\"https:\/\/kkpp.pl\/wp-content\/uploads\/2018\/04\/Miasta-odleglosci_de-700x543.jpg\" alt=\"\" width=\"700\" height=\"543\" srcset=\"https:\/\/kkpp.pl\/wp-content\/uploads\/2018\/04\/Miasta-odleglosci_de-700x543.jpg 700w, https:\/\/kkpp.pl\/wp-content\/uploads\/2018\/04\/Miasta-odleglosci_de-250x194.jpg 250w, https:\/\/kkpp.pl\/wp-content\/uploads\/2018\/04\/Miasta-odleglosci_de-768x596.jpg 768w, https:\/\/kkpp.pl\/wp-content\/uploads\/2018\/04\/Miasta-odleglosci_de-120x93.jpg 120w\" sizes=\"(max-width: 700px) 100vw, 700px\" \/><br \/>\n<\/strong><\/p>\n<p><strong>Entfernung von K\u0119dzierzyn-Ko\u017ale zu den n\u00e4chsten Flugh\u00e4fen.<br \/>\n<img loading=\"lazy\" class=\"alignnone wp-image-430 size-large\" src=\"https:\/\/kkpp.pl\/wp-content\/uploads\/2018\/04\/Lotniska-odleglosci_de-700x810.jpg\" alt=\"\" width=\"700\" height=\"810\" srcset=\"https:\/\/kkpp.pl\/wp-content\/uploads\/2018\/04\/Lotniska-odleglosci_de-700x810.jpg 700w, https:\/\/kkpp.pl\/wp-content\/uploads\/2018\/04\/Lotniska-odleglosci_de-250x289.jpg 250w, https:\/\/kkpp.pl\/wp-content\/uploads\/2018\/04\/Lotniska-odleglosci_de-768x888.jpg 768w, https:\/\/kkpp.pl\/wp-content\/uploads\/2018\/04\/Lotniska-odleglosci_de-120x139.jpg 120w\" sizes=\"(max-width: 700px) 100vw, 700px\" \/><br \/>\n<\/strong><\/p>\n<p><strong>Verkehr<\/strong><br \/>\nAufgrund ihrer Lage in Mitteleuropa befinden sich in einem Radius von bis 500 km von der Stadt gleich sechs europ\u00e4ische Hauptst\u00e4dte (Warschau, Berlin, Prag, Wien, Bratislava und Budapest), bis zu 140 km entfernt gelegen sind die drei internationalen Flugh\u00e4fen Katowice, Wroc\u0142aw und Krak\u00f3w. K\u0119dzierzyn-Ko\u017ale ist entlang der wichtigsten Verkehrswege zwischen den Ballungszentren in Nieder- und Oberschlesien gelegen. Hier verlaufen vier Wojewodschaftsstra\u00dfen (DW 408, 410, 423 und 426), durch die Stadt selbst verl\u00e4uft die Landesstra\u00dfe DK Nr. 40. In unmittelbarer N\u00e4he zur Stadt befinden sich gleich mehrere Anschlussstellen an die A4.<br \/>\nEbenso ist die Stadt ausgezeichnet an das Schienennetz (Personen- und G\u00fcterverkehr) angebunden; durch die Stadt verl\u00e4uft die Hauptverkehrslinie Ost-West, die an das Transeurop\u00e4ische Netz angeschlossen werden soll. Zudem liegt die Stadt an der Oder, direkt am Gleiwitzer Kanal, womit \u00fcber den Hafen in Gliwice eine Anbindung an die Wasserstra\u00dfen nach Szczecin, Bydgoszcz, Westeuropa und Oberschlesien besteht.<\/p>\n<p><strong>Entfernung zur Staatsgrenze<\/strong><br \/>\n<img loading=\"lazy\" class=\"alignnone wp-image-428 size-large\" src=\"https:\/\/kkpp.pl\/wp-content\/uploads\/2018\/04\/Granice-odleglosci_de-700x700.jpg\" alt=\"\" width=\"700\" height=\"700\" srcset=\"https:\/\/kkpp.pl\/wp-content\/uploads\/2018\/04\/Granice-odleglosci_de-700x700.jpg 700w, https:\/\/kkpp.pl\/wp-content\/uploads\/2018\/04\/Granice-odleglosci_de-150x150.jpg 150w, https:\/\/kkpp.pl\/wp-content\/uploads\/2018\/04\/Granice-odleglosci_de-250x250.jpg 250w, https:\/\/kkpp.pl\/wp-content\/uploads\/2018\/04\/Granice-odleglosci_de-768x768.jpg 768w, https:\/\/kkpp.pl\/wp-content\/uploads\/2018\/04\/Granice-odleglosci_de-120x120.jpg 120w\" sizes=\"(max-width: 700px) 100vw, 700px\" \/><\/p>\n<p><strong>Entfernung von K\u0119dzierzyn-Ko\u017ale zu den n\u00e4chstgelegenen europ\u00e4ischen Hauptst\u00e4dten.<br \/>\n<img loading=\"lazy\" class=\"alignnone wp-image-435 size-large\" src=\"https:\/\/kkpp.pl\/wp-content\/uploads\/2018\/04\/Stolice-odleglosci_de-700x700.jpg\" alt=\"\" width=\"700\" height=\"700\" srcset=\"https:\/\/kkpp.pl\/wp-content\/uploads\/2018\/04\/Stolice-odleglosci_de-700x700.jpg 700w, https:\/\/kkpp.pl\/wp-content\/uploads\/2018\/04\/Stolice-odleglosci_de-150x150.jpg 150w, https:\/\/kkpp.pl\/wp-content\/uploads\/2018\/04\/Stolice-odleglosci_de-250x250.jpg 250w, https:\/\/kkpp.pl\/wp-content\/uploads\/2018\/04\/Stolice-odleglosci_de-768x768.jpg 768w, https:\/\/kkpp.pl\/wp-content\/uploads\/2018\/04\/Stolice-odleglosci_de-120x120.jpg 120w\" sizes=\"(max-width: 700px) 100vw, 700px\" \/><br \/>\n<\/strong><\/p>\n<p><strong>Schulwesen<\/strong><br \/>\nBerufsschulen im Landkreis: 6 (27 Ausbildungsrichtungen)<br \/>\n\u2192 Anzahl der Sch\u00fclerinnen und Sch\u00fcler\/Auszubildenden: 430<br \/>\nberufliche Gymnasien im Landkreis: 6 (69 Ausbildungsrichtungen)<br \/>\n\u2192 Anzahl der Sch\u00fclerinnen und Sch\u00fcler: 1683<\/p>\n<p>Die Stadt wartet mit gut ausgebildetem Personal sowie einem breiten Bildungsangebot auf, das auf die praktische Berufsausbildung ausgerichtet ist. Es gibt u.a. sechs Berufsschulen, darunter die das Berufsschulzentrum f\u00fcr Binnenschifffahrt. 2016 errichtete die Technische Universit\u00e4t in K\u0119dzierzyn-Ko\u017ale einen weiteren Standort; die Fakult\u00e4t Systemtechnik bildet in den Studienrichtungen Biotechnologie und\u00a0 industrielle Informationstechnik aus.<br \/>\nDie sechs Hoch- und Fachhochschulen der Region decken ein breites Ausbildungsspektrum ab. J\u00e4hrlich werden ca. 6.500 Absolventen der Mittelschulen sowie ca. 7.000 Hochschulabsolventen dem Arbeitsmarkt bereitgestellt.<br \/>\n* Angaben aus dem Jahr 2016, Quelle:<a href=\"http:\/\/opole.stat.gov.pl\"> http:\/\/opole.stat.gov.pl<\/a><\/p>","protected":false},"excerpt":{"rendered":"Statistische Angaben; K\u0119dzierzyn-Ko\u017ale in Zahlen* Einwohner: 62.088 Fl\u00e4che: 123,7 km2 im Stadtgebiet ans\u00e4ssige Firmen: 6.921, darunter: \u2192 6.589 im privaten Sektor \/ \u2192 106 Unternehmen mit ausl\u00e4ndischer Beteiligung Erwerbst\u00e4tige in der Stadt: 16.697, hiervon 7.671 in Industrie und Bauwesen Erwerbslosenquote im Landkreis: 9,1% Erwerbslosenquote in der Wojewodschaft: 7,2% Durchschnittliche Bruttol\u00f6hne im Landkreis: \u2192 4.627,08 PLN&#8230; <a class=\"view-article\" href=\"https:\/\/kkpp.pl\/de\/kkpp-und-region\/die-stadt-in-zahlen\/\"><br><p style=\"text-align:right\"><i>wi\u0119cej ><\/i><\/p><\/a>","protected":false},"author":1,"featured_media":3607,"parent":5,"menu_order":3,"comment_status":"closed","ping_status":"closed","template":"","meta":{"inline_featured_image":false},"acf":[],"yoast_head":"<!-- This site is optimized with the Yoast SEO plugin v18.1 - https:\/\/yoast.com\/wordpress\/plugins\/seo\/ -->\n<meta name=\"robots\" content=\"index, follow, max-snippet:-1, max-image-preview:large, max-video-preview:-1\" \/>\n<link rel=\"canonical\" href=\"https:\/\/kkpp.pl\/de\/kkpp-i-region\/miasto-w-liczbach\/\" \/>\n<meta property=\"og:locale\" content=\"de_DE\" \/>\n<meta property=\"og:type\" content=\"article\" \/>\n<meta property=\"og:title\" content=\"Die Stadt in Zahlen - KKPP K\u0119dzierzy\u0144sko-Kozielski Park Przemys\u0142owy Sp. z o.o.\" \/>\n<meta property=\"og:description\" content=\"Statistische Angaben; K\u0119dzierzyn-Ko\u017ale in Zahlen* Einwohner: 62.088 Fl\u00e4che: 123,7 km2 im Stadtgebiet ans\u00e4ssige Firmen: 6.921, darunter: \u2192 6.589 im privaten Sektor \/ \u2192 106 Unternehmen mit ausl\u00e4ndischer Beteiligung Erwerbst\u00e4tige in der Stadt: 16.697, hiervon 7.671 in Industrie und Bauwesen Erwerbslosenquote im Landkreis: 9,1% Erwerbslosenquote in der Wojewodschaft: 7,2% Durchschnittliche Bruttol\u00f6hne im Landkreis: \u2192 4.627,08 PLN... wi\u0119cej &gt;\" \/>\n<meta property=\"og:url\" content=\"https:\/\/kkpp.pl\/de\/kkpp-i-region\/miasto-w-liczbach\/\" \/>\n<meta property=\"og:site_name\" content=\"KKPP K\u0119dzierzy\u0144sko-Kozielski Park Przemys\u0142owy Sp. z o.o.\" \/>\n<meta property=\"article:modified_time\" content=\"2024-08-06T18:57:57+00:00\" \/>\n<meta property=\"og:image\" content=\"https:\/\/kkpp.pl\/wp-content\/uploads\/2024\/08\/COI-inwestuj-w-kedzierzynie2.jpg\" \/>\n\t<meta property=\"og:image:width\" content=\"2000\" \/>\n\t<meta property=\"og:image:height\" content=\"635\" \/>\n\t<meta property=\"og:image:type\" content=\"image\/jpeg\" \/>\n<meta name=\"twitter:card\" content=\"summary_large_image\" \/>\n<meta name=\"twitter:label1\" content=\"Gesch\u00e4tzte Lesezeit\" \/>\n\t<meta name=\"twitter:data1\" content=\"6\u00a0Minuten\" \/>\n<script type=\"application\/ld+json\" class=\"yoast-schema-graph\">{\"@context\":\"https:\/\/schema.org\",\"@graph\":[{\"@type\":\"WebSite\",\"@id\":\"https:\/\/kkpp.pl\/de\/#website\",\"url\":\"https:\/\/kkpp.pl\/de\/\",\"name\":\"KKPP K\u0119dzierzy\u0144sko-Kozielski Park Przemys\u0142owy Sp. z o.o.\",\"description\":\"Centrum Obs\u0142ugi Inwestora K\u0119dzierzyn-Ko\u017ale oferuje tereny inwestycyjne, wsparcie doradcze, szkoleniowe; wynajem powierzchni biurowych, produkcyjnych, us\u0142ugowych.\",\"potentialAction\":[{\"@type\":\"SearchAction\",\"target\":{\"@type\":\"EntryPoint\",\"urlTemplate\":\"https:\/\/kkpp.pl\/de\/?s={search_term_string}\"},\"query-input\":\"required name=search_term_string\"}],\"inLanguage\":\"de\"},{\"@type\":\"ImageObject\",\"@id\":\"https:\/\/kkpp.pl\/de\/kkpp-i-region\/miasto-w-liczbach\/#primaryimage\",\"inLanguage\":\"de\",\"url\":\"https:\/\/kkpp.pl\/wp-content\/uploads\/2024\/08\/COI-inwestuj-w-kedzierzynie2.jpg\",\"contentUrl\":\"https:\/\/kkpp.pl\/wp-content\/uploads\/2024\/08\/COI-inwestuj-w-kedzierzynie2.jpg\",\"width\":2000,\"height\":635},{\"@type\":\"WebPage\",\"@id\":\"https:\/\/kkpp.pl\/de\/kkpp-i-region\/miasto-w-liczbach\/#webpage\",\"url\":\"https:\/\/kkpp.pl\/de\/kkpp-i-region\/miasto-w-liczbach\/\",\"name\":\"Die Stadt in Zahlen - KKPP K\u0119dzierzy\u0144sko-Kozielski Park Przemys\u0142owy Sp. z o.o.\",\"isPartOf\":{\"@id\":\"https:\/\/kkpp.pl\/de\/#website\"},\"primaryImageOfPage\":{\"@id\":\"https:\/\/kkpp.pl\/de\/kkpp-i-region\/miasto-w-liczbach\/#primaryimage\"},\"datePublished\":\"2018-03-01T09:45:38+00:00\",\"dateModified\":\"2024-08-06T18:57:57+00:00\",\"breadcrumb\":{\"@id\":\"https:\/\/kkpp.pl\/de\/kkpp-i-region\/miasto-w-liczbach\/#breadcrumb\"},\"inLanguage\":\"de\",\"potentialAction\":[{\"@type\":\"ReadAction\",\"target\":[[\"https:\/\/kkpp.pl\/kkpp-i-region\/miasto-w-liczbach\/\"]]}]},{\"@type\":\"BreadcrumbList\",\"@id\":\"https:\/\/kkpp.pl\/de\/kkpp-i-region\/miasto-w-liczbach\/#breadcrumb\",\"itemListElement\":[{\"@type\":\"ListItem\",\"position\":1,\"name\":\"KKPP i Region\",\"item\":\"https:\/\/kkpp.pl\/kkpp-i-region\/\"},{\"@type\":\"ListItem\",\"position\":2,\"name\":\"Miasto w liczbach\"}]}]}<\/script>\n<!-- \/ Yoast SEO plugin. -->","yoast_head_json":{"robots":{"index":"index","follow":"follow","max-snippet":"max-snippet:-1","max-image-preview":"max-image-preview:large","max-video-preview":"max-video-preview:-1"},"canonical":"https:\/\/kkpp.pl\/de\/kkpp-i-region\/miasto-w-liczbach\/","og_locale":"de_DE","og_type":"article","og_title":"Die Stadt in Zahlen - KKPP K\u0119dzierzy\u0144sko-Kozielski Park Przemys\u0142owy Sp. z o.o.","og_description":"Statistische Angaben; K\u0119dzierzyn-Ko\u017ale in Zahlen* Einwohner: 62.088 Fl\u00e4che: 123,7 km2 im Stadtgebiet ans\u00e4ssige Firmen: 6.921, darunter: \u2192 6.589 im privaten Sektor \/ \u2192 106 Unternehmen mit ausl\u00e4ndischer Beteiligung Erwerbst\u00e4tige in der Stadt: 16.697, hiervon 7.671 in Industrie und Bauwesen Erwerbslosenquote im Landkreis: 9,1% Erwerbslosenquote in der Wojewodschaft: 7,2% Durchschnittliche Bruttol\u00f6hne im Landkreis: \u2192 4.627,08 PLN... wi\u0119cej >","og_url":"https:\/\/kkpp.pl\/de\/kkpp-i-region\/miasto-w-liczbach\/","og_site_name":"KKPP K\u0119dzierzy\u0144sko-Kozielski Park Przemys\u0142owy Sp. z o.o.","article_modified_time":"2024-08-06T18:57:57+00:00","og_image":[{"width":2000,"height":635,"url":"https:\/\/kkpp.pl\/wp-content\/uploads\/2024\/08\/COI-inwestuj-w-kedzierzynie2.jpg","type":"image\/jpeg"}],"twitter_card":"summary_large_image","twitter_misc":{"Gesch\u00e4tzte Lesezeit":"6\u00a0Minuten"},"schema":{"@context":"https:\/\/schema.org","@graph":[{"@type":"WebSite","@id":"https:\/\/kkpp.pl\/de\/#website","url":"https:\/\/kkpp.pl\/de\/","name":"KKPP K\u0119dzierzy\u0144sko-Kozielski Park Przemys\u0142owy Sp. z o.o.","description":"Centrum Obs\u0142ugi Inwestora K\u0119dzierzyn-Ko\u017ale oferuje tereny inwestycyjne, wsparcie doradcze, szkoleniowe; wynajem powierzchni biurowych, produkcyjnych, us\u0142ugowych.","potentialAction":[{"@type":"SearchAction","target":{"@type":"EntryPoint","urlTemplate":"https:\/\/kkpp.pl\/de\/?s={search_term_string}"},"query-input":"required name=search_term_string"}],"inLanguage":"de"},{"@type":"ImageObject","@id":"https:\/\/kkpp.pl\/de\/kkpp-i-region\/miasto-w-liczbach\/#primaryimage","inLanguage":"de","url":"https:\/\/kkpp.pl\/wp-content\/uploads\/2024\/08\/COI-inwestuj-w-kedzierzynie2.jpg","contentUrl":"https:\/\/kkpp.pl\/wp-content\/uploads\/2024\/08\/COI-inwestuj-w-kedzierzynie2.jpg","width":2000,"height":635},{"@type":"WebPage","@id":"https:\/\/kkpp.pl\/de\/kkpp-i-region\/miasto-w-liczbach\/#webpage","url":"https:\/\/kkpp.pl\/de\/kkpp-i-region\/miasto-w-liczbach\/","name":"Die Stadt in Zahlen - KKPP K\u0119dzierzy\u0144sko-Kozielski Park Przemys\u0142owy Sp. z o.o.","isPartOf":{"@id":"https:\/\/kkpp.pl\/de\/#website"},"primaryImageOfPage":{"@id":"https:\/\/kkpp.pl\/de\/kkpp-i-region\/miasto-w-liczbach\/#primaryimage"},"datePublished":"2018-03-01T09:45:38+00:00","dateModified":"2024-08-06T18:57:57+00:00","breadcrumb":{"@id":"https:\/\/kkpp.pl\/de\/kkpp-i-region\/miasto-w-liczbach\/#breadcrumb"},"inLanguage":"de","potentialAction":[{"@type":"ReadAction","target":[["https:\/\/kkpp.pl\/kkpp-i-region\/miasto-w-liczbach\/"]]}]},{"@type":"BreadcrumbList","@id":"https:\/\/kkpp.pl\/de\/kkpp-i-region\/miasto-w-liczbach\/#breadcrumb","itemListElement":[{"@type":"ListItem","position":1,"name":"KKPP i Region","item":"https:\/\/kkpp.pl\/kkpp-i-region\/"},{"@type":"ListItem","position":2,"name":"Miasto w liczbach"}]}]}},"_links":{"self":[{"href":"https:\/\/kkpp.pl\/de\/wp-json\/wp\/v2\/pages\/30"}],"collection":[{"href":"https:\/\/kkpp.pl\/de\/wp-json\/wp\/v2\/pages"}],"about":[{"href":"https:\/\/kkpp.pl\/de\/wp-json\/wp\/v2\/types\/page"}],"author":[{"embeddable":true,"href":"https:\/\/kkpp.pl\/de\/wp-json\/wp\/v2\/users\/1"}],"replies":[{"embeddable":true,"href":"https:\/\/kkpp.pl\/de\/wp-json\/wp\/v2\/comments?post=30"}],"version-history":[{"count":8,"href":"https:\/\/kkpp.pl\/de\/wp-json\/wp\/v2\/pages\/30\/revisions"}],"predecessor-version":[{"id":2317,"href":"https:\/\/kkpp.pl\/de\/wp-json\/wp\/v2\/pages\/30\/revisions\/2317"}],"up":[{"embeddable":true,"href":"https:\/\/kkpp.pl\/de\/wp-json\/wp\/v2\/pages\/5"}],"wp:featuredmedia":[{"embeddable":true,"href":"https:\/\/kkpp.pl\/de\/wp-json\/wp\/v2\/media\/3607"}],"wp:attachment":[{"href":"https:\/\/kkpp.pl\/de\/wp-json\/wp\/v2\/media?parent=30"}],"curies":[{"name":"wp","href":"https:\/\/api.w.org\/{rel}","templated":true}]}}