{"id":3209,"date":"2024-04-24T21:53:19","date_gmt":"2024-04-24T19:53:19","guid":{"rendered":"https:\/\/kkpp.pl\/?page_id=3209"},"modified":"2024-04-29T14:04:59","modified_gmt":"2024-04-29T12:04:59","slug":"dzialka-175-3","status":"publish","type":"page","link":"https:\/\/kkpp.pl\/de\/fur-investoren\/gewerbeflachen\/polski-azoty-1044\/polski-dzialka-175-3\/","title":{"rendered":"(Polski) Dzia\u0142ka 175\/3"},"content":{"rendered":"<p class=\"qtranxs-available-languages-message qtranxs-available-languages-message-de\">Leider ist der Eintrag nur auf <a href=\"https:\/\/kkpp.pl\/pl\/wp-json\/wp\/v2\/pages\/3209\" class=\"qtranxs-available-language-link qtranxs-available-language-link-pl\" title=\"Polski\">Polnisch<\/a> verf\u00fcgbar.<\/p>","protected":false},"excerpt":{"rendered":"Leider ist der Eintrag nur auf Polnisch verf\u00fcgbar.","protected":false},"author":2,"featured_media":0,"parent":3463,"menu_order":0,"comment_status":"closed","ping_status":"closed","template":"","meta":{"inline_featured_image":false},"acf":[],"yoast_head":"<!-- This site is optimized with the Yoast SEO plugin v18.1 - https:\/\/yoast.com\/wordpress\/plugins\/seo\/ -->\n<meta name=\"robots\" content=\"index, follow, max-snippet:-1, max-image-preview:large, max-video-preview:-1\" \/>\n<link rel=\"canonical\" href=\"https:\/\/kkpp.pl\/de\/centrum-obslugi-inwestora\/tereny-inwestycyjne\/azoty-1044\/dzialka-175-3\/\" \/>\n<meta property=\"og:locale\" content=\"de_DE\" \/>\n<meta property=\"og:type\" content=\"article\" \/>\n<meta property=\"og:title\" content=\"(Polski) Dzia\u0142ka 175\/3 - KKPP K\u0119dzierzy\u0144sko-Kozielski Park Przemys\u0142owy Sp. z o.o.\" \/>\n<meta property=\"og:description\" content=\"Leider ist der Eintrag nur auf Polnisch verf\u00fcgbar.\" \/>\n<meta property=\"og:url\" content=\"https:\/\/kkpp.pl\/de\/centrum-obslugi-inwestora\/tereny-inwestycyjne\/azoty-1044\/dzialka-175-3\/\" \/>\n<meta property=\"og:site_name\" content=\"KKPP K\u0119dzierzy\u0144sko-Kozielski Park Przemys\u0142owy Sp. z o.o.\" \/>\n<meta property=\"article:modified_time\" content=\"2024-04-29T12:04:59+00:00\" \/>\n<meta property=\"og:image\" content=\"https:\/\/kkpp.pl\/wp-content\/uploads\/2024\/04\/mapa_dzialka_175-3_Azoty-150x150.png\" \/>\n<meta name=\"twitter:card\" content=\"summary_large_image\" \/>\n<meta name=\"twitter:label1\" content=\"Gesch\u00e4tzte Lesezeit\" \/>\n\t<meta name=\"twitter:data1\" content=\"1\u00a0Minute\" \/>\n<script type=\"application\/ld+json\" class=\"yoast-schema-graph\">{\"@context\":\"https:\/\/schema.org\",\"@graph\":[{\"@type\":\"WebSite\",\"@id\":\"https:\/\/kkpp.pl\/de\/#website\",\"url\":\"https:\/\/kkpp.pl\/de\/\",\"name\":\"KKPP K\u0119dzierzy\u0144sko-Kozielski Park Przemys\u0142owy Sp. z o.o.\",\"description\":\"Centrum Obs\u0142ugi Inwestora K\u0119dzierzyn-Ko\u017ale oferuje tereny inwestycyjne, wsparcie doradcze, szkoleniowe; wynajem powierzchni biurowych, produkcyjnych, us\u0142ugowych.\",\"potentialAction\":[{\"@type\":\"SearchAction\",\"target\":{\"@type\":\"EntryPoint\",\"urlTemplate\":\"https:\/\/kkpp.pl\/de\/?s={search_term_string}\"},\"query-input\":\"required name=search_term_string\"}],\"inLanguage\":\"de\"},{\"@type\":\"ImageObject\",\"@id\":\"https:\/\/kkpp.pl\/de\/centrum-obslugi-inwestora\/tereny-inwestycyjne\/azoty-1044\/dzialka-175-3\/#primaryimage\",\"inLanguage\":\"de\",\"url\":\"https:\/\/kkpp.pl\/wp-content\/uploads\/2021\/06\/KKPP_baner-600x100px.jpg\",\"contentUrl\":\"https:\/\/kkpp.pl\/wp-content\/uploads\/2021\/06\/KKPP_baner-600x100px.jpg\",\"width\":2501,\"height\":417},{\"@type\":\"WebPage\",\"@id\":\"https:\/\/kkpp.pl\/de\/centrum-obslugi-inwestora\/tereny-inwestycyjne\/azoty-1044\/dzialka-175-3\/#webpage\",\"url\":\"https:\/\/kkpp.pl\/de\/centrum-obslugi-inwestora\/tereny-inwestycyjne\/azoty-1044\/dzialka-175-3\/\",\"name\":\"(Polski) Dzia\u0142ka 175\/3 - KKPP K\u0119dzierzy\u0144sko-Kozielski Park Przemys\u0142owy Sp. z o.o.\",\"isPartOf\":{\"@id\":\"https:\/\/kkpp.pl\/de\/#website\"},\"primaryImageOfPage\":{\"@id\":\"https:\/\/kkpp.pl\/de\/centrum-obslugi-inwestora\/tereny-inwestycyjne\/azoty-1044\/dzialka-175-3\/#primaryimage\"},\"datePublished\":\"2024-04-24T19:53:19+00:00\",\"dateModified\":\"2024-04-29T12:04:59+00:00\",\"breadcrumb\":{\"@id\":\"https:\/\/kkpp.pl\/de\/centrum-obslugi-inwestora\/tereny-inwestycyjne\/azoty-1044\/dzialka-175-3\/#breadcrumb\"},\"inLanguage\":\"de\",\"potentialAction\":[{\"@type\":\"ReadAction\",\"target\":[[\"https:\/\/kkpp.pl\/centrum-obslugi-inwestora\/tereny-inwestycyjne\/azoty-1044\/dzialka-175-3\/\"]]}]},{\"@type\":\"BreadcrumbList\",\"@id\":\"https:\/\/kkpp.pl\/de\/centrum-obslugi-inwestora\/tereny-inwestycyjne\/azoty-1044\/dzialka-175-3\/#breadcrumb\",\"itemListElement\":[{\"@type\":\"ListItem\",\"position\":1,\"name\":\"Centrum Obs\u0142ugi Inwestora\",\"item\":\"https:\/\/kkpp.pl\/centrum-obslugi-inwestora\/\"},{\"@type\":\"ListItem\",\"position\":2,\"name\":\"Tereny inwestycyjne\",\"item\":\"https:\/\/kkpp.pl\/centrum-obslugi-inwestora\/tereny-inwestycyjne\/\"},{\"@type\":\"ListItem\",\"position\":3,\"name\":\"Azoty \/1044\/\",\"item\":\"https:\/\/kkpp.pl\/centrum-obslugi-inwestora\/tereny-inwestycyjne\/azoty-1044\/\"},{\"@type\":\"ListItem\",\"position\":4,\"name\":\"Dzia\u0142ka 175\/3\"}]}]}<\/script>\n<!-- \/ Yoast SEO plugin. -->","yoast_head_json":{"robots":{"index":"index","follow":"follow","max-snippet":"max-snippet:-1","max-image-preview":"max-image-preview:large","max-video-preview":"max-video-preview:-1"},"canonical":"https:\/\/kkpp.pl\/de\/centrum-obslugi-inwestora\/tereny-inwestycyjne\/azoty-1044\/dzialka-175-3\/","og_locale":"de_DE","og_type":"article","og_title":"(Polski) Dzia\u0142ka 175\/3 - KKPP K\u0119dzierzy\u0144sko-Kozielski Park Przemys\u0142owy Sp. z o.o.","og_description":"Leider ist der Eintrag nur auf Polnisch verf\u00fcgbar.","og_url":"https:\/\/kkpp.pl\/de\/centrum-obslugi-inwestora\/tereny-inwestycyjne\/azoty-1044\/dzialka-175-3\/","og_site_name":"KKPP K\u0119dzierzy\u0144sko-Kozielski Park Przemys\u0142owy Sp. z o.o.","article_modified_time":"2024-04-29T12:04:59+00:00","og_image":[{"url":"https:\/\/kkpp.pl\/wp-content\/uploads\/2024\/04\/mapa_dzialka_175-3_Azoty-150x150.png"}],"twitter_card":"summary_large_image","twitter_misc":{"Gesch\u00e4tzte Lesezeit":"1\u00a0Minute"},"schema":{"@context":"https:\/\/schema.org","@graph":[{"@type":"WebSite","@id":"https:\/\/kkpp.pl\/de\/#website","url":"https:\/\/kkpp.pl\/de\/","name":"KKPP K\u0119dzierzy\u0144sko-Kozielski Park Przemys\u0142owy Sp. z o.o.","description":"Centrum Obs\u0142ugi Inwestora K\u0119dzierzyn-Ko\u017ale oferuje tereny inwestycyjne, wsparcie doradcze, szkoleniowe; wynajem powierzchni biurowych, produkcyjnych, us\u0142ugowych.","potentialAction":[{"@type":"SearchAction","target":{"@type":"EntryPoint","urlTemplate":"https:\/\/kkpp.pl\/de\/?s={search_term_string}"},"query-input":"required name=search_term_string"}],"inLanguage":"de"},{"@type":"ImageObject","@id":"https:\/\/kkpp.pl\/de\/centrum-obslugi-inwestora\/tereny-inwestycyjne\/azoty-1044\/dzialka-175-3\/#primaryimage","inLanguage":"de","url":"https:\/\/kkpp.pl\/wp-content\/uploads\/2021\/06\/KKPP_baner-600x100px.jpg","contentUrl":"https:\/\/kkpp.pl\/wp-content\/uploads\/2021\/06\/KKPP_baner-600x100px.jpg","width":2501,"height":417},{"@type":"WebPage","@id":"https:\/\/kkpp.pl\/de\/centrum-obslugi-inwestora\/tereny-inwestycyjne\/azoty-1044\/dzialka-175-3\/#webpage","url":"https:\/\/kkpp.pl\/de\/centrum-obslugi-inwestora\/tereny-inwestycyjne\/azoty-1044\/dzialka-175-3\/","name":"(Polski) Dzia\u0142ka 175\/3 - KKPP K\u0119dzierzy\u0144sko-Kozielski Park Przemys\u0142owy Sp. z o.o.","isPartOf":{"@id":"https:\/\/kkpp.pl\/de\/#website"},"primaryImageOfPage":{"@id":"https:\/\/kkpp.pl\/de\/centrum-obslugi-inwestora\/tereny-inwestycyjne\/azoty-1044\/dzialka-175-3\/#primaryimage"},"datePublished":"2024-04-24T19:53:19+00:00","dateModified":"2024-04-29T12:04:59+00:00","breadcrumb":{"@id":"https:\/\/kkpp.pl\/de\/centrum-obslugi-inwestora\/tereny-inwestycyjne\/azoty-1044\/dzialka-175-3\/#breadcrumb"},"inLanguage":"de","potentialAction":[{"@type":"ReadAction","target":[["https:\/\/kkpp.pl\/centrum-obslugi-inwestora\/tereny-inwestycyjne\/azoty-1044\/dzialka-175-3\/"]]}]},{"@type":"BreadcrumbList","@id":"https:\/\/kkpp.pl\/de\/centrum-obslugi-inwestora\/tereny-inwestycyjne\/azoty-1044\/dzialka-175-3\/#breadcrumb","itemListElement":[{"@type":"ListItem","position":1,"name":"Centrum Obs\u0142ugi Inwestora","item":"https:\/\/kkpp.pl\/centrum-obslugi-inwestora\/"},{"@type":"ListItem","position":2,"name":"Tereny inwestycyjne","item":"https:\/\/kkpp.pl\/centrum-obslugi-inwestora\/tereny-inwestycyjne\/"},{"@type":"ListItem","position":3,"name":"Azoty \/1044\/","item":"https:\/\/kkpp.pl\/centrum-obslugi-inwestora\/tereny-inwestycyjne\/azoty-1044\/"},{"@type":"ListItem","position":4,"name":"Dzia\u0142ka 175\/3"}]}]}},"_links":{"self":[{"href":"https:\/\/kkpp.pl\/de\/wp-json\/wp\/v2\/pages\/3209"}],"collection":[{"href":"https:\/\/kkpp.pl\/de\/wp-json\/wp\/v2\/pages"}],"about":[{"href":"https:\/\/kkpp.pl\/de\/wp-json\/wp\/v2\/types\/page"}],"author":[{"embeddable":true,"href":"https:\/\/kkpp.pl\/de\/wp-json\/wp\/v2\/users\/2"}],"replies":[{"embeddable":true,"href":"https:\/\/kkpp.pl\/de\/wp-json\/wp\/v2\/comments?post=3209"}],"version-history":[{"count":1,"href":"https:\/\/kkpp.pl\/de\/wp-json\/wp\/v2\/pages\/3209\/revisions"}],"predecessor-version":[{"id":3210,"href":"https:\/\/kkpp.pl\/de\/wp-json\/wp\/v2\/pages\/3209\/revisions\/3210"}],"up":[{"embeddable":true,"href":"https:\/\/kkpp.pl\/de\/wp-json\/wp\/v2\/pages\/3463"}],"wp:attachment":[{"href":"https:\/\/kkpp.pl\/de\/wp-json\/wp\/v2\/media?parent=3209"}],"curies":[{"name":"wp","href":"https:\/\/api.w.org\/{rel}","templated":true}]}}