{"id":3690,"date":"2024-11-06T21:53:12","date_gmt":"2024-11-06T20:53:12","guid":{"rendered":"https:\/\/kkpp.pl\/?page_id=3690"},"modified":"2024-11-08T20:25:33","modified_gmt":"2024-11-08T19:25:33","slug":"19-listopada-2024","status":"publish","type":"page","link":"https:\/\/kkpp.pl\/de\/polski-stp\/polski-stp-2024\/polski-harmonogram-8\/polski-19-listopada-2024\/","title":{"rendered":"(Polski) 19 listopada 2024"},"content":{"rendered":"<p class=\"qtranxs-available-languages-message qtranxs-available-languages-message-de\">Leider ist der Eintrag nur auf <a href=\"https:\/\/kkpp.pl\/pl\/wp-json\/wp\/v2\/pages\/3690\" class=\"qtranxs-available-language-link qtranxs-available-language-link-pl\" title=\"Polski\">Polnisch<\/a> verf\u00fcgbar.<\/p>","protected":false},"excerpt":{"rendered":"Leider ist der Eintrag nur auf Polnisch verf\u00fcgbar.","protected":false},"author":2,"featured_media":0,"parent":3656,"menu_order":1,"comment_status":"closed","ping_status":"closed","template":"","meta":{"inline_featured_image":false},"acf":[],"yoast_head":"<!-- This site is optimized with the Yoast SEO plugin v18.1 - https:\/\/yoast.com\/wordpress\/plugins\/seo\/ -->\n<meta name=\"robots\" content=\"index, follow, max-snippet:-1, max-image-preview:large, max-video-preview:-1\" \/>\n<link rel=\"canonical\" href=\"https:\/\/kkpp.pl\/de\/stp\/stp-2024\/harmonogram-8\/19-listopada-2024\/\" \/>\n<meta property=\"og:locale\" content=\"de_DE\" \/>\n<meta property=\"og:type\" content=\"article\" \/>\n<meta property=\"og:title\" content=\"(Polski) 19 listopada 2024 - KKPP K\u0119dzierzy\u0144sko-Kozielski Park Przemys\u0142owy Sp. z o.o.\" \/>\n<meta property=\"og:description\" content=\"Leider ist der Eintrag nur auf Polnisch verf\u00fcgbar.\" \/>\n<meta property=\"og:url\" content=\"https:\/\/kkpp.pl\/de\/stp\/stp-2024\/harmonogram-8\/19-listopada-2024\/\" \/>\n<meta property=\"og:site_name\" content=\"KKPP K\u0119dzierzy\u0144sko-Kozielski Park Przemys\u0142owy Sp. z o.o.\" \/>\n<meta property=\"article:modified_time\" content=\"2024-11-08T19:25:33+00:00\" \/>\n<meta property=\"og:image\" content=\"https:\/\/kkpp.pl\/wp-content\/uploads\/2024\/11\/19-listopada-naglowek-scaled.jpg\" \/>\n<meta name=\"twitter:card\" content=\"summary_large_image\" \/>\n<meta name=\"twitter:label1\" content=\"Gesch\u00e4tzte Lesezeit\" \/>\n\t<meta name=\"twitter:data1\" content=\"1\u00a0Minute\" \/>\n<script type=\"application\/ld+json\" class=\"yoast-schema-graph\">{\"@context\":\"https:\/\/schema.org\",\"@graph\":[{\"@type\":\"WebSite\",\"@id\":\"https:\/\/kkpp.pl\/de\/#website\",\"url\":\"https:\/\/kkpp.pl\/de\/\",\"name\":\"KKPP K\u0119dzierzy\u0144sko-Kozielski Park Przemys\u0142owy Sp. z o.o.\",\"description\":\"Centrum Obs\u0142ugi Inwestora K\u0119dzierzyn-Ko\u017ale oferuje tereny inwestycyjne, wsparcie doradcze, szkoleniowe; wynajem powierzchni biurowych, produkcyjnych, us\u0142ugowych.\",\"potentialAction\":[{\"@type\":\"SearchAction\",\"target\":{\"@type\":\"EntryPoint\",\"urlTemplate\":\"https:\/\/kkpp.pl\/de\/?s={search_term_string}\"},\"query-input\":\"required name=search_term_string\"}],\"inLanguage\":\"de\"},{\"@type\":\"ImageObject\",\"@id\":\"https:\/\/kkpp.pl\/de\/stp\/stp-2024\/harmonogram-8\/19-listopada-2024\/#primaryimage\",\"inLanguage\":\"de\",\"url\":\"https:\/\/kkpp.pl\/wp-content\/uploads\/2024\/11\/19-listopada-naglowek-scaled.jpg\",\"contentUrl\":\"https:\/\/kkpp.pl\/wp-content\/uploads\/2024\/11\/19-listopada-naglowek-scaled.jpg\"},{\"@type\":\"WebPage\",\"@id\":\"https:\/\/kkpp.pl\/de\/stp\/stp-2024\/harmonogram-8\/19-listopada-2024\/#webpage\",\"url\":\"https:\/\/kkpp.pl\/de\/stp\/stp-2024\/harmonogram-8\/19-listopada-2024\/\",\"name\":\"(Polski) 19 listopada 2024 - KKPP K\u0119dzierzy\u0144sko-Kozielski Park Przemys\u0142owy Sp. z o.o.\",\"isPartOf\":{\"@id\":\"https:\/\/kkpp.pl\/de\/#website\"},\"primaryImageOfPage\":{\"@id\":\"https:\/\/kkpp.pl\/de\/stp\/stp-2024\/harmonogram-8\/19-listopada-2024\/#primaryimage\"},\"datePublished\":\"2024-11-06T20:53:12+00:00\",\"dateModified\":\"2024-11-08T19:25:33+00:00\",\"breadcrumb\":{\"@id\":\"https:\/\/kkpp.pl\/de\/stp\/stp-2024\/harmonogram-8\/19-listopada-2024\/#breadcrumb\"},\"inLanguage\":\"de\",\"potentialAction\":[{\"@type\":\"ReadAction\",\"target\":[[\"https:\/\/kkpp.pl\/stp\/stp-2024\/harmonogram-8\/19-listopada-2024\/\"]]}]},{\"@type\":\"BreadcrumbList\",\"@id\":\"https:\/\/kkpp.pl\/de\/stp\/stp-2024\/harmonogram-8\/19-listopada-2024\/#breadcrumb\",\"itemListElement\":[{\"@type\":\"ListItem\",\"position\":1,\"name\":\"\u015aTP\",\"item\":\"https:\/\/kkpp.pl\/stp\/\"},{\"@type\":\"ListItem\",\"position\":2,\"name\":\"\u015aTP 2024\",\"item\":\"https:\/\/kkpp.pl\/stp\/stp-2024\/\"},{\"@type\":\"ListItem\",\"position\":3,\"name\":\"Harmonogram\",\"item\":\"https:\/\/kkpp.pl\/stp\/stp-2024\/harmonogram-8\/\"},{\"@type\":\"ListItem\",\"position\":4,\"name\":\"19 listopada 2024\"}]}]}<\/script>\n<!-- \/ Yoast SEO plugin. -->","yoast_head_json":{"robots":{"index":"index","follow":"follow","max-snippet":"max-snippet:-1","max-image-preview":"max-image-preview:large","max-video-preview":"max-video-preview:-1"},"canonical":"https:\/\/kkpp.pl\/de\/stp\/stp-2024\/harmonogram-8\/19-listopada-2024\/","og_locale":"de_DE","og_type":"article","og_title":"(Polski) 19 listopada 2024 - KKPP K\u0119dzierzy\u0144sko-Kozielski Park Przemys\u0142owy Sp. z o.o.","og_description":"Leider ist der Eintrag nur auf Polnisch verf\u00fcgbar.","og_url":"https:\/\/kkpp.pl\/de\/stp\/stp-2024\/harmonogram-8\/19-listopada-2024\/","og_site_name":"KKPP K\u0119dzierzy\u0144sko-Kozielski Park Przemys\u0142owy Sp. z o.o.","article_modified_time":"2024-11-08T19:25:33+00:00","og_image":[{"url":"https:\/\/kkpp.pl\/wp-content\/uploads\/2024\/11\/19-listopada-naglowek-scaled.jpg"}],"twitter_card":"summary_large_image","twitter_misc":{"Gesch\u00e4tzte Lesezeit":"1\u00a0Minute"},"schema":{"@context":"https:\/\/schema.org","@graph":[{"@type":"WebSite","@id":"https:\/\/kkpp.pl\/de\/#website","url":"https:\/\/kkpp.pl\/de\/","name":"KKPP K\u0119dzierzy\u0144sko-Kozielski Park Przemys\u0142owy Sp. z o.o.","description":"Centrum Obs\u0142ugi Inwestora K\u0119dzierzyn-Ko\u017ale oferuje tereny inwestycyjne, wsparcie doradcze, szkoleniowe; wynajem powierzchni biurowych, produkcyjnych, us\u0142ugowych.","potentialAction":[{"@type":"SearchAction","target":{"@type":"EntryPoint","urlTemplate":"https:\/\/kkpp.pl\/de\/?s={search_term_string}"},"query-input":"required name=search_term_string"}],"inLanguage":"de"},{"@type":"ImageObject","@id":"https:\/\/kkpp.pl\/de\/stp\/stp-2024\/harmonogram-8\/19-listopada-2024\/#primaryimage","inLanguage":"de","url":"https:\/\/kkpp.pl\/wp-content\/uploads\/2024\/11\/19-listopada-naglowek-scaled.jpg","contentUrl":"https:\/\/kkpp.pl\/wp-content\/uploads\/2024\/11\/19-listopada-naglowek-scaled.jpg"},{"@type":"WebPage","@id":"https:\/\/kkpp.pl\/de\/stp\/stp-2024\/harmonogram-8\/19-listopada-2024\/#webpage","url":"https:\/\/kkpp.pl\/de\/stp\/stp-2024\/harmonogram-8\/19-listopada-2024\/","name":"(Polski) 19 listopada 2024 - KKPP K\u0119dzierzy\u0144sko-Kozielski Park Przemys\u0142owy Sp. z o.o.","isPartOf":{"@id":"https:\/\/kkpp.pl\/de\/#website"},"primaryImageOfPage":{"@id":"https:\/\/kkpp.pl\/de\/stp\/stp-2024\/harmonogram-8\/19-listopada-2024\/#primaryimage"},"datePublished":"2024-11-06T20:53:12+00:00","dateModified":"2024-11-08T19:25:33+00:00","breadcrumb":{"@id":"https:\/\/kkpp.pl\/de\/stp\/stp-2024\/harmonogram-8\/19-listopada-2024\/#breadcrumb"},"inLanguage":"de","potentialAction":[{"@type":"ReadAction","target":[["https:\/\/kkpp.pl\/stp\/stp-2024\/harmonogram-8\/19-listopada-2024\/"]]}]},{"@type":"BreadcrumbList","@id":"https:\/\/kkpp.pl\/de\/stp\/stp-2024\/harmonogram-8\/19-listopada-2024\/#breadcrumb","itemListElement":[{"@type":"ListItem","position":1,"name":"\u015aTP","item":"https:\/\/kkpp.pl\/stp\/"},{"@type":"ListItem","position":2,"name":"\u015aTP 2024","item":"https:\/\/kkpp.pl\/stp\/stp-2024\/"},{"@type":"ListItem","position":3,"name":"Harmonogram","item":"https:\/\/kkpp.pl\/stp\/stp-2024\/harmonogram-8\/"},{"@type":"ListItem","position":4,"name":"19 listopada 2024"}]}]}},"_links":{"self":[{"href":"https:\/\/kkpp.pl\/de\/wp-json\/wp\/v2\/pages\/3690"}],"collection":[{"href":"https:\/\/kkpp.pl\/de\/wp-json\/wp\/v2\/pages"}],"about":[{"href":"https:\/\/kkpp.pl\/de\/wp-json\/wp\/v2\/types\/page"}],"author":[{"embeddable":true,"href":"https:\/\/kkpp.pl\/de\/wp-json\/wp\/v2\/users\/2"}],"replies":[{"embeddable":true,"href":"https:\/\/kkpp.pl\/de\/wp-json\/wp\/v2\/comments?post=3690"}],"version-history":[{"count":0,"href":"https:\/\/kkpp.pl\/de\/wp-json\/wp\/v2\/pages\/3690\/revisions"}],"up":[{"embeddable":true,"href":"https:\/\/kkpp.pl\/de\/wp-json\/wp\/v2\/pages\/3656"}],"wp:attachment":[{"href":"https:\/\/kkpp.pl\/de\/wp-json\/wp\/v2\/media?parent=3690"}],"curies":[{"name":"wp","href":"https:\/\/api.w.org\/{rel}","templated":true}]}}