{"id":5,"date":"2018-03-01T10:32:38","date_gmt":"2018-03-01T09:32:38","guid":{"rendered":"https:\/\/kkpp.pl\/?page_id=5"},"modified":"2024-11-22T18:17:22","modified_gmt":"2024-11-22T17:17:22","slug":"inwestuj-w-kedzierzynie-kozlu","status":"publish","type":"page","link":"https:\/\/kkpp.pl\/de\/kkpp-und-region\/","title":{"rendered":"KKPP und region"},"content":{"rendered":"<p><strong>Center f\u00fcr die Betreuung von Investoren<\/strong><br \/>\nInvestieren Sie in K\u0119dzierzyn-Ko\u017ale \u2013 Wir beraten und unterst\u00fctzen Sie bei Ihrer Unternehmensansiedlung!<\/p>\n<p>K\u0119dzierzyn-Ko\u017ale ist\u00a0 ein dynamischer Wirtschaftsstandort mit einer umfangreichen Industrietradition.<br \/>\nIhre Entwicklung verdankt sie der Industrie, deren historische Anf\u00e4nge einerseits auf den Beginn den 18. Jahrhunderts zur\u00fcckreichen sowie andererseits mit der Entwicklung des G\u00fcterverkehrs auf der Oder einhergingen. Diese Faktoren waren es, die das heutige Stadtbild von K\u0119dzierzyn-Ko\u017ale ma\u00dfgeblich pr\u00e4gten und dazu beitrugen, dass hier Industrietradition auf Innovativit\u00e4t trifft, verbunden mit einem au\u00dfergew\u00f6hnlich hohen Investitionspotenzial.<br \/>\nIn den Industrie- und Gewerbeparks von K\u0119dzierzyn-Ko\u017ale sind seit vielen Jahren die Schl\u00fcsselbranchen der Wojewodschaft Opole ans\u00e4ssig. Zu den f\u00fchrenden Unternehmen z\u00e4hlen hier das Chemieunternehmen Grupa Azoty ZAK [Stickstoffwerke K\u0119dzierzyn] S.A. [AG], die Brenntag Polska, die PCC Synteza sowie aus dem Maschinenbausektor die A. Berger Polska und die Famet S.A. Die wichtigsten ausl\u00e4ndischen Investoren kommen aus Deutschland, China, den Niederlanden, Gro\u00dfbritannien und Griechenland; im Ranking der gr\u00f6\u00dften Investoren in Polen werden dem Bericht der Polnischen Agentur f\u00fcr Handelsinformationen f\u00fcr 2016\/2017 zufolge unter anderem hier ans\u00e4ssige Unternehmen wie die Brenntag CEE GmbH (Platz 23), Komet Urpol (Platz 119) sowie die Magna International Inc. (Platz 162) aufgef\u00fchrt. Aufgrund dieser technischen Voraussetzungen, verbunden mit einer modernen, gut ausgebauten Infrastruktur siedeln sich am Wirtschaftsstandort K\u0119dzierzyn-Ko\u017ale nun ebenso Unternehmen aus der Fotobranche, wie CeWe Color und Fotojoker, und auch dem Schiffbau, wie die Flusswerft Damen Shipyards Ko\u017ale, an.<\/p>\n<p><strong>Die Stadt setzt auf die F\u00f6rderung des Unternehmertums.<\/strong><br \/>\nDiese Bem\u00fchungen wurden im Bericht \u201eZur Investitionsattraktivit\u00e4t der Regionen 2017\u201c, vorgelegt von der Wirtschaftsuniversit\u00e4t Szko\u0142a G\u0142\u00f3wna Handlowa in Warschau und erstellt im Auftrag der Polnischen Agentur f\u00fcr Investitionen und Handel, gew\u00fcrdigt. Der Standort K\u0119dzierzyn-Ko\u017ale wurde \u2013 gleich neben Opole und Brzeg \u2013 als \u201egoldener Stern\u201c unter der Stadtgemeinden der Wojewodschaft hinsichtlich ihrer sehr hohen Attraktivit\u00e4t f\u00fcr Investoren bezeichnet. Im Stadtgebiet sind neben zahlreichen kleinen und mittleren Unternehmen ebenso unterschiedlichste Industriezulieferer ans\u00e4ssig. Auch der Dienstleistungssektor ist sehr gut vertreten und entwickelt sich zunehmend dynamischer. Alle Firmen, ob neu oder bereits etabliert, k\u00f6nnen auf tatkr\u00e4ftige, u.a. institutionelle Unterst\u00fctzung z\u00e4hlen, um in ihrem jeweiligen Gesch\u00e4ftsumfeld noch besser agieren zu k\u00f6nnen.<br \/>\nDie g\u00fcnstige Lage der Stadt zwischen Ober- und Niederschlesien, in unmittelbarer N\u00e4he zur A4 sowie zur polnisch-tschechischen Grenze, wie ebenso ein moderner, gut ausgebauter Eisenbahnknoten und der Flusshafen an der Oder bieten einen gro\u00dfen, internationalen Absatzmarkt.<br \/>\nDie Wojewodschaft Opole bildet gemeinsam mit den beiden benachbarten Wojewodschaften Schlesien und Niederschlesien einen Absatzmarkt von fast 9 Mio. potenziellen Kunden, und er\u00f6ffnet aufgrund der breit aufgestellten wie ebenso jeweils spezialisierten Industrie in diesen Regionen zugleich Chancen f\u00fcr die unterschiedlichsten gesch\u00e4ftlichen Kooperationen. Das wirtschaftliche Potenzial der Wojewodschaft Opole umfasst somit vor allem neben attraktiven Gewerbefl\u00e4chen, einer gut entwickelten wirtschaftlichen Infrastruktur und sehr gut ausgebildeten Fachkr\u00e4ften ebenso \u2013 und dies ist historisch und kulturell bedingt \u2013 ein hohes Arbeitsethos sowie Offenheit und Toleranz. Zu den Sektoren mit hohen Entwicklungschancen z\u00e4hlen Lebensmittel- und chemische Industrie sowie die Baubranche.<\/p>","protected":false},"excerpt":{"rendered":"Center f\u00fcr die Betreuung von Investoren Investieren Sie in K\u0119dzierzyn-Ko\u017ale \u2013 Wir beraten und unterst\u00fctzen Sie bei Ihrer Unternehmensansiedlung! K\u0119dzierzyn-Ko\u017ale ist\u00a0 ein dynamischer Wirtschaftsstandort mit einer umfangreichen Industrietradition. Ihre Entwicklung verdankt sie der Industrie, deren historische Anf\u00e4nge einerseits auf den Beginn den 18. Jahrhunderts zur\u00fcckreichen sowie andererseits mit der Entwicklung des G\u00fcterverkehrs auf der Oder&#8230; <a class=\"view-article\" href=\"https:\/\/kkpp.pl\/de\/kkpp-und-region\/\"><br><p style=\"text-align:right\"><i>wi\u0119cej ><\/i><\/p><\/a>","protected":false},"author":1,"featured_media":0,"parent":0,"menu_order":0,"comment_status":"closed","ping_status":"closed","template":"","meta":{"inline_featured_image":false},"acf":[],"yoast_head":"<!-- This site is optimized with the Yoast SEO plugin v18.1 - https:\/\/yoast.com\/wordpress\/plugins\/seo\/ -->\n<meta name=\"description\" content=\"K\u0119dzierzyn-Ko\u017ale jest pr\u0119\u017cnie rozwijaj\u0105cym si\u0119 o\u015brodkiem o bogatych tradycjach przemys\u0142owych.\" \/>\n<meta name=\"robots\" content=\"index, follow, max-snippet:-1, max-image-preview:large, max-video-preview:-1\" \/>\n<link rel=\"canonical\" href=\"https:\/\/kkpp.pl\/de\/kkpp-i-region\/\" \/>\n<meta property=\"og:locale\" content=\"de_DE\" \/>\n<meta property=\"og:type\" content=\"article\" \/>\n<meta property=\"og:title\" content=\"KKPP und region - KKPP K\u0119dzierzy\u0144sko-Kozielski Park Przemys\u0142owy Sp. z o.o.\" \/>\n<meta property=\"og:description\" content=\"K\u0119dzierzyn-Ko\u017ale jest pr\u0119\u017cnie rozwijaj\u0105cym si\u0119 o\u015brodkiem o bogatych tradycjach przemys\u0142owych.\" \/>\n<meta property=\"og:url\" content=\"https:\/\/kkpp.pl\/de\/kkpp-i-region\/\" \/>\n<meta property=\"og:site_name\" content=\"KKPP K\u0119dzierzy\u0144sko-Kozielski Park Przemys\u0142owy Sp. z o.o.\" \/>\n<meta property=\"article:modified_time\" content=\"2024-11-22T17:17:22+00:00\" \/>\n<meta name=\"twitter:card\" content=\"summary_large_image\" \/>\n<meta name=\"twitter:label1\" content=\"Gesch\u00e4tzte Lesezeit\" \/>\n\t<meta name=\"twitter:data1\" content=\"7\u00a0Minuten\" \/>\n<script type=\"application\/ld+json\" class=\"yoast-schema-graph\">{\"@context\":\"https:\/\/schema.org\",\"@graph\":[{\"@type\":\"WebSite\",\"@id\":\"https:\/\/kkpp.pl\/de\/#website\",\"url\":\"https:\/\/kkpp.pl\/de\/\",\"name\":\"KKPP K\u0119dzierzy\u0144sko-Kozielski Park Przemys\u0142owy Sp. z o.o.\",\"description\":\"Centrum Obs\u0142ugi Inwestora K\u0119dzierzyn-Ko\u017ale oferuje tereny inwestycyjne, wsparcie doradcze, szkoleniowe; wynajem powierzchni biurowych, produkcyjnych, us\u0142ugowych.\",\"potentialAction\":[{\"@type\":\"SearchAction\",\"target\":{\"@type\":\"EntryPoint\",\"urlTemplate\":\"https:\/\/kkpp.pl\/de\/?s={search_term_string}\"},\"query-input\":\"required name=search_term_string\"}],\"inLanguage\":\"de\"},{\"@type\":\"WebPage\",\"@id\":\"https:\/\/kkpp.pl\/de\/kkpp-i-region\/#webpage\",\"url\":\"https:\/\/kkpp.pl\/de\/kkpp-i-region\/\",\"name\":\"KKPP und region - KKPP K\u0119dzierzy\u0144sko-Kozielski Park Przemys\u0142owy Sp. z o.o.\",\"isPartOf\":{\"@id\":\"https:\/\/kkpp.pl\/de\/#website\"},\"datePublished\":\"2018-03-01T09:32:38+00:00\",\"dateModified\":\"2024-11-22T17:17:22+00:00\",\"description\":\"K\u0119dzierzyn-Ko\u017ale jest pr\u0119\u017cnie rozwijaj\u0105cym si\u0119 o\u015brodkiem o bogatych tradycjach przemys\u0142owych.\",\"breadcrumb\":{\"@id\":\"https:\/\/kkpp.pl\/de\/kkpp-i-region\/#breadcrumb\"},\"inLanguage\":\"de\",\"potentialAction\":[{\"@type\":\"ReadAction\",\"target\":[[\"https:\/\/kkpp.pl\/kkpp-i-region\/\"]]}]},{\"@type\":\"BreadcrumbList\",\"@id\":\"https:\/\/kkpp.pl\/de\/kkpp-i-region\/#breadcrumb\",\"itemListElement\":[{\"@type\":\"ListItem\",\"position\":1,\"name\":\"KKPP i Region\"}]}]}<\/script>\n<!-- \/ Yoast SEO plugin. -->","yoast_head_json":{"description":"K\u0119dzierzyn-Ko\u017ale jest pr\u0119\u017cnie rozwijaj\u0105cym si\u0119 o\u015brodkiem o bogatych tradycjach przemys\u0142owych.","robots":{"index":"index","follow":"follow","max-snippet":"max-snippet:-1","max-image-preview":"max-image-preview:large","max-video-preview":"max-video-preview:-1"},"canonical":"https:\/\/kkpp.pl\/de\/kkpp-i-region\/","og_locale":"de_DE","og_type":"article","og_title":"KKPP und region - KKPP K\u0119dzierzy\u0144sko-Kozielski Park Przemys\u0142owy Sp. z o.o.","og_description":"K\u0119dzierzyn-Ko\u017ale jest pr\u0119\u017cnie rozwijaj\u0105cym si\u0119 o\u015brodkiem o bogatych tradycjach przemys\u0142owych.","og_url":"https:\/\/kkpp.pl\/de\/kkpp-i-region\/","og_site_name":"KKPP K\u0119dzierzy\u0144sko-Kozielski Park Przemys\u0142owy Sp. z o.o.","article_modified_time":"2024-11-22T17:17:22+00:00","twitter_card":"summary_large_image","twitter_misc":{"Gesch\u00e4tzte Lesezeit":"7\u00a0Minuten"},"schema":{"@context":"https:\/\/schema.org","@graph":[{"@type":"WebSite","@id":"https:\/\/kkpp.pl\/de\/#website","url":"https:\/\/kkpp.pl\/de\/","name":"KKPP K\u0119dzierzy\u0144sko-Kozielski Park Przemys\u0142owy Sp. z o.o.","description":"Centrum Obs\u0142ugi Inwestora K\u0119dzierzyn-Ko\u017ale oferuje tereny inwestycyjne, wsparcie doradcze, szkoleniowe; wynajem powierzchni biurowych, produkcyjnych, us\u0142ugowych.","potentialAction":[{"@type":"SearchAction","target":{"@type":"EntryPoint","urlTemplate":"https:\/\/kkpp.pl\/de\/?s={search_term_string}"},"query-input":"required name=search_term_string"}],"inLanguage":"de"},{"@type":"WebPage","@id":"https:\/\/kkpp.pl\/de\/kkpp-i-region\/#webpage","url":"https:\/\/kkpp.pl\/de\/kkpp-i-region\/","name":"KKPP und region - KKPP K\u0119dzierzy\u0144sko-Kozielski Park Przemys\u0142owy Sp. z o.o.","isPartOf":{"@id":"https:\/\/kkpp.pl\/de\/#website"},"datePublished":"2018-03-01T09:32:38+00:00","dateModified":"2024-11-22T17:17:22+00:00","description":"K\u0119dzierzyn-Ko\u017ale jest pr\u0119\u017cnie rozwijaj\u0105cym si\u0119 o\u015brodkiem o bogatych tradycjach przemys\u0142owych.","breadcrumb":{"@id":"https:\/\/kkpp.pl\/de\/kkpp-i-region\/#breadcrumb"},"inLanguage":"de","potentialAction":[{"@type":"ReadAction","target":[["https:\/\/kkpp.pl\/kkpp-i-region\/"]]}]},{"@type":"BreadcrumbList","@id":"https:\/\/kkpp.pl\/de\/kkpp-i-region\/#breadcrumb","itemListElement":[{"@type":"ListItem","position":1,"name":"KKPP i Region"}]}]}},"_links":{"self":[{"href":"https:\/\/kkpp.pl\/de\/wp-json\/wp\/v2\/pages\/5"}],"collection":[{"href":"https:\/\/kkpp.pl\/de\/wp-json\/wp\/v2\/pages"}],"about":[{"href":"https:\/\/kkpp.pl\/de\/wp-json\/wp\/v2\/types\/page"}],"author":[{"embeddable":true,"href":"https:\/\/kkpp.pl\/de\/wp-json\/wp\/v2\/users\/1"}],"replies":[{"embeddable":true,"href":"https:\/\/kkpp.pl\/de\/wp-json\/wp\/v2\/comments?post=5"}],"version-history":[{"count":12,"href":"https:\/\/kkpp.pl\/de\/wp-json\/wp\/v2\/pages\/5\/revisions"}],"predecessor-version":[{"id":3760,"href":"https:\/\/kkpp.pl\/de\/wp-json\/wp\/v2\/pages\/5\/revisions\/3760"}],"wp:attachment":[{"href":"https:\/\/kkpp.pl\/de\/wp-json\/wp\/v2\/media?parent=5"}],"curies":[{"name":"wp","href":"https:\/\/api.w.org\/{rel}","templated":true}]}}