{"id":9,"date":"2018-03-01T10:33:35","date_gmt":"2018-03-01T09:33:35","guid":{"rendered":"https:\/\/kkpp.pl\/?page_id=9"},"modified":"2021-12-05T17:56:20","modified_gmt":"2021-12-05T16:56:20","slug":"strefa-inwestora","status":"publish","type":"page","link":"https:\/\/kkpp.pl\/de\/fur-investoren\/","title":{"rendered":"F\u00fcr Investoren"},"content":{"rendered":"<p>Service<br \/>\nDie Stadt K\u0119dzierzyn-Ko\u017ale verf\u00fcgt \u00fcber attraktive Gewerbefl\u00e4chen und unterst\u00fctzt ebenso aktiv die PR- und Marketingma\u00dfnahmen der hiesigen Privatunternehmen. Seit vielen Jahren konzentriert sie sich darauf, ein best\u00e4ndiges und freundliches Wirtschaftsklima zu schaffen, verbunden mit der Bereitstellung solider Informationen sowie aktiver Unterst\u00fctzung von Unternehmen. So werden bedeutende Investitionsvorhaben stets individuell betreut und die jeweiligen Unternehmen bei der Erledigung aller erforderlichen Verwaltungsangelegenheiten unterst\u00fctzt.<br \/>\nWarum lohnt es sich also, in K\u0119dzierzyn-Ko\u017ale zu investieren?<\/p>\n<ul>\n<li>aktuelle Fl\u00e4chennutzungs- und Bebauungspl\u00e4ne<\/li>\n<li>umfangreiches Investitionsangebot<\/li>\n<li>qualifiziertes Personal<\/li>\n<li>Steuererm\u00e4\u00dfigungen im Rahmen der Umsetzung von Investitionsvorhaben<\/li>\n<li>Unterst\u00fctzung bei der Suche nach Gesch\u00e4ftspartnern und in allen Verwaltungsangelegenheiten<\/li>\n<li>zur Verf\u00fcgung stehen geotechnische Untersuchungen und Berichte; es gibt keinerlei Verunreinigungen<\/li>\n<li>gut ausgebauter \u00f6ffentlicher Personennahverkehr<\/li>\n<\/ul>\n<p><\/p>","protected":false},"excerpt":{"rendered":"Service Die Stadt K\u0119dzierzyn-Ko\u017ale verf\u00fcgt \u00fcber attraktive Gewerbefl\u00e4chen und unterst\u00fctzt ebenso aktiv die PR- und Marketingma\u00dfnahmen der hiesigen Privatunternehmen. Seit vielen Jahren konzentriert sie sich darauf, ein best\u00e4ndiges und freundliches Wirtschaftsklima zu schaffen, verbunden mit der Bereitstellung solider Informationen sowie aktiver Unterst\u00fctzung von Unternehmen. So werden bedeutende Investitionsvorhaben stets individuell betreut und die jeweiligen Unternehmen&#8230; <a class=\"view-article\" href=\"https:\/\/kkpp.pl\/de\/fur-investoren\/\"><br><p style=\"text-align:right\"><i>wi\u0119cej ><\/i><\/p><\/a>","protected":false},"author":1,"featured_media":0,"parent":0,"menu_order":0,"comment_status":"closed","ping_status":"closed","template":"","meta":{"inline_featured_image":false},"acf":[],"yoast_head":"<!-- This site is optimized with the Yoast SEO plugin v18.1 - https:\/\/yoast.com\/wordpress\/plugins\/seo\/ -->\n<meta name=\"robots\" content=\"index, follow, max-snippet:-1, max-image-preview:large, max-video-preview:-1\" \/>\n<link rel=\"canonical\" href=\"https:\/\/kkpp.pl\/de\/centrum-obslugi-inwestora\/\" \/>\n<meta property=\"og:locale\" content=\"de_DE\" \/>\n<meta property=\"og:type\" content=\"article\" \/>\n<meta property=\"og:title\" content=\"F\u00fcr Investoren - KKPP K\u0119dzierzy\u0144sko-Kozielski Park Przemys\u0142owy Sp. z o.o.\" \/>\n<meta property=\"og:description\" content=\"Service Die Stadt K\u0119dzierzyn-Ko\u017ale verf\u00fcgt \u00fcber attraktive Gewerbefl\u00e4chen und unterst\u00fctzt ebenso aktiv die PR- und Marketingma\u00dfnahmen der hiesigen Privatunternehmen. Seit vielen Jahren konzentriert sie sich darauf, ein best\u00e4ndiges und freundliches Wirtschaftsklima zu schaffen, verbunden mit der Bereitstellung solider Informationen sowie aktiver Unterst\u00fctzung von Unternehmen. So werden bedeutende Investitionsvorhaben stets individuell betreut und die jeweiligen Unternehmen... wi\u0119cej &gt;\" \/>\n<meta property=\"og:url\" content=\"https:\/\/kkpp.pl\/de\/centrum-obslugi-inwestora\/\" \/>\n<meta property=\"og:site_name\" content=\"KKPP K\u0119dzierzy\u0144sko-Kozielski Park Przemys\u0142owy Sp. z o.o.\" \/>\n<meta property=\"article:modified_time\" content=\"2021-12-05T16:56:20+00:00\" \/>\n<meta property=\"og:image\" content=\"https:\/\/kkpp.pl\/wp-content\/uploads\/2021\/12\/coi-logo-szare.svg\" \/>\n<meta name=\"twitter:card\" content=\"summary_large_image\" \/>\n<meta name=\"twitter:label1\" content=\"Gesch\u00e4tzte Lesezeit\" \/>\n\t<meta name=\"twitter:data1\" content=\"1\u00a0Minute\" \/>\n<script type=\"application\/ld+json\" class=\"yoast-schema-graph\">{\"@context\":\"https:\/\/schema.org\",\"@graph\":[{\"@type\":\"WebSite\",\"@id\":\"https:\/\/kkpp.pl\/de\/#website\",\"url\":\"https:\/\/kkpp.pl\/de\/\",\"name\":\"KKPP K\u0119dzierzy\u0144sko-Kozielski Park Przemys\u0142owy Sp. z o.o.\",\"description\":\"Centrum Obs\u0142ugi Inwestora K\u0119dzierzyn-Ko\u017ale oferuje tereny inwestycyjne, wsparcie doradcze, szkoleniowe; wynajem powierzchni biurowych, produkcyjnych, us\u0142ugowych.\",\"potentialAction\":[{\"@type\":\"SearchAction\",\"target\":{\"@type\":\"EntryPoint\",\"urlTemplate\":\"https:\/\/kkpp.pl\/de\/?s={search_term_string}\"},\"query-input\":\"required name=search_term_string\"}],\"inLanguage\":\"de\"},{\"@type\":\"ImageObject\",\"@id\":\"https:\/\/kkpp.pl\/de\/centrum-obslugi-inwestora\/#primaryimage\",\"inLanguage\":\"de\",\"url\":\"https:\/\/kkpp.pl\/wp-content\/uploads\/2021\/12\/coi-logo-szare.svg\",\"contentUrl\":\"https:\/\/kkpp.pl\/wp-content\/uploads\/2021\/12\/coi-logo-szare.svg\"},{\"@type\":\"WebPage\",\"@id\":\"https:\/\/kkpp.pl\/de\/centrum-obslugi-inwestora\/#webpage\",\"url\":\"https:\/\/kkpp.pl\/de\/centrum-obslugi-inwestora\/\",\"name\":\"F\u00fcr Investoren - KKPP K\u0119dzierzy\u0144sko-Kozielski Park Przemys\u0142owy Sp. z o.o.\",\"isPartOf\":{\"@id\":\"https:\/\/kkpp.pl\/de\/#website\"},\"primaryImageOfPage\":{\"@id\":\"https:\/\/kkpp.pl\/de\/centrum-obslugi-inwestora\/#primaryimage\"},\"datePublished\":\"2018-03-01T09:33:35+00:00\",\"dateModified\":\"2021-12-05T16:56:20+00:00\",\"breadcrumb\":{\"@id\":\"https:\/\/kkpp.pl\/de\/centrum-obslugi-inwestora\/#breadcrumb\"},\"inLanguage\":\"de\",\"potentialAction\":[{\"@type\":\"ReadAction\",\"target\":[[\"https:\/\/kkpp.pl\/centrum-obslugi-inwestora\/\"]]}]},{\"@type\":\"BreadcrumbList\",\"@id\":\"https:\/\/kkpp.pl\/de\/centrum-obslugi-inwestora\/#breadcrumb\",\"itemListElement\":[{\"@type\":\"ListItem\",\"position\":1,\"name\":\"Centrum Obs\u0142ugi Inwestora\"}]}]}<\/script>\n<!-- \/ Yoast SEO plugin. -->","yoast_head_json":{"robots":{"index":"index","follow":"follow","max-snippet":"max-snippet:-1","max-image-preview":"max-image-preview:large","max-video-preview":"max-video-preview:-1"},"canonical":"https:\/\/kkpp.pl\/de\/centrum-obslugi-inwestora\/","og_locale":"de_DE","og_type":"article","og_title":"F\u00fcr Investoren - KKPP K\u0119dzierzy\u0144sko-Kozielski Park Przemys\u0142owy Sp. z o.o.","og_description":"Service Die Stadt K\u0119dzierzyn-Ko\u017ale verf\u00fcgt \u00fcber attraktive Gewerbefl\u00e4chen und unterst\u00fctzt ebenso aktiv die PR- und Marketingma\u00dfnahmen der hiesigen Privatunternehmen. Seit vielen Jahren konzentriert sie sich darauf, ein best\u00e4ndiges und freundliches Wirtschaftsklima zu schaffen, verbunden mit der Bereitstellung solider Informationen sowie aktiver Unterst\u00fctzung von Unternehmen. So werden bedeutende Investitionsvorhaben stets individuell betreut und die jeweiligen Unternehmen... wi\u0119cej >","og_url":"https:\/\/kkpp.pl\/de\/centrum-obslugi-inwestora\/","og_site_name":"KKPP K\u0119dzierzy\u0144sko-Kozielski Park Przemys\u0142owy Sp. z o.o.","article_modified_time":"2021-12-05T16:56:20+00:00","og_image":[{"url":"https:\/\/kkpp.pl\/wp-content\/uploads\/2021\/12\/coi-logo-szare.svg"}],"twitter_card":"summary_large_image","twitter_misc":{"Gesch\u00e4tzte Lesezeit":"1\u00a0Minute"},"schema":{"@context":"https:\/\/schema.org","@graph":[{"@type":"WebSite","@id":"https:\/\/kkpp.pl\/de\/#website","url":"https:\/\/kkpp.pl\/de\/","name":"KKPP K\u0119dzierzy\u0144sko-Kozielski Park Przemys\u0142owy Sp. z o.o.","description":"Centrum Obs\u0142ugi Inwestora K\u0119dzierzyn-Ko\u017ale oferuje tereny inwestycyjne, wsparcie doradcze, szkoleniowe; wynajem powierzchni biurowych, produkcyjnych, us\u0142ugowych.","potentialAction":[{"@type":"SearchAction","target":{"@type":"EntryPoint","urlTemplate":"https:\/\/kkpp.pl\/de\/?s={search_term_string}"},"query-input":"required name=search_term_string"}],"inLanguage":"de"},{"@type":"ImageObject","@id":"https:\/\/kkpp.pl\/de\/centrum-obslugi-inwestora\/#primaryimage","inLanguage":"de","url":"https:\/\/kkpp.pl\/wp-content\/uploads\/2021\/12\/coi-logo-szare.svg","contentUrl":"https:\/\/kkpp.pl\/wp-content\/uploads\/2021\/12\/coi-logo-szare.svg"},{"@type":"WebPage","@id":"https:\/\/kkpp.pl\/de\/centrum-obslugi-inwestora\/#webpage","url":"https:\/\/kkpp.pl\/de\/centrum-obslugi-inwestora\/","name":"F\u00fcr Investoren - KKPP K\u0119dzierzy\u0144sko-Kozielski Park Przemys\u0142owy Sp. z o.o.","isPartOf":{"@id":"https:\/\/kkpp.pl\/de\/#website"},"primaryImageOfPage":{"@id":"https:\/\/kkpp.pl\/de\/centrum-obslugi-inwestora\/#primaryimage"},"datePublished":"2018-03-01T09:33:35+00:00","dateModified":"2021-12-05T16:56:20+00:00","breadcrumb":{"@id":"https:\/\/kkpp.pl\/de\/centrum-obslugi-inwestora\/#breadcrumb"},"inLanguage":"de","potentialAction":[{"@type":"ReadAction","target":[["https:\/\/kkpp.pl\/centrum-obslugi-inwestora\/"]]}]},{"@type":"BreadcrumbList","@id":"https:\/\/kkpp.pl\/de\/centrum-obslugi-inwestora\/#breadcrumb","itemListElement":[{"@type":"ListItem","position":1,"name":"Centrum Obs\u0142ugi Inwestora"}]}]}},"_links":{"self":[{"href":"https:\/\/kkpp.pl\/de\/wp-json\/wp\/v2\/pages\/9"}],"collection":[{"href":"https:\/\/kkpp.pl\/de\/wp-json\/wp\/v2\/pages"}],"about":[{"href":"https:\/\/kkpp.pl\/de\/wp-json\/wp\/v2\/types\/page"}],"author":[{"embeddable":true,"href":"https:\/\/kkpp.pl\/de\/wp-json\/wp\/v2\/users\/1"}],"replies":[{"embeddable":true,"href":"https:\/\/kkpp.pl\/de\/wp-json\/wp\/v2\/comments?post=9"}],"version-history":[{"count":12,"href":"https:\/\/kkpp.pl\/de\/wp-json\/wp\/v2\/pages\/9\/revisions"}],"predecessor-version":[{"id":2310,"href":"https:\/\/kkpp.pl\/de\/wp-json\/wp\/v2\/pages\/9\/revisions\/2310"}],"wp:attachment":[{"href":"https:\/\/kkpp.pl\/de\/wp-json\/wp\/v2\/media?parent=9"}],"curies":[{"name":"wp","href":"https:\/\/api.w.org\/{rel}","templated":true}]}}