{"id":1082,"date":"2021-11-22T14:56:00","date_gmt":"2021-11-22T13:56:00","guid":{"rendered":"https:\/\/kkpp.pl\/?page_id=1082"},"modified":"2021-12-04T18:52:47","modified_gmt":"2021-12-04T17:52:47","slug":"patronat-honorowy","status":"publish","type":"page","link":"https:\/\/kkpp.pl\/en\/polski-stp\/polski-stp-2019\/polski-patronat-honorowy\/","title":{"rendered":"(Polski) Patronat honorowy"},"content":{"rendered":"<p class=\"qtranxs-available-languages-message qtranxs-available-languages-message-en\">Sorry, this entry is only available in <a href=\"https:\/\/kkpp.pl\/pl\/wp-json\/wp\/v2\/pages\/1082\" class=\"qtranxs-available-language-link qtranxs-available-language-link-pl\" title=\"Polski\">Polish<\/a>.<\/p>","protected":false},"excerpt":{"rendered":"Sorry, this entry is only available in Polish.","protected":false},"author":2,"featured_media":1964,"parent":1074,"menu_order":0,"comment_status":"closed","ping_status":"closed","template":"","meta":{"inline_featured_image":false},"acf":[],"yoast_head":"<!-- This site is optimized with the Yoast SEO plugin v18.1 - https:\/\/yoast.com\/wordpress\/plugins\/seo\/ -->\n<meta name=\"robots\" content=\"index, follow, max-snippet:-1, max-image-preview:large, max-video-preview:-1\" \/>\n<link rel=\"canonical\" href=\"https:\/\/kkpp.pl\/en\/stp\/stp-2019\/patronat-honorowy\/\" \/>\n<meta property=\"og:locale\" content=\"en_US\" \/>\n<meta property=\"og:type\" content=\"article\" \/>\n<meta property=\"og:title\" content=\"(Polski) Patronat honorowy - KKPP K\u0119dzierzy\u0144sko-Kozielski Park Przemys\u0142owy Sp. z o.o.\" \/>\n<meta property=\"og:description\" content=\"Sorry, this entry is only available in Polish.\" \/>\n<meta property=\"og:url\" content=\"https:\/\/kkpp.pl\/en\/stp\/stp-2019\/patronat-honorowy\/\" \/>\n<meta property=\"og:site_name\" content=\"KKPP K\u0119dzierzy\u0144sko-Kozielski Park Przemys\u0142owy Sp. z o.o.\" \/>\n<meta property=\"article:modified_time\" content=\"2021-12-04T17:52:47+00:00\" \/>\n<meta property=\"og:image\" content=\"https:\/\/kkpp.pl\/wp-content\/uploads\/2021\/11\/Baner_STP_header-2000x633px-scaled.jpg\" \/>\n\t<meta property=\"og:image:width\" content=\"2560\" \/>\n\t<meta property=\"og:image:height\" content=\"810\" \/>\n\t<meta property=\"og:image:type\" content=\"image\/jpeg\" \/>\n<meta name=\"twitter:card\" content=\"summary_large_image\" \/>\n<script type=\"application\/ld+json\" class=\"yoast-schema-graph\">{\"@context\":\"https:\/\/schema.org\",\"@graph\":[{\"@type\":\"WebSite\",\"@id\":\"https:\/\/kkpp.pl\/en\/#website\",\"url\":\"https:\/\/kkpp.pl\/en\/\",\"name\":\"KKPP K\u0119dzierzy\u0144sko-Kozielski Park Przemys\u0142owy Sp. z o.o.\",\"description\":\"Centrum Obs\u0142ugi Inwestora K\u0119dzierzyn-Ko\u017ale oferuje tereny inwestycyjne, wsparcie doradcze, szkoleniowe; wynajem powierzchni biurowych, produkcyjnych, us\u0142ugowych.\",\"potentialAction\":[{\"@type\":\"SearchAction\",\"target\":{\"@type\":\"EntryPoint\",\"urlTemplate\":\"https:\/\/kkpp.pl\/en\/?s={search_term_string}\"},\"query-input\":\"required name=search_term_string\"}],\"inLanguage\":\"en-US\"},{\"@type\":\"ImageObject\",\"@id\":\"https:\/\/kkpp.pl\/en\/stp\/stp-2019\/patronat-honorowy\/#primaryimage\",\"inLanguage\":\"en-US\",\"url\":\"https:\/\/kkpp.pl\/wp-content\/uploads\/2021\/11\/Baner_STP_header-2000x633px-scaled.jpg\",\"contentUrl\":\"https:\/\/kkpp.pl\/wp-content\/uploads\/2021\/11\/Baner_STP_header-2000x633px-scaled.jpg\",\"width\":2560,\"height\":810},{\"@type\":\"WebPage\",\"@id\":\"https:\/\/kkpp.pl\/en\/stp\/stp-2019\/patronat-honorowy\/#webpage\",\"url\":\"https:\/\/kkpp.pl\/en\/stp\/stp-2019\/patronat-honorowy\/\",\"name\":\"(Polski) Patronat honorowy - KKPP K\u0119dzierzy\u0144sko-Kozielski Park Przemys\u0142owy Sp. z o.o.\",\"isPartOf\":{\"@id\":\"https:\/\/kkpp.pl\/en\/#website\"},\"primaryImageOfPage\":{\"@id\":\"https:\/\/kkpp.pl\/en\/stp\/stp-2019\/patronat-honorowy\/#primaryimage\"},\"datePublished\":\"2021-11-22T13:56:00+00:00\",\"dateModified\":\"2021-12-04T17:52:47+00:00\",\"breadcrumb\":{\"@id\":\"https:\/\/kkpp.pl\/en\/stp\/stp-2019\/patronat-honorowy\/#breadcrumb\"},\"inLanguage\":\"en-US\",\"potentialAction\":[{\"@type\":\"ReadAction\",\"target\":[[\"https:\/\/kkpp.pl\/stp\/stp-2019\/patronat-honorowy\/\"]]}]},{\"@type\":\"BreadcrumbList\",\"@id\":\"https:\/\/kkpp.pl\/en\/stp\/stp-2019\/patronat-honorowy\/#breadcrumb\",\"itemListElement\":[{\"@type\":\"ListItem\",\"position\":1,\"name\":\"\u015aTP\",\"item\":\"https:\/\/kkpp.pl\/stp\/\"},{\"@type\":\"ListItem\",\"position\":2,\"name\":\"\u015aTP 2019\",\"item\":\"https:\/\/kkpp.pl\/stp\/stp-2019\/\"},{\"@type\":\"ListItem\",\"position\":3,\"name\":\"Patronat honorowy\"}]}]}<\/script>\n<!-- \/ Yoast SEO plugin. -->","yoast_head_json":{"robots":{"index":"index","follow":"follow","max-snippet":"max-snippet:-1","max-image-preview":"max-image-preview:large","max-video-preview":"max-video-preview:-1"},"canonical":"https:\/\/kkpp.pl\/en\/stp\/stp-2019\/patronat-honorowy\/","og_locale":"en_US","og_type":"article","og_title":"(Polski) Patronat honorowy - KKPP K\u0119dzierzy\u0144sko-Kozielski Park Przemys\u0142owy Sp. z o.o.","og_description":"Sorry, this entry is only available in Polish.","og_url":"https:\/\/kkpp.pl\/en\/stp\/stp-2019\/patronat-honorowy\/","og_site_name":"KKPP K\u0119dzierzy\u0144sko-Kozielski Park Przemys\u0142owy Sp. z o.o.","article_modified_time":"2021-12-04T17:52:47+00:00","og_image":[{"width":2560,"height":810,"url":"https:\/\/kkpp.pl\/wp-content\/uploads\/2021\/11\/Baner_STP_header-2000x633px-scaled.jpg","type":"image\/jpeg"}],"twitter_card":"summary_large_image","schema":{"@context":"https:\/\/schema.org","@graph":[{"@type":"WebSite","@id":"https:\/\/kkpp.pl\/en\/#website","url":"https:\/\/kkpp.pl\/en\/","name":"KKPP K\u0119dzierzy\u0144sko-Kozielski Park Przemys\u0142owy Sp. z o.o.","description":"Centrum Obs\u0142ugi Inwestora K\u0119dzierzyn-Ko\u017ale oferuje tereny inwestycyjne, wsparcie doradcze, szkoleniowe; wynajem powierzchni biurowych, produkcyjnych, us\u0142ugowych.","potentialAction":[{"@type":"SearchAction","target":{"@type":"EntryPoint","urlTemplate":"https:\/\/kkpp.pl\/en\/?s={search_term_string}"},"query-input":"required name=search_term_string"}],"inLanguage":"en-US"},{"@type":"ImageObject","@id":"https:\/\/kkpp.pl\/en\/stp\/stp-2019\/patronat-honorowy\/#primaryimage","inLanguage":"en-US","url":"https:\/\/kkpp.pl\/wp-content\/uploads\/2021\/11\/Baner_STP_header-2000x633px-scaled.jpg","contentUrl":"https:\/\/kkpp.pl\/wp-content\/uploads\/2021\/11\/Baner_STP_header-2000x633px-scaled.jpg","width":2560,"height":810},{"@type":"WebPage","@id":"https:\/\/kkpp.pl\/en\/stp\/stp-2019\/patronat-honorowy\/#webpage","url":"https:\/\/kkpp.pl\/en\/stp\/stp-2019\/patronat-honorowy\/","name":"(Polski) Patronat honorowy - KKPP K\u0119dzierzy\u0144sko-Kozielski Park Przemys\u0142owy Sp. z o.o.","isPartOf":{"@id":"https:\/\/kkpp.pl\/en\/#website"},"primaryImageOfPage":{"@id":"https:\/\/kkpp.pl\/en\/stp\/stp-2019\/patronat-honorowy\/#primaryimage"},"datePublished":"2021-11-22T13:56:00+00:00","dateModified":"2021-12-04T17:52:47+00:00","breadcrumb":{"@id":"https:\/\/kkpp.pl\/en\/stp\/stp-2019\/patronat-honorowy\/#breadcrumb"},"inLanguage":"en-US","potentialAction":[{"@type":"ReadAction","target":[["https:\/\/kkpp.pl\/stp\/stp-2019\/patronat-honorowy\/"]]}]},{"@type":"BreadcrumbList","@id":"https:\/\/kkpp.pl\/en\/stp\/stp-2019\/patronat-honorowy\/#breadcrumb","itemListElement":[{"@type":"ListItem","position":1,"name":"\u015aTP","item":"https:\/\/kkpp.pl\/stp\/"},{"@type":"ListItem","position":2,"name":"\u015aTP 2019","item":"https:\/\/kkpp.pl\/stp\/stp-2019\/"},{"@type":"ListItem","position":3,"name":"Patronat honorowy"}]}]}},"_links":{"self":[{"href":"https:\/\/kkpp.pl\/en\/wp-json\/wp\/v2\/pages\/1082"}],"collection":[{"href":"https:\/\/kkpp.pl\/en\/wp-json\/wp\/v2\/pages"}],"about":[{"href":"https:\/\/kkpp.pl\/en\/wp-json\/wp\/v2\/types\/page"}],"author":[{"embeddable":true,"href":"https:\/\/kkpp.pl\/en\/wp-json\/wp\/v2\/users\/2"}],"replies":[{"embeddable":true,"href":"https:\/\/kkpp.pl\/en\/wp-json\/wp\/v2\/comments?post=1082"}],"version-history":[{"count":0,"href":"https:\/\/kkpp.pl\/en\/wp-json\/wp\/v2\/pages\/1082\/revisions"}],"up":[{"embeddable":true,"href":"https:\/\/kkpp.pl\/en\/wp-json\/wp\/v2\/pages\/1074"}],"wp:featuredmedia":[{"embeddable":true,"href":"https:\/\/kkpp.pl\/en\/wp-json\/wp\/v2\/media\/1964"}],"wp:attachment":[{"href":"https:\/\/kkpp.pl\/en\/wp-json\/wp\/v2\/media?parent=1082"}],"curies":[{"name":"wp","href":"https:\/\/api.w.org\/{rel}","templated":true}]}}