{"id":1262,"date":"2021-11-22T17:32:55","date_gmt":"2021-11-22T16:32:55","guid":{"rendered":"https:\/\/kkpp.pl\/?page_id=1262"},"modified":"2021-12-04T20:06:59","modified_gmt":"2021-12-04T19:06:59","slug":"konferencja-inwestowanie-decyzja-pomiedzy-szansa-a-ryzykiem","status":"publish","type":"page","link":"https:\/\/kkpp.pl\/en\/polski-stp\/polski-stp-2018\/polski-galerie-2\/polski-konferencja-inwestowanie-decyzja-pomiedzy-szansa-a-ryzykiem\/","title":{"rendered":"(Polski) Konferencja Inwestowanie. Decyzja pomi\u0119dzy szans\u0105 a ryzykiem"},"content":{"rendered":"<p class=\"qtranxs-available-languages-message qtranxs-available-languages-message-en\">Sorry, this entry is only available in <a href=\"https:\/\/kkpp.pl\/pl\/wp-json\/wp\/v2\/pages\/1262\" class=\"qtranxs-available-language-link qtranxs-available-language-link-pl\" title=\"Polski\">Polish<\/a>.<\/p>","protected":false},"excerpt":{"rendered":"Sorry, this entry is only available in Polish.","protected":false},"author":2,"featured_media":2118,"parent":1259,"menu_order":0,"comment_status":"closed","ping_status":"closed","template":"","meta":{"inline_featured_image":false},"acf":[],"yoast_head":"<!-- This site is optimized with the Yoast SEO plugin v18.1 - https:\/\/yoast.com\/wordpress\/plugins\/seo\/ -->\n<meta name=\"robots\" content=\"index, follow, max-snippet:-1, max-image-preview:large, max-video-preview:-1\" \/>\n<link rel=\"canonical\" href=\"https:\/\/kkpp.pl\/en\/stp\/stp-2018\/galerie-3\/konferencja-inwestowanie-decyzja-pomiedzy-szansa-a-ryzykiem\/\" \/>\n<meta property=\"og:locale\" content=\"en_US\" \/>\n<meta property=\"og:type\" content=\"article\" \/>\n<meta property=\"og:title\" content=\"(Polski) Konferencja Inwestowanie. Decyzja pomi\u0119dzy szans\u0105 a ryzykiem - KKPP K\u0119dzierzy\u0144sko-Kozielski Park Przemys\u0142owy Sp. z o.o.\" \/>\n<meta property=\"og:description\" content=\"Sorry, this entry is only available in Polish.\" \/>\n<meta property=\"og:url\" content=\"https:\/\/kkpp.pl\/en\/stp\/stp-2018\/galerie-3\/konferencja-inwestowanie-decyzja-pomiedzy-szansa-a-ryzykiem\/\" \/>\n<meta property=\"og:site_name\" content=\"KKPP K\u0119dzierzy\u0144sko-Kozielski Park Przemys\u0142owy Sp. z o.o.\" \/>\n<meta property=\"article:modified_time\" content=\"2021-12-04T19:06:59+00:00\" \/>\n<meta property=\"og:image\" content=\"https:\/\/kkpp.pl\/wp-content\/uploads\/2021\/12\/header_STP_podstrona_2000x633px.gif\" \/>\n\t<meta property=\"og:image:width\" content=\"2000\" \/>\n\t<meta property=\"og:image:height\" content=\"633\" \/>\n\t<meta property=\"og:image:type\" content=\"image\/gif\" \/>\n<meta name=\"twitter:card\" content=\"summary_large_image\" \/>\n<meta name=\"twitter:label1\" content=\"Est. reading time\" \/>\n\t<meta name=\"twitter:data1\" content=\"1 minute\" \/>\n<script type=\"application\/ld+json\" class=\"yoast-schema-graph\">{\"@context\":\"https:\/\/schema.org\",\"@graph\":[{\"@type\":\"WebSite\",\"@id\":\"https:\/\/kkpp.pl\/en\/#website\",\"url\":\"https:\/\/kkpp.pl\/en\/\",\"name\":\"KKPP K\u0119dzierzy\u0144sko-Kozielski Park Przemys\u0142owy Sp. z o.o.\",\"description\":\"Centrum Obs\u0142ugi Inwestora K\u0119dzierzyn-Ko\u017ale oferuje tereny inwestycyjne, wsparcie doradcze, szkoleniowe; wynajem powierzchni biurowych, produkcyjnych, us\u0142ugowych.\",\"potentialAction\":[{\"@type\":\"SearchAction\",\"target\":{\"@type\":\"EntryPoint\",\"urlTemplate\":\"https:\/\/kkpp.pl\/en\/?s={search_term_string}\"},\"query-input\":\"required name=search_term_string\"}],\"inLanguage\":\"en-US\"},{\"@type\":\"ImageObject\",\"@id\":\"https:\/\/kkpp.pl\/en\/stp\/stp-2018\/galerie-3\/konferencja-inwestowanie-decyzja-pomiedzy-szansa-a-ryzykiem\/#primaryimage\",\"inLanguage\":\"en-US\",\"url\":\"https:\/\/kkpp.pl\/wp-content\/uploads\/2021\/12\/header_STP_podstrona_2000x633px.gif\",\"contentUrl\":\"https:\/\/kkpp.pl\/wp-content\/uploads\/2021\/12\/header_STP_podstrona_2000x633px.gif\",\"width\":2000,\"height\":633},{\"@type\":\"WebPage\",\"@id\":\"https:\/\/kkpp.pl\/en\/stp\/stp-2018\/galerie-3\/konferencja-inwestowanie-decyzja-pomiedzy-szansa-a-ryzykiem\/#webpage\",\"url\":\"https:\/\/kkpp.pl\/en\/stp\/stp-2018\/galerie-3\/konferencja-inwestowanie-decyzja-pomiedzy-szansa-a-ryzykiem\/\",\"name\":\"(Polski) Konferencja Inwestowanie. Decyzja pomi\u0119dzy szans\u0105 a ryzykiem - KKPP K\u0119dzierzy\u0144sko-Kozielski Park Przemys\u0142owy Sp. z o.o.\",\"isPartOf\":{\"@id\":\"https:\/\/kkpp.pl\/en\/#website\"},\"primaryImageOfPage\":{\"@id\":\"https:\/\/kkpp.pl\/en\/stp\/stp-2018\/galerie-3\/konferencja-inwestowanie-decyzja-pomiedzy-szansa-a-ryzykiem\/#primaryimage\"},\"datePublished\":\"2021-11-22T16:32:55+00:00\",\"dateModified\":\"2021-12-04T19:06:59+00:00\",\"breadcrumb\":{\"@id\":\"https:\/\/kkpp.pl\/en\/stp\/stp-2018\/galerie-3\/konferencja-inwestowanie-decyzja-pomiedzy-szansa-a-ryzykiem\/#breadcrumb\"},\"inLanguage\":\"en-US\",\"potentialAction\":[{\"@type\":\"ReadAction\",\"target\":[[\"https:\/\/kkpp.pl\/stp\/stp-2018\/galerie-3\/konferencja-inwestowanie-decyzja-pomiedzy-szansa-a-ryzykiem\/\"]]}]},{\"@type\":\"BreadcrumbList\",\"@id\":\"https:\/\/kkpp.pl\/en\/stp\/stp-2018\/galerie-3\/konferencja-inwestowanie-decyzja-pomiedzy-szansa-a-ryzykiem\/#breadcrumb\",\"itemListElement\":[{\"@type\":\"ListItem\",\"position\":1,\"name\":\"\u015aTP\",\"item\":\"https:\/\/kkpp.pl\/stp\/\"},{\"@type\":\"ListItem\",\"position\":2,\"name\":\"\u015aTP 2018\",\"item\":\"https:\/\/kkpp.pl\/stp\/stp-2018\/\"},{\"@type\":\"ListItem\",\"position\":3,\"name\":\"Galerie\",\"item\":\"https:\/\/kkpp.pl\/stp\/stp-2018\/galerie-3\/\"},{\"@type\":\"ListItem\",\"position\":4,\"name\":\"Konferencja Inwestowanie. Decyzja pomi\u0119dzy szans\u0105 a ryzykiem\"}]}]}<\/script>\n<!-- \/ Yoast SEO plugin. -->","yoast_head_json":{"robots":{"index":"index","follow":"follow","max-snippet":"max-snippet:-1","max-image-preview":"max-image-preview:large","max-video-preview":"max-video-preview:-1"},"canonical":"https:\/\/kkpp.pl\/en\/stp\/stp-2018\/galerie-3\/konferencja-inwestowanie-decyzja-pomiedzy-szansa-a-ryzykiem\/","og_locale":"en_US","og_type":"article","og_title":"(Polski) Konferencja Inwestowanie. Decyzja pomi\u0119dzy szans\u0105 a ryzykiem - KKPP K\u0119dzierzy\u0144sko-Kozielski Park Przemys\u0142owy Sp. z o.o.","og_description":"Sorry, this entry is only available in Polish.","og_url":"https:\/\/kkpp.pl\/en\/stp\/stp-2018\/galerie-3\/konferencja-inwestowanie-decyzja-pomiedzy-szansa-a-ryzykiem\/","og_site_name":"KKPP K\u0119dzierzy\u0144sko-Kozielski Park Przemys\u0142owy Sp. z o.o.","article_modified_time":"2021-12-04T19:06:59+00:00","og_image":[{"width":2000,"height":633,"url":"https:\/\/kkpp.pl\/wp-content\/uploads\/2021\/12\/header_STP_podstrona_2000x633px.gif","type":"image\/gif"}],"twitter_card":"summary_large_image","twitter_misc":{"Est. reading time":"1 minute"},"schema":{"@context":"https:\/\/schema.org","@graph":[{"@type":"WebSite","@id":"https:\/\/kkpp.pl\/en\/#website","url":"https:\/\/kkpp.pl\/en\/","name":"KKPP K\u0119dzierzy\u0144sko-Kozielski Park Przemys\u0142owy Sp. z o.o.","description":"Centrum Obs\u0142ugi Inwestora K\u0119dzierzyn-Ko\u017ale oferuje tereny inwestycyjne, wsparcie doradcze, szkoleniowe; wynajem powierzchni biurowych, produkcyjnych, us\u0142ugowych.","potentialAction":[{"@type":"SearchAction","target":{"@type":"EntryPoint","urlTemplate":"https:\/\/kkpp.pl\/en\/?s={search_term_string}"},"query-input":"required name=search_term_string"}],"inLanguage":"en-US"},{"@type":"ImageObject","@id":"https:\/\/kkpp.pl\/en\/stp\/stp-2018\/galerie-3\/konferencja-inwestowanie-decyzja-pomiedzy-szansa-a-ryzykiem\/#primaryimage","inLanguage":"en-US","url":"https:\/\/kkpp.pl\/wp-content\/uploads\/2021\/12\/header_STP_podstrona_2000x633px.gif","contentUrl":"https:\/\/kkpp.pl\/wp-content\/uploads\/2021\/12\/header_STP_podstrona_2000x633px.gif","width":2000,"height":633},{"@type":"WebPage","@id":"https:\/\/kkpp.pl\/en\/stp\/stp-2018\/galerie-3\/konferencja-inwestowanie-decyzja-pomiedzy-szansa-a-ryzykiem\/#webpage","url":"https:\/\/kkpp.pl\/en\/stp\/stp-2018\/galerie-3\/konferencja-inwestowanie-decyzja-pomiedzy-szansa-a-ryzykiem\/","name":"(Polski) Konferencja Inwestowanie. Decyzja pomi\u0119dzy szans\u0105 a ryzykiem - KKPP K\u0119dzierzy\u0144sko-Kozielski Park Przemys\u0142owy Sp. z o.o.","isPartOf":{"@id":"https:\/\/kkpp.pl\/en\/#website"},"primaryImageOfPage":{"@id":"https:\/\/kkpp.pl\/en\/stp\/stp-2018\/galerie-3\/konferencja-inwestowanie-decyzja-pomiedzy-szansa-a-ryzykiem\/#primaryimage"},"datePublished":"2021-11-22T16:32:55+00:00","dateModified":"2021-12-04T19:06:59+00:00","breadcrumb":{"@id":"https:\/\/kkpp.pl\/en\/stp\/stp-2018\/galerie-3\/konferencja-inwestowanie-decyzja-pomiedzy-szansa-a-ryzykiem\/#breadcrumb"},"inLanguage":"en-US","potentialAction":[{"@type":"ReadAction","target":[["https:\/\/kkpp.pl\/stp\/stp-2018\/galerie-3\/konferencja-inwestowanie-decyzja-pomiedzy-szansa-a-ryzykiem\/"]]}]},{"@type":"BreadcrumbList","@id":"https:\/\/kkpp.pl\/en\/stp\/stp-2018\/galerie-3\/konferencja-inwestowanie-decyzja-pomiedzy-szansa-a-ryzykiem\/#breadcrumb","itemListElement":[{"@type":"ListItem","position":1,"name":"\u015aTP","item":"https:\/\/kkpp.pl\/stp\/"},{"@type":"ListItem","position":2,"name":"\u015aTP 2018","item":"https:\/\/kkpp.pl\/stp\/stp-2018\/"},{"@type":"ListItem","position":3,"name":"Galerie","item":"https:\/\/kkpp.pl\/stp\/stp-2018\/galerie-3\/"},{"@type":"ListItem","position":4,"name":"Konferencja Inwestowanie. Decyzja pomi\u0119dzy szans\u0105 a ryzykiem"}]}]}},"_links":{"self":[{"href":"https:\/\/kkpp.pl\/en\/wp-json\/wp\/v2\/pages\/1262"}],"collection":[{"href":"https:\/\/kkpp.pl\/en\/wp-json\/wp\/v2\/pages"}],"about":[{"href":"https:\/\/kkpp.pl\/en\/wp-json\/wp\/v2\/types\/page"}],"author":[{"embeddable":true,"href":"https:\/\/kkpp.pl\/en\/wp-json\/wp\/v2\/users\/2"}],"replies":[{"embeddable":true,"href":"https:\/\/kkpp.pl\/en\/wp-json\/wp\/v2\/comments?post=1262"}],"version-history":[{"count":0,"href":"https:\/\/kkpp.pl\/en\/wp-json\/wp\/v2\/pages\/1262\/revisions"}],"up":[{"embeddable":true,"href":"https:\/\/kkpp.pl\/en\/wp-json\/wp\/v2\/pages\/1259"}],"wp:featuredmedia":[{"embeddable":true,"href":"https:\/\/kkpp.pl\/en\/wp-json\/wp\/v2\/media\/2118"}],"wp:attachment":[{"href":"https:\/\/kkpp.pl\/en\/wp-json\/wp\/v2\/media?parent=1262"}],"curies":[{"name":"wp","href":"https:\/\/api.w.org\/{rel}","templated":true}]}}