{"id":1468,"date":"2021-11-23T21:06:03","date_gmt":"2021-11-23T20:06:03","guid":{"rendered":"https:\/\/kkpp.pl\/?page_id=1468"},"modified":"2021-12-04T20:26:41","modified_gmt":"2021-12-04T19:26:41","slug":"goscie-specjalni","status":"publish","type":"page","link":"https:\/\/kkpp.pl\/en\/polski-stp\/polski-stp-2016\/polski-goscie-specjalni-2\/","title":{"rendered":"(Polski) Go\u015bcie specjalni"},"content":{"rendered":"<p>Wszystkich zainteresowanych wsp\u00f3\u0142prac\u0105 prosimy o&nbsp;kontakt:<br \/>\nK\u0119dzierzy\u0144sko-Kozielski Park Przemys\u0142owy Sp. z&nbsp;o. o.<br \/>\nul. Szkolna 15 | 47-225 K\u0119dzierzyn-Ko\u017ale<br \/>\ne: <a  href=\"javascript:smae_decode('bWFyaW9sYS5zenltYW5za2FAa2twcC5wbA==');\" >&#109;&#097;&#114;&#105;&#111;&#108;&#097;&#046;&#115;&#122;&#121;&#109;&#097;&#110;&#115;&#107;&#097;&#064;&#107;&#107;&#112;&#112;&#046;&#112;&#108;<\/a> | t: +48 530 263 583<br \/>\ne: <a  href=\"javascript:smae_decode('ZWx6YmlldGEuYmFyY2lha0Bra3BwLnBs');\" >&#101;&#108;&#122;&#098;&#105;&#101;&#116;&#097;&#046;&#098;&#097;&#114;&#099;&#105;&#097;&#107;&#064;&#107;&#107;&#112;&#112;&#046;&#112;&#108;<\/a> | t: +48 607 670 013<br \/>\ne: <a  href=\"javascript:smae_decode('ZXdhLnplbWJyenVza2FAa2twcC5wbA==');\" >&#101;&#119;&#097;&#046;&#122;&#101;&#109;&#098;&#114;&#122;&#117;&#115;&#107;&#097;&#064;&#107;&#107;&#112;&#112;&#046;&#112;&#108;<\/a> | t: +48 533 293 645<\/p>","protected":false},"excerpt":{"rendered":"Wszystkich zainteresowanych wsp\u00f3\u0142prac\u0105 prosimy o&nbsp;kontakt: K\u0119dzierzy\u0144sko-Kozielski Park Przemys\u0142owy Sp. z&nbsp;o. o. ul. Szkolna 15 | 47-225 K\u0119dzierzyn-Ko\u017ale e: &#109;&#097;&#114;&#105;&#111;&#108;&#097;&#046;&#115;&#122;&#121;&#109;&#097;&#110;&#115;&#107;&#097;&#064;&#107;&#107;&#112;&#112;&#046;&#112;&#108; | t: +48 530 263 583 e: &#101;&#108;&#122;&#098;&#105;&#101;&#116;&#097;&#046;&#098;&#097;&#114;&#099;&#105;&#097;&#107;&#064;&#107;&#107;&#112;&#112;&#046;&#112;&#108; | t: +48 607 670 013 e: &#101;&#119;&#097;&#046;&#122;&#101;&#109;&#098;&#114;&#122;&#117;&#115;&#107;&#097;&#064;&#107;&#107;&#112;&#112;&#046;&#112;&#108; | t: +48 533 293 645","protected":false},"author":2,"featured_media":2118,"parent":1446,"menu_order":3,"comment_status":"closed","ping_status":"closed","template":"","meta":{"inline_featured_image":false},"acf":[],"yoast_head":"<!-- This site is optimized with the Yoast SEO plugin v18.1 - https:\/\/yoast.com\/wordpress\/plugins\/seo\/ -->\n<meta name=\"robots\" content=\"index, follow, max-snippet:-1, max-image-preview:large, max-video-preview:-1\" \/>\n<link rel=\"canonical\" href=\"https:\/\/kkpp.pl\/en\/stp\/stp-2016\/goscie-specjalni-2\/\" \/>\n<meta property=\"og:locale\" content=\"en_US\" \/>\n<meta property=\"og:type\" content=\"article\" \/>\n<meta property=\"og:title\" content=\"(Polski) Go\u015bcie specjalni - KKPP K\u0119dzierzy\u0144sko-Kozielski Park Przemys\u0142owy Sp. z o.o.\" \/>\n<meta property=\"og:description\" content=\"Wszystkich zainteresowanych wsp\u00f3\u0142prac\u0105 prosimy o&nbsp;kontakt: K\u0119dzierzy\u0144sko-Kozielski Park Przemys\u0142owy Sp. z&nbsp;o. o. ul. Szkolna 15 | 47-225 K\u0119dzierzyn-Ko\u017ale e: &#109;&#097;&#114;&#105;&#111;&#108;&#097;&#046;&#115;&#122;&#121;&#109;&#097;&#110;&#115;&#107;&#097;&#064;&#107;&#107;&#112;&#112;&#046;&#112;&#108; | t: +48 530 263 583 e: &#101;&#108;&#122;&#098;&#105;&#101;&#116;&#097;&#046;&#098;&#097;&#114;&#099;&#105;&#097;&#107;&#064;&#107;&#107;&#112;&#112;&#046;&#112;&#108; | t: +48 607 670 013 e: &#101;&#119;&#097;&#046;&#122;&#101;&#109;&#098;&#114;&#122;&#117;&#115;&#107;&#097;&#064;&#107;&#107;&#112;&#112;&#046;&#112;&#108; | t: +48 533 293 645\" \/>\n<meta property=\"og:url\" content=\"https:\/\/kkpp.pl\/en\/stp\/stp-2016\/goscie-specjalni-2\/\" \/>\n<meta property=\"og:site_name\" content=\"KKPP K\u0119dzierzy\u0144sko-Kozielski Park Przemys\u0142owy Sp. z o.o.\" \/>\n<meta property=\"article:modified_time\" content=\"2021-12-04T19:26:41+00:00\" \/>\n<meta property=\"og:image\" content=\"https:\/\/kkpp.pl\/wp-content\/uploads\/2021\/12\/header_STP_podstrona_2000x633px.gif\" \/>\n\t<meta property=\"og:image:width\" content=\"2000\" \/>\n\t<meta property=\"og:image:height\" content=\"633\" \/>\n\t<meta property=\"og:image:type\" content=\"image\/gif\" \/>\n<meta name=\"twitter:card\" content=\"summary_large_image\" \/>\n<meta name=\"twitter:label1\" content=\"Est. reading time\" \/>\n\t<meta name=\"twitter:data1\" content=\"2 minutes\" \/>\n<script type=\"application\/ld+json\" class=\"yoast-schema-graph\">{\"@context\":\"https:\/\/schema.org\",\"@graph\":[{\"@type\":\"WebSite\",\"@id\":\"https:\/\/kkpp.pl\/en\/#website\",\"url\":\"https:\/\/kkpp.pl\/en\/\",\"name\":\"KKPP K\u0119dzierzy\u0144sko-Kozielski Park Przemys\u0142owy Sp. z o.o.\",\"description\":\"Centrum Obs\u0142ugi Inwestora K\u0119dzierzyn-Ko\u017ale oferuje tereny inwestycyjne, wsparcie doradcze, szkoleniowe; wynajem powierzchni biurowych, produkcyjnych, us\u0142ugowych.\",\"potentialAction\":[{\"@type\":\"SearchAction\",\"target\":{\"@type\":\"EntryPoint\",\"urlTemplate\":\"https:\/\/kkpp.pl\/en\/?s={search_term_string}\"},\"query-input\":\"required name=search_term_string\"}],\"inLanguage\":\"en-US\"},{\"@type\":\"ImageObject\",\"@id\":\"https:\/\/kkpp.pl\/en\/stp\/stp-2016\/goscie-specjalni-2\/#primaryimage\",\"inLanguage\":\"en-US\",\"url\":\"https:\/\/kkpp.pl\/wp-content\/uploads\/2021\/12\/header_STP_podstrona_2000x633px.gif\",\"contentUrl\":\"https:\/\/kkpp.pl\/wp-content\/uploads\/2021\/12\/header_STP_podstrona_2000x633px.gif\",\"width\":2000,\"height\":633},{\"@type\":\"WebPage\",\"@id\":\"https:\/\/kkpp.pl\/en\/stp\/stp-2016\/goscie-specjalni-2\/#webpage\",\"url\":\"https:\/\/kkpp.pl\/en\/stp\/stp-2016\/goscie-specjalni-2\/\",\"name\":\"(Polski) Go\u015bcie specjalni - KKPP K\u0119dzierzy\u0144sko-Kozielski Park Przemys\u0142owy Sp. z o.o.\",\"isPartOf\":{\"@id\":\"https:\/\/kkpp.pl\/en\/#website\"},\"primaryImageOfPage\":{\"@id\":\"https:\/\/kkpp.pl\/en\/stp\/stp-2016\/goscie-specjalni-2\/#primaryimage\"},\"datePublished\":\"2021-11-23T20:06:03+00:00\",\"dateModified\":\"2021-12-04T19:26:41+00:00\",\"breadcrumb\":{\"@id\":\"https:\/\/kkpp.pl\/en\/stp\/stp-2016\/goscie-specjalni-2\/#breadcrumb\"},\"inLanguage\":\"en-US\",\"potentialAction\":[{\"@type\":\"ReadAction\",\"target\":[[\"https:\/\/kkpp.pl\/stp\/stp-2016\/goscie-specjalni-2\/\"]]}]},{\"@type\":\"BreadcrumbList\",\"@id\":\"https:\/\/kkpp.pl\/en\/stp\/stp-2016\/goscie-specjalni-2\/#breadcrumb\",\"itemListElement\":[{\"@type\":\"ListItem\",\"position\":1,\"name\":\"\u015aTP\",\"item\":\"https:\/\/kkpp.pl\/stp\/\"},{\"@type\":\"ListItem\",\"position\":2,\"name\":\"\u015aTP 2016\",\"item\":\"https:\/\/kkpp.pl\/stp\/stp-2016\/\"},{\"@type\":\"ListItem\",\"position\":3,\"name\":\"Go\u015bcie specjalni\"}]}]}<\/script>\n<!-- \/ Yoast SEO plugin. -->","yoast_head_json":{"robots":{"index":"index","follow":"follow","max-snippet":"max-snippet:-1","max-image-preview":"max-image-preview:large","max-video-preview":"max-video-preview:-1"},"canonical":"https:\/\/kkpp.pl\/en\/stp\/stp-2016\/goscie-specjalni-2\/","og_locale":"en_US","og_type":"article","og_title":"(Polski) Go\u015bcie specjalni - KKPP K\u0119dzierzy\u0144sko-Kozielski Park Przemys\u0142owy Sp. z o.o.","og_description":"Wszystkich zainteresowanych wsp\u00f3\u0142prac\u0105 prosimy o&nbsp;kontakt: K\u0119dzierzy\u0144sko-Kozielski Park Przemys\u0142owy Sp. z&nbsp;o. o. ul. Szkolna 15 | 47-225 K\u0119dzierzyn-Ko\u017ale e: &#109;&#097;&#114;&#105;&#111;&#108;&#097;&#046;&#115;&#122;&#121;&#109;&#097;&#110;&#115;&#107;&#097;&#064;&#107;&#107;&#112;&#112;&#046;&#112;&#108; | t: +48 530 263 583 e: &#101;&#108;&#122;&#098;&#105;&#101;&#116;&#097;&#046;&#098;&#097;&#114;&#099;&#105;&#097;&#107;&#064;&#107;&#107;&#112;&#112;&#046;&#112;&#108; | t: +48 607 670 013 e: &#101;&#119;&#097;&#046;&#122;&#101;&#109;&#098;&#114;&#122;&#117;&#115;&#107;&#097;&#064;&#107;&#107;&#112;&#112;&#046;&#112;&#108; | t: +48 533 293 645","og_url":"https:\/\/kkpp.pl\/en\/stp\/stp-2016\/goscie-specjalni-2\/","og_site_name":"KKPP K\u0119dzierzy\u0144sko-Kozielski Park Przemys\u0142owy Sp. z o.o.","article_modified_time":"2021-12-04T19:26:41+00:00","og_image":[{"width":2000,"height":633,"url":"https:\/\/kkpp.pl\/wp-content\/uploads\/2021\/12\/header_STP_podstrona_2000x633px.gif","type":"image\/gif"}],"twitter_card":"summary_large_image","twitter_misc":{"Est. reading time":"2 minutes"},"schema":{"@context":"https:\/\/schema.org","@graph":[{"@type":"WebSite","@id":"https:\/\/kkpp.pl\/en\/#website","url":"https:\/\/kkpp.pl\/en\/","name":"KKPP K\u0119dzierzy\u0144sko-Kozielski Park Przemys\u0142owy Sp. z o.o.","description":"Centrum Obs\u0142ugi Inwestora K\u0119dzierzyn-Ko\u017ale oferuje tereny inwestycyjne, wsparcie doradcze, szkoleniowe; wynajem powierzchni biurowych, produkcyjnych, us\u0142ugowych.","potentialAction":[{"@type":"SearchAction","target":{"@type":"EntryPoint","urlTemplate":"https:\/\/kkpp.pl\/en\/?s={search_term_string}"},"query-input":"required name=search_term_string"}],"inLanguage":"en-US"},{"@type":"ImageObject","@id":"https:\/\/kkpp.pl\/en\/stp\/stp-2016\/goscie-specjalni-2\/#primaryimage","inLanguage":"en-US","url":"https:\/\/kkpp.pl\/wp-content\/uploads\/2021\/12\/header_STP_podstrona_2000x633px.gif","contentUrl":"https:\/\/kkpp.pl\/wp-content\/uploads\/2021\/12\/header_STP_podstrona_2000x633px.gif","width":2000,"height":633},{"@type":"WebPage","@id":"https:\/\/kkpp.pl\/en\/stp\/stp-2016\/goscie-specjalni-2\/#webpage","url":"https:\/\/kkpp.pl\/en\/stp\/stp-2016\/goscie-specjalni-2\/","name":"(Polski) Go\u015bcie specjalni - KKPP K\u0119dzierzy\u0144sko-Kozielski Park Przemys\u0142owy Sp. z o.o.","isPartOf":{"@id":"https:\/\/kkpp.pl\/en\/#website"},"primaryImageOfPage":{"@id":"https:\/\/kkpp.pl\/en\/stp\/stp-2016\/goscie-specjalni-2\/#primaryimage"},"datePublished":"2021-11-23T20:06:03+00:00","dateModified":"2021-12-04T19:26:41+00:00","breadcrumb":{"@id":"https:\/\/kkpp.pl\/en\/stp\/stp-2016\/goscie-specjalni-2\/#breadcrumb"},"inLanguage":"en-US","potentialAction":[{"@type":"ReadAction","target":[["https:\/\/kkpp.pl\/stp\/stp-2016\/goscie-specjalni-2\/"]]}]},{"@type":"BreadcrumbList","@id":"https:\/\/kkpp.pl\/en\/stp\/stp-2016\/goscie-specjalni-2\/#breadcrumb","itemListElement":[{"@type":"ListItem","position":1,"name":"\u015aTP","item":"https:\/\/kkpp.pl\/stp\/"},{"@type":"ListItem","position":2,"name":"\u015aTP 2016","item":"https:\/\/kkpp.pl\/stp\/stp-2016\/"},{"@type":"ListItem","position":3,"name":"Go\u015bcie specjalni"}]}]}},"_links":{"self":[{"href":"https:\/\/kkpp.pl\/en\/wp-json\/wp\/v2\/pages\/1468"}],"collection":[{"href":"https:\/\/kkpp.pl\/en\/wp-json\/wp\/v2\/pages"}],"about":[{"href":"https:\/\/kkpp.pl\/en\/wp-json\/wp\/v2\/types\/page"}],"author":[{"embeddable":true,"href":"https:\/\/kkpp.pl\/en\/wp-json\/wp\/v2\/users\/2"}],"replies":[{"embeddable":true,"href":"https:\/\/kkpp.pl\/en\/wp-json\/wp\/v2\/comments?post=1468"}],"version-history":[{"count":1,"href":"https:\/\/kkpp.pl\/en\/wp-json\/wp\/v2\/pages\/1468\/revisions"}],"predecessor-version":[{"id":2149,"href":"https:\/\/kkpp.pl\/en\/wp-json\/wp\/v2\/pages\/1468\/revisions\/2149"}],"up":[{"embeddable":true,"href":"https:\/\/kkpp.pl\/en\/wp-json\/wp\/v2\/pages\/1446"}],"wp:featuredmedia":[{"embeddable":true,"href":"https:\/\/kkpp.pl\/en\/wp-json\/wp\/v2\/media\/2118"}],"wp:attachment":[{"href":"https:\/\/kkpp.pl\/en\/wp-json\/wp\/v2\/media?parent=1468"}],"curies":[{"name":"wp","href":"https:\/\/api.w.org\/{rel}","templated":true}]}}