{"id":1815,"date":"2021-11-24T12:44:27","date_gmt":"2021-11-24T11:44:27","guid":{"rendered":"https:\/\/kkpp.pl\/?page_id=1815"},"modified":"2025-06-06T20:33:17","modified_gmt":"2025-06-06T18:33:17","slug":"wladze","status":"publish","type":"page","link":"https:\/\/kkpp.pl\/en\/kkpp-and-region\/kkpp\/management\/","title":{"rendered":"Management"},"content":{"rendered":"<p><strong>SUPERVISORY BOARD:<\/strong><br \/>\nKlaudiusz Widera \u2013 Chairman of the Supervisory Board<br \/>\nDariusz Bednorz \u2013 Vice-chairman of the supervisory board<br \/>\nDorota Zas\u0142onka \u2013 Secretary of the Supervisory Board<br \/>\n<strong><br \/>\nMANAGING BOARD:<\/strong><br \/>\nAlicja G\u00f3rska \u2013 President<\/p>","protected":false},"excerpt":{"rendered":"SUPERVISORY BOARD: Klaudiusz Widera \u2013 Chairman of the Supervisory Board Dariusz Bednorz \u2013 Vice-chairman of the supervisory board Dorota Zas\u0142onka \u2013 Secretary of the Supervisory Board MANAGING BOARD: Alicja G\u00f3rska \u2013 President","protected":false},"author":2,"featured_media":0,"parent":24,"menu_order":0,"comment_status":"closed","ping_status":"closed","template":"","meta":{"inline_featured_image":false},"acf":[],"yoast_head":"<!-- This site is optimized with the Yoast SEO plugin v18.1 - https:\/\/yoast.com\/wordpress\/plugins\/seo\/ -->\n<meta name=\"robots\" content=\"index, follow, max-snippet:-1, max-image-preview:large, max-video-preview:-1\" \/>\n<link rel=\"canonical\" href=\"https:\/\/kkpp.pl\/en\/kkpp-i-region\/kkpp\/wladze\/\" \/>\n<meta property=\"og:locale\" content=\"en_US\" \/>\n<meta property=\"og:type\" content=\"article\" \/>\n<meta property=\"og:title\" content=\"Management - KKPP K\u0119dzierzy\u0144sko-Kozielski Park Przemys\u0142owy Sp. z o.o.\" \/>\n<meta property=\"og:description\" content=\"SUPERVISORY BOARD: Klaudiusz Widera \u2013 Chairman of the Supervisory Board Dariusz Bednorz \u2013 Vice-chairman of the supervisory board Dorota Zas\u0142onka \u2013 Secretary of the Supervisory Board MANAGING BOARD: Alicja G\u00f3rska \u2013 President\" \/>\n<meta property=\"og:url\" content=\"https:\/\/kkpp.pl\/en\/kkpp-i-region\/kkpp\/wladze\/\" \/>\n<meta property=\"og:site_name\" content=\"KKPP K\u0119dzierzy\u0144sko-Kozielski Park Przemys\u0142owy Sp. z o.o.\" \/>\n<meta property=\"article:modified_time\" content=\"2025-06-06T18:33:17+00:00\" \/>\n<meta name=\"twitter:card\" content=\"summary_large_image\" \/>\n<meta name=\"twitter:label1\" content=\"Est. reading time\" \/>\n\t<meta name=\"twitter:data1\" content=\"1 minute\" \/>\n<script type=\"application\/ld+json\" class=\"yoast-schema-graph\">{\"@context\":\"https:\/\/schema.org\",\"@graph\":[{\"@type\":\"WebSite\",\"@id\":\"https:\/\/kkpp.pl\/en\/#website\",\"url\":\"https:\/\/kkpp.pl\/en\/\",\"name\":\"KKPP K\u0119dzierzy\u0144sko-Kozielski Park Przemys\u0142owy Sp. z o.o.\",\"description\":\"Centrum Obs\u0142ugi Inwestora K\u0119dzierzyn-Ko\u017ale oferuje tereny inwestycyjne, wsparcie doradcze, szkoleniowe; wynajem powierzchni biurowych, produkcyjnych, us\u0142ugowych.\",\"potentialAction\":[{\"@type\":\"SearchAction\",\"target\":{\"@type\":\"EntryPoint\",\"urlTemplate\":\"https:\/\/kkpp.pl\/en\/?s={search_term_string}\"},\"query-input\":\"required name=search_term_string\"}],\"inLanguage\":\"en-US\"},{\"@type\":\"WebPage\",\"@id\":\"https:\/\/kkpp.pl\/en\/kkpp-i-region\/kkpp\/wladze\/#webpage\",\"url\":\"https:\/\/kkpp.pl\/en\/kkpp-i-region\/kkpp\/wladze\/\",\"name\":\"Management - KKPP K\u0119dzierzy\u0144sko-Kozielski Park Przemys\u0142owy Sp. z o.o.\",\"isPartOf\":{\"@id\":\"https:\/\/kkpp.pl\/en\/#website\"},\"datePublished\":\"2021-11-24T11:44:27+00:00\",\"dateModified\":\"2025-06-06T18:33:17+00:00\",\"breadcrumb\":{\"@id\":\"https:\/\/kkpp.pl\/en\/kkpp-i-region\/kkpp\/wladze\/#breadcrumb\"},\"inLanguage\":\"en-US\",\"potentialAction\":[{\"@type\":\"ReadAction\",\"target\":[[\"https:\/\/kkpp.pl\/kkpp-i-region\/kkpp\/wladze\/\"]]}]},{\"@type\":\"BreadcrumbList\",\"@id\":\"https:\/\/kkpp.pl\/en\/kkpp-i-region\/kkpp\/wladze\/#breadcrumb\",\"itemListElement\":[{\"@type\":\"ListItem\",\"position\":1,\"name\":\"KKPP i Region\",\"item\":\"https:\/\/kkpp.pl\/kkpp-i-region\/\"},{\"@type\":\"ListItem\",\"position\":2,\"name\":\"KKPP\",\"item\":\"https:\/\/kkpp.pl\/kkpp-i-region\/kkpp\/\"},{\"@type\":\"ListItem\",\"position\":3,\"name\":\"W\u0142adze\"}]}]}<\/script>\n<!-- \/ Yoast SEO plugin. -->","yoast_head_json":{"robots":{"index":"index","follow":"follow","max-snippet":"max-snippet:-1","max-image-preview":"max-image-preview:large","max-video-preview":"max-video-preview:-1"},"canonical":"https:\/\/kkpp.pl\/en\/kkpp-i-region\/kkpp\/wladze\/","og_locale":"en_US","og_type":"article","og_title":"Management - KKPP K\u0119dzierzy\u0144sko-Kozielski Park Przemys\u0142owy Sp. z o.o.","og_description":"SUPERVISORY BOARD: Klaudiusz Widera \u2013 Chairman of the Supervisory Board Dariusz Bednorz \u2013 Vice-chairman of the supervisory board Dorota Zas\u0142onka \u2013 Secretary of the Supervisory Board MANAGING BOARD: Alicja G\u00f3rska \u2013 President","og_url":"https:\/\/kkpp.pl\/en\/kkpp-i-region\/kkpp\/wladze\/","og_site_name":"KKPP K\u0119dzierzy\u0144sko-Kozielski Park Przemys\u0142owy Sp. z o.o.","article_modified_time":"2025-06-06T18:33:17+00:00","twitter_card":"summary_large_image","twitter_misc":{"Est. reading time":"1 minute"},"schema":{"@context":"https:\/\/schema.org","@graph":[{"@type":"WebSite","@id":"https:\/\/kkpp.pl\/en\/#website","url":"https:\/\/kkpp.pl\/en\/","name":"KKPP K\u0119dzierzy\u0144sko-Kozielski Park Przemys\u0142owy Sp. z o.o.","description":"Centrum Obs\u0142ugi Inwestora K\u0119dzierzyn-Ko\u017ale oferuje tereny inwestycyjne, wsparcie doradcze, szkoleniowe; wynajem powierzchni biurowych, produkcyjnych, us\u0142ugowych.","potentialAction":[{"@type":"SearchAction","target":{"@type":"EntryPoint","urlTemplate":"https:\/\/kkpp.pl\/en\/?s={search_term_string}"},"query-input":"required name=search_term_string"}],"inLanguage":"en-US"},{"@type":"WebPage","@id":"https:\/\/kkpp.pl\/en\/kkpp-i-region\/kkpp\/wladze\/#webpage","url":"https:\/\/kkpp.pl\/en\/kkpp-i-region\/kkpp\/wladze\/","name":"Management - KKPP K\u0119dzierzy\u0144sko-Kozielski Park Przemys\u0142owy Sp. z o.o.","isPartOf":{"@id":"https:\/\/kkpp.pl\/en\/#website"},"datePublished":"2021-11-24T11:44:27+00:00","dateModified":"2025-06-06T18:33:17+00:00","breadcrumb":{"@id":"https:\/\/kkpp.pl\/en\/kkpp-i-region\/kkpp\/wladze\/#breadcrumb"},"inLanguage":"en-US","potentialAction":[{"@type":"ReadAction","target":[["https:\/\/kkpp.pl\/kkpp-i-region\/kkpp\/wladze\/"]]}]},{"@type":"BreadcrumbList","@id":"https:\/\/kkpp.pl\/en\/kkpp-i-region\/kkpp\/wladze\/#breadcrumb","itemListElement":[{"@type":"ListItem","position":1,"name":"KKPP i Region","item":"https:\/\/kkpp.pl\/kkpp-i-region\/"},{"@type":"ListItem","position":2,"name":"KKPP","item":"https:\/\/kkpp.pl\/kkpp-i-region\/kkpp\/"},{"@type":"ListItem","position":3,"name":"W\u0142adze"}]}]}},"_links":{"self":[{"href":"https:\/\/kkpp.pl\/en\/wp-json\/wp\/v2\/pages\/1815"}],"collection":[{"href":"https:\/\/kkpp.pl\/en\/wp-json\/wp\/v2\/pages"}],"about":[{"href":"https:\/\/kkpp.pl\/en\/wp-json\/wp\/v2\/types\/page"}],"author":[{"embeddable":true,"href":"https:\/\/kkpp.pl\/en\/wp-json\/wp\/v2\/users\/2"}],"replies":[{"embeddable":true,"href":"https:\/\/kkpp.pl\/en\/wp-json\/wp\/v2\/comments?post=1815"}],"version-history":[{"count":17,"href":"https:\/\/kkpp.pl\/en\/wp-json\/wp\/v2\/pages\/1815\/revisions"}],"predecessor-version":[{"id":4010,"href":"https:\/\/kkpp.pl\/en\/wp-json\/wp\/v2\/pages\/1815\/revisions\/4010"}],"up":[{"embeddable":true,"href":"https:\/\/kkpp.pl\/en\/wp-json\/wp\/v2\/pages\/24"}],"wp:attachment":[{"href":"https:\/\/kkpp.pl\/en\/wp-json\/wp\/v2\/media?parent=1815"}],"curies":[{"name":"wp","href":"https:\/\/api.w.org\/{rel}","templated":true}]}}