{"id":1863,"date":"2021-11-24T15:28:23","date_gmt":"2021-11-24T14:28:23","guid":{"rendered":"https:\/\/kkpp.pl\/?page_id=1863"},"modified":"2026-03-16T10:59:59","modified_gmt":"2026-03-16T09:59:59","slug":"jpm-holding","status":"publish","type":"page","link":"https:\/\/kkpp.pl\/en\/kkpp-and-region\/kkpp\/jpm-holding\/","title":{"rendered":"JPM Holding"},"content":{"rendered":"<p>The holding consists of six companies:<\/p>\n<ul>\n<li>JPM Development Sp. z&nbsp;o.o.,<\/li>\n<li>JPM Koleje Sp. z&nbsp;o.o.,<\/li>\n<li>Blachownia Industrial Park Sp. z&nbsp;o.o.,<\/li>\n<li>Serwis Blachownia Sp. z&nbsp;o.o.,<\/li>\n<li>Belmar Sp. z&nbsp;o.o.,<\/li>\n<li>Research Laboratory Blachownia Sp. z&nbsp;o.o.<\/li>\n<\/ul>\n<p>JPM Holding S.A. offers leasing services and rents industrial space.<\/p>\n<p><a href=\"https:\/\/kkpp.pl\/wp-content\/uploads\/2021\/11\/Spawacz.jpg\"><img loading=\"lazy\" class=\"alignright wp-image-1864\" src=\"https:\/\/kkpp.pl\/wp-content\/uploads\/2021\/11\/Spawacz-250x262.jpg\" alt=\"\" width=\"200\" height=\"209\" srcset=\"https:\/\/kkpp.pl\/wp-content\/uploads\/2021\/11\/Spawacz-250x262.jpg 250w, https:\/\/kkpp.pl\/wp-content\/uploads\/2021\/11\/Spawacz-120x126.jpg 120w, https:\/\/kkpp.pl\/wp-content\/uploads\/2021\/11\/Spawacz.jpg 300w\" sizes=\"(max-width: 200px) 100vw, 200px\" \/><\/a>Together with its subsidiaries, it specialises in offering comprehensive services for companies that run a&nbsp;business in its Industrial Area. The Area is perfect for investment, since it is a&nbsp;complex of buildings with industrial technical infrastructure. In the area of circa 400ha, almost 60 companies are active, mainly petrochemical production plants, coal-derivatives production plants, plastics processing companies, concentrate production plants, as well as machinery and apparatus manufacturing plants. Apart from typical production plants, there are also companies that offer services and consulting. The Area has good infrastructure \u2013 it has all basic power supply services, a&nbsp;network of roads, its own rail siding connected with the Polish Railways network; it is situated on the junction of a&nbsp;few important transport routes of national and international significance. It has a&nbsp;connection with the A4 motorway, as well as with sea harbours through Oder canals close to the Area and an inland port on the Oder situated several kilometres away.<\/p>\n<p><strong>JPM Holding SA<br \/>\nBusiness Partner Assistance Centre<br \/>\n<\/strong>ul. Szkolna 15<br \/>\n47-225 K\u0119dzierzyn-Ko\u017ale<br \/>\ntel: +48 77 488 66 52, +48 77 488 66 78<br \/>\nfax: +48 77 488 62 04<\/p>\n<p>e-mail: zarzad@jpmholding.pl<a href=\"http:\/\/www.jpmholding.pl\/\"><br \/>\nwww.jpmholding.pl<\/a><\/p>","protected":false},"excerpt":{"rendered":"The holding consists of six companies: JPM Development Sp. z&nbsp;o.o., JPM Koleje Sp. z&nbsp;o.o., Blachownia Industrial Park Sp. z&nbsp;o.o., Serwis Blachownia Sp. z&nbsp;o.o., Belmar Sp. z&nbsp;o.o., Research Laboratory Blachownia Sp. z&nbsp;o.o. JPM Holding S.A. offers leasing services and rents industrial space. Together with its subsidiaries, it specialises in offering comprehensive services for companies that run&#8230; <a class=\"view-article\" href=\"https:\/\/kkpp.pl\/en\/kkpp-and-region\/kkpp\/jpm-holding\/\"><br><p style=\"text-align:right\"><i>wi\u0119cej ><\/i><\/p><\/a>","protected":false},"author":2,"featured_media":3607,"parent":24,"menu_order":4,"comment_status":"closed","ping_status":"closed","template":"","meta":{"inline_featured_image":false},"acf":[],"yoast_head":"<!-- This site is optimized with the Yoast SEO plugin v18.1 - https:\/\/yoast.com\/wordpress\/plugins\/seo\/ -->\n<meta name=\"robots\" content=\"index, follow, max-snippet:-1, max-image-preview:large, max-video-preview:-1\" \/>\n<link rel=\"canonical\" href=\"https:\/\/kkpp.pl\/en\/kkpp-i-region\/kkpp\/jpm-holding\/\" \/>\n<meta property=\"og:locale\" content=\"en_US\" \/>\n<meta property=\"og:type\" content=\"article\" \/>\n<meta property=\"og:title\" content=\"JPM Holding - KKPP K\u0119dzierzy\u0144sko-Kozielski Park Przemys\u0142owy Sp. z o.o.\" \/>\n<meta property=\"og:description\" content=\"The holding consists of six companies: JPM Development Sp. z&nbsp;o.o., JPM Koleje Sp. z&nbsp;o.o., Blachownia Industrial Park Sp. z&nbsp;o.o., Serwis Blachownia Sp. z&nbsp;o.o., Belmar Sp. z&nbsp;o.o., Research Laboratory Blachownia Sp. z&nbsp;o.o. JPM Holding S.A. offers leasing services and rents industrial space. Together with its subsidiaries, it specialises in offering comprehensive services for companies that run... wi\u0119cej &gt;\" \/>\n<meta property=\"og:url\" content=\"https:\/\/kkpp.pl\/en\/kkpp-i-region\/kkpp\/jpm-holding\/\" \/>\n<meta property=\"og:site_name\" content=\"KKPP K\u0119dzierzy\u0144sko-Kozielski Park Przemys\u0142owy Sp. z o.o.\" \/>\n<meta property=\"article:modified_time\" content=\"2026-03-16T09:59:59+00:00\" \/>\n<meta property=\"og:image\" content=\"https:\/\/kkpp.pl\/wp-content\/uploads\/2024\/08\/COI-inwestuj-w-kedzierzynie2.jpg\" \/>\n\t<meta property=\"og:image:width\" content=\"2000\" \/>\n\t<meta property=\"og:image:height\" content=\"635\" \/>\n\t<meta property=\"og:image:type\" content=\"image\/jpeg\" \/>\n<meta name=\"twitter:card\" content=\"summary_large_image\" \/>\n<meta name=\"twitter:label1\" content=\"Est. reading time\" \/>\n\t<meta name=\"twitter:data1\" content=\"2 minutes\" \/>\n<script type=\"application\/ld+json\" class=\"yoast-schema-graph\">{\"@context\":\"https:\/\/schema.org\",\"@graph\":[{\"@type\":\"WebSite\",\"@id\":\"https:\/\/kkpp.pl\/en\/#website\",\"url\":\"https:\/\/kkpp.pl\/en\/\",\"name\":\"KKPP K\u0119dzierzy\u0144sko-Kozielski Park Przemys\u0142owy Sp. z o.o.\",\"description\":\"Centrum Obs\u0142ugi Inwestora K\u0119dzierzyn-Ko\u017ale oferuje tereny inwestycyjne, wsparcie doradcze, szkoleniowe; wynajem powierzchni biurowych, produkcyjnych, us\u0142ugowych.\",\"potentialAction\":[{\"@type\":\"SearchAction\",\"target\":{\"@type\":\"EntryPoint\",\"urlTemplate\":\"https:\/\/kkpp.pl\/en\/?s={search_term_string}\"},\"query-input\":\"required name=search_term_string\"}],\"inLanguage\":\"en-US\"},{\"@type\":\"ImageObject\",\"@id\":\"https:\/\/kkpp.pl\/en\/kkpp-i-region\/kkpp\/jpm-holding\/#primaryimage\",\"inLanguage\":\"en-US\",\"url\":\"https:\/\/kkpp.pl\/wp-content\/uploads\/2024\/08\/COI-inwestuj-w-kedzierzynie2.jpg\",\"contentUrl\":\"https:\/\/kkpp.pl\/wp-content\/uploads\/2024\/08\/COI-inwestuj-w-kedzierzynie2.jpg\",\"width\":2000,\"height\":635},{\"@type\":\"WebPage\",\"@id\":\"https:\/\/kkpp.pl\/en\/kkpp-i-region\/kkpp\/jpm-holding\/#webpage\",\"url\":\"https:\/\/kkpp.pl\/en\/kkpp-i-region\/kkpp\/jpm-holding\/\",\"name\":\"JPM Holding - KKPP K\u0119dzierzy\u0144sko-Kozielski Park Przemys\u0142owy Sp. z o.o.\",\"isPartOf\":{\"@id\":\"https:\/\/kkpp.pl\/en\/#website\"},\"primaryImageOfPage\":{\"@id\":\"https:\/\/kkpp.pl\/en\/kkpp-i-region\/kkpp\/jpm-holding\/#primaryimage\"},\"datePublished\":\"2021-11-24T14:28:23+00:00\",\"dateModified\":\"2026-03-16T09:59:59+00:00\",\"breadcrumb\":{\"@id\":\"https:\/\/kkpp.pl\/en\/kkpp-i-region\/kkpp\/jpm-holding\/#breadcrumb\"},\"inLanguage\":\"en-US\",\"potentialAction\":[{\"@type\":\"ReadAction\",\"target\":[[\"https:\/\/kkpp.pl\/kkpp-i-region\/kkpp\/jpm-holding\/\"]]}]},{\"@type\":\"BreadcrumbList\",\"@id\":\"https:\/\/kkpp.pl\/en\/kkpp-i-region\/kkpp\/jpm-holding\/#breadcrumb\",\"itemListElement\":[{\"@type\":\"ListItem\",\"position\":1,\"name\":\"KKPP i Region\",\"item\":\"https:\/\/kkpp.pl\/kkpp-i-region\/\"},{\"@type\":\"ListItem\",\"position\":2,\"name\":\"KKPP\",\"item\":\"https:\/\/kkpp.pl\/kkpp-i-region\/kkpp\/\"},{\"@type\":\"ListItem\",\"position\":3,\"name\":\"JPM Holding\"}]}]}<\/script>\n<!-- \/ Yoast SEO plugin. -->","yoast_head_json":{"robots":{"index":"index","follow":"follow","max-snippet":"max-snippet:-1","max-image-preview":"max-image-preview:large","max-video-preview":"max-video-preview:-1"},"canonical":"https:\/\/kkpp.pl\/en\/kkpp-i-region\/kkpp\/jpm-holding\/","og_locale":"en_US","og_type":"article","og_title":"JPM Holding - KKPP K\u0119dzierzy\u0144sko-Kozielski Park Przemys\u0142owy Sp. z o.o.","og_description":"The holding consists of six companies: JPM Development Sp. z&nbsp;o.o., JPM Koleje Sp. z&nbsp;o.o., Blachownia Industrial Park Sp. z&nbsp;o.o., Serwis Blachownia Sp. z&nbsp;o.o., Belmar Sp. z&nbsp;o.o., Research Laboratory Blachownia Sp. z&nbsp;o.o. JPM Holding S.A. offers leasing services and rents industrial space. Together with its subsidiaries, it specialises in offering comprehensive services for companies that run... wi\u0119cej >","og_url":"https:\/\/kkpp.pl\/en\/kkpp-i-region\/kkpp\/jpm-holding\/","og_site_name":"KKPP K\u0119dzierzy\u0144sko-Kozielski Park Przemys\u0142owy Sp. z o.o.","article_modified_time":"2026-03-16T09:59:59+00:00","og_image":[{"width":2000,"height":635,"url":"https:\/\/kkpp.pl\/wp-content\/uploads\/2024\/08\/COI-inwestuj-w-kedzierzynie2.jpg","type":"image\/jpeg"}],"twitter_card":"summary_large_image","twitter_misc":{"Est. reading time":"2 minutes"},"schema":{"@context":"https:\/\/schema.org","@graph":[{"@type":"WebSite","@id":"https:\/\/kkpp.pl\/en\/#website","url":"https:\/\/kkpp.pl\/en\/","name":"KKPP K\u0119dzierzy\u0144sko-Kozielski Park Przemys\u0142owy Sp. z o.o.","description":"Centrum Obs\u0142ugi Inwestora K\u0119dzierzyn-Ko\u017ale oferuje tereny inwestycyjne, wsparcie doradcze, szkoleniowe; wynajem powierzchni biurowych, produkcyjnych, us\u0142ugowych.","potentialAction":[{"@type":"SearchAction","target":{"@type":"EntryPoint","urlTemplate":"https:\/\/kkpp.pl\/en\/?s={search_term_string}"},"query-input":"required name=search_term_string"}],"inLanguage":"en-US"},{"@type":"ImageObject","@id":"https:\/\/kkpp.pl\/en\/kkpp-i-region\/kkpp\/jpm-holding\/#primaryimage","inLanguage":"en-US","url":"https:\/\/kkpp.pl\/wp-content\/uploads\/2024\/08\/COI-inwestuj-w-kedzierzynie2.jpg","contentUrl":"https:\/\/kkpp.pl\/wp-content\/uploads\/2024\/08\/COI-inwestuj-w-kedzierzynie2.jpg","width":2000,"height":635},{"@type":"WebPage","@id":"https:\/\/kkpp.pl\/en\/kkpp-i-region\/kkpp\/jpm-holding\/#webpage","url":"https:\/\/kkpp.pl\/en\/kkpp-i-region\/kkpp\/jpm-holding\/","name":"JPM Holding - KKPP K\u0119dzierzy\u0144sko-Kozielski Park Przemys\u0142owy Sp. z o.o.","isPartOf":{"@id":"https:\/\/kkpp.pl\/en\/#website"},"primaryImageOfPage":{"@id":"https:\/\/kkpp.pl\/en\/kkpp-i-region\/kkpp\/jpm-holding\/#primaryimage"},"datePublished":"2021-11-24T14:28:23+00:00","dateModified":"2026-03-16T09:59:59+00:00","breadcrumb":{"@id":"https:\/\/kkpp.pl\/en\/kkpp-i-region\/kkpp\/jpm-holding\/#breadcrumb"},"inLanguage":"en-US","potentialAction":[{"@type":"ReadAction","target":[["https:\/\/kkpp.pl\/kkpp-i-region\/kkpp\/jpm-holding\/"]]}]},{"@type":"BreadcrumbList","@id":"https:\/\/kkpp.pl\/en\/kkpp-i-region\/kkpp\/jpm-holding\/#breadcrumb","itemListElement":[{"@type":"ListItem","position":1,"name":"KKPP i Region","item":"https:\/\/kkpp.pl\/kkpp-i-region\/"},{"@type":"ListItem","position":2,"name":"KKPP","item":"https:\/\/kkpp.pl\/kkpp-i-region\/kkpp\/"},{"@type":"ListItem","position":3,"name":"JPM Holding"}]}]}},"_links":{"self":[{"href":"https:\/\/kkpp.pl\/en\/wp-json\/wp\/v2\/pages\/1863"}],"collection":[{"href":"https:\/\/kkpp.pl\/en\/wp-json\/wp\/v2\/pages"}],"about":[{"href":"https:\/\/kkpp.pl\/en\/wp-json\/wp\/v2\/types\/page"}],"author":[{"embeddable":true,"href":"https:\/\/kkpp.pl\/en\/wp-json\/wp\/v2\/users\/2"}],"replies":[{"embeddable":true,"href":"https:\/\/kkpp.pl\/en\/wp-json\/wp\/v2\/comments?post=1863"}],"version-history":[{"count":12,"href":"https:\/\/kkpp.pl\/en\/wp-json\/wp\/v2\/pages\/1863\/revisions"}],"predecessor-version":[{"id":4310,"href":"https:\/\/kkpp.pl\/en\/wp-json\/wp\/v2\/pages\/1863\/revisions\/4310"}],"up":[{"embeddable":true,"href":"https:\/\/kkpp.pl\/en\/wp-json\/wp\/v2\/pages\/24"}],"wp:featuredmedia":[{"embeddable":true,"href":"https:\/\/kkpp.pl\/en\/wp-json\/wp\/v2\/media\/3607"}],"wp:attachment":[{"href":"https:\/\/kkpp.pl\/en\/wp-json\/wp\/v2\/media?parent=1863"}],"curies":[{"name":"wp","href":"https:\/\/api.w.org\/{rel}","templated":true}]}}