{"id":1868,"date":"2021-11-24T15:55:07","date_gmt":"2021-11-24T14:55:07","guid":{"rendered":"https:\/\/kkpp.pl\/?page_id=1868"},"modified":"2024-08-06T20:52:12","modified_gmt":"2024-08-06T18:52:12","slug":"paiiiz","status":"publish","type":"page","link":"https:\/\/kkpp.pl\/en\/kkpp-and-region\/wspolpraca-biznesu\/paiiiz\/","title":{"rendered":"PAIiIZ"},"content":{"rendered":"<p><strong>The Polish Information and Foreign Investment Agency S.A.<\/strong> has been offering services for investors for 19 years. Its mission is to encourage foreign companies to enter the Polish market by offering advice at all stages of the investment process, help with interpretation of legal regulations, aid in finding business partners and attractive investment sites. It provides full access to economic information; its site database has 1700 records. The agency also shapes a&nbsp;positive image of Poland abroad and promotes Polish products and services by organising conferences, seminars and exhibitions, preparing publications about economics and by organising advertising campaigns and cooperation with the media.<\/p>\n<h3>Polish Information and Foreign Investment Agency S.A.<\/h3>\n<p>ul. Bagatela 12<br \/>\n00-585 Warsaw<br \/>\ntel.: +48 22 334 98 75<br \/>\ne-mail: <a  href=\"javascript:smae_decode('aW52ZXN0QHBhaXouZ292LnBs');\" >&#105;&#110;&#118;&#101;&#115;&#116;&#064;&#112;&#097;&#105;&#122;&#046;&#103;&#111;&#118;&#046;&#112;&#108;<\/a><br \/>\n<a href=\"http:\/\/www.paiz.gov.pl\/\">www.paiz.gov.pl<\/a><\/p>","protected":false},"excerpt":{"rendered":"The Polish Information and Foreign Investment Agency S.A. has been offering services for investors for 19 years. Its mission is to encourage foreign companies to enter the Polish market by offering advice at all stages of the investment process, help with interpretation of legal regulations, aid in finding business partners and attractive investment sites. It&#8230; <a class=\"view-article\" href=\"https:\/\/kkpp.pl\/en\/kkpp-and-region\/wspolpraca-biznesu\/paiiiz\/\"><br><p style=\"text-align:right\"><i>wi\u0119cej ><\/i><\/p><\/a>","protected":false},"author":2,"featured_media":3607,"parent":1872,"menu_order":0,"comment_status":"closed","ping_status":"closed","template":"","meta":{"inline_featured_image":false},"acf":[],"yoast_head":"<!-- This site is optimized with the Yoast SEO plugin v18.1 - https:\/\/yoast.com\/wordpress\/plugins\/seo\/ -->\n<meta name=\"robots\" content=\"index, follow, max-snippet:-1, max-image-preview:large, max-video-preview:-1\" \/>\n<link rel=\"canonical\" href=\"https:\/\/kkpp.pl\/en\/kkpp-i-region\/wspolpraca-biznesu\/paiiiz\/\" \/>\n<meta property=\"og:locale\" content=\"en_US\" \/>\n<meta property=\"og:type\" content=\"article\" \/>\n<meta property=\"og:title\" content=\"PAIiIZ - KKPP K\u0119dzierzy\u0144sko-Kozielski Park Przemys\u0142owy Sp. z o.o.\" \/>\n<meta property=\"og:description\" content=\"The Polish Information and Foreign Investment Agency S.A. has been offering services for investors for 19 years. Its mission is to encourage foreign companies to enter the Polish market by offering advice at all stages of the investment process, help with interpretation of legal regulations, aid in finding business partners and attractive investment sites. It... wi\u0119cej &gt;\" \/>\n<meta property=\"og:url\" content=\"https:\/\/kkpp.pl\/en\/kkpp-i-region\/wspolpraca-biznesu\/paiiiz\/\" \/>\n<meta property=\"og:site_name\" content=\"KKPP K\u0119dzierzy\u0144sko-Kozielski Park Przemys\u0142owy Sp. z o.o.\" \/>\n<meta property=\"article:modified_time\" content=\"2024-08-06T18:52:12+00:00\" \/>\n<meta property=\"og:image\" content=\"https:\/\/kkpp.pl\/wp-content\/uploads\/2024\/08\/COI-inwestuj-w-kedzierzynie2.jpg\" \/>\n\t<meta property=\"og:image:width\" content=\"2000\" \/>\n\t<meta property=\"og:image:height\" content=\"635\" \/>\n\t<meta property=\"og:image:type\" content=\"image\/jpeg\" \/>\n<meta name=\"twitter:card\" content=\"summary_large_image\" \/>\n<meta name=\"twitter:label1\" content=\"Est. reading time\" \/>\n\t<meta name=\"twitter:data1\" content=\"2 minutes\" \/>\n<script type=\"application\/ld+json\" class=\"yoast-schema-graph\">{\"@context\":\"https:\/\/schema.org\",\"@graph\":[{\"@type\":\"WebSite\",\"@id\":\"https:\/\/kkpp.pl\/en\/#website\",\"url\":\"https:\/\/kkpp.pl\/en\/\",\"name\":\"KKPP K\u0119dzierzy\u0144sko-Kozielski Park Przemys\u0142owy Sp. z o.o.\",\"description\":\"Centrum Obs\u0142ugi Inwestora K\u0119dzierzyn-Ko\u017ale oferuje tereny inwestycyjne, wsparcie doradcze, szkoleniowe; wynajem powierzchni biurowych, produkcyjnych, us\u0142ugowych.\",\"potentialAction\":[{\"@type\":\"SearchAction\",\"target\":{\"@type\":\"EntryPoint\",\"urlTemplate\":\"https:\/\/kkpp.pl\/en\/?s={search_term_string}\"},\"query-input\":\"required name=search_term_string\"}],\"inLanguage\":\"en-US\"},{\"@type\":\"ImageObject\",\"@id\":\"https:\/\/kkpp.pl\/en\/kkpp-i-region\/wspolpraca-biznesu\/paiiiz\/#primaryimage\",\"inLanguage\":\"en-US\",\"url\":\"https:\/\/kkpp.pl\/wp-content\/uploads\/2024\/08\/COI-inwestuj-w-kedzierzynie2.jpg\",\"contentUrl\":\"https:\/\/kkpp.pl\/wp-content\/uploads\/2024\/08\/COI-inwestuj-w-kedzierzynie2.jpg\",\"width\":2000,\"height\":635},{\"@type\":\"WebPage\",\"@id\":\"https:\/\/kkpp.pl\/en\/kkpp-i-region\/wspolpraca-biznesu\/paiiiz\/#webpage\",\"url\":\"https:\/\/kkpp.pl\/en\/kkpp-i-region\/wspolpraca-biznesu\/paiiiz\/\",\"name\":\"PAIiIZ - KKPP K\u0119dzierzy\u0144sko-Kozielski Park Przemys\u0142owy Sp. z o.o.\",\"isPartOf\":{\"@id\":\"https:\/\/kkpp.pl\/en\/#website\"},\"primaryImageOfPage\":{\"@id\":\"https:\/\/kkpp.pl\/en\/kkpp-i-region\/wspolpraca-biznesu\/paiiiz\/#primaryimage\"},\"datePublished\":\"2021-11-24T14:55:07+00:00\",\"dateModified\":\"2024-08-06T18:52:12+00:00\",\"breadcrumb\":{\"@id\":\"https:\/\/kkpp.pl\/en\/kkpp-i-region\/wspolpraca-biznesu\/paiiiz\/#breadcrumb\"},\"inLanguage\":\"en-US\",\"potentialAction\":[{\"@type\":\"ReadAction\",\"target\":[[\"https:\/\/kkpp.pl\/kkpp-i-region\/wspolpraca-biznesu\/paiiiz\/\"]]}]},{\"@type\":\"BreadcrumbList\",\"@id\":\"https:\/\/kkpp.pl\/en\/kkpp-i-region\/wspolpraca-biznesu\/paiiiz\/#breadcrumb\",\"itemListElement\":[{\"@type\":\"ListItem\",\"position\":1,\"name\":\"KKPP i Region\",\"item\":\"https:\/\/kkpp.pl\/kkpp-i-region\/\"},{\"@type\":\"ListItem\",\"position\":2,\"name\":\"Wsp\u00f3\u0142praca biznesu\",\"item\":\"https:\/\/kkpp.pl\/kkpp-i-region\/wspolpraca-biznesu\/\"},{\"@type\":\"ListItem\",\"position\":3,\"name\":\"PAIiIZ\"}]}]}<\/script>\n<!-- \/ Yoast SEO plugin. -->","yoast_head_json":{"robots":{"index":"index","follow":"follow","max-snippet":"max-snippet:-1","max-image-preview":"max-image-preview:large","max-video-preview":"max-video-preview:-1"},"canonical":"https:\/\/kkpp.pl\/en\/kkpp-i-region\/wspolpraca-biznesu\/paiiiz\/","og_locale":"en_US","og_type":"article","og_title":"PAIiIZ - KKPP K\u0119dzierzy\u0144sko-Kozielski Park Przemys\u0142owy Sp. z o.o.","og_description":"The Polish Information and Foreign Investment Agency S.A. has been offering services for investors for 19 years. Its mission is to encourage foreign companies to enter the Polish market by offering advice at all stages of the investment process, help with interpretation of legal regulations, aid in finding business partners and attractive investment sites. It... wi\u0119cej >","og_url":"https:\/\/kkpp.pl\/en\/kkpp-i-region\/wspolpraca-biznesu\/paiiiz\/","og_site_name":"KKPP K\u0119dzierzy\u0144sko-Kozielski Park Przemys\u0142owy Sp. z o.o.","article_modified_time":"2024-08-06T18:52:12+00:00","og_image":[{"width":2000,"height":635,"url":"https:\/\/kkpp.pl\/wp-content\/uploads\/2024\/08\/COI-inwestuj-w-kedzierzynie2.jpg","type":"image\/jpeg"}],"twitter_card":"summary_large_image","twitter_misc":{"Est. reading time":"2 minutes"},"schema":{"@context":"https:\/\/schema.org","@graph":[{"@type":"WebSite","@id":"https:\/\/kkpp.pl\/en\/#website","url":"https:\/\/kkpp.pl\/en\/","name":"KKPP K\u0119dzierzy\u0144sko-Kozielski Park Przemys\u0142owy Sp. z o.o.","description":"Centrum Obs\u0142ugi Inwestora K\u0119dzierzyn-Ko\u017ale oferuje tereny inwestycyjne, wsparcie doradcze, szkoleniowe; wynajem powierzchni biurowych, produkcyjnych, us\u0142ugowych.","potentialAction":[{"@type":"SearchAction","target":{"@type":"EntryPoint","urlTemplate":"https:\/\/kkpp.pl\/en\/?s={search_term_string}"},"query-input":"required name=search_term_string"}],"inLanguage":"en-US"},{"@type":"ImageObject","@id":"https:\/\/kkpp.pl\/en\/kkpp-i-region\/wspolpraca-biznesu\/paiiiz\/#primaryimage","inLanguage":"en-US","url":"https:\/\/kkpp.pl\/wp-content\/uploads\/2024\/08\/COI-inwestuj-w-kedzierzynie2.jpg","contentUrl":"https:\/\/kkpp.pl\/wp-content\/uploads\/2024\/08\/COI-inwestuj-w-kedzierzynie2.jpg","width":2000,"height":635},{"@type":"WebPage","@id":"https:\/\/kkpp.pl\/en\/kkpp-i-region\/wspolpraca-biznesu\/paiiiz\/#webpage","url":"https:\/\/kkpp.pl\/en\/kkpp-i-region\/wspolpraca-biznesu\/paiiiz\/","name":"PAIiIZ - KKPP K\u0119dzierzy\u0144sko-Kozielski Park Przemys\u0142owy Sp. z o.o.","isPartOf":{"@id":"https:\/\/kkpp.pl\/en\/#website"},"primaryImageOfPage":{"@id":"https:\/\/kkpp.pl\/en\/kkpp-i-region\/wspolpraca-biznesu\/paiiiz\/#primaryimage"},"datePublished":"2021-11-24T14:55:07+00:00","dateModified":"2024-08-06T18:52:12+00:00","breadcrumb":{"@id":"https:\/\/kkpp.pl\/en\/kkpp-i-region\/wspolpraca-biznesu\/paiiiz\/#breadcrumb"},"inLanguage":"en-US","potentialAction":[{"@type":"ReadAction","target":[["https:\/\/kkpp.pl\/kkpp-i-region\/wspolpraca-biznesu\/paiiiz\/"]]}]},{"@type":"BreadcrumbList","@id":"https:\/\/kkpp.pl\/en\/kkpp-i-region\/wspolpraca-biznesu\/paiiiz\/#breadcrumb","itemListElement":[{"@type":"ListItem","position":1,"name":"KKPP i Region","item":"https:\/\/kkpp.pl\/kkpp-i-region\/"},{"@type":"ListItem","position":2,"name":"Wsp\u00f3\u0142praca biznesu","item":"https:\/\/kkpp.pl\/kkpp-i-region\/wspolpraca-biznesu\/"},{"@type":"ListItem","position":3,"name":"PAIiIZ"}]}]}},"_links":{"self":[{"href":"https:\/\/kkpp.pl\/en\/wp-json\/wp\/v2\/pages\/1868"}],"collection":[{"href":"https:\/\/kkpp.pl\/en\/wp-json\/wp\/v2\/pages"}],"about":[{"href":"https:\/\/kkpp.pl\/en\/wp-json\/wp\/v2\/types\/page"}],"author":[{"embeddable":true,"href":"https:\/\/kkpp.pl\/en\/wp-json\/wp\/v2\/users\/2"}],"replies":[{"embeddable":true,"href":"https:\/\/kkpp.pl\/en\/wp-json\/wp\/v2\/comments?post=1868"}],"version-history":[{"count":2,"href":"https:\/\/kkpp.pl\/en\/wp-json\/wp\/v2\/pages\/1868\/revisions"}],"predecessor-version":[{"id":1871,"href":"https:\/\/kkpp.pl\/en\/wp-json\/wp\/v2\/pages\/1868\/revisions\/1871"}],"up":[{"embeddable":true,"href":"https:\/\/kkpp.pl\/en\/wp-json\/wp\/v2\/pages\/1872"}],"wp:featuredmedia":[{"embeddable":true,"href":"https:\/\/kkpp.pl\/en\/wp-json\/wp\/v2\/media\/3607"}],"wp:attachment":[{"href":"https:\/\/kkpp.pl\/en\/wp-json\/wp\/v2\/media?parent=1868"}],"curies":[{"name":"wp","href":"https:\/\/api.w.org\/{rel}","templated":true}]}}