{"id":1881,"date":"2021-11-24T16:04:47","date_gmt":"2021-11-24T15:04:47","guid":{"rendered":"https:\/\/kkpp.pl\/?page_id=1881"},"modified":"2024-08-06T20:55:44","modified_gmt":"2024-08-06T18:55:44","slug":"ocrg","status":"publish","type":"page","link":"https:\/\/kkpp.pl\/en\/kkpp-and-region\/wspolpraca-biznesu\/the-opolskie-economic-development-centre\/","title":{"rendered":"The Opolskie Economic Development Centre"},"content":{"rendered":"<p><strong>The Opolskie Economic Development Centre<\/strong>, as a&nbsp;unit of the Self-Government of the Opole Voivodeship, was established on 2 May 2007. The main goal has been to coordinate actions aimed at inspiring and supporting structural economic changes that stimulate economic growth, entrepreneurship development and innovativeness. The Centre\u2019s structure consists of departments implementing the Regional Operational Programme for the Opole Voivodeship for 2007-2013, the Investor and Exporter Assistance Centre, the Innovation Department and the Entrepreneurship Department. The Centre, as a&nbsp;specialised institution, concentrates on creating the best conditions for economic growth, increasing the competitiveness and innovativeness of the economy of the Opole region and shaping the job market.<\/p>\n<p>The Investor and Exporter Assistance Centre carries out tasks with the aim to increase the investment attractiveness of the region and to create investment potential.<\/p>\n<p><a href=\"https:\/\/kkpp.pl\/wp-content\/uploads\/2021\/11\/resizedimage300199-Zamek-w-Mosznej-620.jpg\"><img loading=\"lazy\" width=\"250\" height=\"166\" class=\"alignleft size-medium wp-image-1882\" src=\"https:\/\/kkpp.pl\/wp-content\/uploads\/2021\/11\/resizedimage300199-Zamek-w-Mosznej-620-250x166.jpg\" alt=\"\" srcset=\"https:\/\/kkpp.pl\/wp-content\/uploads\/2021\/11\/resizedimage300199-Zamek-w-Mosznej-620-250x166.jpg 250w, https:\/\/kkpp.pl\/wp-content\/uploads\/2021\/11\/resizedimage300199-Zamek-w-Mosznej-620-120x80.jpg 120w, https:\/\/kkpp.pl\/wp-content\/uploads\/2021\/11\/resizedimage300199-Zamek-w-Mosznej-620.jpg 300w\" sizes=\"(max-width: 250px) 100vw, 250px\" \/><\/a>The Centre has a&nbsp;database of investment sites, with a&nbsp;base of industrial objects, one of the biggest in Poland. It prepares specialist analyses, investor visits. The Centre is a&nbsp;place of first contact for Polish and foreign companies looking for a&nbsp;site for their investment and supports them by preparing information packs on legal, statistical, and technical matters along with investment offers. An important task is cooperation with all institutions engaged in the investment process: local authorities, consulting companies, construction companies, utilities suppliers, schools and Special Economic Zones. Additionally, the Centre helps entrepreneurs in development of export by helping to find potential partners abroad, organising trade missions, B2B meetings and sector meetings. In 2010, the Centre was awarded the certificate of investor service quality by the Polish Information and Foreign Investment Agency. So far, the Centre has successfully supported investments of companies such as HanaPolska, Pasta Food Company, Keiper (Johnson Controls), Kraft Foods (Cadbury), Fabryka Puszek Stalowych, Metsa Tissue, Pichon.<\/p>\n<p>The Centre realises a&nbsp;number of regional, national and international projects and cooperates with Polish and foreign partners. Another important task is to initiate innovativeness development of the economy and companies located in the voivodeship, as well as to raise entrepreneurship and self-development awareness among the inhabitants. The Centre has a&nbsp;thriving information point \u201cEurope Direct\u201d and a&nbsp;Local Information Point on European Funds.<\/p>\n<h3>The Opolskie Economic Development Centre<\/h3>\n<p>ul. Spychalskiego 1a<br \/>\n45-716 Opole<br \/>\ntel.: +48 77 403 36 00<br \/>\ne-mail:\u00a0<a  href=\"javascript:smae_decode('Yml1cm9Ab2NyZy5vcG9sc2tpZS5wbA==');\" >&#098;&#105;&#117;&#114;&#111;&#064;&#111;&#099;&#114;&#103;&#046;&#111;&#112;&#111;&#108;&#115;&#107;&#105;&#101;&#046;&#112;&#108;<\/a><br \/>\n<a href=\"http:\/\/www.ocrg.opolskie.pl\/\">www.ocrg.opolskie.pl<\/a><\/p>","protected":false},"excerpt":{"rendered":"The Opolskie Economic Development Centre, as a&nbsp;unit of the Self-Government of the Opole Voivodeship, was established on 2 May 2007. The main goal has been to coordinate actions aimed at inspiring and supporting structural economic changes that stimulate economic growth, entrepreneurship development and innovativeness. The Centre\u2019s structure consists of departments implementing the Regional Operational Programme&#8230; <a class=\"view-article\" href=\"https:\/\/kkpp.pl\/en\/kkpp-and-region\/wspolpraca-biznesu\/the-opolskie-economic-development-centre\/\"><br><p style=\"text-align:right\"><i>wi\u0119cej ><\/i><\/p><\/a>","protected":false},"author":2,"featured_media":3607,"parent":1872,"menu_order":2,"comment_status":"closed","ping_status":"closed","template":"","meta":{"inline_featured_image":false},"acf":[],"yoast_head":"<!-- This site is optimized with the Yoast SEO plugin v18.1 - https:\/\/yoast.com\/wordpress\/plugins\/seo\/ -->\n<meta name=\"robots\" content=\"index, follow, max-snippet:-1, max-image-preview:large, max-video-preview:-1\" \/>\n<link rel=\"canonical\" href=\"https:\/\/kkpp.pl\/en\/kkpp-i-region\/wspolpraca-biznesu\/ocrg\/\" \/>\n<meta property=\"og:locale\" content=\"en_US\" \/>\n<meta property=\"og:type\" content=\"article\" \/>\n<meta property=\"og:title\" content=\"The Opolskie Economic Development Centre - KKPP K\u0119dzierzy\u0144sko-Kozielski Park Przemys\u0142owy Sp. z o.o.\" \/>\n<meta property=\"og:description\" content=\"The Opolskie Economic Development Centre, as a&nbsp;unit of the Self-Government of the Opole Voivodeship, was established on 2 May 2007. The main goal has been to coordinate actions aimed at inspiring and supporting structural economic changes that stimulate economic growth, entrepreneurship development and innovativeness. The Centre\u2019s structure consists of departments implementing the Regional Operational Programme... wi\u0119cej &gt;\" \/>\n<meta property=\"og:url\" content=\"https:\/\/kkpp.pl\/en\/kkpp-i-region\/wspolpraca-biznesu\/ocrg\/\" \/>\n<meta property=\"og:site_name\" content=\"KKPP K\u0119dzierzy\u0144sko-Kozielski Park Przemys\u0142owy Sp. z o.o.\" \/>\n<meta property=\"article:modified_time\" content=\"2024-08-06T18:55:44+00:00\" \/>\n<meta property=\"og:image\" content=\"https:\/\/kkpp.pl\/wp-content\/uploads\/2024\/08\/COI-inwestuj-w-kedzierzynie2.jpg\" \/>\n\t<meta property=\"og:image:width\" content=\"2000\" \/>\n\t<meta property=\"og:image:height\" content=\"635\" \/>\n\t<meta property=\"og:image:type\" content=\"image\/jpeg\" \/>\n<meta name=\"twitter:card\" content=\"summary_large_image\" \/>\n<meta name=\"twitter:label1\" content=\"Est. reading time\" \/>\n\t<meta name=\"twitter:data1\" content=\"2 minutes\" \/>\n<script type=\"application\/ld+json\" class=\"yoast-schema-graph\">{\"@context\":\"https:\/\/schema.org\",\"@graph\":[{\"@type\":\"WebSite\",\"@id\":\"https:\/\/kkpp.pl\/en\/#website\",\"url\":\"https:\/\/kkpp.pl\/en\/\",\"name\":\"KKPP K\u0119dzierzy\u0144sko-Kozielski Park Przemys\u0142owy Sp. z o.o.\",\"description\":\"Centrum Obs\u0142ugi Inwestora K\u0119dzierzyn-Ko\u017ale oferuje tereny inwestycyjne, wsparcie doradcze, szkoleniowe; wynajem powierzchni biurowych, produkcyjnych, us\u0142ugowych.\",\"potentialAction\":[{\"@type\":\"SearchAction\",\"target\":{\"@type\":\"EntryPoint\",\"urlTemplate\":\"https:\/\/kkpp.pl\/en\/?s={search_term_string}\"},\"query-input\":\"required name=search_term_string\"}],\"inLanguage\":\"en-US\"},{\"@type\":\"ImageObject\",\"@id\":\"https:\/\/kkpp.pl\/en\/kkpp-i-region\/wspolpraca-biznesu\/ocrg\/#primaryimage\",\"inLanguage\":\"en-US\",\"url\":\"https:\/\/kkpp.pl\/wp-content\/uploads\/2024\/08\/COI-inwestuj-w-kedzierzynie2.jpg\",\"contentUrl\":\"https:\/\/kkpp.pl\/wp-content\/uploads\/2024\/08\/COI-inwestuj-w-kedzierzynie2.jpg\",\"width\":2000,\"height\":635},{\"@type\":\"WebPage\",\"@id\":\"https:\/\/kkpp.pl\/en\/kkpp-i-region\/wspolpraca-biznesu\/ocrg\/#webpage\",\"url\":\"https:\/\/kkpp.pl\/en\/kkpp-i-region\/wspolpraca-biznesu\/ocrg\/\",\"name\":\"The Opolskie Economic Development Centre - KKPP K\u0119dzierzy\u0144sko-Kozielski Park Przemys\u0142owy Sp. z o.o.\",\"isPartOf\":{\"@id\":\"https:\/\/kkpp.pl\/en\/#website\"},\"primaryImageOfPage\":{\"@id\":\"https:\/\/kkpp.pl\/en\/kkpp-i-region\/wspolpraca-biznesu\/ocrg\/#primaryimage\"},\"datePublished\":\"2021-11-24T15:04:47+00:00\",\"dateModified\":\"2024-08-06T18:55:44+00:00\",\"breadcrumb\":{\"@id\":\"https:\/\/kkpp.pl\/en\/kkpp-i-region\/wspolpraca-biznesu\/ocrg\/#breadcrumb\"},\"inLanguage\":\"en-US\",\"potentialAction\":[{\"@type\":\"ReadAction\",\"target\":[[\"https:\/\/kkpp.pl\/kkpp-i-region\/wspolpraca-biznesu\/ocrg\/\"]]}]},{\"@type\":\"BreadcrumbList\",\"@id\":\"https:\/\/kkpp.pl\/en\/kkpp-i-region\/wspolpraca-biznesu\/ocrg\/#breadcrumb\",\"itemListElement\":[{\"@type\":\"ListItem\",\"position\":1,\"name\":\"KKPP i Region\",\"item\":\"https:\/\/kkpp.pl\/kkpp-i-region\/\"},{\"@type\":\"ListItem\",\"position\":2,\"name\":\"Wsp\u00f3\u0142praca biznesu\",\"item\":\"https:\/\/kkpp.pl\/kkpp-i-region\/wspolpraca-biznesu\/\"},{\"@type\":\"ListItem\",\"position\":3,\"name\":\"OCRG\"}]}]}<\/script>\n<!-- \/ Yoast SEO plugin. -->","yoast_head_json":{"robots":{"index":"index","follow":"follow","max-snippet":"max-snippet:-1","max-image-preview":"max-image-preview:large","max-video-preview":"max-video-preview:-1"},"canonical":"https:\/\/kkpp.pl\/en\/kkpp-i-region\/wspolpraca-biznesu\/ocrg\/","og_locale":"en_US","og_type":"article","og_title":"The Opolskie Economic Development Centre - KKPP K\u0119dzierzy\u0144sko-Kozielski Park Przemys\u0142owy Sp. z o.o.","og_description":"The Opolskie Economic Development Centre, as a&nbsp;unit of the Self-Government of the Opole Voivodeship, was established on 2 May 2007. The main goal has been to coordinate actions aimed at inspiring and supporting structural economic changes that stimulate economic growth, entrepreneurship development and innovativeness. The Centre\u2019s structure consists of departments implementing the Regional Operational Programme... wi\u0119cej >","og_url":"https:\/\/kkpp.pl\/en\/kkpp-i-region\/wspolpraca-biznesu\/ocrg\/","og_site_name":"KKPP K\u0119dzierzy\u0144sko-Kozielski Park Przemys\u0142owy Sp. z o.o.","article_modified_time":"2024-08-06T18:55:44+00:00","og_image":[{"width":2000,"height":635,"url":"https:\/\/kkpp.pl\/wp-content\/uploads\/2024\/08\/COI-inwestuj-w-kedzierzynie2.jpg","type":"image\/jpeg"}],"twitter_card":"summary_large_image","twitter_misc":{"Est. reading time":"2 minutes"},"schema":{"@context":"https:\/\/schema.org","@graph":[{"@type":"WebSite","@id":"https:\/\/kkpp.pl\/en\/#website","url":"https:\/\/kkpp.pl\/en\/","name":"KKPP K\u0119dzierzy\u0144sko-Kozielski Park Przemys\u0142owy Sp. z o.o.","description":"Centrum Obs\u0142ugi Inwestora K\u0119dzierzyn-Ko\u017ale oferuje tereny inwestycyjne, wsparcie doradcze, szkoleniowe; wynajem powierzchni biurowych, produkcyjnych, us\u0142ugowych.","potentialAction":[{"@type":"SearchAction","target":{"@type":"EntryPoint","urlTemplate":"https:\/\/kkpp.pl\/en\/?s={search_term_string}"},"query-input":"required name=search_term_string"}],"inLanguage":"en-US"},{"@type":"ImageObject","@id":"https:\/\/kkpp.pl\/en\/kkpp-i-region\/wspolpraca-biznesu\/ocrg\/#primaryimage","inLanguage":"en-US","url":"https:\/\/kkpp.pl\/wp-content\/uploads\/2024\/08\/COI-inwestuj-w-kedzierzynie2.jpg","contentUrl":"https:\/\/kkpp.pl\/wp-content\/uploads\/2024\/08\/COI-inwestuj-w-kedzierzynie2.jpg","width":2000,"height":635},{"@type":"WebPage","@id":"https:\/\/kkpp.pl\/en\/kkpp-i-region\/wspolpraca-biznesu\/ocrg\/#webpage","url":"https:\/\/kkpp.pl\/en\/kkpp-i-region\/wspolpraca-biznesu\/ocrg\/","name":"The Opolskie Economic Development Centre - KKPP K\u0119dzierzy\u0144sko-Kozielski Park Przemys\u0142owy Sp. z o.o.","isPartOf":{"@id":"https:\/\/kkpp.pl\/en\/#website"},"primaryImageOfPage":{"@id":"https:\/\/kkpp.pl\/en\/kkpp-i-region\/wspolpraca-biznesu\/ocrg\/#primaryimage"},"datePublished":"2021-11-24T15:04:47+00:00","dateModified":"2024-08-06T18:55:44+00:00","breadcrumb":{"@id":"https:\/\/kkpp.pl\/en\/kkpp-i-region\/wspolpraca-biznesu\/ocrg\/#breadcrumb"},"inLanguage":"en-US","potentialAction":[{"@type":"ReadAction","target":[["https:\/\/kkpp.pl\/kkpp-i-region\/wspolpraca-biznesu\/ocrg\/"]]}]},{"@type":"BreadcrumbList","@id":"https:\/\/kkpp.pl\/en\/kkpp-i-region\/wspolpraca-biznesu\/ocrg\/#breadcrumb","itemListElement":[{"@type":"ListItem","position":1,"name":"KKPP i Region","item":"https:\/\/kkpp.pl\/kkpp-i-region\/"},{"@type":"ListItem","position":2,"name":"Wsp\u00f3\u0142praca biznesu","item":"https:\/\/kkpp.pl\/kkpp-i-region\/wspolpraca-biznesu\/"},{"@type":"ListItem","position":3,"name":"OCRG"}]}]}},"_links":{"self":[{"href":"https:\/\/kkpp.pl\/en\/wp-json\/wp\/v2\/pages\/1881"}],"collection":[{"href":"https:\/\/kkpp.pl\/en\/wp-json\/wp\/v2\/pages"}],"about":[{"href":"https:\/\/kkpp.pl\/en\/wp-json\/wp\/v2\/types\/page"}],"author":[{"embeddable":true,"href":"https:\/\/kkpp.pl\/en\/wp-json\/wp\/v2\/users\/2"}],"replies":[{"embeddable":true,"href":"https:\/\/kkpp.pl\/en\/wp-json\/wp\/v2\/comments?post=1881"}],"version-history":[{"count":5,"href":"https:\/\/kkpp.pl\/en\/wp-json\/wp\/v2\/pages\/1881\/revisions"}],"predecessor-version":[{"id":2040,"href":"https:\/\/kkpp.pl\/en\/wp-json\/wp\/v2\/pages\/1881\/revisions\/2040"}],"up":[{"embeddable":true,"href":"https:\/\/kkpp.pl\/en\/wp-json\/wp\/v2\/pages\/1872"}],"wp:featuredmedia":[{"embeddable":true,"href":"https:\/\/kkpp.pl\/en\/wp-json\/wp\/v2\/media\/3607"}],"wp:attachment":[{"href":"https:\/\/kkpp.pl\/en\/wp-json\/wp\/v2\/media?parent=1881"}],"curies":[{"name":"wp","href":"https:\/\/api.w.org\/{rel}","templated":true}]}}