{"id":2043,"date":"2021-12-03T21:09:18","date_gmt":"2021-12-03T20:09:18","guid":{"rendered":"https:\/\/kkpp.pl\/?page_id=2043"},"modified":"2021-12-06T01:15:57","modified_gmt":"2021-12-06T00:15:57","slug":"linki","status":"publish","type":"page","link":"https:\/\/kkpp.pl\/en\/links\/","title":{"rendered":"Links"},"content":{"rendered":"<p><\/p>\n<div class=\"entry-content w75 xs100\" data-key=\"sameHeights\">\n<p><span id=\"result_box\">Pages to visit:<\/span><\/p>\n<p><a href=\"http:\/\/www.opolskie.pl\/\">www.opolskie.pl<\/a><br \/>\n<a href=\"http:\/\/www.powiat.kedzierzyn-kozle.pl\/\">www.powiat.kedzierzyn-kozle.pl<\/a><br \/>\n<a href=\"http:\/\/www.kedzierzynkozle.pl\/\">www.kedzierzynkozle.pl<\/a><br \/>\n<a href=\"http:\/\/www.grupaazoty.com\/\">www.grupaazoty.com<\/a><br \/>\n<a href=\"http:\/\/www.jpmholding.pl\/\">www.jpmholding.pl<\/a><br \/>\n<a href=\"http:\/\/www.zaksa.pl\/\">www.zaksa.pl<\/a><br \/>\n<a href=\"http:\/\/www.kjlewada.com\/\">www.kjlewada.pl<\/a><br \/>\n<a href=\"http:\/\/www.paiz.gov.pl\/\">www.paiz.gov.pl<\/a><br \/>\n<a href=\"http:\/\/www.mg.gov.pl\/\">www.mg.gov.pl<\/a><br \/>\n<a href=\"http:\/\/www.ksse.com.pl\/\">www.ksse.com.pl<\/a><br \/>\n<a href=\"http:\/\/www.ocrg.opolskie.pl\/\">www.ocrg.opolskie.pl<\/a><br \/>\n<a href=\"http:\/\/www.icso.com.pl\/\">www.icso.com.pl<\/a><br \/>\n<a href=\"http:\/\/www.blechhammer1944.eu\/\">www.blechhammer1944.eu<\/a><br \/>\n<a href=\"http:\/\/www.slawiecice.edu.pl\/\">www.slawiecice.edu.pl<\/a><br \/>\n<a href=\"http:\/\/www.parp.gov.pl\/\">www.parp.gov.pl<\/a><br \/>\n<a href=\"http:\/\/www.arp.com.pl\/\">www.arp.com.pl<\/a><br \/>\n<a href=\"http:\/\/www.forumparkow.pl\/\">www.forumparkow.pl<\/a><br \/>\n<a href=\"http:\/\/www.opole.uw.gov.pl\/\">www.opole.uw.gov.pl<\/a><\/p>\n<\/div>\n<p><\/p>","protected":false},"excerpt":{"rendered":"Pages to visit: www.opolskie.pl www.powiat.kedzierzyn-kozle.pl www.kedzierzynkozle.pl www.grupaazoty.com www.jpmholding.pl www.zaksa.pl www.kjlewada.pl www.paiz.gov.pl www.mg.gov.pl www.ksse.com.pl www.ocrg.opolskie.pl www.icso.com.pl www.blechhammer1944.eu www.slawiecice.edu.pl www.parp.gov.pl www.arp.com.pl www.forumparkow.pl www.opole.uw.gov.pl","protected":false},"author":2,"featured_media":0,"parent":0,"menu_order":0,"comment_status":"closed","ping_status":"closed","template":"","meta":{"inline_featured_image":false},"acf":[],"yoast_head":"<!-- This site is optimized with the Yoast SEO plugin v18.1 - https:\/\/yoast.com\/wordpress\/plugins\/seo\/ -->\n<meta name=\"robots\" content=\"index, follow, max-snippet:-1, max-image-preview:large, max-video-preview:-1\" \/>\n<link rel=\"canonical\" href=\"https:\/\/kkpp.pl\/en\/linki\/\" \/>\n<meta property=\"og:locale\" content=\"en_US\" \/>\n<meta property=\"og:type\" content=\"article\" \/>\n<meta property=\"og:title\" content=\"Links - KKPP K\u0119dzierzy\u0144sko-Kozielski Park Przemys\u0142owy Sp. z o.o.\" \/>\n<meta property=\"og:description\" content=\"Pages to visit: www.opolskie.pl www.powiat.kedzierzyn-kozle.pl www.kedzierzynkozle.pl www.grupaazoty.com www.jpmholding.pl www.zaksa.pl www.kjlewada.pl www.paiz.gov.pl www.mg.gov.pl www.ksse.com.pl www.ocrg.opolskie.pl www.icso.com.pl www.blechhammer1944.eu www.slawiecice.edu.pl www.parp.gov.pl www.arp.com.pl www.forumparkow.pl www.opole.uw.gov.pl\" \/>\n<meta property=\"og:url\" content=\"https:\/\/kkpp.pl\/en\/linki\/\" \/>\n<meta property=\"og:site_name\" content=\"KKPP K\u0119dzierzy\u0144sko-Kozielski Park Przemys\u0142owy Sp. z o.o.\" \/>\n<meta property=\"article:modified_time\" content=\"2021-12-06T00:15:57+00:00\" \/>\n<meta name=\"twitter:card\" content=\"summary_large_image\" \/>\n<meta name=\"twitter:label1\" content=\"Est. reading time\" \/>\n\t<meta name=\"twitter:data1\" content=\"1 minute\" \/>\n<script type=\"application\/ld+json\" class=\"yoast-schema-graph\">{\"@context\":\"https:\/\/schema.org\",\"@graph\":[{\"@type\":\"WebSite\",\"@id\":\"https:\/\/kkpp.pl\/en\/#website\",\"url\":\"https:\/\/kkpp.pl\/en\/\",\"name\":\"KKPP K\u0119dzierzy\u0144sko-Kozielski Park Przemys\u0142owy Sp. z o.o.\",\"description\":\"Centrum Obs\u0142ugi Inwestora K\u0119dzierzyn-Ko\u017ale oferuje tereny inwestycyjne, wsparcie doradcze, szkoleniowe; wynajem powierzchni biurowych, produkcyjnych, us\u0142ugowych.\",\"potentialAction\":[{\"@type\":\"SearchAction\",\"target\":{\"@type\":\"EntryPoint\",\"urlTemplate\":\"https:\/\/kkpp.pl\/en\/?s={search_term_string}\"},\"query-input\":\"required name=search_term_string\"}],\"inLanguage\":\"en-US\"},{\"@type\":\"WebPage\",\"@id\":\"https:\/\/kkpp.pl\/en\/linki\/#webpage\",\"url\":\"https:\/\/kkpp.pl\/en\/linki\/\",\"name\":\"Links - KKPP K\u0119dzierzy\u0144sko-Kozielski Park Przemys\u0142owy Sp. z o.o.\",\"isPartOf\":{\"@id\":\"https:\/\/kkpp.pl\/en\/#website\"},\"datePublished\":\"2021-12-03T20:09:18+00:00\",\"dateModified\":\"2021-12-06T00:15:57+00:00\",\"breadcrumb\":{\"@id\":\"https:\/\/kkpp.pl\/en\/linki\/#breadcrumb\"},\"inLanguage\":\"en-US\",\"potentialAction\":[{\"@type\":\"ReadAction\",\"target\":[[\"https:\/\/kkpp.pl\/linki\/\"]]}]},{\"@type\":\"BreadcrumbList\",\"@id\":\"https:\/\/kkpp.pl\/en\/linki\/#breadcrumb\",\"itemListElement\":[{\"@type\":\"ListItem\",\"position\":1,\"name\":\"Linki\"}]}]}<\/script>\n<!-- \/ Yoast SEO plugin. -->","yoast_head_json":{"robots":{"index":"index","follow":"follow","max-snippet":"max-snippet:-1","max-image-preview":"max-image-preview:large","max-video-preview":"max-video-preview:-1"},"canonical":"https:\/\/kkpp.pl\/en\/linki\/","og_locale":"en_US","og_type":"article","og_title":"Links - KKPP K\u0119dzierzy\u0144sko-Kozielski Park Przemys\u0142owy Sp. z o.o.","og_description":"Pages to visit: www.opolskie.pl www.powiat.kedzierzyn-kozle.pl www.kedzierzynkozle.pl www.grupaazoty.com www.jpmholding.pl www.zaksa.pl www.kjlewada.pl www.paiz.gov.pl www.mg.gov.pl www.ksse.com.pl www.ocrg.opolskie.pl www.icso.com.pl www.blechhammer1944.eu www.slawiecice.edu.pl www.parp.gov.pl www.arp.com.pl www.forumparkow.pl www.opole.uw.gov.pl","og_url":"https:\/\/kkpp.pl\/en\/linki\/","og_site_name":"KKPP K\u0119dzierzy\u0144sko-Kozielski Park Przemys\u0142owy Sp. z o.o.","article_modified_time":"2021-12-06T00:15:57+00:00","twitter_card":"summary_large_image","twitter_misc":{"Est. reading time":"1 minute"},"schema":{"@context":"https:\/\/schema.org","@graph":[{"@type":"WebSite","@id":"https:\/\/kkpp.pl\/en\/#website","url":"https:\/\/kkpp.pl\/en\/","name":"KKPP K\u0119dzierzy\u0144sko-Kozielski Park Przemys\u0142owy Sp. z o.o.","description":"Centrum Obs\u0142ugi Inwestora K\u0119dzierzyn-Ko\u017ale oferuje tereny inwestycyjne, wsparcie doradcze, szkoleniowe; wynajem powierzchni biurowych, produkcyjnych, us\u0142ugowych.","potentialAction":[{"@type":"SearchAction","target":{"@type":"EntryPoint","urlTemplate":"https:\/\/kkpp.pl\/en\/?s={search_term_string}"},"query-input":"required name=search_term_string"}],"inLanguage":"en-US"},{"@type":"WebPage","@id":"https:\/\/kkpp.pl\/en\/linki\/#webpage","url":"https:\/\/kkpp.pl\/en\/linki\/","name":"Links - KKPP K\u0119dzierzy\u0144sko-Kozielski Park Przemys\u0142owy Sp. z o.o.","isPartOf":{"@id":"https:\/\/kkpp.pl\/en\/#website"},"datePublished":"2021-12-03T20:09:18+00:00","dateModified":"2021-12-06T00:15:57+00:00","breadcrumb":{"@id":"https:\/\/kkpp.pl\/en\/linki\/#breadcrumb"},"inLanguage":"en-US","potentialAction":[{"@type":"ReadAction","target":[["https:\/\/kkpp.pl\/linki\/"]]}]},{"@type":"BreadcrumbList","@id":"https:\/\/kkpp.pl\/en\/linki\/#breadcrumb","itemListElement":[{"@type":"ListItem","position":1,"name":"Linki"}]}]}},"_links":{"self":[{"href":"https:\/\/kkpp.pl\/en\/wp-json\/wp\/v2\/pages\/2043"}],"collection":[{"href":"https:\/\/kkpp.pl\/en\/wp-json\/wp\/v2\/pages"}],"about":[{"href":"https:\/\/kkpp.pl\/en\/wp-json\/wp\/v2\/types\/page"}],"author":[{"embeddable":true,"href":"https:\/\/kkpp.pl\/en\/wp-json\/wp\/v2\/users\/2"}],"replies":[{"embeddable":true,"href":"https:\/\/kkpp.pl\/en\/wp-json\/wp\/v2\/comments?post=2043"}],"version-history":[{"count":2,"href":"https:\/\/kkpp.pl\/en\/wp-json\/wp\/v2\/pages\/2043\/revisions"}],"predecessor-version":[{"id":2342,"href":"https:\/\/kkpp.pl\/en\/wp-json\/wp\/v2\/pages\/2043\/revisions\/2342"}],"wp:attachment":[{"href":"https:\/\/kkpp.pl\/en\/wp-json\/wp\/v2\/media?parent=2043"}],"curies":[{"name":"wp","href":"https:\/\/api.w.org\/{rel}","templated":true}]}}