{"id":232,"date":"2018-03-16T10:51:52","date_gmt":"2018-03-16T09:51:52","guid":{"rendered":"https:\/\/kkpp.pl\/?page_id=232"},"modified":"2024-05-07T11:09:22","modified_gmt":"2024-05-07T09:09:22","slug":"wynajem","status":"publish","type":"page","link":"https:\/\/kkpp.pl\/en\/investors-zone\/services\/rental\/","title":{"rendered":"Rental"},"content":{"rendered":"<p>Investor Service Centre \u2013 K\u0119dzierzyn-Ko\u017ale Industrial Park provides office space rental services for business events, organization of workshops, trainings, conferences or other dedicated events.<br \/>\nRental of office, production and services space in the following locations:<\/p>\n<ul>\n<li>Investor Service Centre at\u00a0 Wojska Polskiego 16 F<\/li>\n<li>Office building at Szkolna 15 (Blachownia)<\/li>\n<li>Production and service hall of\u00a0 240 m\u00b2 at Szkolna 15 (Blachownia)<\/li>\n<li>Business Incubator at Szkolna 17 (Blachownia), rental on incubation principles as follows:<br \/>\nthe first year of functioning\u00a0 16,00 PLN \/m\u00b2\/month<br \/>\nthe second year of functioning\u00a0 24,00 PLN\/ m\u00b2\/ month<br \/>\nthe third year of functioning 32,00 PLN\/ m\u00b2\/ month<br \/>\nrental on a&nbsp;commercial basis 40,00 PLN\/ month<\/li>\n<\/ul>\n<p><strong>RENTAL OF CONFERENCE ROOMS<\/strong><br \/>\nInvestor Service Centre,\u00a0 Wojska Polskiego 16 F<br \/> A&nbsp;large conference room:<\/p>\n<ul>\n<li>dedicated for maximum 80 people;<\/li>\n<li>air-conditioned, with complete lighting and sound system, a&nbsp;screen, projector\u00a0 suitable for television recordings, press conferences, workshops and trainings;<\/li>\n<li>with\u00a0 a&nbsp;kitchenette.<\/li>\n<\/ul>\n<p>A&nbsp;small conference room:<\/p>\n<ul>\n<li>dedicated for maximum 10 people;<\/li>\n<li>fully equipped with multimedia equipment\u00a0 (screen, projector, etc.).<\/li>\n<\/ul>\n<p><strong>OFFICE BUILDING<br \/>\n<\/strong>Szkolna 15<br \/>\nTwo conference rooms\u00a0 fully equipped with multimedia equipment\u00a0 (screen, projector, etc.):<\/p>\n<ul>\n<li>a&nbsp;large conference room \u2013 dedicated for maximum 120 people;<\/li>\n<li>a&nbsp;small conference room \u2013 dedicated for maximum 60 people.<\/li>\n<\/ul>\n<p><strong>BUSINESS INCUBATOR<br \/>\n<\/strong> Szkolna 17<br \/> A&nbsp;conference room:<\/p>\n<ul>\n<li>fully equipped with multimedia equipment\u00a0 (screen, projector, etc.);<\/li>\n<li>air-conditioned;<\/li>\n<li>with\u00a0 a&nbsp;kitchenette.<\/li>\n<\/ul>\n<p><strong>OFFICE RENTAL BY THE HOUR<\/strong><br \/>\nInvestor Service Centre,\u00a0 Wojska Polskiego 16F<br \/>\nWe make serviced office space available in by the hour or subscription system.<br \/>\nThis service makes it possible to use an office fully equipped with: a&nbsp;computer, the Internet,\u00a0 copying and secretarial services, the possibility to order catering and assistance in organizing meetings, etc.<\/p>\n<p>Contact:<br \/>\nK\u0119dzierzy\u0144sko-Kozielski Park Przemys\u0142owy Sp. z&nbsp;o.o.<br \/>\nul. Wojska Polskiego 16 F<br \/>\n47-220 K\u0119dzierzyn-Ko\u017ale<br \/>\nt: +48 77 488 62 15<br \/>\nmobile: +48 535 364 046<br \/>\ne-mail: <a  href=\"javascript:smae_decode('Yml1cm9Aa2twcC5wbA==');\" >&#098;&#105;&#117;&#114;&#111;&#064;&#107;&#107;&#112;&#112;&#046;&#112;&#108;<\/a><\/p>\n<p>\n\t\t<style type=\"text\/css\">\n\t\t\t#gallery-1 {\n\t\t\t\tmargin: auto;\n\t\t\t}\n\t\t\t#gallery-1 .gallery-item {\n\t\t\t\tfloat: left;\n\t\t\t\tmargin-top: 10px;\n\t\t\t\ttext-align: center;\n\t\t\t\twidth: 33%;\n\t\t\t}\n\t\t\t#gallery-1 img {\n\t\t\t\tborder: 2px solid #cfcfcf;\n\t\t\t}\n\t\t\t#gallery-1 .gallery-caption {\n\t\t\t\tmargin-left: 0;\n\t\t\t}\n\t\t\t\/* see gallery_shortcode() in wp-includes\/media.php *\/\n\t\t<\/style>\n\t\t<div id='gallery-1' class='gallery galleryid-232 gallery-columns-3 gallery-size-thumbnail'><dl class='gallery-item'>\n\t\t\t<dt class='gallery-icon portrait'>\n\t\t\t\t<a href='https:\/\/kkpp.pl\/en\/investors-zone\/services\/rental\/konf-mala-coi_1-2\/'><img width=\"150\" height=\"150\" src=\"https:\/\/kkpp.pl\/wp-content\/uploads\/2018\/04\/konf-ma\u0142a-COI_1-150x150.jpg\" class=\"attachment-thumbnail size-thumbnail\" alt=\"\" loading=\"lazy\" \/><\/a>\n\t\t\t<\/dt><\/dl><dl class='gallery-item'>\n\t\t\t<dt class='gallery-icon landscape'>\n\t\t\t\t<a href='https:\/\/kkpp.pl\/en\/investors-zone\/services\/rental\/konf-duza-coi_1-2\/'><img width=\"150\" height=\"150\" src=\"https:\/\/kkpp.pl\/wp-content\/uploads\/2018\/04\/konf-du\u017ca-COI_1-150x150.jpg\" class=\"attachment-thumbnail size-thumbnail\" alt=\"\" loading=\"lazy\" \/><\/a>\n\t\t\t<\/dt><\/dl><dl class='gallery-item'>\n\t\t\t<dt class='gallery-icon landscape'>\n\t\t\t\t<a href='https:\/\/kkpp.pl\/en\/investors-zone\/services\/rental\/konf_ip_1-2\/'><img width=\"150\" height=\"150\" src=\"https:\/\/kkpp.pl\/wp-content\/uploads\/2018\/04\/konf_IP_1-150x150.jpg\" class=\"attachment-thumbnail size-thumbnail\" alt=\"\" loading=\"lazy\" \/><\/a>\n\t\t\t<\/dt><\/dl><br style=\"clear: both\" \/>\n\t\t<\/div>\n<\/p>","protected":false},"excerpt":{"rendered":"Investor Service Centre \u2013 K\u0119dzierzyn-Ko\u017ale Industrial Park provides office space rental services for business events, organization of workshops, trainings, conferences or other dedicated events. Rental of office, production and services space in the following locations: Investor Service Centre at\u00a0 Wojska Polskiego 16 F Office building at Szkolna 15 (Blachownia) Production and service hall of\u00a0 240&#8230; <a class=\"view-article\" href=\"https:\/\/kkpp.pl\/en\/investors-zone\/services\/rental\/\"><br><p style=\"text-align:right\"><i>wi\u0119cej ><\/i><\/p><\/a>","protected":false},"author":2,"featured_media":0,"parent":239,"menu_order":2,"comment_status":"closed","ping_status":"closed","template":"","meta":{"inline_featured_image":false},"acf":[],"yoast_head":"<!-- This site is optimized with the Yoast SEO plugin v18.1 - https:\/\/yoast.com\/wordpress\/plugins\/seo\/ -->\n<meta name=\"robots\" content=\"index, follow, max-snippet:-1, max-image-preview:large, max-video-preview:-1\" \/>\n<link rel=\"canonical\" href=\"https:\/\/kkpp.pl\/en\/centrum-obslugi-inwestora\/uslugi\/wynajem\/\" \/>\n<meta property=\"og:locale\" content=\"en_US\" \/>\n<meta property=\"og:type\" content=\"article\" \/>\n<meta property=\"og:title\" content=\"Rental - KKPP K\u0119dzierzy\u0144sko-Kozielski Park Przemys\u0142owy Sp. z o.o.\" \/>\n<meta property=\"og:description\" content=\"Investor Service Centre \u2013 K\u0119dzierzyn-Ko\u017ale Industrial Park provides office space rental services for business events, organization of workshops, trainings, conferences or other dedicated events. Rental of office, production and services space in the following locations: Investor Service Centre at\u00a0 Wojska Polskiego 16 F Office building at Szkolna 15 (Blachownia) Production and service hall of\u00a0 240... wi\u0119cej &gt;\" \/>\n<meta property=\"og:url\" content=\"https:\/\/kkpp.pl\/en\/centrum-obslugi-inwestora\/uslugi\/wynajem\/\" \/>\n<meta property=\"og:site_name\" content=\"KKPP K\u0119dzierzy\u0144sko-Kozielski Park Przemys\u0142owy Sp. z o.o.\" \/>\n<meta property=\"article:modified_time\" content=\"2024-05-07T09:09:22+00:00\" \/>\n<meta property=\"og:image\" content=\"https:\/\/kkpp.pl\/wp-content\/uploads\/2018\/04\/konf-ma\u0142a-COI_1-150x150.jpg\" \/>\n<meta name=\"twitter:card\" content=\"summary_large_image\" \/>\n<meta name=\"twitter:label1\" content=\"Est. reading time\" \/>\n\t<meta name=\"twitter:data1\" content=\"2 minutes\" \/>\n<script type=\"application\/ld+json\" class=\"yoast-schema-graph\">{\"@context\":\"https:\/\/schema.org\",\"@graph\":[{\"@type\":\"WebSite\",\"@id\":\"https:\/\/kkpp.pl\/en\/#website\",\"url\":\"https:\/\/kkpp.pl\/en\/\",\"name\":\"KKPP K\u0119dzierzy\u0144sko-Kozielski Park Przemys\u0142owy Sp. z o.o.\",\"description\":\"Centrum Obs\u0142ugi Inwestora K\u0119dzierzyn-Ko\u017ale oferuje tereny inwestycyjne, wsparcie doradcze, szkoleniowe; wynajem powierzchni biurowych, produkcyjnych, us\u0142ugowych.\",\"potentialAction\":[{\"@type\":\"SearchAction\",\"target\":{\"@type\":\"EntryPoint\",\"urlTemplate\":\"https:\/\/kkpp.pl\/en\/?s={search_term_string}\"},\"query-input\":\"required name=search_term_string\"}],\"inLanguage\":\"en-US\"},{\"@type\":\"WebPage\",\"@id\":\"https:\/\/kkpp.pl\/en\/centrum-obslugi-inwestora\/uslugi\/wynajem\/#webpage\",\"url\":\"https:\/\/kkpp.pl\/en\/centrum-obslugi-inwestora\/uslugi\/wynajem\/\",\"name\":\"Rental - KKPP K\u0119dzierzy\u0144sko-Kozielski Park Przemys\u0142owy Sp. z o.o.\",\"isPartOf\":{\"@id\":\"https:\/\/kkpp.pl\/en\/#website\"},\"datePublished\":\"2018-03-16T09:51:52+00:00\",\"dateModified\":\"2024-05-07T09:09:22+00:00\",\"breadcrumb\":{\"@id\":\"https:\/\/kkpp.pl\/en\/centrum-obslugi-inwestora\/uslugi\/wynajem\/#breadcrumb\"},\"inLanguage\":\"en-US\",\"potentialAction\":[{\"@type\":\"ReadAction\",\"target\":[[\"https:\/\/kkpp.pl\/centrum-obslugi-inwestora\/uslugi\/wynajem\/\"]]}]},{\"@type\":\"BreadcrumbList\",\"@id\":\"https:\/\/kkpp.pl\/en\/centrum-obslugi-inwestora\/uslugi\/wynajem\/#breadcrumb\",\"itemListElement\":[{\"@type\":\"ListItem\",\"position\":1,\"name\":\"Centrum Obs\u0142ugi Inwestora\",\"item\":\"https:\/\/kkpp.pl\/centrum-obslugi-inwestora\/\"},{\"@type\":\"ListItem\",\"position\":2,\"name\":\"Us\u0142ugi\",\"item\":\"https:\/\/kkpp.pl\/centrum-obslugi-inwestora\/uslugi\/\"},{\"@type\":\"ListItem\",\"position\":3,\"name\":\"Wynajem\"}]}]}<\/script>\n<!-- \/ Yoast SEO plugin. -->","yoast_head_json":{"robots":{"index":"index","follow":"follow","max-snippet":"max-snippet:-1","max-image-preview":"max-image-preview:large","max-video-preview":"max-video-preview:-1"},"canonical":"https:\/\/kkpp.pl\/en\/centrum-obslugi-inwestora\/uslugi\/wynajem\/","og_locale":"en_US","og_type":"article","og_title":"Rental - KKPP K\u0119dzierzy\u0144sko-Kozielski Park Przemys\u0142owy Sp. z o.o.","og_description":"Investor Service Centre \u2013 K\u0119dzierzyn-Ko\u017ale Industrial Park provides office space rental services for business events, organization of workshops, trainings, conferences or other dedicated events. Rental of office, production and services space in the following locations: Investor Service Centre at\u00a0 Wojska Polskiego 16 F Office building at Szkolna 15 (Blachownia) Production and service hall of\u00a0 240... wi\u0119cej >","og_url":"https:\/\/kkpp.pl\/en\/centrum-obslugi-inwestora\/uslugi\/wynajem\/","og_site_name":"KKPP K\u0119dzierzy\u0144sko-Kozielski Park Przemys\u0142owy Sp. z o.o.","article_modified_time":"2024-05-07T09:09:22+00:00","og_image":[{"url":"https:\/\/kkpp.pl\/wp-content\/uploads\/2018\/04\/konf-ma\u0142a-COI_1-150x150.jpg"}],"twitter_card":"summary_large_image","twitter_misc":{"Est. reading time":"2 minutes"},"schema":{"@context":"https:\/\/schema.org","@graph":[{"@type":"WebSite","@id":"https:\/\/kkpp.pl\/en\/#website","url":"https:\/\/kkpp.pl\/en\/","name":"KKPP K\u0119dzierzy\u0144sko-Kozielski Park Przemys\u0142owy Sp. z o.o.","description":"Centrum Obs\u0142ugi Inwestora K\u0119dzierzyn-Ko\u017ale oferuje tereny inwestycyjne, wsparcie doradcze, szkoleniowe; wynajem powierzchni biurowych, produkcyjnych, us\u0142ugowych.","potentialAction":[{"@type":"SearchAction","target":{"@type":"EntryPoint","urlTemplate":"https:\/\/kkpp.pl\/en\/?s={search_term_string}"},"query-input":"required name=search_term_string"}],"inLanguage":"en-US"},{"@type":"WebPage","@id":"https:\/\/kkpp.pl\/en\/centrum-obslugi-inwestora\/uslugi\/wynajem\/#webpage","url":"https:\/\/kkpp.pl\/en\/centrum-obslugi-inwestora\/uslugi\/wynajem\/","name":"Rental - KKPP K\u0119dzierzy\u0144sko-Kozielski Park Przemys\u0142owy Sp. z o.o.","isPartOf":{"@id":"https:\/\/kkpp.pl\/en\/#website"},"datePublished":"2018-03-16T09:51:52+00:00","dateModified":"2024-05-07T09:09:22+00:00","breadcrumb":{"@id":"https:\/\/kkpp.pl\/en\/centrum-obslugi-inwestora\/uslugi\/wynajem\/#breadcrumb"},"inLanguage":"en-US","potentialAction":[{"@type":"ReadAction","target":[["https:\/\/kkpp.pl\/centrum-obslugi-inwestora\/uslugi\/wynajem\/"]]}]},{"@type":"BreadcrumbList","@id":"https:\/\/kkpp.pl\/en\/centrum-obslugi-inwestora\/uslugi\/wynajem\/#breadcrumb","itemListElement":[{"@type":"ListItem","position":1,"name":"Centrum Obs\u0142ugi Inwestora","item":"https:\/\/kkpp.pl\/centrum-obslugi-inwestora\/"},{"@type":"ListItem","position":2,"name":"Us\u0142ugi","item":"https:\/\/kkpp.pl\/centrum-obslugi-inwestora\/uslugi\/"},{"@type":"ListItem","position":3,"name":"Wynajem"}]}]}},"_links":{"self":[{"href":"https:\/\/kkpp.pl\/en\/wp-json\/wp\/v2\/pages\/232"}],"collection":[{"href":"https:\/\/kkpp.pl\/en\/wp-json\/wp\/v2\/pages"}],"about":[{"href":"https:\/\/kkpp.pl\/en\/wp-json\/wp\/v2\/types\/page"}],"author":[{"embeddable":true,"href":"https:\/\/kkpp.pl\/en\/wp-json\/wp\/v2\/users\/2"}],"replies":[{"embeddable":true,"href":"https:\/\/kkpp.pl\/en\/wp-json\/wp\/v2\/comments?post=232"}],"version-history":[{"count":15,"href":"https:\/\/kkpp.pl\/en\/wp-json\/wp\/v2\/pages\/232\/revisions"}],"predecessor-version":[{"id":3485,"href":"https:\/\/kkpp.pl\/en\/wp-json\/wp\/v2\/pages\/232\/revisions\/3485"}],"up":[{"embeddable":true,"href":"https:\/\/kkpp.pl\/en\/wp-json\/wp\/v2\/pages\/239"}],"wp:attachment":[{"href":"https:\/\/kkpp.pl\/en\/wp-json\/wp\/v2\/media?parent=232"}],"curies":[{"name":"wp","href":"https:\/\/api.w.org\/{rel}","templated":true}]}}