{"id":2328,"date":"2021-12-06T00:02:45","date_gmt":"2021-12-05T23:02:45","guid":{"rendered":"https:\/\/kkpp.pl\/?page_id=2328"},"modified":"2021-12-18T15:17:44","modified_gmt":"2021-12-18T14:17:44","slug":"kontakt2","status":"publish","type":"page","link":"https:\/\/kkpp.pl\/en\/contact-2\/","title":{"rendered":"Contact"},"content":{"rendered":"<p><strong>K\u0119dzierzyn-Ko\u017ale Industrial Park Sp. z&nbsp;o.o.<br \/>\nInvestor Service Centre<br \/>\n<\/strong>ul. Wojska Polskiego 16F<br \/>\n47-220 K\u0119dzierzyn-Ko\u017ale<br \/>\ntel.: +48 77 488 62 15<br \/>\ne-mail: <a  href=\"javascript:smae_decode('Yml1cm9Aa2twcC5wbA==');\" >&#098;&#105;&#117;&#114;&#111;&#064;&#107;&#107;&#112;&#112;&#046;&#112;&#108;<\/a><\/p>\n<p>Office open: 7.30-15.30<br \/>\nBank account numbers:<br \/>\nBO\u015a S.A. 50 1540 1229 2046 4690 6595 0001<br \/>\nNIP: 749-18-99-171<br \/>\nREGON: 532181337<br \/>\nKRS: 0000004619<br \/>\nRegistry Court in Opole, 8th Commercial Division<br \/>\nShare capital: 13.549.500,00 PLN<\/p>","protected":false},"excerpt":{"rendered":"K\u0119dzierzyn-Ko\u017ale Industrial Park Sp. z&nbsp;o.o. Investor Service Centre ul. Wojska Polskiego 16F 47-220 K\u0119dzierzyn-Ko\u017ale tel.: +48 77 488 62 15 e-mail: &#098;&#105;&#117;&#114;&#111;&#064;&#107;&#107;&#112;&#112;&#046;&#112;&#108; Office open: 7.30-15.30 Bank account numbers: BO\u015a S.A. 50 1540 1229 2046 4690 6595 0001 NIP: 749-18-99-171 REGON: 532181337 KRS: 0000004619 Registry Court in Opole, 8th Commercial Division Share capital: 13.549.500,00 PLN","protected":false},"author":1,"featured_media":0,"parent":0,"menu_order":0,"comment_status":"closed","ping_status":"closed","template":"","meta":{"inline_featured_image":false},"acf":[],"yoast_head":"<!-- This site is optimized with the Yoast SEO plugin v18.1 - https:\/\/yoast.com\/wordpress\/plugins\/seo\/ -->\n<meta name=\"robots\" content=\"index, follow, max-snippet:-1, max-image-preview:large, max-video-preview:-1\" \/>\n<link rel=\"canonical\" href=\"https:\/\/kkpp.pl\/en\/kontakt-2\/\" \/>\n<meta property=\"og:locale\" content=\"en_US\" \/>\n<meta property=\"og:type\" content=\"article\" \/>\n<meta property=\"og:title\" content=\"Contact - KKPP K\u0119dzierzy\u0144sko-Kozielski Park Przemys\u0142owy Sp. z o.o.\" \/>\n<meta property=\"og:description\" content=\"K\u0119dzierzyn-Ko\u017ale Industrial Park Sp. z&nbsp;o.o. Investor Service Centre ul. Wojska Polskiego 16F 47-220 K\u0119dzierzyn-Ko\u017ale tel.: +48 77 488 62 15 e-mail: &#098;&#105;&#117;&#114;&#111;&#064;&#107;&#107;&#112;&#112;&#046;&#112;&#108; Office open: 7.30-15.30 Bank account numbers: BO\u015a S.A. 50 1540 1229 2046 4690 6595 0001 NIP: 749-18-99-171 REGON: 532181337 KRS: 0000004619 Registry Court in Opole, 8th Commercial Division Share capital: 13.549.500,00 PLN\" \/>\n<meta property=\"og:url\" content=\"https:\/\/kkpp.pl\/en\/kontakt-2\/\" \/>\n<meta property=\"og:site_name\" content=\"KKPP K\u0119dzierzy\u0144sko-Kozielski Park Przemys\u0142owy Sp. z o.o.\" \/>\n<meta property=\"article:modified_time\" content=\"2021-12-18T14:17:44+00:00\" \/>\n<meta name=\"twitter:card\" content=\"summary_large_image\" \/>\n<meta name=\"twitter:label1\" content=\"Est. reading time\" \/>\n\t<meta name=\"twitter:data1\" content=\"1 minute\" \/>\n<script type=\"application\/ld+json\" class=\"yoast-schema-graph\">{\"@context\":\"https:\/\/schema.org\",\"@graph\":[{\"@type\":\"WebSite\",\"@id\":\"https:\/\/kkpp.pl\/en\/#website\",\"url\":\"https:\/\/kkpp.pl\/en\/\",\"name\":\"KKPP K\u0119dzierzy\u0144sko-Kozielski Park Przemys\u0142owy Sp. z o.o.\",\"description\":\"Centrum Obs\u0142ugi Inwestora K\u0119dzierzyn-Ko\u017ale oferuje tereny inwestycyjne, wsparcie doradcze, szkoleniowe; wynajem powierzchni biurowych, produkcyjnych, us\u0142ugowych.\",\"potentialAction\":[{\"@type\":\"SearchAction\",\"target\":{\"@type\":\"EntryPoint\",\"urlTemplate\":\"https:\/\/kkpp.pl\/en\/?s={search_term_string}\"},\"query-input\":\"required name=search_term_string\"}],\"inLanguage\":\"en-US\"},{\"@type\":\"WebPage\",\"@id\":\"https:\/\/kkpp.pl\/en\/kontakt-2\/#webpage\",\"url\":\"https:\/\/kkpp.pl\/en\/kontakt-2\/\",\"name\":\"Contact - KKPP K\u0119dzierzy\u0144sko-Kozielski Park Przemys\u0142owy Sp. z o.o.\",\"isPartOf\":{\"@id\":\"https:\/\/kkpp.pl\/en\/#website\"},\"datePublished\":\"2021-12-05T23:02:45+00:00\",\"dateModified\":\"2021-12-18T14:17:44+00:00\",\"breadcrumb\":{\"@id\":\"https:\/\/kkpp.pl\/en\/kontakt-2\/#breadcrumb\"},\"inLanguage\":\"en-US\",\"potentialAction\":[{\"@type\":\"ReadAction\",\"target\":[[\"https:\/\/kkpp.pl\/kontakt-2\/\"]]}]},{\"@type\":\"BreadcrumbList\",\"@id\":\"https:\/\/kkpp.pl\/en\/kontakt-2\/#breadcrumb\",\"itemListElement\":[{\"@type\":\"ListItem\",\"position\":1,\"name\":\"Kontakt\"}]}]}<\/script>\n<!-- \/ Yoast SEO plugin. -->","yoast_head_json":{"robots":{"index":"index","follow":"follow","max-snippet":"max-snippet:-1","max-image-preview":"max-image-preview:large","max-video-preview":"max-video-preview:-1"},"canonical":"https:\/\/kkpp.pl\/en\/kontakt-2\/","og_locale":"en_US","og_type":"article","og_title":"Contact - KKPP K\u0119dzierzy\u0144sko-Kozielski Park Przemys\u0142owy Sp. z o.o.","og_description":"K\u0119dzierzyn-Ko\u017ale Industrial Park Sp. z&nbsp;o.o. Investor Service Centre ul. Wojska Polskiego 16F 47-220 K\u0119dzierzyn-Ko\u017ale tel.: +48 77 488 62 15 e-mail: &#098;&#105;&#117;&#114;&#111;&#064;&#107;&#107;&#112;&#112;&#046;&#112;&#108; Office open: 7.30-15.30 Bank account numbers: BO\u015a S.A. 50 1540 1229 2046 4690 6595 0001 NIP: 749-18-99-171 REGON: 532181337 KRS: 0000004619 Registry Court in Opole, 8th Commercial Division Share capital: 13.549.500,00 PLN","og_url":"https:\/\/kkpp.pl\/en\/kontakt-2\/","og_site_name":"KKPP K\u0119dzierzy\u0144sko-Kozielski Park Przemys\u0142owy Sp. z o.o.","article_modified_time":"2021-12-18T14:17:44+00:00","twitter_card":"summary_large_image","twitter_misc":{"Est. reading time":"1 minute"},"schema":{"@context":"https:\/\/schema.org","@graph":[{"@type":"WebSite","@id":"https:\/\/kkpp.pl\/en\/#website","url":"https:\/\/kkpp.pl\/en\/","name":"KKPP K\u0119dzierzy\u0144sko-Kozielski Park Przemys\u0142owy Sp. z o.o.","description":"Centrum Obs\u0142ugi Inwestora K\u0119dzierzyn-Ko\u017ale oferuje tereny inwestycyjne, wsparcie doradcze, szkoleniowe; wynajem powierzchni biurowych, produkcyjnych, us\u0142ugowych.","potentialAction":[{"@type":"SearchAction","target":{"@type":"EntryPoint","urlTemplate":"https:\/\/kkpp.pl\/en\/?s={search_term_string}"},"query-input":"required name=search_term_string"}],"inLanguage":"en-US"},{"@type":"WebPage","@id":"https:\/\/kkpp.pl\/en\/kontakt-2\/#webpage","url":"https:\/\/kkpp.pl\/en\/kontakt-2\/","name":"Contact - KKPP K\u0119dzierzy\u0144sko-Kozielski Park Przemys\u0142owy Sp. z o.o.","isPartOf":{"@id":"https:\/\/kkpp.pl\/en\/#website"},"datePublished":"2021-12-05T23:02:45+00:00","dateModified":"2021-12-18T14:17:44+00:00","breadcrumb":{"@id":"https:\/\/kkpp.pl\/en\/kontakt-2\/#breadcrumb"},"inLanguage":"en-US","potentialAction":[{"@type":"ReadAction","target":[["https:\/\/kkpp.pl\/kontakt-2\/"]]}]},{"@type":"BreadcrumbList","@id":"https:\/\/kkpp.pl\/en\/kontakt-2\/#breadcrumb","itemListElement":[{"@type":"ListItem","position":1,"name":"Kontakt"}]}]}},"_links":{"self":[{"href":"https:\/\/kkpp.pl\/en\/wp-json\/wp\/v2\/pages\/2328"}],"collection":[{"href":"https:\/\/kkpp.pl\/en\/wp-json\/wp\/v2\/pages"}],"about":[{"href":"https:\/\/kkpp.pl\/en\/wp-json\/wp\/v2\/types\/page"}],"author":[{"embeddable":true,"href":"https:\/\/kkpp.pl\/en\/wp-json\/wp\/v2\/users\/1"}],"replies":[{"embeddable":true,"href":"https:\/\/kkpp.pl\/en\/wp-json\/wp\/v2\/comments?post=2328"}],"version-history":[{"count":4,"href":"https:\/\/kkpp.pl\/en\/wp-json\/wp\/v2\/pages\/2328\/revisions"}],"predecessor-version":[{"id":2345,"href":"https:\/\/kkpp.pl\/en\/wp-json\/wp\/v2\/pages\/2328\/revisions\/2345"}],"wp:attachment":[{"href":"https:\/\/kkpp.pl\/en\/wp-json\/wp\/v2\/media?parent=2328"}],"curies":[{"name":"wp","href":"https:\/\/api.w.org\/{rel}","templated":true}]}}