{"id":236,"date":"2018-03-16T10:49:42","date_gmt":"2018-03-16T09:49:42","guid":{"rendered":"https:\/\/kkpp.pl\/?page_id=236"},"modified":"2024-04-29T12:55:23","modified_gmt":"2024-04-29T10:55:23","slug":"tereny-inwestycyjne","status":"publish","type":"page","link":"https:\/\/kkpp.pl\/en\/investors-zone\/investment-areas\/","title":{"rendered":"Investment areas"},"content":{"rendered":"<p>The municipality of K\u0119dzierzyn-Ko\u017ale has for sale real estates owned by it and real estates held in perpetual usufruct by the municipality of K\u0119dzierzyn-Ko\u017ale located according to the following registration units:<\/p>\n<p><strong>S\u0142awi\u0119cice (0091):<br \/>\n<\/strong>&#8211; plot of land No. 40\/25 with an area of 1.1947 ha, KW No. OP1K\/00038396\/8,<br \/>\ndesignation: Bp &#8211; urbanised undeveloped land or land under development<br \/>\n&#8211; plot of land No. 40\/26 with an area of 1.6742 ha, KW No. OP1K\/00038396\/8,<br \/>\ndesignation: Bp &#8211; urbanised undeveloped land or land under development<br \/>\n&#8211; plot of land No. 40\/27 with an area of 1.6723 ha, KW No. OP1K\/00038396\/8,<br \/>\ndesignation: Bp &#8211; urbanised undeveloped land or land under development<\/p>\n<p><strong>Blachownia (0063):<br \/>\n<\/strong>&#8211; plot of land No. 602\/934 with an area of 4.1768 ha, KW No. OP1K\/00053859\/3,<br \/>\ndesignation: BA &#8211; industrial areas<br \/>\n&#8211; plot of land No. 602\/369 with an area of 0.3317 ha, KW No. OP1K\/00054065\/7,<br \/>\ndesignation: BA &#8211; industrial areas<\/p>\n<p><strong>K\u0119dzierzyn (0044):<br \/>\n<\/strong>&#8211; plot of land No. 3417\/63 with an area of 1.2256 ha, KW No. OP1K\/00038310\/2,<br \/>\ndesignation: Bp &#8211; urbanised undeveloped land or land under development<br \/>\n&#8211; plot of land No. 3417\/31 with an area of 0.8776 ha, KW No. OP1K\/00038310\/2,<br \/>\ndesignation: Bp &#8211; urbanised undeveloped land or land under development<br \/>\n&#8211; plot of land No. 3417\/21 with an area of 0.0059 ha, KW No. OP1K\/00038310\/2,<br \/>\ndesignation: Bp &#8211; urbanised undeveloped land or land under development<br \/>\n&#8211; plot of land No. 3417\/30 with an area of 0.1541 ha, KW No. OP1K\/00038310\/2,<br \/>\ndesignation: Bp &#8211; urbanised undeveloped land or land under development<br \/>\n&#8211; plot of land No. 3420\/49 with an area of 0.0502 ha, KW No. OP1K\/00038310\/2,<br \/>\ndesignation: Bp &#8211; urbanised undeveloped land or land under development<br \/>\n&#8211; plot of land No. 3417\/245 with an area of 0.0882 ha, KW No. OP1K\/00070099\/2,<br \/>\ndesignation: Bp &#8211; urbanised undeveloped land or land under development<br \/>\n&#8211; plot of land No. 2265\/8 with an area of 0.0281 ha, KW No. OP1K\/00035575\/6,<br \/>\ndesignation: Ls V &#8211; class V forests<br \/>\n&#8211; plot of land No. 2265\/9 with an area of 0.1981 ha, KW No. OP1K\/00035575\/6,<br \/>\ndesignation: Bp &#8211; urbanised undeveloped land or land under development<br \/>\n(area 0.0333 ha); Ls V &#8211; class V forests (area 0.1648 ha)<br \/>\n&#8211; plot of land No. 2265\/10 with an area of 0.1921 ha, KW No. OP1K\/00035575\/6,<br \/>\ndesignation: Ls V &#8211; class V forests<br \/>\n&#8211; plot of land No. 2265\/11 with an area of 0.0290 ha, KW No. OP1K\/00035575\/6,<br \/>\ndesignation: Ls V &#8211; class V forests<br \/>\n&#8211; plot of land No. 2265\/14 with an area of 0.2275 ha, KW No. OP1K\/00035575\/6,<br \/>\ndesignation: Ps VI &#8211; class VI permanent pasture (area 0.1592 ha); Ls V &#8211; class V forests (area 0.0683 ha)<br \/>\n&#8211; plot of land No. 2265\/16 with an area of 0.2275 ha, KW No. OP1K\/00035575\/6,<br \/>\ndesignation: R VI &#8211; arable land of class VI (area 0.1049 ha); Ls V &#8211; class V forests (area 0.1226 ha)<strong><br \/>\n<\/strong><\/p>\n<p><strong>Ko\u017ale (0014):<br \/>\n<\/strong>&#8211; plot of land No. 1304\/9 with an area of 1.7404 ha, KW No. OP1K\/00073740\/2,<br \/>\ndesignation: BA &#8211; industrial areas<br \/>\n&#8211; plot of land No. 1306\/9 with an area of 0.2486 ha, KW No. OP1K\/00073740\/2,<br \/>\ndesignation: DR &#8211; roads<br \/>\n&#8211; plot of land No. 1661\/1 with an area of 0.7721 ha, KW No. OP1K\/00037825\/8,<br \/>\ndesignation: R &#8211; arable land<br \/>\n&#8211; plot of land No. 1306\/7 with an area of 2.3675 ha, KW No. OP1K\/00031331\/6,<br \/>\ndesignation: BA &#8211; industrial areas<\/p>\n<p><strong>K\u0142odnica (0046):<br \/>\n<\/strong>&#8211; plot of land No. 1045 with an area of 2.3753 ha, KW No. OP1K\/00035878\/0,<br \/>\ndesignation: BA &#8211; industrial areas<br \/>\n&#8211; plot of land No. 2714\/9 with an area of 0.8037 ha, KW No. OP1K\/00038002\/0,<br \/>\ndesignation: R &#8211; IIIa &#8211; arable land &#8211; 0.3479 ha; S &#8211; RIIIa &#8211; orchards &#8211; 0.4558 ha<br \/>\n&#8211; plot of land No. 2665\/3 with an area of 1.2547 ha, KW No. OP1K\/00034929\/6,<br \/>\ndesignation: Bp &#8211; urbanised undeveloped land or land under development<br \/>\n&#8211; plot of land No. 1049\/16 with an area of 0.1917 ha, KW No. OP1K\/00055225\/4,<br \/>\ndesignation: BA &#8211; industrial areas<br \/>\n&#8211; plot of land No. 1049\/17 with an area of 0.0201 ha, KW No. OP1K\/00055225\/4,<br \/>\ndesignation: BA &#8211; industrial areas<br \/>\n&#8211; plot of land No. 1049\/18 with an area of 0.0281 ha, KW No. OP1K\/00055225\/4,<br \/>\ndesignation: Bp &#8211; urbanised undeveloped land or land under development<br \/>\n&#8211; plot of land No. 1049\/19 with an area of 0.0030 ha, KW No. OP1K\/00055225\/4,<br \/>\ndesignation: Bp &#8211; urbanised undeveloped land or land under development<br \/>\n&#8211; plot of land No. 1049\/26 with an area of 0.0230 ha, KW No. OP1K\/00047001\/9,<br \/>\ndesignation: DR &#8211; roads<br \/>\n&#8211; plot of land No. 1049\/3 with an area of 0.3348 ha, KW No. OP1K\/00047002\/6,<br \/>\ndesignation: BA &#8211; industrial areas<br \/>\n&#8211; plot of land No. 1049\/27 with an area of 0.1007 ha, KW No. OP1K\/00047002\/6,<br \/>\ndesignation: Bp &#8211; urbanised undeveloped land or land under development<br \/>\n&#8211; plot of land No. 1049\/28 with an area of 0.0063 ha, KW No. OP1K\/00047002\/6,<br \/>\ndesignation: Bp &#8211; urbanised undeveloped land or land under development<br \/>\n&#8211; plot of land No. 1049\/29 with an area of 0.0325 ha, KW No. OP1K\/00047002\/6,<br \/>\ndesignation: Bp &#8211; urbanised undeveloped land or land under development<\/p>\n<p><strong>Contact:<br \/>\n<\/strong>K\u0119dzierzyn-Ko\u017ale Industrial Park Sp. z&nbsp;o.o.<br \/>\nInvestor Service Centre<br \/>\n47-220 K\u0119dzierzyn-Ko\u017ale<br \/>\nul. Wojska Polskiego 16F<br \/>\nt: +48 77 488 62 15<br \/>\ne: <a  href=\"javascript:smae_decode('Yml1cm9Aa2twcC5wbA==');\" >&#098;&#105;&#117;&#114;&#111;&#064;&#107;&#107;&#112;&#112;&#046;&#112;&#108;<\/a><\/p>","protected":false},"excerpt":{"rendered":"The municipality of K\u0119dzierzyn-Ko\u017ale has for sale real estates owned by it and real estates held in perpetual usufruct by the municipality of K\u0119dzierzyn-Ko\u017ale located according to the following registration units: S\u0142awi\u0119cice (0091): &#8211; plot of land No. 40\/25 with an area of 1.1947 ha, KW No. OP1K\/00038396\/8, designation: Bp &#8211; urbanised undeveloped land or&#8230; <a class=\"view-article\" href=\"https:\/\/kkpp.pl\/en\/investors-zone\/investment-areas\/\"><br><p style=\"text-align:right\"><i>wi\u0119cej ><\/i><\/p><\/a>","protected":false},"author":2,"featured_media":0,"parent":9,"menu_order":1,"comment_status":"closed","ping_status":"closed","template":"","meta":{"inline_featured_image":false},"acf":[],"yoast_head":"<!-- This site is optimized with the Yoast SEO plugin v18.1 - https:\/\/yoast.com\/wordpress\/plugins\/seo\/ -->\n<meta name=\"robots\" content=\"index, follow, max-snippet:-1, max-image-preview:large, max-video-preview:-1\" \/>\n<link rel=\"canonical\" href=\"https:\/\/kkpp.pl\/en\/centrum-obslugi-inwestora\/tereny-inwestycyjne\/\" \/>\n<meta property=\"og:locale\" content=\"en_US\" \/>\n<meta property=\"og:type\" content=\"article\" \/>\n<meta property=\"og:title\" content=\"Investment areas - KKPP K\u0119dzierzy\u0144sko-Kozielski Park Przemys\u0142owy Sp. z o.o.\" \/>\n<meta property=\"og:description\" content=\"The municipality of K\u0119dzierzyn-Ko\u017ale has for sale real estates owned by it and real estates held in perpetual usufruct by the municipality of K\u0119dzierzyn-Ko\u017ale located according to the following registration units: S\u0142awi\u0119cice (0091): &#8211; plot of land No. 40\/25 with an area of 1.1947 ha, KW No. OP1K\/00038396\/8, designation: Bp &#8211; urbanised undeveloped land or... wi\u0119cej &gt;\" \/>\n<meta property=\"og:url\" content=\"https:\/\/kkpp.pl\/en\/centrum-obslugi-inwestora\/tereny-inwestycyjne\/\" \/>\n<meta property=\"og:site_name\" content=\"KKPP K\u0119dzierzy\u0144sko-Kozielski Park Przemys\u0142owy Sp. z o.o.\" \/>\n<meta property=\"article:modified_time\" content=\"2024-04-29T10:55:23+00:00\" \/>\n<meta property=\"og:image\" content=\"https:\/\/kkpp.pl\/wp-content\/uploads\/2020\/09\/baner.jpg\" \/>\n<meta name=\"twitter:card\" content=\"summary_large_image\" \/>\n<meta name=\"twitter:label1\" content=\"Est. reading time\" \/>\n\t<meta name=\"twitter:data1\" content=\"12 minutes\" \/>\n<script type=\"application\/ld+json\" class=\"yoast-schema-graph\">{\"@context\":\"https:\/\/schema.org\",\"@graph\":[{\"@type\":\"WebSite\",\"@id\":\"https:\/\/kkpp.pl\/en\/#website\",\"url\":\"https:\/\/kkpp.pl\/en\/\",\"name\":\"KKPP K\u0119dzierzy\u0144sko-Kozielski Park Przemys\u0142owy Sp. z o.o.\",\"description\":\"Centrum Obs\u0142ugi Inwestora K\u0119dzierzyn-Ko\u017ale oferuje tereny inwestycyjne, wsparcie doradcze, szkoleniowe; wynajem powierzchni biurowych, produkcyjnych, us\u0142ugowych.\",\"potentialAction\":[{\"@type\":\"SearchAction\",\"target\":{\"@type\":\"EntryPoint\",\"urlTemplate\":\"https:\/\/kkpp.pl\/en\/?s={search_term_string}\"},\"query-input\":\"required name=search_term_string\"}],\"inLanguage\":\"en-US\"},{\"@type\":\"ImageObject\",\"@id\":\"https:\/\/kkpp.pl\/en\/centrum-obslugi-inwestora\/tereny-inwestycyjne\/#primaryimage\",\"inLanguage\":\"en-US\",\"url\":\"https:\/\/kkpp.pl\/wp-content\/uploads\/2020\/09\/baner.jpg\",\"contentUrl\":\"https:\/\/kkpp.pl\/wp-content\/uploads\/2020\/09\/baner.jpg\",\"width\":1890,\"height\":611},{\"@type\":\"WebPage\",\"@id\":\"https:\/\/kkpp.pl\/en\/centrum-obslugi-inwestora\/tereny-inwestycyjne\/#webpage\",\"url\":\"https:\/\/kkpp.pl\/en\/centrum-obslugi-inwestora\/tereny-inwestycyjne\/\",\"name\":\"Investment areas - KKPP K\u0119dzierzy\u0144sko-Kozielski Park Przemys\u0142owy Sp. z o.o.\",\"isPartOf\":{\"@id\":\"https:\/\/kkpp.pl\/en\/#website\"},\"primaryImageOfPage\":{\"@id\":\"https:\/\/kkpp.pl\/en\/centrum-obslugi-inwestora\/tereny-inwestycyjne\/#primaryimage\"},\"datePublished\":\"2018-03-16T09:49:42+00:00\",\"dateModified\":\"2024-04-29T10:55:23+00:00\",\"breadcrumb\":{\"@id\":\"https:\/\/kkpp.pl\/en\/centrum-obslugi-inwestora\/tereny-inwestycyjne\/#breadcrumb\"},\"inLanguage\":\"en-US\",\"potentialAction\":[{\"@type\":\"ReadAction\",\"target\":[[\"https:\/\/kkpp.pl\/centrum-obslugi-inwestora\/tereny-inwestycyjne\/\"]]}]},{\"@type\":\"BreadcrumbList\",\"@id\":\"https:\/\/kkpp.pl\/en\/centrum-obslugi-inwestora\/tereny-inwestycyjne\/#breadcrumb\",\"itemListElement\":[{\"@type\":\"ListItem\",\"position\":1,\"name\":\"Centrum Obs\u0142ugi Inwestora\",\"item\":\"https:\/\/kkpp.pl\/centrum-obslugi-inwestora\/\"},{\"@type\":\"ListItem\",\"position\":2,\"name\":\"Tereny inwestycyjne\"}]}]}<\/script>\n<!-- \/ Yoast SEO plugin. -->","yoast_head_json":{"robots":{"index":"index","follow":"follow","max-snippet":"max-snippet:-1","max-image-preview":"max-image-preview:large","max-video-preview":"max-video-preview:-1"},"canonical":"https:\/\/kkpp.pl\/en\/centrum-obslugi-inwestora\/tereny-inwestycyjne\/","og_locale":"en_US","og_type":"article","og_title":"Investment areas - KKPP K\u0119dzierzy\u0144sko-Kozielski Park Przemys\u0142owy Sp. z o.o.","og_description":"The municipality of K\u0119dzierzyn-Ko\u017ale has for sale real estates owned by it and real estates held in perpetual usufruct by the municipality of K\u0119dzierzyn-Ko\u017ale located according to the following registration units: S\u0142awi\u0119cice (0091): &#8211; plot of land No. 40\/25 with an area of 1.1947 ha, KW No. OP1K\/00038396\/8, designation: Bp &#8211; urbanised undeveloped land or... wi\u0119cej >","og_url":"https:\/\/kkpp.pl\/en\/centrum-obslugi-inwestora\/tereny-inwestycyjne\/","og_site_name":"KKPP K\u0119dzierzy\u0144sko-Kozielski Park Przemys\u0142owy Sp. z o.o.","article_modified_time":"2024-04-29T10:55:23+00:00","og_image":[{"url":"https:\/\/kkpp.pl\/wp-content\/uploads\/2020\/09\/baner.jpg"}],"twitter_card":"summary_large_image","twitter_misc":{"Est. reading time":"12 minutes"},"schema":{"@context":"https:\/\/schema.org","@graph":[{"@type":"WebSite","@id":"https:\/\/kkpp.pl\/en\/#website","url":"https:\/\/kkpp.pl\/en\/","name":"KKPP K\u0119dzierzy\u0144sko-Kozielski Park Przemys\u0142owy Sp. z o.o.","description":"Centrum Obs\u0142ugi Inwestora K\u0119dzierzyn-Ko\u017ale oferuje tereny inwestycyjne, wsparcie doradcze, szkoleniowe; wynajem powierzchni biurowych, produkcyjnych, us\u0142ugowych.","potentialAction":[{"@type":"SearchAction","target":{"@type":"EntryPoint","urlTemplate":"https:\/\/kkpp.pl\/en\/?s={search_term_string}"},"query-input":"required name=search_term_string"}],"inLanguage":"en-US"},{"@type":"ImageObject","@id":"https:\/\/kkpp.pl\/en\/centrum-obslugi-inwestora\/tereny-inwestycyjne\/#primaryimage","inLanguage":"en-US","url":"https:\/\/kkpp.pl\/wp-content\/uploads\/2020\/09\/baner.jpg","contentUrl":"https:\/\/kkpp.pl\/wp-content\/uploads\/2020\/09\/baner.jpg","width":1890,"height":611},{"@type":"WebPage","@id":"https:\/\/kkpp.pl\/en\/centrum-obslugi-inwestora\/tereny-inwestycyjne\/#webpage","url":"https:\/\/kkpp.pl\/en\/centrum-obslugi-inwestora\/tereny-inwestycyjne\/","name":"Investment areas - KKPP K\u0119dzierzy\u0144sko-Kozielski Park Przemys\u0142owy Sp. z o.o.","isPartOf":{"@id":"https:\/\/kkpp.pl\/en\/#website"},"primaryImageOfPage":{"@id":"https:\/\/kkpp.pl\/en\/centrum-obslugi-inwestora\/tereny-inwestycyjne\/#primaryimage"},"datePublished":"2018-03-16T09:49:42+00:00","dateModified":"2024-04-29T10:55:23+00:00","breadcrumb":{"@id":"https:\/\/kkpp.pl\/en\/centrum-obslugi-inwestora\/tereny-inwestycyjne\/#breadcrumb"},"inLanguage":"en-US","potentialAction":[{"@type":"ReadAction","target":[["https:\/\/kkpp.pl\/centrum-obslugi-inwestora\/tereny-inwestycyjne\/"]]}]},{"@type":"BreadcrumbList","@id":"https:\/\/kkpp.pl\/en\/centrum-obslugi-inwestora\/tereny-inwestycyjne\/#breadcrumb","itemListElement":[{"@type":"ListItem","position":1,"name":"Centrum Obs\u0142ugi Inwestora","item":"https:\/\/kkpp.pl\/centrum-obslugi-inwestora\/"},{"@type":"ListItem","position":2,"name":"Tereny inwestycyjne"}]}]}},"_links":{"self":[{"href":"https:\/\/kkpp.pl\/en\/wp-json\/wp\/v2\/pages\/236"}],"collection":[{"href":"https:\/\/kkpp.pl\/en\/wp-json\/wp\/v2\/pages"}],"about":[{"href":"https:\/\/kkpp.pl\/en\/wp-json\/wp\/v2\/types\/page"}],"author":[{"embeddable":true,"href":"https:\/\/kkpp.pl\/en\/wp-json\/wp\/v2\/users\/2"}],"replies":[{"embeddable":true,"href":"https:\/\/kkpp.pl\/en\/wp-json\/wp\/v2\/comments?post=236"}],"version-history":[{"count":56,"href":"https:\/\/kkpp.pl\/en\/wp-json\/wp\/v2\/pages\/236\/revisions"}],"predecessor-version":[{"id":3445,"href":"https:\/\/kkpp.pl\/en\/wp-json\/wp\/v2\/pages\/236\/revisions\/3445"}],"up":[{"embeddable":true,"href":"https:\/\/kkpp.pl\/en\/wp-json\/wp\/v2\/pages\/9"}],"wp:attachment":[{"href":"https:\/\/kkpp.pl\/en\/wp-json\/wp\/v2\/media?parent=236"}],"curies":[{"name":"wp","href":"https:\/\/api.w.org\/{rel}","templated":true}]}}