{"id":2402,"date":"2022-02-11T14:15:48","date_gmt":"2022-02-11T13:15:48","guid":{"rendered":"https:\/\/kkpp.pl\/?page_id=2402"},"modified":"2022-02-18T10:18:00","modified_gmt":"2022-02-18T09:18:00","slug":"aed","status":"publish","type":"page","link":"https:\/\/kkpp.pl\/en\/polski-aed\/","title":{"rendered":"(Polski) Lokalizacja AED"},"content":{"rendered":"<p class=\"qtranxs-available-languages-message qtranxs-available-languages-message-en\">Sorry, this entry is only available in <a href=\"https:\/\/kkpp.pl\/pl\/wp-json\/wp\/v2\/pages\/2402\" class=\"qtranxs-available-language-link qtranxs-available-language-link-pl\" title=\"Polski\">Polish<\/a>.<\/p>","protected":false},"excerpt":{"rendered":"Sorry, this entry is only available in Polish.","protected":false},"author":2,"featured_media":0,"parent":0,"menu_order":0,"comment_status":"closed","ping_status":"closed","template":"","meta":{"inline_featured_image":false},"acf":[],"yoast_head":"<!-- This site is optimized with the Yoast SEO plugin v18.1 - https:\/\/yoast.com\/wordpress\/plugins\/seo\/ -->\n<meta name=\"robots\" content=\"index, follow, max-snippet:-1, max-image-preview:large, max-video-preview:-1\" \/>\n<link rel=\"canonical\" href=\"https:\/\/kkpp.pl\/en\/lokalizacja-aed\/\" \/>\n<meta property=\"og:locale\" content=\"en_US\" \/>\n<meta property=\"og:type\" content=\"article\" \/>\n<meta property=\"og:title\" content=\"(Polski) Lokalizacja AED - KKPP K\u0119dzierzy\u0144sko-Kozielski Park Przemys\u0142owy Sp. z o.o.\" \/>\n<meta property=\"og:description\" content=\"Sorry, this entry is only available in Polish.\" \/>\n<meta property=\"og:url\" content=\"https:\/\/kkpp.pl\/en\/lokalizacja-aed\/\" \/>\n<meta property=\"og:site_name\" content=\"KKPP K\u0119dzierzy\u0144sko-Kozielski Park Przemys\u0142owy Sp. z o.o.\" \/>\n<meta property=\"article:modified_time\" content=\"2022-02-18T09:18:00+00:00\" \/>\n<meta property=\"og:image\" content=\"https:\/\/kkpp.pl\/wp-content\/uploads\/2022\/02\/AED-defibrylator-grafiki-lista-lokalizacji-700x350.png\" \/>\n<meta name=\"twitter:card\" content=\"summary_large_image\" \/>\n<meta name=\"twitter:label1\" content=\"Est. reading time\" \/>\n\t<meta name=\"twitter:data1\" content=\"2 minutes\" \/>\n<script type=\"application\/ld+json\" class=\"yoast-schema-graph\">{\"@context\":\"https:\/\/schema.org\",\"@graph\":[{\"@type\":\"WebSite\",\"@id\":\"https:\/\/kkpp.pl\/en\/#website\",\"url\":\"https:\/\/kkpp.pl\/en\/\",\"name\":\"KKPP K\u0119dzierzy\u0144sko-Kozielski Park Przemys\u0142owy Sp. z o.o.\",\"description\":\"Centrum Obs\u0142ugi Inwestora K\u0119dzierzyn-Ko\u017ale oferuje tereny inwestycyjne, wsparcie doradcze, szkoleniowe; wynajem powierzchni biurowych, produkcyjnych, us\u0142ugowych.\",\"potentialAction\":[{\"@type\":\"SearchAction\",\"target\":{\"@type\":\"EntryPoint\",\"urlTemplate\":\"https:\/\/kkpp.pl\/en\/?s={search_term_string}\"},\"query-input\":\"required name=search_term_string\"}],\"inLanguage\":\"en-US\"},{\"@type\":\"ImageObject\",\"@id\":\"https:\/\/kkpp.pl\/en\/lokalizacja-aed\/#primaryimage\",\"inLanguage\":\"en-US\",\"url\":\"https:\/\/kkpp.pl\/wp-content\/uploads\/2022\/02\/AED-defibrylator-grafiki-lista-lokalizacji.png\",\"contentUrl\":\"https:\/\/kkpp.pl\/wp-content\/uploads\/2022\/02\/AED-defibrylator-grafiki-lista-lokalizacji.png\",\"width\":3335,\"height\":1668},{\"@type\":\"WebPage\",\"@id\":\"https:\/\/kkpp.pl\/en\/lokalizacja-aed\/#webpage\",\"url\":\"https:\/\/kkpp.pl\/en\/lokalizacja-aed\/\",\"name\":\"(Polski) Lokalizacja AED - KKPP K\u0119dzierzy\u0144sko-Kozielski Park Przemys\u0142owy Sp. z o.o.\",\"isPartOf\":{\"@id\":\"https:\/\/kkpp.pl\/en\/#website\"},\"primaryImageOfPage\":{\"@id\":\"https:\/\/kkpp.pl\/en\/lokalizacja-aed\/#primaryimage\"},\"datePublished\":\"2022-02-11T13:15:48+00:00\",\"dateModified\":\"2022-02-18T09:18:00+00:00\",\"breadcrumb\":{\"@id\":\"https:\/\/kkpp.pl\/en\/lokalizacja-aed\/#breadcrumb\"},\"inLanguage\":\"en-US\",\"potentialAction\":[{\"@type\":\"ReadAction\",\"target\":[[\"https:\/\/kkpp.pl\/lokalizacja-aed\/\"]]}]},{\"@type\":\"BreadcrumbList\",\"@id\":\"https:\/\/kkpp.pl\/en\/lokalizacja-aed\/#breadcrumb\",\"itemListElement\":[{\"@type\":\"ListItem\",\"position\":1,\"name\":\"Lokalizacja AED\"}]}]}<\/script>\n<!-- \/ Yoast SEO plugin. -->","yoast_head_json":{"robots":{"index":"index","follow":"follow","max-snippet":"max-snippet:-1","max-image-preview":"max-image-preview:large","max-video-preview":"max-video-preview:-1"},"canonical":"https:\/\/kkpp.pl\/en\/lokalizacja-aed\/","og_locale":"en_US","og_type":"article","og_title":"(Polski) Lokalizacja AED - KKPP K\u0119dzierzy\u0144sko-Kozielski Park Przemys\u0142owy Sp. z o.o.","og_description":"Sorry, this entry is only available in Polish.","og_url":"https:\/\/kkpp.pl\/en\/lokalizacja-aed\/","og_site_name":"KKPP K\u0119dzierzy\u0144sko-Kozielski Park Przemys\u0142owy Sp. z o.o.","article_modified_time":"2022-02-18T09:18:00+00:00","og_image":[{"url":"https:\/\/kkpp.pl\/wp-content\/uploads\/2022\/02\/AED-defibrylator-grafiki-lista-lokalizacji-700x350.png"}],"twitter_card":"summary_large_image","twitter_misc":{"Est. reading time":"2 minutes"},"schema":{"@context":"https:\/\/schema.org","@graph":[{"@type":"WebSite","@id":"https:\/\/kkpp.pl\/en\/#website","url":"https:\/\/kkpp.pl\/en\/","name":"KKPP K\u0119dzierzy\u0144sko-Kozielski Park Przemys\u0142owy Sp. z o.o.","description":"Centrum Obs\u0142ugi Inwestora K\u0119dzierzyn-Ko\u017ale oferuje tereny inwestycyjne, wsparcie doradcze, szkoleniowe; wynajem powierzchni biurowych, produkcyjnych, us\u0142ugowych.","potentialAction":[{"@type":"SearchAction","target":{"@type":"EntryPoint","urlTemplate":"https:\/\/kkpp.pl\/en\/?s={search_term_string}"},"query-input":"required name=search_term_string"}],"inLanguage":"en-US"},{"@type":"ImageObject","@id":"https:\/\/kkpp.pl\/en\/lokalizacja-aed\/#primaryimage","inLanguage":"en-US","url":"https:\/\/kkpp.pl\/wp-content\/uploads\/2022\/02\/AED-defibrylator-grafiki-lista-lokalizacji.png","contentUrl":"https:\/\/kkpp.pl\/wp-content\/uploads\/2022\/02\/AED-defibrylator-grafiki-lista-lokalizacji.png","width":3335,"height":1668},{"@type":"WebPage","@id":"https:\/\/kkpp.pl\/en\/lokalizacja-aed\/#webpage","url":"https:\/\/kkpp.pl\/en\/lokalizacja-aed\/","name":"(Polski) Lokalizacja AED - KKPP K\u0119dzierzy\u0144sko-Kozielski Park Przemys\u0142owy Sp. z o.o.","isPartOf":{"@id":"https:\/\/kkpp.pl\/en\/#website"},"primaryImageOfPage":{"@id":"https:\/\/kkpp.pl\/en\/lokalizacja-aed\/#primaryimage"},"datePublished":"2022-02-11T13:15:48+00:00","dateModified":"2022-02-18T09:18:00+00:00","breadcrumb":{"@id":"https:\/\/kkpp.pl\/en\/lokalizacja-aed\/#breadcrumb"},"inLanguage":"en-US","potentialAction":[{"@type":"ReadAction","target":[["https:\/\/kkpp.pl\/lokalizacja-aed\/"]]}]},{"@type":"BreadcrumbList","@id":"https:\/\/kkpp.pl\/en\/lokalizacja-aed\/#breadcrumb","itemListElement":[{"@type":"ListItem","position":1,"name":"Lokalizacja AED"}]}]}},"_links":{"self":[{"href":"https:\/\/kkpp.pl\/en\/wp-json\/wp\/v2\/pages\/2402"}],"collection":[{"href":"https:\/\/kkpp.pl\/en\/wp-json\/wp\/v2\/pages"}],"about":[{"href":"https:\/\/kkpp.pl\/en\/wp-json\/wp\/v2\/types\/page"}],"author":[{"embeddable":true,"href":"https:\/\/kkpp.pl\/en\/wp-json\/wp\/v2\/users\/2"}],"replies":[{"embeddable":true,"href":"https:\/\/kkpp.pl\/en\/wp-json\/wp\/v2\/comments?post=2402"}],"version-history":[{"count":5,"href":"https:\/\/kkpp.pl\/en\/wp-json\/wp\/v2\/pages\/2402\/revisions"}],"predecessor-version":[{"id":2412,"href":"https:\/\/kkpp.pl\/en\/wp-json\/wp\/v2\/pages\/2402\/revisions\/2412"}],"wp:attachment":[{"href":"https:\/\/kkpp.pl\/en\/wp-json\/wp\/v2\/media?parent=2402"}],"curies":[{"name":"wp","href":"https:\/\/api.w.org\/{rel}","templated":true}]}}