{"id":2589,"date":"2022-10-31T23:16:29","date_gmt":"2022-10-31T22:16:29","guid":{"rendered":"https:\/\/kkpp.pl\/?page_id=2589"},"modified":"2022-11-08T10:54:16","modified_gmt":"2022-11-08T09:54:16","slug":"konkurs-porazka-pierwszym-krokiem-do-sukcesu","status":"publish","type":"page","link":"https:\/\/kkpp.pl\/en\/polski-stp\/polski-stp-2022\/polski-konkurs-porazka-pierwszym-krokiem-do-sukcesu-2\/","title":{"rendered":"(Polski) Konkurs \u201ePora\u017cka pierwszym krokiem do sukcesu&#8221;"},"content":{"rendered":"<p class=\"qtranxs-available-languages-message qtranxs-available-languages-message-en\">Sorry, this entry is only available in <a href=\"https:\/\/kkpp.pl\/pl\/wp-json\/wp\/v2\/pages\/2589\" class=\"qtranxs-available-language-link qtranxs-available-language-link-pl\" title=\"Polski\">Polish<\/a>.<\/p>","protected":false},"excerpt":{"rendered":"Sorry, this entry is only available in Polish.","protected":false},"author":2,"featured_media":0,"parent":2605,"menu_order":1,"comment_status":"closed","ping_status":"closed","template":"","meta":{"inline_featured_image":false},"acf":[],"yoast_head":"<!-- This site is optimized with the Yoast SEO plugin v18.1 - https:\/\/yoast.com\/wordpress\/plugins\/seo\/ -->\n<meta name=\"robots\" content=\"index, follow, max-snippet:-1, max-image-preview:large, max-video-preview:-1\" \/>\n<link rel=\"canonical\" href=\"https:\/\/kkpp.pl\/en\/stp\/stp-2022\/konkurs-porazka-pierwszym-krokiem-do-sukcesu-2\/\" \/>\n<meta property=\"og:locale\" content=\"en_US\" \/>\n<meta property=\"og:type\" content=\"article\" \/>\n<meta property=\"og:title\" content=\"(Polski) Konkurs \u201ePora\u017cka pierwszym krokiem do sukcesu&quot; - KKPP K\u0119dzierzy\u0144sko-Kozielski Park Przemys\u0142owy Sp. z o.o.\" \/>\n<meta property=\"og:description\" content=\"Sorry, this entry is only available in Polish.\" \/>\n<meta property=\"og:url\" content=\"https:\/\/kkpp.pl\/en\/stp\/stp-2022\/konkurs-porazka-pierwszym-krokiem-do-sukcesu-2\/\" \/>\n<meta property=\"og:site_name\" content=\"KKPP K\u0119dzierzy\u0144sko-Kozielski Park Przemys\u0142owy Sp. z o.o.\" \/>\n<meta property=\"article:modified_time\" content=\"2022-11-08T09:54:16+00:00\" \/>\n<meta name=\"twitter:card\" content=\"summary_large_image\" \/>\n<meta name=\"twitter:label1\" content=\"Est. reading time\" \/>\n\t<meta name=\"twitter:data1\" content=\"10 minutes\" \/>\n<script type=\"application\/ld+json\" class=\"yoast-schema-graph\">{\"@context\":\"https:\/\/schema.org\",\"@graph\":[{\"@type\":\"WebSite\",\"@id\":\"https:\/\/kkpp.pl\/en\/#website\",\"url\":\"https:\/\/kkpp.pl\/en\/\",\"name\":\"KKPP K\u0119dzierzy\u0144sko-Kozielski Park Przemys\u0142owy Sp. z o.o.\",\"description\":\"Centrum Obs\u0142ugi Inwestora K\u0119dzierzyn-Ko\u017ale oferuje tereny inwestycyjne, wsparcie doradcze, szkoleniowe; wynajem powierzchni biurowych, produkcyjnych, us\u0142ugowych.\",\"potentialAction\":[{\"@type\":\"SearchAction\",\"target\":{\"@type\":\"EntryPoint\",\"urlTemplate\":\"https:\/\/kkpp.pl\/en\/?s={search_term_string}\"},\"query-input\":\"required name=search_term_string\"}],\"inLanguage\":\"en-US\"},{\"@type\":\"WebPage\",\"@id\":\"https:\/\/kkpp.pl\/en\/stp\/stp-2022\/konkurs-porazka-pierwszym-krokiem-do-sukcesu-2\/#webpage\",\"url\":\"https:\/\/kkpp.pl\/en\/stp\/stp-2022\/konkurs-porazka-pierwszym-krokiem-do-sukcesu-2\/\",\"name\":\"(Polski) Konkurs \u201ePora\u017cka pierwszym krokiem do sukcesu\\\" - KKPP K\u0119dzierzy\u0144sko-Kozielski Park Przemys\u0142owy Sp. z o.o.\",\"isPartOf\":{\"@id\":\"https:\/\/kkpp.pl\/en\/#website\"},\"datePublished\":\"2022-10-31T22:16:29+00:00\",\"dateModified\":\"2022-11-08T09:54:16+00:00\",\"breadcrumb\":{\"@id\":\"https:\/\/kkpp.pl\/en\/stp\/stp-2022\/konkurs-porazka-pierwszym-krokiem-do-sukcesu-2\/#breadcrumb\"},\"inLanguage\":\"en-US\",\"potentialAction\":[{\"@type\":\"ReadAction\",\"target\":[[\"https:\/\/kkpp.pl\/stp\/stp-2022\/konkurs-porazka-pierwszym-krokiem-do-sukcesu-2\/\"]]}]},{\"@type\":\"BreadcrumbList\",\"@id\":\"https:\/\/kkpp.pl\/en\/stp\/stp-2022\/konkurs-porazka-pierwszym-krokiem-do-sukcesu-2\/#breadcrumb\",\"itemListElement\":[{\"@type\":\"ListItem\",\"position\":1,\"name\":\"\u015aTP\",\"item\":\"https:\/\/kkpp.pl\/stp\/\"},{\"@type\":\"ListItem\",\"position\":2,\"name\":\"\u015aTP 2022\",\"item\":\"https:\/\/kkpp.pl\/stp\/stp-2022\/\"},{\"@type\":\"ListItem\",\"position\":3,\"name\":\"Konkurs \u201ePora\u017cka pierwszym krokiem do sukcesu&#8221;\"}]}]}<\/script>\n<!-- \/ Yoast SEO plugin. -->","yoast_head_json":{"robots":{"index":"index","follow":"follow","max-snippet":"max-snippet:-1","max-image-preview":"max-image-preview:large","max-video-preview":"max-video-preview:-1"},"canonical":"https:\/\/kkpp.pl\/en\/stp\/stp-2022\/konkurs-porazka-pierwszym-krokiem-do-sukcesu-2\/","og_locale":"en_US","og_type":"article","og_title":"(Polski) Konkurs \u201ePora\u017cka pierwszym krokiem do sukcesu\" - KKPP K\u0119dzierzy\u0144sko-Kozielski Park Przemys\u0142owy Sp. z o.o.","og_description":"Sorry, this entry is only available in Polish.","og_url":"https:\/\/kkpp.pl\/en\/stp\/stp-2022\/konkurs-porazka-pierwszym-krokiem-do-sukcesu-2\/","og_site_name":"KKPP K\u0119dzierzy\u0144sko-Kozielski Park Przemys\u0142owy Sp. z o.o.","article_modified_time":"2022-11-08T09:54:16+00:00","twitter_card":"summary_large_image","twitter_misc":{"Est. reading time":"10 minutes"},"schema":{"@context":"https:\/\/schema.org","@graph":[{"@type":"WebSite","@id":"https:\/\/kkpp.pl\/en\/#website","url":"https:\/\/kkpp.pl\/en\/","name":"KKPP K\u0119dzierzy\u0144sko-Kozielski Park Przemys\u0142owy Sp. z o.o.","description":"Centrum Obs\u0142ugi Inwestora K\u0119dzierzyn-Ko\u017ale oferuje tereny inwestycyjne, wsparcie doradcze, szkoleniowe; wynajem powierzchni biurowych, produkcyjnych, us\u0142ugowych.","potentialAction":[{"@type":"SearchAction","target":{"@type":"EntryPoint","urlTemplate":"https:\/\/kkpp.pl\/en\/?s={search_term_string}"},"query-input":"required name=search_term_string"}],"inLanguage":"en-US"},{"@type":"WebPage","@id":"https:\/\/kkpp.pl\/en\/stp\/stp-2022\/konkurs-porazka-pierwszym-krokiem-do-sukcesu-2\/#webpage","url":"https:\/\/kkpp.pl\/en\/stp\/stp-2022\/konkurs-porazka-pierwszym-krokiem-do-sukcesu-2\/","name":"(Polski) Konkurs \u201ePora\u017cka pierwszym krokiem do sukcesu\" - KKPP K\u0119dzierzy\u0144sko-Kozielski Park Przemys\u0142owy Sp. z o.o.","isPartOf":{"@id":"https:\/\/kkpp.pl\/en\/#website"},"datePublished":"2022-10-31T22:16:29+00:00","dateModified":"2022-11-08T09:54:16+00:00","breadcrumb":{"@id":"https:\/\/kkpp.pl\/en\/stp\/stp-2022\/konkurs-porazka-pierwszym-krokiem-do-sukcesu-2\/#breadcrumb"},"inLanguage":"en-US","potentialAction":[{"@type":"ReadAction","target":[["https:\/\/kkpp.pl\/stp\/stp-2022\/konkurs-porazka-pierwszym-krokiem-do-sukcesu-2\/"]]}]},{"@type":"BreadcrumbList","@id":"https:\/\/kkpp.pl\/en\/stp\/stp-2022\/konkurs-porazka-pierwszym-krokiem-do-sukcesu-2\/#breadcrumb","itemListElement":[{"@type":"ListItem","position":1,"name":"\u015aTP","item":"https:\/\/kkpp.pl\/stp\/"},{"@type":"ListItem","position":2,"name":"\u015aTP 2022","item":"https:\/\/kkpp.pl\/stp\/stp-2022\/"},{"@type":"ListItem","position":3,"name":"Konkurs \u201ePora\u017cka pierwszym krokiem do sukcesu&#8221;"}]}]}},"_links":{"self":[{"href":"https:\/\/kkpp.pl\/en\/wp-json\/wp\/v2\/pages\/2589"}],"collection":[{"href":"https:\/\/kkpp.pl\/en\/wp-json\/wp\/v2\/pages"}],"about":[{"href":"https:\/\/kkpp.pl\/en\/wp-json\/wp\/v2\/types\/page"}],"author":[{"embeddable":true,"href":"https:\/\/kkpp.pl\/en\/wp-json\/wp\/v2\/users\/2"}],"replies":[{"embeddable":true,"href":"https:\/\/kkpp.pl\/en\/wp-json\/wp\/v2\/comments?post=2589"}],"version-history":[{"count":0,"href":"https:\/\/kkpp.pl\/en\/wp-json\/wp\/v2\/pages\/2589\/revisions"}],"up":[{"embeddable":true,"href":"https:\/\/kkpp.pl\/en\/wp-json\/wp\/v2\/pages\/2605"}],"wp:attachment":[{"href":"https:\/\/kkpp.pl\/en\/wp-json\/wp\/v2\/media?parent=2589"}],"curies":[{"name":"wp","href":"https:\/\/api.w.org\/{rel}","templated":true}]}}