{"id":28,"date":"2018-03-01T10:45:19","date_gmt":"2018-03-01T09:45:19","guid":{"rendered":"https:\/\/kkpp.pl\/?page_id=28"},"modified":"2026-03-16T11:10:22","modified_gmt":"2026-03-16T10:10:22","slug":"biznes-w-miescie","status":"publish","type":"page","link":"https:\/\/kkpp.pl\/en\/kkpp-and-region\/business-in-the-city\/","title":{"rendered":"Business in the city"},"content":{"rendered":"<p><strong>Grupa Azoty ZAK S.A.<\/strong><br \/>\nGrupa Azoty is one of the biggest chemical companies in Poland and the biggest employer in K\u0119dzierzyn-Ko\u017ale. It is the third biggest\u00a0 in the country manufacturer of nitrogen fertilisers and the only manufacturer of OXO alcohols and plasticisers. The group also produces raw materials for the chemical industry, electric energy, heat energy and coke oven gas.\u00a0 It provides products for the sector of agriculture, construction,\u00a0 plastic and chemical processing industry. The Group has well-known products, for example K\u0119dzierzyn Ammonium Nitrate\u00ae, Salmag fertilisers\u00ae, Oxoplasty\u00ae and certified AdBlue\u00ae.<br \/>\n<a href=\"http:\/\/www.grupaazoty.com\">www.grupaazoty.com<\/a><\/p>\n<p><strong>A.Berger Sp. z&nbsp;o. o.<\/strong><br \/>\nThe Company belongs to the German corporation Berger Holding GmbH. The production plant in K\u0119dzierzyn-Ko\u017ale started its operation in 2003. The company operates in the branch of precision metal machining, for example for\u00a0 car and power industry. It offers complex services: from construction to heat treatment, logistic, dispatching, and assembly of parts.<br \/>\n<a href=\"http:\/\/www.aberger.de\">www.aberger.de<\/a><\/p>\n<p><strong>Brenntag Polska Sp. z&nbsp;o. o.<\/strong><br \/>\nIt is a&nbsp;world chemical concern with a&nbsp;network of 550 establishments in 74 countries. The company has been operating in K\u0119dzierzyn-Ko\u017ale since 2002. Brenntag Polska deals with distribution of chemical raw materials and services for industry. Its production is meant for the following branches: pharmacy and cosmetics, food industry, construction chemicals.<br \/>\n<a href=\"http:\/\/www.brenntag.com\">www.brenntag.com<\/a><\/p>\n<p><strong>Fabryka Aparatury i&nbsp;Urz\u0105dze\u0144 \u201eFamet\u201d S.A.<\/strong><br \/>\nThe company was established in 1950 in Blachownia and has experience in design, production and supply of process apparatus, machines and devices for various branches of the industry.\u00a0 It also specializes in production of parts for wind turbines, electrical, construction and loading machines for the manufacturers in Germany, Sweden, Great Britain or Spain.<br \/>\n<a href=\"http:\/\/www.famet.com.pl\">www.famet.com.pl<\/a><\/p>\n<p><strong>Damen Shipyards Ko\u017ale<\/strong><br \/>\nThe company is a&nbsp;part of Damen Shipyards Group which includes almost thirty shipyards all over the world. In Poland, the group manages the shipyards in K\u0119dzierzyn-Ko\u017ale and Gdynia. The shipyard in K\u0119dzierzyn-Ko\u017ale builds barges, vessels and also water taxis, which, in 2016, were exported, among others, to Ivory Coast.<br \/>\n<a href=\"http:\/\/www.damenkozle.pl\">www.damenkozle.pl<\/a><\/p>\n<p><strong>Mostostal Zabrze Realizacje Przemys\u0142owe with its registered office in K\u0119dzierzyn-Ko\u017ale<\/strong><br \/>\nMostostal Zabrze Realizacje Przemys\u0142owe provides services in the scope of industrial construction at the highest possible quality level, with concern about the natural environment and in compliance with legal and health and safety at work regulations . The Company provides and develops its services based on the knowledge of the customers\u2019 requirements, multiyear experience of its workers and its knowledge of the market.<br \/>\nThe scope of our activities includes: fabrication of steel structures\u00a0 produced in our own workshops with annual production capacity of 6500 tons;\u00a0 specialized construction,\u00a0 erection of various steel constructions such as: halls, industrial buildings, flyovers, bridges, towers, chimneys, etc.;\u00a0 assembly of building claddings and insulation, assembly of complete industrial plants of various industries, e.g.: chemical, petrochemical, sugar, steel, cement and lime, energy or food industry, delivery and erection of tanks and technological pipelines.<br \/>\n<a href=\"http:\/\/www.realizacje.mz.pl\">www.realizacje.mz.pl<\/a><\/p>\n<p><strong>Petrochemia-Blachownia S.A.<\/strong><br \/>\nIts basic activity is production of aromatic carbohydrates obtained when processing raw benzolen and petrochemical fractions. The company has a&nbsp;specialized laboratory equipped with cutting-edge specialist devices thanks to which it can precisely monitor product quality and offer analytical services for other companies.<\/p>\n<p><strong>Komet-Urpol Sp z&nbsp;o.o.<\/strong><br \/>\nThe company established at the beginning of 2003 by an international tool corporation KOMET GROUP and the company URPOL established in 1986.<br \/>\nIt manufactures high quality carbide cutting tools. A&nbsp;rich, multiyear experience, dynamic development and continuous production quality improvement make the company an unquestioned world leader in the production of tools for hole machining. The innovative production method based on leading edge technologies guarantees that the products offered by the company are always of the highest quality.<br \/>\n<a href=\"http:\/\/www.kometgroup.pl\">www.kometgroup.pl<\/a><\/p>\n<p><strong>Jokey Plastik Blachownia Sp. z&nbsp;o.o.<\/strong><br \/>\nThe company is a&nbsp;part of Jokey Group \u2013 one of the most important producers of plastic packaging. It offers unique packaging solutions, short production paths and fast coordination processes both for small and big production volumes.<br \/>\nIts activities range from\u00a0 consulting to assembly on the filler line.<br \/>\nJokey Group is a&nbsp;leading producer of plastic packaging. It put emphasis on solid and sustainable growth and develops new markets. The production takes place in compliance with the highest international standards. In the highly mechanized production plants the concept Industry 4.0 is adopted.<br \/>\n<a href=\"http:\/\/www.jokey.com.pl\">www.jokey.com.pl<\/a><\/p>\n<p><strong>Stocznia Ko\u017ale Sp. z&nbsp;o.o.<\/strong><br \/>\nThe company with rich experience in providing repair services and construction of small floating objects, deck outfit and welded-steel constructions.\u00a0 Our activity focuses on repair and maintenance services of floating objects and the construction of:\u00a0 inland ships, small vessels, deck outfit and welded-steel constructions.<br \/>\n<a href=\"http:\/\/www.stocznia-kozle.pl\">www.stocznia-kozle.pl<\/a><\/p>\n<p><strong>PCC Energetyka Blachownia Sp. z&nbsp;o.o.<\/strong><br \/>\nThe company activities include trade and distribution of electric energy,\u00a0 coke oven gas, production and supply of compressed air, industrial and sanitary water. Another significant area of its operation is sewage and wastewater treatment. PCC SE\u00a0 supported by the investor\u2019s capital (with its registered office in Duisburg), which operates on international markets of chemical raw materials, transport, energy, coal, coke, fuels, plastics and metallurgy does its best to fulfil its mission, which it defines as \u201cMaking it possible for the customers to operate and develop through the supply of electric energy carriers and services\u201d.<br \/>\n<a href=\"http:\/\/www.zeblach.pl\">www.zeblach.pl<\/a><br \/>\n<strong><br \/>\nPCC Synteza S.A.<\/strong><br \/>\nThe company belonging to the international industrial group PCC SE with its registered office in Duisburg, Germany.\u00a0 It deals with manufacture of heavy organic synthesis products for their further processing in the chemical industry. It produces\u00a0 phenol based compounds.<br \/>\nThe present PCC SYNTEZA S.A. owns the production facilities for manufacturing of alkylphenols and their propoxylated derivatives. All plants have been erected during 1970\u2019ies and since than have been modernized many times. These modernizations reflect the progress in technology and utilise the rich manufacturing experience.\u00a0 The last extension and modernization took place at the end of 2009\/beginning of 2010 and made it possible to achieve the production capacity at the level of 18.ooo t\/year of nonylphenol and 12.000 t\/year of dodecylphenol.<br \/>\n<a href=\"http:\/\/www.pccsynteza.pl\">www.pccsynteza.pl<\/a><\/p>\n<p><strong>SPOT Light<\/strong><br \/>\nThe manufacturer of spot type light fixture. The company was established in 1996. SPOT Light\u2019s range includes more than 3,000 products &#8211; from crystal chandeliers, through wooden and classical lamps to modern design. Its customers include the largest retail chains, wholesalers and lighting showrooms in the country and abroad; SPOT Light exports its products to 46 countries worldwide.<br \/>\n<a href=\"http:\/\/www.spotlight.pl\">www.spotlight.pl<\/a><\/p>\n<p><strong>CEWE COLOR<\/strong><br \/>\nCEWE is the company belonging to the group CEWE Stiftung&amp;Co KG. KGaA, which is a&nbsp;European leader in photography services\u00a0 and digital print. It is present in 24 countries, employs over 3,000 people and owns the most modern machinery park in Europe.\u00a0 CEWE produces billions of digital photographs a&nbsp;year and millions of CEWE photobooks and photo gifts of the highest quality. The CEWE production plant in K\u0119dzierzyn-Ko\u017ale exports its services\u00a0 to the Polish and European market. Most photo products are exported to Germany, the Czech Republic and Hungary.<br \/>\n<a href=\"http:\/\/www.cewe.pl\">www.cewe.pl<\/a><\/p>","protected":false},"excerpt":{"rendered":"Grupa Azoty ZAK S.A. Grupa Azoty is one of the biggest chemical companies in Poland and the biggest employer in K\u0119dzierzyn-Ko\u017ale. It is the third biggest\u00a0 in the country manufacturer of nitrogen fertilisers and the only manufacturer of OXO alcohols and plasticisers. The group also produces raw materials for the chemical industry, electric energy, heat&#8230; <a class=\"view-article\" href=\"https:\/\/kkpp.pl\/en\/kkpp-and-region\/business-in-the-city\/\"><br><p style=\"text-align:right\"><i>wi\u0119cej ><\/i><\/p><\/a>","protected":false},"author":1,"featured_media":3607,"parent":5,"menu_order":2,"comment_status":"closed","ping_status":"closed","template":"","meta":{"inline_featured_image":false},"acf":[],"yoast_head":"<!-- This site is optimized with the Yoast SEO plugin v18.1 - https:\/\/yoast.com\/wordpress\/plugins\/seo\/ -->\n<meta name=\"robots\" content=\"index, follow, max-snippet:-1, max-image-preview:large, max-video-preview:-1\" \/>\n<link rel=\"canonical\" href=\"https:\/\/kkpp.pl\/en\/kkpp-i-region\/biznes-w-miescie\/\" \/>\n<meta property=\"og:locale\" content=\"en_US\" \/>\n<meta property=\"og:type\" content=\"article\" \/>\n<meta property=\"og:title\" content=\"Business in the city - KKPP K\u0119dzierzy\u0144sko-Kozielski Park Przemys\u0142owy Sp. z o.o.\" \/>\n<meta property=\"og:description\" content=\"Grupa Azoty ZAK S.A. Grupa Azoty is one of the biggest chemical companies in Poland and the biggest employer in K\u0119dzierzyn-Ko\u017ale. It is the third biggest\u00a0 in the country manufacturer of nitrogen fertilisers and the only manufacturer of OXO alcohols and plasticisers. The group also produces raw materials for the chemical industry, electric energy, heat... wi\u0119cej &gt;\" \/>\n<meta property=\"og:url\" content=\"https:\/\/kkpp.pl\/en\/kkpp-i-region\/biznes-w-miescie\/\" \/>\n<meta property=\"og:site_name\" content=\"KKPP K\u0119dzierzy\u0144sko-Kozielski Park Przemys\u0142owy Sp. z o.o.\" \/>\n<meta property=\"article:modified_time\" content=\"2026-03-16T10:10:22+00:00\" \/>\n<meta property=\"og:image\" content=\"https:\/\/kkpp.pl\/wp-content\/uploads\/2024\/08\/COI-inwestuj-w-kedzierzynie2.jpg\" \/>\n\t<meta property=\"og:image:width\" content=\"2000\" \/>\n\t<meta property=\"og:image:height\" content=\"635\" \/>\n\t<meta property=\"og:image:type\" content=\"image\/jpeg\" \/>\n<meta name=\"twitter:card\" content=\"summary_large_image\" \/>\n<meta name=\"twitter:label1\" content=\"Est. reading time\" \/>\n\t<meta name=\"twitter:data1\" content=\"18 minutes\" \/>\n<script type=\"application\/ld+json\" class=\"yoast-schema-graph\">{\"@context\":\"https:\/\/schema.org\",\"@graph\":[{\"@type\":\"WebSite\",\"@id\":\"https:\/\/kkpp.pl\/en\/#website\",\"url\":\"https:\/\/kkpp.pl\/en\/\",\"name\":\"KKPP K\u0119dzierzy\u0144sko-Kozielski Park Przemys\u0142owy Sp. z o.o.\",\"description\":\"Centrum Obs\u0142ugi Inwestora K\u0119dzierzyn-Ko\u017ale oferuje tereny inwestycyjne, wsparcie doradcze, szkoleniowe; wynajem powierzchni biurowych, produkcyjnych, us\u0142ugowych.\",\"potentialAction\":[{\"@type\":\"SearchAction\",\"target\":{\"@type\":\"EntryPoint\",\"urlTemplate\":\"https:\/\/kkpp.pl\/en\/?s={search_term_string}\"},\"query-input\":\"required name=search_term_string\"}],\"inLanguage\":\"en-US\"},{\"@type\":\"ImageObject\",\"@id\":\"https:\/\/kkpp.pl\/en\/kkpp-i-region\/biznes-w-miescie\/#primaryimage\",\"inLanguage\":\"en-US\",\"url\":\"https:\/\/kkpp.pl\/wp-content\/uploads\/2024\/08\/COI-inwestuj-w-kedzierzynie2.jpg\",\"contentUrl\":\"https:\/\/kkpp.pl\/wp-content\/uploads\/2024\/08\/COI-inwestuj-w-kedzierzynie2.jpg\",\"width\":2000,\"height\":635},{\"@type\":\"WebPage\",\"@id\":\"https:\/\/kkpp.pl\/en\/kkpp-i-region\/biznes-w-miescie\/#webpage\",\"url\":\"https:\/\/kkpp.pl\/en\/kkpp-i-region\/biznes-w-miescie\/\",\"name\":\"Business in the city - KKPP K\u0119dzierzy\u0144sko-Kozielski Park Przemys\u0142owy Sp. z o.o.\",\"isPartOf\":{\"@id\":\"https:\/\/kkpp.pl\/en\/#website\"},\"primaryImageOfPage\":{\"@id\":\"https:\/\/kkpp.pl\/en\/kkpp-i-region\/biznes-w-miescie\/#primaryimage\"},\"datePublished\":\"2018-03-01T09:45:19+00:00\",\"dateModified\":\"2026-03-16T10:10:22+00:00\",\"breadcrumb\":{\"@id\":\"https:\/\/kkpp.pl\/en\/kkpp-i-region\/biznes-w-miescie\/#breadcrumb\"},\"inLanguage\":\"en-US\",\"potentialAction\":[{\"@type\":\"ReadAction\",\"target\":[[\"https:\/\/kkpp.pl\/kkpp-i-region\/biznes-w-miescie\/\"]]}]},{\"@type\":\"BreadcrumbList\",\"@id\":\"https:\/\/kkpp.pl\/en\/kkpp-i-region\/biznes-w-miescie\/#breadcrumb\",\"itemListElement\":[{\"@type\":\"ListItem\",\"position\":1,\"name\":\"KKPP i Region\",\"item\":\"https:\/\/kkpp.pl\/kkpp-i-region\/\"},{\"@type\":\"ListItem\",\"position\":2,\"name\":\"Biznes w mie\u015bcie\"}]}]}<\/script>\n<!-- \/ Yoast SEO plugin. -->","yoast_head_json":{"robots":{"index":"index","follow":"follow","max-snippet":"max-snippet:-1","max-image-preview":"max-image-preview:large","max-video-preview":"max-video-preview:-1"},"canonical":"https:\/\/kkpp.pl\/en\/kkpp-i-region\/biznes-w-miescie\/","og_locale":"en_US","og_type":"article","og_title":"Business in the city - KKPP K\u0119dzierzy\u0144sko-Kozielski Park Przemys\u0142owy Sp. z o.o.","og_description":"Grupa Azoty ZAK S.A. Grupa Azoty is one of the biggest chemical companies in Poland and the biggest employer in K\u0119dzierzyn-Ko\u017ale. It is the third biggest\u00a0 in the country manufacturer of nitrogen fertilisers and the only manufacturer of OXO alcohols and plasticisers. The group also produces raw materials for the chemical industry, electric energy, heat... wi\u0119cej >","og_url":"https:\/\/kkpp.pl\/en\/kkpp-i-region\/biznes-w-miescie\/","og_site_name":"KKPP K\u0119dzierzy\u0144sko-Kozielski Park Przemys\u0142owy Sp. z o.o.","article_modified_time":"2026-03-16T10:10:22+00:00","og_image":[{"width":2000,"height":635,"url":"https:\/\/kkpp.pl\/wp-content\/uploads\/2024\/08\/COI-inwestuj-w-kedzierzynie2.jpg","type":"image\/jpeg"}],"twitter_card":"summary_large_image","twitter_misc":{"Est. reading time":"18 minutes"},"schema":{"@context":"https:\/\/schema.org","@graph":[{"@type":"WebSite","@id":"https:\/\/kkpp.pl\/en\/#website","url":"https:\/\/kkpp.pl\/en\/","name":"KKPP K\u0119dzierzy\u0144sko-Kozielski Park Przemys\u0142owy Sp. z o.o.","description":"Centrum Obs\u0142ugi Inwestora K\u0119dzierzyn-Ko\u017ale oferuje tereny inwestycyjne, wsparcie doradcze, szkoleniowe; wynajem powierzchni biurowych, produkcyjnych, us\u0142ugowych.","potentialAction":[{"@type":"SearchAction","target":{"@type":"EntryPoint","urlTemplate":"https:\/\/kkpp.pl\/en\/?s={search_term_string}"},"query-input":"required name=search_term_string"}],"inLanguage":"en-US"},{"@type":"ImageObject","@id":"https:\/\/kkpp.pl\/en\/kkpp-i-region\/biznes-w-miescie\/#primaryimage","inLanguage":"en-US","url":"https:\/\/kkpp.pl\/wp-content\/uploads\/2024\/08\/COI-inwestuj-w-kedzierzynie2.jpg","contentUrl":"https:\/\/kkpp.pl\/wp-content\/uploads\/2024\/08\/COI-inwestuj-w-kedzierzynie2.jpg","width":2000,"height":635},{"@type":"WebPage","@id":"https:\/\/kkpp.pl\/en\/kkpp-i-region\/biznes-w-miescie\/#webpage","url":"https:\/\/kkpp.pl\/en\/kkpp-i-region\/biznes-w-miescie\/","name":"Business in the city - KKPP K\u0119dzierzy\u0144sko-Kozielski Park Przemys\u0142owy Sp. z o.o.","isPartOf":{"@id":"https:\/\/kkpp.pl\/en\/#website"},"primaryImageOfPage":{"@id":"https:\/\/kkpp.pl\/en\/kkpp-i-region\/biznes-w-miescie\/#primaryimage"},"datePublished":"2018-03-01T09:45:19+00:00","dateModified":"2026-03-16T10:10:22+00:00","breadcrumb":{"@id":"https:\/\/kkpp.pl\/en\/kkpp-i-region\/biznes-w-miescie\/#breadcrumb"},"inLanguage":"en-US","potentialAction":[{"@type":"ReadAction","target":[["https:\/\/kkpp.pl\/kkpp-i-region\/biznes-w-miescie\/"]]}]},{"@type":"BreadcrumbList","@id":"https:\/\/kkpp.pl\/en\/kkpp-i-region\/biznes-w-miescie\/#breadcrumb","itemListElement":[{"@type":"ListItem","position":1,"name":"KKPP i Region","item":"https:\/\/kkpp.pl\/kkpp-i-region\/"},{"@type":"ListItem","position":2,"name":"Biznes w mie\u015bcie"}]}]}},"_links":{"self":[{"href":"https:\/\/kkpp.pl\/en\/wp-json\/wp\/v2\/pages\/28"}],"collection":[{"href":"https:\/\/kkpp.pl\/en\/wp-json\/wp\/v2\/pages"}],"about":[{"href":"https:\/\/kkpp.pl\/en\/wp-json\/wp\/v2\/types\/page"}],"author":[{"embeddable":true,"href":"https:\/\/kkpp.pl\/en\/wp-json\/wp\/v2\/users\/1"}],"replies":[{"embeddable":true,"href":"https:\/\/kkpp.pl\/en\/wp-json\/wp\/v2\/comments?post=28"}],"version-history":[{"count":14,"href":"https:\/\/kkpp.pl\/en\/wp-json\/wp\/v2\/pages\/28\/revisions"}],"predecessor-version":[{"id":4316,"href":"https:\/\/kkpp.pl\/en\/wp-json\/wp\/v2\/pages\/28\/revisions\/4316"}],"up":[{"embeddable":true,"href":"https:\/\/kkpp.pl\/en\/wp-json\/wp\/v2\/pages\/5"}],"wp:featuredmedia":[{"embeddable":true,"href":"https:\/\/kkpp.pl\/en\/wp-json\/wp\/v2\/media\/3607"}],"wp:attachment":[{"href":"https:\/\/kkpp.pl\/en\/wp-json\/wp\/v2\/media?parent=28"}],"curies":[{"name":"wp","href":"https:\/\/api.w.org\/{rel}","templated":true}]}}