{"id":30,"date":"2018-03-01T10:45:38","date_gmt":"2018-03-01T09:45:38","guid":{"rendered":"https:\/\/kkpp.pl\/?page_id=30"},"modified":"2024-08-06T20:57:57","modified_gmt":"2024-08-06T18:57:57","slug":"miasto-w-liczbach","status":"publish","type":"page","link":"https:\/\/kkpp.pl\/en\/kkpp-and-region\/the-city-in-numbers\/","title":{"rendered":"The city in numbers"},"content":{"rendered":"<p>Statistical data \u2013 K\u0119dzierzyn-Ko\u017ale in numbers*<br \/>\n<strong>Number of inhabitants:<\/strong> 62.088<br \/>\n<strong>Area of the city:<\/strong> 123,7 km2<br \/>\n<strong>Number of companies in the city:<\/strong> 6.921, including:<br \/>\n\u2192 6.589 in the private sector \/ \u2192 106 companies with foreign capital<br \/>\nNumber of people working in the city: 16.697, including 7.671 in industry and in construction business<br \/>\n<strong>Unemployment rate in the county:<\/strong> 9,1%<br \/>\n<strong>Unemployment rate in the voivodship:<\/strong> 7,2%<br \/>\n<strong>Average salary\/wage in the county:<\/strong><br \/>\n\u2192 4,627.08 PLN gross<br \/>\n\u2192 5,000.25 PLN gross in construction business and industry<br \/>\nAverage capital expenditure in the companies in the county: 538,613,000 PLN<br \/>\n\u2192 446,989,000 PLN in industry<br \/>\n<strong>Roads in the county:<\/strong><br \/>\n\u2192 239.3 km of county roads, 303.4 km of commune roads<br \/>\n\u2192totally in Opole voivodship: 3680 km<\/p>\n<p><strong>Distances from K\u0119dzierzyn-Ko\u017ale to the biggest Polish cities.<\/strong><br \/>\n<img loading=\"lazy\" class=\"alignnone wp-image-432 size-large\" src=\"https:\/\/kkpp.pl\/wp-content\/uploads\/2018\/04\/Miasta-odleglosci_ang-700x543.jpg\" alt=\"\" width=\"700\" height=\"543\" srcset=\"https:\/\/kkpp.pl\/wp-content\/uploads\/2018\/04\/Miasta-odleglosci_ang-700x543.jpg 700w, https:\/\/kkpp.pl\/wp-content\/uploads\/2018\/04\/Miasta-odleglosci_ang-250x194.jpg 250w, https:\/\/kkpp.pl\/wp-content\/uploads\/2018\/04\/Miasta-odleglosci_ang-768x596.jpg 768w, https:\/\/kkpp.pl\/wp-content\/uploads\/2018\/04\/Miasta-odleglosci_ang-120x93.jpg 120w\" sizes=\"(max-width: 700px) 100vw, 700px\" \/><br \/>\n<strong>Distances from K\u0119dzierzyn-Ko\u017ale to the nearest airports.<\/strong><br \/>\n<img loading=\"lazy\" class=\"alignnone wp-image-431 size-large\" src=\"https:\/\/kkpp.pl\/wp-content\/uploads\/2018\/04\/Lotniska_ang-700x810.jpg\" alt=\"\" width=\"700\" height=\"810\" srcset=\"https:\/\/kkpp.pl\/wp-content\/uploads\/2018\/04\/Lotniska_ang-700x810.jpg 700w, https:\/\/kkpp.pl\/wp-content\/uploads\/2018\/04\/Lotniska_ang-250x289.jpg 250w, https:\/\/kkpp.pl\/wp-content\/uploads\/2018\/04\/Lotniska_ang-768x888.jpg 768w, https:\/\/kkpp.pl\/wp-content\/uploads\/2018\/04\/Lotniska_ang-120x139.jpg 120w\" sizes=\"(max-width: 700px) 100vw, 700px\" \/><\/p>\n<p><strong>Communication<\/strong><br \/>\nOwing to its\u00a0 location in the central part of Europe, there are as many as six European capitals within 500 km from the city: Warsaw, Berlin, Prague, Vienna, Bratislava and Budapest, and three international airports within 140 km: Katowice, Wroc\u0142aw, Krak\u00f3w. K\u0119dzierzyn-Ko\u017ale is situated at the junction of important traffic routs between metropolitan areas of Lower and Upper Silesia.\u00a0 Four provincial roads (no. 408, 410, 423, 426) converge here and the city is crossed by the national road no. 40. There are a&nbsp;few entrances to the A4 motorway.<br \/>\nIt is also an important railway centre in passenger and freight traffic, which is crossed by an international East-West railway main line which is to be connected with the European Railway Transport System. The city is located on the Odra Waterway where the Gliwice Channel meets the Odra and therefore it is connected by waterways with Szczecin, Bydgoszcz, Western Europe and Upper Silesia through Port Gliwice.<\/p>\n<p><strong>Distances to the state borders.<\/strong><br \/>\n<img loading=\"lazy\" class=\"alignnone wp-image-429 size-large\" src=\"https:\/\/kkpp.pl\/wp-content\/uploads\/2018\/04\/Granice_odleglosci_ang-700x700.jpg\" alt=\"\" width=\"700\" height=\"700\" srcset=\"https:\/\/kkpp.pl\/wp-content\/uploads\/2018\/04\/Granice_odleglosci_ang-700x700.jpg 700w, https:\/\/kkpp.pl\/wp-content\/uploads\/2018\/04\/Granice_odleglosci_ang-150x150.jpg 150w, https:\/\/kkpp.pl\/wp-content\/uploads\/2018\/04\/Granice_odleglosci_ang-250x250.jpg 250w, https:\/\/kkpp.pl\/wp-content\/uploads\/2018\/04\/Granice_odleglosci_ang-768x768.jpg 768w, https:\/\/kkpp.pl\/wp-content\/uploads\/2018\/04\/Granice_odleglosci_ang-120x120.jpg 120w\" sizes=\"(max-width: 700px) 100vw, 700px\" \/><\/p>\n<p><strong>Distances from K\u0119dzierzyn-Ko\u017ale to the nearest European capital cities.<\/strong><br \/>\n<img loading=\"lazy\" class=\"alignnone wp-image-434 size-large\" src=\"https:\/\/kkpp.pl\/wp-content\/uploads\/2018\/04\/Stolice-odleglosci_ang-700x700.jpg\" alt=\"\" width=\"700\" height=\"700\" srcset=\"https:\/\/kkpp.pl\/wp-content\/uploads\/2018\/04\/Stolice-odleglosci_ang-700x700.jpg 700w, https:\/\/kkpp.pl\/wp-content\/uploads\/2018\/04\/Stolice-odleglosci_ang-150x150.jpg 150w, https:\/\/kkpp.pl\/wp-content\/uploads\/2018\/04\/Stolice-odleglosci_ang-250x250.jpg 250w, https:\/\/kkpp.pl\/wp-content\/uploads\/2018\/04\/Stolice-odleglosci_ang-768x768.jpg 768w, https:\/\/kkpp.pl\/wp-content\/uploads\/2018\/04\/Stolice-odleglosci_ang-120x120.jpg 120w\" sizes=\"(max-width: 700px) 100vw, 700px\" \/><\/p>\n<p><strong>Education<\/strong><br \/>\nNumber of basic vocational schools in the country: 6 (27 classes)<br \/>\n\u2192 Number of pupils: 430<br \/>\nNumber of technical secondary schools in the county: 6 (69 classes)<br \/>\n\u2192 Number of pupils: 1683<br \/>\nThe city has qualified staff and a&nbsp;wide educational offer oriented on practical training. There are six vocational schools at basic and secondary vocational level, including the Inland Navigation School Complex. In 2016, the Technical University of Opole opened its satellite campus department\u00a0 in K\u0119dzierzyn-Ko\u017ale. The Department of Technical Systems Engineering educates students in the fields of: biotechnical systems and industrial information technology.<br \/>\nThere are six institutions of higher education in the region of a&nbsp;full range of specializations. Each year about 6,500 secondary school graduates and 7000 of higher school graduates enter the labour market in the voivodship.<br \/>\n* data for the year 2016 based on <a href=\"http:\/\/opole.stat.gov.pl\">http:\/\/opole.stat.gov.pl<\/a><\/p>","protected":false},"excerpt":{"rendered":"Statistical data \u2013 K\u0119dzierzyn-Ko\u017ale in numbers* Number of inhabitants: 62.088 Area of the city: 123,7 km2 Number of companies in the city: 6.921, including: \u2192 6.589 in the private sector \/ \u2192 106 companies with foreign capital Number of people working in the city: 16.697, including 7.671 in industry and in construction business Unemployment rate&#8230; <a class=\"view-article\" href=\"https:\/\/kkpp.pl\/en\/kkpp-and-region\/the-city-in-numbers\/\"><br><p style=\"text-align:right\"><i>wi\u0119cej ><\/i><\/p><\/a>","protected":false},"author":1,"featured_media":3607,"parent":5,"menu_order":3,"comment_status":"closed","ping_status":"closed","template":"","meta":{"inline_featured_image":false},"acf":[],"yoast_head":"<!-- This site is optimized with the Yoast SEO plugin v18.1 - https:\/\/yoast.com\/wordpress\/plugins\/seo\/ -->\n<meta name=\"robots\" content=\"index, follow, max-snippet:-1, max-image-preview:large, max-video-preview:-1\" \/>\n<link rel=\"canonical\" href=\"https:\/\/kkpp.pl\/en\/kkpp-i-region\/miasto-w-liczbach\/\" \/>\n<meta property=\"og:locale\" content=\"en_US\" \/>\n<meta property=\"og:type\" content=\"article\" \/>\n<meta property=\"og:title\" content=\"The city in numbers - KKPP K\u0119dzierzy\u0144sko-Kozielski Park Przemys\u0142owy Sp. z o.o.\" \/>\n<meta property=\"og:description\" content=\"Statistical data \u2013 K\u0119dzierzyn-Ko\u017ale in numbers* Number of inhabitants: 62.088 Area of the city: 123,7 km2 Number of companies in the city: 6.921, including: \u2192 6.589 in the private sector \/ \u2192 106 companies with foreign capital Number of people working in the city: 16.697, including 7.671 in industry and in construction business Unemployment rate... wi\u0119cej &gt;\" \/>\n<meta property=\"og:url\" content=\"https:\/\/kkpp.pl\/en\/kkpp-i-region\/miasto-w-liczbach\/\" \/>\n<meta property=\"og:site_name\" content=\"KKPP K\u0119dzierzy\u0144sko-Kozielski Park Przemys\u0142owy Sp. z o.o.\" \/>\n<meta property=\"article:modified_time\" content=\"2024-08-06T18:57:57+00:00\" \/>\n<meta property=\"og:image\" content=\"https:\/\/kkpp.pl\/wp-content\/uploads\/2024\/08\/COI-inwestuj-w-kedzierzynie2.jpg\" \/>\n\t<meta property=\"og:image:width\" content=\"2000\" \/>\n\t<meta property=\"og:image:height\" content=\"635\" \/>\n\t<meta property=\"og:image:type\" content=\"image\/jpeg\" \/>\n<meta name=\"twitter:card\" content=\"summary_large_image\" \/>\n<meta name=\"twitter:label1\" content=\"Est. reading time\" \/>\n\t<meta name=\"twitter:data1\" content=\"6 minutes\" \/>\n<script type=\"application\/ld+json\" class=\"yoast-schema-graph\">{\"@context\":\"https:\/\/schema.org\",\"@graph\":[{\"@type\":\"WebSite\",\"@id\":\"https:\/\/kkpp.pl\/en\/#website\",\"url\":\"https:\/\/kkpp.pl\/en\/\",\"name\":\"KKPP K\u0119dzierzy\u0144sko-Kozielski Park Przemys\u0142owy Sp. z o.o.\",\"description\":\"Centrum Obs\u0142ugi Inwestora K\u0119dzierzyn-Ko\u017ale oferuje tereny inwestycyjne, wsparcie doradcze, szkoleniowe; wynajem powierzchni biurowych, produkcyjnych, us\u0142ugowych.\",\"potentialAction\":[{\"@type\":\"SearchAction\",\"target\":{\"@type\":\"EntryPoint\",\"urlTemplate\":\"https:\/\/kkpp.pl\/en\/?s={search_term_string}\"},\"query-input\":\"required name=search_term_string\"}],\"inLanguage\":\"en-US\"},{\"@type\":\"ImageObject\",\"@id\":\"https:\/\/kkpp.pl\/en\/kkpp-i-region\/miasto-w-liczbach\/#primaryimage\",\"inLanguage\":\"en-US\",\"url\":\"https:\/\/kkpp.pl\/wp-content\/uploads\/2024\/08\/COI-inwestuj-w-kedzierzynie2.jpg\",\"contentUrl\":\"https:\/\/kkpp.pl\/wp-content\/uploads\/2024\/08\/COI-inwestuj-w-kedzierzynie2.jpg\",\"width\":2000,\"height\":635},{\"@type\":\"WebPage\",\"@id\":\"https:\/\/kkpp.pl\/en\/kkpp-i-region\/miasto-w-liczbach\/#webpage\",\"url\":\"https:\/\/kkpp.pl\/en\/kkpp-i-region\/miasto-w-liczbach\/\",\"name\":\"The city in numbers - KKPP K\u0119dzierzy\u0144sko-Kozielski Park Przemys\u0142owy Sp. z o.o.\",\"isPartOf\":{\"@id\":\"https:\/\/kkpp.pl\/en\/#website\"},\"primaryImageOfPage\":{\"@id\":\"https:\/\/kkpp.pl\/en\/kkpp-i-region\/miasto-w-liczbach\/#primaryimage\"},\"datePublished\":\"2018-03-01T09:45:38+00:00\",\"dateModified\":\"2024-08-06T18:57:57+00:00\",\"breadcrumb\":{\"@id\":\"https:\/\/kkpp.pl\/en\/kkpp-i-region\/miasto-w-liczbach\/#breadcrumb\"},\"inLanguage\":\"en-US\",\"potentialAction\":[{\"@type\":\"ReadAction\",\"target\":[[\"https:\/\/kkpp.pl\/kkpp-i-region\/miasto-w-liczbach\/\"]]}]},{\"@type\":\"BreadcrumbList\",\"@id\":\"https:\/\/kkpp.pl\/en\/kkpp-i-region\/miasto-w-liczbach\/#breadcrumb\",\"itemListElement\":[{\"@type\":\"ListItem\",\"position\":1,\"name\":\"KKPP i Region\",\"item\":\"https:\/\/kkpp.pl\/kkpp-i-region\/\"},{\"@type\":\"ListItem\",\"position\":2,\"name\":\"Miasto w liczbach\"}]}]}<\/script>\n<!-- \/ Yoast SEO plugin. -->","yoast_head_json":{"robots":{"index":"index","follow":"follow","max-snippet":"max-snippet:-1","max-image-preview":"max-image-preview:large","max-video-preview":"max-video-preview:-1"},"canonical":"https:\/\/kkpp.pl\/en\/kkpp-i-region\/miasto-w-liczbach\/","og_locale":"en_US","og_type":"article","og_title":"The city in numbers - KKPP K\u0119dzierzy\u0144sko-Kozielski Park Przemys\u0142owy Sp. z o.o.","og_description":"Statistical data \u2013 K\u0119dzierzyn-Ko\u017ale in numbers* Number of inhabitants: 62.088 Area of the city: 123,7 km2 Number of companies in the city: 6.921, including: \u2192 6.589 in the private sector \/ \u2192 106 companies with foreign capital Number of people working in the city: 16.697, including 7.671 in industry and in construction business Unemployment rate... wi\u0119cej >","og_url":"https:\/\/kkpp.pl\/en\/kkpp-i-region\/miasto-w-liczbach\/","og_site_name":"KKPP K\u0119dzierzy\u0144sko-Kozielski Park Przemys\u0142owy Sp. z o.o.","article_modified_time":"2024-08-06T18:57:57+00:00","og_image":[{"width":2000,"height":635,"url":"https:\/\/kkpp.pl\/wp-content\/uploads\/2024\/08\/COI-inwestuj-w-kedzierzynie2.jpg","type":"image\/jpeg"}],"twitter_card":"summary_large_image","twitter_misc":{"Est. reading time":"6 minutes"},"schema":{"@context":"https:\/\/schema.org","@graph":[{"@type":"WebSite","@id":"https:\/\/kkpp.pl\/en\/#website","url":"https:\/\/kkpp.pl\/en\/","name":"KKPP K\u0119dzierzy\u0144sko-Kozielski Park Przemys\u0142owy Sp. z o.o.","description":"Centrum Obs\u0142ugi Inwestora K\u0119dzierzyn-Ko\u017ale oferuje tereny inwestycyjne, wsparcie doradcze, szkoleniowe; wynajem powierzchni biurowych, produkcyjnych, us\u0142ugowych.","potentialAction":[{"@type":"SearchAction","target":{"@type":"EntryPoint","urlTemplate":"https:\/\/kkpp.pl\/en\/?s={search_term_string}"},"query-input":"required name=search_term_string"}],"inLanguage":"en-US"},{"@type":"ImageObject","@id":"https:\/\/kkpp.pl\/en\/kkpp-i-region\/miasto-w-liczbach\/#primaryimage","inLanguage":"en-US","url":"https:\/\/kkpp.pl\/wp-content\/uploads\/2024\/08\/COI-inwestuj-w-kedzierzynie2.jpg","contentUrl":"https:\/\/kkpp.pl\/wp-content\/uploads\/2024\/08\/COI-inwestuj-w-kedzierzynie2.jpg","width":2000,"height":635},{"@type":"WebPage","@id":"https:\/\/kkpp.pl\/en\/kkpp-i-region\/miasto-w-liczbach\/#webpage","url":"https:\/\/kkpp.pl\/en\/kkpp-i-region\/miasto-w-liczbach\/","name":"The city in numbers - KKPP K\u0119dzierzy\u0144sko-Kozielski Park Przemys\u0142owy Sp. z o.o.","isPartOf":{"@id":"https:\/\/kkpp.pl\/en\/#website"},"primaryImageOfPage":{"@id":"https:\/\/kkpp.pl\/en\/kkpp-i-region\/miasto-w-liczbach\/#primaryimage"},"datePublished":"2018-03-01T09:45:38+00:00","dateModified":"2024-08-06T18:57:57+00:00","breadcrumb":{"@id":"https:\/\/kkpp.pl\/en\/kkpp-i-region\/miasto-w-liczbach\/#breadcrumb"},"inLanguage":"en-US","potentialAction":[{"@type":"ReadAction","target":[["https:\/\/kkpp.pl\/kkpp-i-region\/miasto-w-liczbach\/"]]}]},{"@type":"BreadcrumbList","@id":"https:\/\/kkpp.pl\/en\/kkpp-i-region\/miasto-w-liczbach\/#breadcrumb","itemListElement":[{"@type":"ListItem","position":1,"name":"KKPP i Region","item":"https:\/\/kkpp.pl\/kkpp-i-region\/"},{"@type":"ListItem","position":2,"name":"Miasto w liczbach"}]}]}},"_links":{"self":[{"href":"https:\/\/kkpp.pl\/en\/wp-json\/wp\/v2\/pages\/30"}],"collection":[{"href":"https:\/\/kkpp.pl\/en\/wp-json\/wp\/v2\/pages"}],"about":[{"href":"https:\/\/kkpp.pl\/en\/wp-json\/wp\/v2\/types\/page"}],"author":[{"embeddable":true,"href":"https:\/\/kkpp.pl\/en\/wp-json\/wp\/v2\/users\/1"}],"replies":[{"embeddable":true,"href":"https:\/\/kkpp.pl\/en\/wp-json\/wp\/v2\/comments?post=30"}],"version-history":[{"count":7,"href":"https:\/\/kkpp.pl\/en\/wp-json\/wp\/v2\/pages\/30\/revisions"}],"predecessor-version":[{"id":2317,"href":"https:\/\/kkpp.pl\/en\/wp-json\/wp\/v2\/pages\/30\/revisions\/2317"}],"up":[{"embeddable":true,"href":"https:\/\/kkpp.pl\/en\/wp-json\/wp\/v2\/pages\/5"}],"wp:featuredmedia":[{"embeddable":true,"href":"https:\/\/kkpp.pl\/en\/wp-json\/wp\/v2\/media\/3607"}],"wp:attachment":[{"href":"https:\/\/kkpp.pl\/en\/wp-json\/wp\/v2\/media?parent=30"}],"curies":[{"name":"wp","href":"https:\/\/api.w.org\/{rel}","templated":true}]}}