{"id":3351,"date":"2024-04-25T16:03:03","date_gmt":"2024-04-25T14:03:03","guid":{"rendered":"https:\/\/kkpp.pl\/?page_id=3351"},"modified":"2026-02-16T14:06:07","modified_gmt":"2026-02-16T13:06:07","slug":"dzialka-1049-26","status":"publish","type":"page","link":"https:\/\/kkpp.pl\/en\/investors-zone\/investment-areas\/polski-klodnica-0046\/polski-dzialka-1049-26\/","title":{"rendered":"(Polski) Dzia\u0142ka 1049\/26"},"content":{"rendered":"<p class=\"qtranxs-available-languages-message qtranxs-available-languages-message-en\">Sorry, this entry is only available in <a href=\"https:\/\/kkpp.pl\/pl\/wp-json\/wp\/v2\/pages\/3351\" class=\"qtranxs-available-language-link qtranxs-available-language-link-pl\" title=\"Polski\">Polish<\/a>.<\/p>","protected":false},"excerpt":{"rendered":"Sorry, this entry is only available in Polish.","protected":false},"author":2,"featured_media":0,"parent":3312,"menu_order":7,"comment_status":"closed","ping_status":"closed","template":"","meta":{"inline_featured_image":false},"acf":[],"yoast_head":"<!-- This site is optimized with the Yoast SEO plugin v18.1 - https:\/\/yoast.com\/wordpress\/plugins\/seo\/ -->\n<meta name=\"robots\" content=\"index, follow, max-snippet:-1, max-image-preview:large, max-video-preview:-1\" \/>\n<link rel=\"canonical\" href=\"https:\/\/kkpp.pl\/en\/centrum-obslugi-inwestora\/tereny-inwestycyjne\/klodnica-0046\/dzialka-1049-26\/\" \/>\n<meta property=\"og:locale\" content=\"en_US\" \/>\n<meta property=\"og:type\" content=\"article\" \/>\n<meta property=\"og:title\" content=\"(Polski) Dzia\u0142ka 1049\/26 - KKPP K\u0119dzierzy\u0144sko-Kozielski Park Przemys\u0142owy Sp. z o.o.\" \/>\n<meta property=\"og:description\" content=\"Sorry, this entry is only available in Polish.\" \/>\n<meta property=\"og:url\" content=\"https:\/\/kkpp.pl\/en\/centrum-obslugi-inwestora\/tereny-inwestycyjne\/klodnica-0046\/dzialka-1049-26\/\" \/>\n<meta property=\"og:site_name\" content=\"KKPP K\u0119dzierzy\u0144sko-Kozielski Park Przemys\u0142owy Sp. z o.o.\" \/>\n<meta property=\"article:modified_time\" content=\"2026-02-16T13:06:07+00:00\" \/>\n<meta property=\"og:image\" content=\"https:\/\/kkpp.pl\/wp-content\/uploads\/2024\/04\/1049_26-150x150.jpg\" \/>\n<meta name=\"twitter:card\" content=\"summary_large_image\" \/>\n<script type=\"application\/ld+json\" class=\"yoast-schema-graph\">{\"@context\":\"https:\/\/schema.org\",\"@graph\":[{\"@type\":\"WebSite\",\"@id\":\"https:\/\/kkpp.pl\/en\/#website\",\"url\":\"https:\/\/kkpp.pl\/en\/\",\"name\":\"KKPP K\u0119dzierzy\u0144sko-Kozielski Park Przemys\u0142owy Sp. z o.o.\",\"description\":\"Centrum Obs\u0142ugi Inwestora K\u0119dzierzyn-Ko\u017ale oferuje tereny inwestycyjne, wsparcie doradcze, szkoleniowe; wynajem powierzchni biurowych, produkcyjnych, us\u0142ugowych.\",\"potentialAction\":[{\"@type\":\"SearchAction\",\"target\":{\"@type\":\"EntryPoint\",\"urlTemplate\":\"https:\/\/kkpp.pl\/en\/?s={search_term_string}\"},\"query-input\":\"required name=search_term_string\"}],\"inLanguage\":\"en-US\"},{\"@type\":\"ImageObject\",\"@id\":\"https:\/\/kkpp.pl\/en\/centrum-obslugi-inwestora\/tereny-inwestycyjne\/klodnica-0046\/dzialka-1049-26\/#primaryimage\",\"inLanguage\":\"en-US\",\"url\":\"https:\/\/kkpp.pl\/wp-content\/uploads\/2023\/05\/KKPP_skrzedaz-dzialki-grafika-150x37-1.png\",\"contentUrl\":\"https:\/\/kkpp.pl\/wp-content\/uploads\/2023\/05\/KKPP_skrzedaz-dzialki-grafika-150x37-1.png\",\"width\":625,\"height\":155},{\"@type\":\"WebPage\",\"@id\":\"https:\/\/kkpp.pl\/en\/centrum-obslugi-inwestora\/tereny-inwestycyjne\/klodnica-0046\/dzialka-1049-26\/#webpage\",\"url\":\"https:\/\/kkpp.pl\/en\/centrum-obslugi-inwestora\/tereny-inwestycyjne\/klodnica-0046\/dzialka-1049-26\/\",\"name\":\"(Polski) Dzia\u0142ka 1049\/26 - KKPP K\u0119dzierzy\u0144sko-Kozielski Park Przemys\u0142owy Sp. z o.o.\",\"isPartOf\":{\"@id\":\"https:\/\/kkpp.pl\/en\/#website\"},\"primaryImageOfPage\":{\"@id\":\"https:\/\/kkpp.pl\/en\/centrum-obslugi-inwestora\/tereny-inwestycyjne\/klodnica-0046\/dzialka-1049-26\/#primaryimage\"},\"datePublished\":\"2024-04-25T14:03:03+00:00\",\"dateModified\":\"2026-02-16T13:06:07+00:00\",\"breadcrumb\":{\"@id\":\"https:\/\/kkpp.pl\/en\/centrum-obslugi-inwestora\/tereny-inwestycyjne\/klodnica-0046\/dzialka-1049-26\/#breadcrumb\"},\"inLanguage\":\"en-US\",\"potentialAction\":[{\"@type\":\"ReadAction\",\"target\":[[\"https:\/\/kkpp.pl\/centrum-obslugi-inwestora\/tereny-inwestycyjne\/klodnica-0046\/dzialka-1049-26\/\"]]}]},{\"@type\":\"BreadcrumbList\",\"@id\":\"https:\/\/kkpp.pl\/en\/centrum-obslugi-inwestora\/tereny-inwestycyjne\/klodnica-0046\/dzialka-1049-26\/#breadcrumb\",\"itemListElement\":[{\"@type\":\"ListItem\",\"position\":1,\"name\":\"Centrum Obs\u0142ugi Inwestora\",\"item\":\"https:\/\/kkpp.pl\/centrum-obslugi-inwestora\/\"},{\"@type\":\"ListItem\",\"position\":2,\"name\":\"Tereny inwestycyjne\",\"item\":\"https:\/\/kkpp.pl\/centrum-obslugi-inwestora\/tereny-inwestycyjne\/\"},{\"@type\":\"ListItem\",\"position\":3,\"name\":\"K\u0142odnica \/0046\/\",\"item\":\"https:\/\/kkpp.pl\/centrum-obslugi-inwestora\/tereny-inwestycyjne\/klodnica-0046\/\"},{\"@type\":\"ListItem\",\"position\":4,\"name\":\"Dzia\u0142ka 1049\/26\"}]}]}<\/script>\n<!-- \/ Yoast SEO plugin. -->","yoast_head_json":{"robots":{"index":"index","follow":"follow","max-snippet":"max-snippet:-1","max-image-preview":"max-image-preview:large","max-video-preview":"max-video-preview:-1"},"canonical":"https:\/\/kkpp.pl\/en\/centrum-obslugi-inwestora\/tereny-inwestycyjne\/klodnica-0046\/dzialka-1049-26\/","og_locale":"en_US","og_type":"article","og_title":"(Polski) Dzia\u0142ka 1049\/26 - KKPP K\u0119dzierzy\u0144sko-Kozielski Park Przemys\u0142owy Sp. z o.o.","og_description":"Sorry, this entry is only available in Polish.","og_url":"https:\/\/kkpp.pl\/en\/centrum-obslugi-inwestora\/tereny-inwestycyjne\/klodnica-0046\/dzialka-1049-26\/","og_site_name":"KKPP K\u0119dzierzy\u0144sko-Kozielski Park Przemys\u0142owy Sp. z o.o.","article_modified_time":"2026-02-16T13:06:07+00:00","og_image":[{"url":"https:\/\/kkpp.pl\/wp-content\/uploads\/2024\/04\/1049_26-150x150.jpg"}],"twitter_card":"summary_large_image","schema":{"@context":"https:\/\/schema.org","@graph":[{"@type":"WebSite","@id":"https:\/\/kkpp.pl\/en\/#website","url":"https:\/\/kkpp.pl\/en\/","name":"KKPP K\u0119dzierzy\u0144sko-Kozielski Park Przemys\u0142owy Sp. z o.o.","description":"Centrum Obs\u0142ugi Inwestora K\u0119dzierzyn-Ko\u017ale oferuje tereny inwestycyjne, wsparcie doradcze, szkoleniowe; wynajem powierzchni biurowych, produkcyjnych, us\u0142ugowych.","potentialAction":[{"@type":"SearchAction","target":{"@type":"EntryPoint","urlTemplate":"https:\/\/kkpp.pl\/en\/?s={search_term_string}"},"query-input":"required name=search_term_string"}],"inLanguage":"en-US"},{"@type":"ImageObject","@id":"https:\/\/kkpp.pl\/en\/centrum-obslugi-inwestora\/tereny-inwestycyjne\/klodnica-0046\/dzialka-1049-26\/#primaryimage","inLanguage":"en-US","url":"https:\/\/kkpp.pl\/wp-content\/uploads\/2023\/05\/KKPP_skrzedaz-dzialki-grafika-150x37-1.png","contentUrl":"https:\/\/kkpp.pl\/wp-content\/uploads\/2023\/05\/KKPP_skrzedaz-dzialki-grafika-150x37-1.png","width":625,"height":155},{"@type":"WebPage","@id":"https:\/\/kkpp.pl\/en\/centrum-obslugi-inwestora\/tereny-inwestycyjne\/klodnica-0046\/dzialka-1049-26\/#webpage","url":"https:\/\/kkpp.pl\/en\/centrum-obslugi-inwestora\/tereny-inwestycyjne\/klodnica-0046\/dzialka-1049-26\/","name":"(Polski) Dzia\u0142ka 1049\/26 - KKPP K\u0119dzierzy\u0144sko-Kozielski Park Przemys\u0142owy Sp. z o.o.","isPartOf":{"@id":"https:\/\/kkpp.pl\/en\/#website"},"primaryImageOfPage":{"@id":"https:\/\/kkpp.pl\/en\/centrum-obslugi-inwestora\/tereny-inwestycyjne\/klodnica-0046\/dzialka-1049-26\/#primaryimage"},"datePublished":"2024-04-25T14:03:03+00:00","dateModified":"2026-02-16T13:06:07+00:00","breadcrumb":{"@id":"https:\/\/kkpp.pl\/en\/centrum-obslugi-inwestora\/tereny-inwestycyjne\/klodnica-0046\/dzialka-1049-26\/#breadcrumb"},"inLanguage":"en-US","potentialAction":[{"@type":"ReadAction","target":[["https:\/\/kkpp.pl\/centrum-obslugi-inwestora\/tereny-inwestycyjne\/klodnica-0046\/dzialka-1049-26\/"]]}]},{"@type":"BreadcrumbList","@id":"https:\/\/kkpp.pl\/en\/centrum-obslugi-inwestora\/tereny-inwestycyjne\/klodnica-0046\/dzialka-1049-26\/#breadcrumb","itemListElement":[{"@type":"ListItem","position":1,"name":"Centrum Obs\u0142ugi Inwestora","item":"https:\/\/kkpp.pl\/centrum-obslugi-inwestora\/"},{"@type":"ListItem","position":2,"name":"Tereny inwestycyjne","item":"https:\/\/kkpp.pl\/centrum-obslugi-inwestora\/tereny-inwestycyjne\/"},{"@type":"ListItem","position":3,"name":"K\u0142odnica \/0046\/","item":"https:\/\/kkpp.pl\/centrum-obslugi-inwestora\/tereny-inwestycyjne\/klodnica-0046\/"},{"@type":"ListItem","position":4,"name":"Dzia\u0142ka 1049\/26"}]}]}},"_links":{"self":[{"href":"https:\/\/kkpp.pl\/en\/wp-json\/wp\/v2\/pages\/3351"}],"collection":[{"href":"https:\/\/kkpp.pl\/en\/wp-json\/wp\/v2\/pages"}],"about":[{"href":"https:\/\/kkpp.pl\/en\/wp-json\/wp\/v2\/types\/page"}],"author":[{"embeddable":true,"href":"https:\/\/kkpp.pl\/en\/wp-json\/wp\/v2\/users\/2"}],"replies":[{"embeddable":true,"href":"https:\/\/kkpp.pl\/en\/wp-json\/wp\/v2\/comments?post=3351"}],"version-history":[{"count":0,"href":"https:\/\/kkpp.pl\/en\/wp-json\/wp\/v2\/pages\/3351\/revisions"}],"up":[{"embeddable":true,"href":"https:\/\/kkpp.pl\/en\/wp-json\/wp\/v2\/pages\/3312"}],"wp:attachment":[{"href":"https:\/\/kkpp.pl\/en\/wp-json\/wp\/v2\/media?parent=3351"}],"curies":[{"name":"wp","href":"https:\/\/api.w.org\/{rel}","templated":true}]}}