{"id":3779,"date":"2025-01-02T09:51:11","date_gmt":"2025-01-02T08:51:11","guid":{"rendered":"https:\/\/kkpp.pl\/?page_id=3779"},"modified":"2025-01-02T10:09:34","modified_gmt":"2025-01-02T09:09:34","slug":"kozly-biznesu-2024","status":"publish","type":"page","link":"https:\/\/kkpp.pl\/en\/polski-kozly-biznesu\/polski-kozly-biznesu-2024\/","title":{"rendered":"(Polski) Koz\u0142y Biznesu 2024"},"content":{"rendered":"<p class=\"qtranxs-available-languages-message qtranxs-available-languages-message-en\">Sorry, this entry is only available in <a href=\"https:\/\/kkpp.pl\/pl\/wp-json\/wp\/v2\/pages\/3779\" class=\"qtranxs-available-language-link qtranxs-available-language-link-pl\" title=\"Polski\">Polish<\/a>.<\/p>","protected":false},"excerpt":{"rendered":"Sorry, this entry is only available in Polish.","protected":false},"author":2,"featured_media":0,"parent":796,"menu_order":0,"comment_status":"closed","ping_status":"closed","template":"","meta":{"inline_featured_image":false},"acf":[],"yoast_head":"<!-- This site is optimized with the Yoast SEO plugin v18.1 - https:\/\/yoast.com\/wordpress\/plugins\/seo\/ -->\n<meta name=\"robots\" content=\"index, follow, max-snippet:-1, max-image-preview:large, max-video-preview:-1\" \/>\n<link rel=\"canonical\" href=\"https:\/\/kkpp.pl\/en\/kozly-biznesu\/kozly-biznesu-2024\/\" \/>\n<meta property=\"og:locale\" content=\"en_US\" \/>\n<meta property=\"og:type\" content=\"article\" \/>\n<meta property=\"og:title\" content=\"(Polski) Koz\u0142y Biznesu 2024 - KKPP K\u0119dzierzy\u0144sko-Kozielski Park Przemys\u0142owy Sp. z o.o.\" \/>\n<meta property=\"og:description\" content=\"Sorry, this entry is only available in Polish.\" \/>\n<meta property=\"og:url\" content=\"https:\/\/kkpp.pl\/en\/kozly-biznesu\/kozly-biznesu-2024\/\" \/>\n<meta property=\"og:site_name\" content=\"KKPP K\u0119dzierzy\u0144sko-Kozielski Park Przemys\u0142owy Sp. z o.o.\" \/>\n<meta property=\"article:modified_time\" content=\"2025-01-02T09:09:34+00:00\" \/>\n<meta property=\"og:image\" content=\"https:\/\/kkpp.pl\/wp-content\/uploads\/2025\/01\/Logotyp-Kozly-Biznesu-2024--250x375.png\" \/>\n<meta name=\"twitter:card\" content=\"summary_large_image\" \/>\n<meta name=\"twitter:label1\" content=\"Est. reading time\" \/>\n\t<meta name=\"twitter:data1\" content=\"1 minute\" \/>\n<script type=\"application\/ld+json\" class=\"yoast-schema-graph\">{\"@context\":\"https:\/\/schema.org\",\"@graph\":[{\"@type\":\"WebSite\",\"@id\":\"https:\/\/kkpp.pl\/en\/#website\",\"url\":\"https:\/\/kkpp.pl\/en\/\",\"name\":\"KKPP K\u0119dzierzy\u0144sko-Kozielski Park Przemys\u0142owy Sp. z o.o.\",\"description\":\"Centrum Obs\u0142ugi Inwestora K\u0119dzierzyn-Ko\u017ale oferuje tereny inwestycyjne, wsparcie doradcze, szkoleniowe; wynajem powierzchni biurowych, produkcyjnych, us\u0142ugowych.\",\"potentialAction\":[{\"@type\":\"SearchAction\",\"target\":{\"@type\":\"EntryPoint\",\"urlTemplate\":\"https:\/\/kkpp.pl\/en\/?s={search_term_string}\"},\"query-input\":\"required name=search_term_string\"}],\"inLanguage\":\"en-US\"},{\"@type\":\"ImageObject\",\"@id\":\"https:\/\/kkpp.pl\/en\/kozly-biznesu\/kozly-biznesu-2024\/#primaryimage\",\"inLanguage\":\"en-US\",\"url\":\"https:\/\/kkpp.pl\/wp-content\/uploads\/2025\/01\/Logotyp-Kozly-Biznesu-2024-.png\",\"contentUrl\":\"https:\/\/kkpp.pl\/wp-content\/uploads\/2025\/01\/Logotyp-Kozly-Biznesu-2024-.png\",\"width\":1182,\"height\":1772},{\"@type\":\"WebPage\",\"@id\":\"https:\/\/kkpp.pl\/en\/kozly-biznesu\/kozly-biznesu-2024\/#webpage\",\"url\":\"https:\/\/kkpp.pl\/en\/kozly-biznesu\/kozly-biznesu-2024\/\",\"name\":\"(Polski) Koz\u0142y Biznesu 2024 - KKPP K\u0119dzierzy\u0144sko-Kozielski Park Przemys\u0142owy Sp. z o.o.\",\"isPartOf\":{\"@id\":\"https:\/\/kkpp.pl\/en\/#website\"},\"primaryImageOfPage\":{\"@id\":\"https:\/\/kkpp.pl\/en\/kozly-biznesu\/kozly-biznesu-2024\/#primaryimage\"},\"datePublished\":\"2025-01-02T08:51:11+00:00\",\"dateModified\":\"2025-01-02T09:09:34+00:00\",\"breadcrumb\":{\"@id\":\"https:\/\/kkpp.pl\/en\/kozly-biznesu\/kozly-biznesu-2024\/#breadcrumb\"},\"inLanguage\":\"en-US\",\"potentialAction\":[{\"@type\":\"ReadAction\",\"target\":[[\"https:\/\/kkpp.pl\/kozly-biznesu\/kozly-biznesu-2024\/\"]]}]},{\"@type\":\"BreadcrumbList\",\"@id\":\"https:\/\/kkpp.pl\/en\/kozly-biznesu\/kozly-biznesu-2024\/#breadcrumb\",\"itemListElement\":[{\"@type\":\"ListItem\",\"position\":1,\"name\":\"Koz\u0142y Biznesu\",\"item\":\"https:\/\/kkpp.pl\/kozly-biznesu\/\"},{\"@type\":\"ListItem\",\"position\":2,\"name\":\"Koz\u0142y Biznesu 2024\"}]}]}<\/script>\n<!-- \/ Yoast SEO plugin. -->","yoast_head_json":{"robots":{"index":"index","follow":"follow","max-snippet":"max-snippet:-1","max-image-preview":"max-image-preview:large","max-video-preview":"max-video-preview:-1"},"canonical":"https:\/\/kkpp.pl\/en\/kozly-biznesu\/kozly-biznesu-2024\/","og_locale":"en_US","og_type":"article","og_title":"(Polski) Koz\u0142y Biznesu 2024 - KKPP K\u0119dzierzy\u0144sko-Kozielski Park Przemys\u0142owy Sp. z o.o.","og_description":"Sorry, this entry is only available in Polish.","og_url":"https:\/\/kkpp.pl\/en\/kozly-biznesu\/kozly-biznesu-2024\/","og_site_name":"KKPP K\u0119dzierzy\u0144sko-Kozielski Park Przemys\u0142owy Sp. z o.o.","article_modified_time":"2025-01-02T09:09:34+00:00","og_image":[{"url":"https:\/\/kkpp.pl\/wp-content\/uploads\/2025\/01\/Logotyp-Kozly-Biznesu-2024--250x375.png"}],"twitter_card":"summary_large_image","twitter_misc":{"Est. reading time":"1 minute"},"schema":{"@context":"https:\/\/schema.org","@graph":[{"@type":"WebSite","@id":"https:\/\/kkpp.pl\/en\/#website","url":"https:\/\/kkpp.pl\/en\/","name":"KKPP K\u0119dzierzy\u0144sko-Kozielski Park Przemys\u0142owy Sp. z o.o.","description":"Centrum Obs\u0142ugi Inwestora K\u0119dzierzyn-Ko\u017ale oferuje tereny inwestycyjne, wsparcie doradcze, szkoleniowe; wynajem powierzchni biurowych, produkcyjnych, us\u0142ugowych.","potentialAction":[{"@type":"SearchAction","target":{"@type":"EntryPoint","urlTemplate":"https:\/\/kkpp.pl\/en\/?s={search_term_string}"},"query-input":"required name=search_term_string"}],"inLanguage":"en-US"},{"@type":"ImageObject","@id":"https:\/\/kkpp.pl\/en\/kozly-biznesu\/kozly-biznesu-2024\/#primaryimage","inLanguage":"en-US","url":"https:\/\/kkpp.pl\/wp-content\/uploads\/2025\/01\/Logotyp-Kozly-Biznesu-2024-.png","contentUrl":"https:\/\/kkpp.pl\/wp-content\/uploads\/2025\/01\/Logotyp-Kozly-Biznesu-2024-.png","width":1182,"height":1772},{"@type":"WebPage","@id":"https:\/\/kkpp.pl\/en\/kozly-biznesu\/kozly-biznesu-2024\/#webpage","url":"https:\/\/kkpp.pl\/en\/kozly-biznesu\/kozly-biznesu-2024\/","name":"(Polski) Koz\u0142y Biznesu 2024 - KKPP K\u0119dzierzy\u0144sko-Kozielski Park Przemys\u0142owy Sp. z o.o.","isPartOf":{"@id":"https:\/\/kkpp.pl\/en\/#website"},"primaryImageOfPage":{"@id":"https:\/\/kkpp.pl\/en\/kozly-biznesu\/kozly-biznesu-2024\/#primaryimage"},"datePublished":"2025-01-02T08:51:11+00:00","dateModified":"2025-01-02T09:09:34+00:00","breadcrumb":{"@id":"https:\/\/kkpp.pl\/en\/kozly-biznesu\/kozly-biznesu-2024\/#breadcrumb"},"inLanguage":"en-US","potentialAction":[{"@type":"ReadAction","target":[["https:\/\/kkpp.pl\/kozly-biznesu\/kozly-biznesu-2024\/"]]}]},{"@type":"BreadcrumbList","@id":"https:\/\/kkpp.pl\/en\/kozly-biznesu\/kozly-biznesu-2024\/#breadcrumb","itemListElement":[{"@type":"ListItem","position":1,"name":"Koz\u0142y Biznesu","item":"https:\/\/kkpp.pl\/kozly-biznesu\/"},{"@type":"ListItem","position":2,"name":"Koz\u0142y Biznesu 2024"}]}]}},"_links":{"self":[{"href":"https:\/\/kkpp.pl\/en\/wp-json\/wp\/v2\/pages\/3779"}],"collection":[{"href":"https:\/\/kkpp.pl\/en\/wp-json\/wp\/v2\/pages"}],"about":[{"href":"https:\/\/kkpp.pl\/en\/wp-json\/wp\/v2\/types\/page"}],"author":[{"embeddable":true,"href":"https:\/\/kkpp.pl\/en\/wp-json\/wp\/v2\/users\/2"}],"replies":[{"embeddable":true,"href":"https:\/\/kkpp.pl\/en\/wp-json\/wp\/v2\/comments?post=3779"}],"version-history":[{"count":0,"href":"https:\/\/kkpp.pl\/en\/wp-json\/wp\/v2\/pages\/3779\/revisions"}],"up":[{"embeddable":true,"href":"https:\/\/kkpp.pl\/en\/wp-json\/wp\/v2\/pages\/796"}],"wp:attachment":[{"href":"https:\/\/kkpp.pl\/en\/wp-json\/wp\/v2\/media?parent=3779"}],"curies":[{"name":"wp","href":"https:\/\/api.w.org\/{rel}","templated":true}]}}