{"id":5,"date":"2018-03-01T10:32:38","date_gmt":"2018-03-01T09:32:38","guid":{"rendered":"https:\/\/kkpp.pl\/?page_id=5"},"modified":"2024-11-22T18:17:22","modified_gmt":"2024-11-22T17:17:22","slug":"inwestuj-w-kedzierzynie-kozlu","status":"publish","type":"page","link":"https:\/\/kkpp.pl\/en\/kkpp-and-region\/","title":{"rendered":"KKPP and region"},"content":{"rendered":"<p>K\u0119dzierzyn-Ko\u017ale is a&nbsp;dynamically developing centre of rich industrial traditions.<\/p>\n<p>The city grew based on industry, the history of which dates back to the beginning of the 18th century\u00a0 and the development of the river transport on the Odra. These factors determined a&nbsp;contemporary image of K\u0119dzierzyn-Ko\u017ale where tradition meets innovation creating the possibilities of a&nbsp;very high investment potential.<br \/>\nThe companies from the key regional specializations of Opole Voivodship have been running their business in K\u0119dzierzyn-Ko\u017ale area. These are chemical plants such as Grupa Azoty ZAK S.A., Brenntag Polska, PCC Synteza and from the machine manufacturing sector\u00a0 &#8211; A. Berger Polska, Famet S.A.. German, Chinese, Dutch, British and Greek investors are present here,\u00a0 and according to the report of the Polish Business Information Agency , edition 2016\/2017, such companies as: Brenntag CEE GmbH (place 23), Komet Urpol (place 119), Magna International Inc. (place 162) were, among others, on the list of the biggest foreign investors in Poland . Technological facilities and modern infrastructure also make other companies, among others from the photography\u00a0 business such as CeWe Color, Fotojoker or shipyard business such as Damen Shipyards Ko\u017ale develop.<\/p>\n<p><strong>The city promotes entrepreneurship.<\/strong><br \/>\nThe city\u2019s investment efforts were given credit in the report \u2018Investment Attractiveness of the Regions in 2017\u2019 prepared by the Warsaw School of Economics for the Polish Business Information Agency.\u00a0 K\u0119dzierzyn-Ko\u017ale was marked with a&nbsp;golden star in the group of municipalities of Opole Voivodship as a&nbsp;municipality of the highest investment attractiveness, next to Opole and Brzeg. The sector of small and medium-sized enterprises (SME) supporting the industry is functioning and constantly developing in the city. The sector of services is also thriving. The companies may count on the support of business-related institutions.<br \/> A&nbsp;convenient location of the city between Upper and Lower Silesia, the vicinity of A4 motorway and the Polish-Czech border, and a&nbsp;well-developed railway junction as well as a&nbsp;port on the Odra waterway offer a&nbsp;big international sales market.<br \/>\nThe Opole region with the voivodships of Silesia and Lower Silesia means access to almost 9 million potential customers and the possibility of various business cooperation forms due to wide industrial specializations in these regions.\u00a0 The economic potential of Opole Voivodship attracts investors by offering attractive investment areas, developed economic infrastructure, well-qualified staff, and also, resulting from historical and cultural conditions, ethos of work, openness and tolerance.\u00a0 Food, chemical and construction industries are the sectors of high opportunities in the voivodship.<\/p>","protected":false},"excerpt":{"rendered":"K\u0119dzierzyn-Ko\u017ale is a&nbsp;dynamically developing centre of rich industrial traditions. The city grew based on industry, the history of which dates back to the beginning of the 18th century\u00a0 and the development of the river transport on the Odra. These factors determined a&nbsp;contemporary image of K\u0119dzierzyn-Ko\u017ale where tradition meets innovation creating the possibilities of a&nbsp;very high&#8230; <a class=\"view-article\" href=\"https:\/\/kkpp.pl\/en\/kkpp-and-region\/\"><br><p style=\"text-align:right\"><i>wi\u0119cej ><\/i><\/p><\/a>","protected":false},"author":1,"featured_media":0,"parent":0,"menu_order":0,"comment_status":"closed","ping_status":"closed","template":"","meta":{"inline_featured_image":false},"acf":[],"yoast_head":"<!-- This site is optimized with the Yoast SEO plugin v18.1 - https:\/\/yoast.com\/wordpress\/plugins\/seo\/ -->\n<meta name=\"description\" content=\"K\u0119dzierzyn-Ko\u017ale jest pr\u0119\u017cnie rozwijaj\u0105cym si\u0119 o\u015brodkiem o bogatych tradycjach przemys\u0142owych.\" \/>\n<meta name=\"robots\" content=\"index, follow, max-snippet:-1, max-image-preview:large, max-video-preview:-1\" \/>\n<link rel=\"canonical\" href=\"https:\/\/kkpp.pl\/en\/kkpp-i-region\/\" \/>\n<meta property=\"og:locale\" content=\"en_US\" \/>\n<meta property=\"og:type\" content=\"article\" \/>\n<meta property=\"og:title\" content=\"KKPP and region - KKPP K\u0119dzierzy\u0144sko-Kozielski Park Przemys\u0142owy Sp. z o.o.\" \/>\n<meta property=\"og:description\" content=\"K\u0119dzierzyn-Ko\u017ale jest pr\u0119\u017cnie rozwijaj\u0105cym si\u0119 o\u015brodkiem o bogatych tradycjach przemys\u0142owych.\" \/>\n<meta property=\"og:url\" content=\"https:\/\/kkpp.pl\/en\/kkpp-i-region\/\" \/>\n<meta property=\"og:site_name\" content=\"KKPP K\u0119dzierzy\u0144sko-Kozielski Park Przemys\u0142owy Sp. z o.o.\" \/>\n<meta property=\"article:modified_time\" content=\"2024-11-22T17:17:22+00:00\" \/>\n<meta name=\"twitter:card\" content=\"summary_large_image\" \/>\n<meta name=\"twitter:label1\" content=\"Est. reading time\" \/>\n\t<meta name=\"twitter:data1\" content=\"7 minutes\" \/>\n<script type=\"application\/ld+json\" class=\"yoast-schema-graph\">{\"@context\":\"https:\/\/schema.org\",\"@graph\":[{\"@type\":\"WebSite\",\"@id\":\"https:\/\/kkpp.pl\/en\/#website\",\"url\":\"https:\/\/kkpp.pl\/en\/\",\"name\":\"KKPP K\u0119dzierzy\u0144sko-Kozielski Park Przemys\u0142owy Sp. z o.o.\",\"description\":\"Centrum Obs\u0142ugi Inwestora K\u0119dzierzyn-Ko\u017ale oferuje tereny inwestycyjne, wsparcie doradcze, szkoleniowe; wynajem powierzchni biurowych, produkcyjnych, us\u0142ugowych.\",\"potentialAction\":[{\"@type\":\"SearchAction\",\"target\":{\"@type\":\"EntryPoint\",\"urlTemplate\":\"https:\/\/kkpp.pl\/en\/?s={search_term_string}\"},\"query-input\":\"required name=search_term_string\"}],\"inLanguage\":\"en-US\"},{\"@type\":\"WebPage\",\"@id\":\"https:\/\/kkpp.pl\/en\/kkpp-i-region\/#webpage\",\"url\":\"https:\/\/kkpp.pl\/en\/kkpp-i-region\/\",\"name\":\"KKPP and region - KKPP K\u0119dzierzy\u0144sko-Kozielski Park Przemys\u0142owy Sp. z o.o.\",\"isPartOf\":{\"@id\":\"https:\/\/kkpp.pl\/en\/#website\"},\"datePublished\":\"2018-03-01T09:32:38+00:00\",\"dateModified\":\"2024-11-22T17:17:22+00:00\",\"description\":\"K\u0119dzierzyn-Ko\u017ale jest pr\u0119\u017cnie rozwijaj\u0105cym si\u0119 o\u015brodkiem o bogatych tradycjach przemys\u0142owych.\",\"breadcrumb\":{\"@id\":\"https:\/\/kkpp.pl\/en\/kkpp-i-region\/#breadcrumb\"},\"inLanguage\":\"en-US\",\"potentialAction\":[{\"@type\":\"ReadAction\",\"target\":[[\"https:\/\/kkpp.pl\/kkpp-i-region\/\"]]}]},{\"@type\":\"BreadcrumbList\",\"@id\":\"https:\/\/kkpp.pl\/en\/kkpp-i-region\/#breadcrumb\",\"itemListElement\":[{\"@type\":\"ListItem\",\"position\":1,\"name\":\"KKPP i Region\"}]}]}<\/script>\n<!-- \/ Yoast SEO plugin. -->","yoast_head_json":{"description":"K\u0119dzierzyn-Ko\u017ale jest pr\u0119\u017cnie rozwijaj\u0105cym si\u0119 o\u015brodkiem o bogatych tradycjach przemys\u0142owych.","robots":{"index":"index","follow":"follow","max-snippet":"max-snippet:-1","max-image-preview":"max-image-preview:large","max-video-preview":"max-video-preview:-1"},"canonical":"https:\/\/kkpp.pl\/en\/kkpp-i-region\/","og_locale":"en_US","og_type":"article","og_title":"KKPP and region - KKPP K\u0119dzierzy\u0144sko-Kozielski Park Przemys\u0142owy Sp. z o.o.","og_description":"K\u0119dzierzyn-Ko\u017ale jest pr\u0119\u017cnie rozwijaj\u0105cym si\u0119 o\u015brodkiem o bogatych tradycjach przemys\u0142owych.","og_url":"https:\/\/kkpp.pl\/en\/kkpp-i-region\/","og_site_name":"KKPP K\u0119dzierzy\u0144sko-Kozielski Park Przemys\u0142owy Sp. z o.o.","article_modified_time":"2024-11-22T17:17:22+00:00","twitter_card":"summary_large_image","twitter_misc":{"Est. reading time":"7 minutes"},"schema":{"@context":"https:\/\/schema.org","@graph":[{"@type":"WebSite","@id":"https:\/\/kkpp.pl\/en\/#website","url":"https:\/\/kkpp.pl\/en\/","name":"KKPP K\u0119dzierzy\u0144sko-Kozielski Park Przemys\u0142owy Sp. z o.o.","description":"Centrum Obs\u0142ugi Inwestora K\u0119dzierzyn-Ko\u017ale oferuje tereny inwestycyjne, wsparcie doradcze, szkoleniowe; wynajem powierzchni biurowych, produkcyjnych, us\u0142ugowych.","potentialAction":[{"@type":"SearchAction","target":{"@type":"EntryPoint","urlTemplate":"https:\/\/kkpp.pl\/en\/?s={search_term_string}"},"query-input":"required name=search_term_string"}],"inLanguage":"en-US"},{"@type":"WebPage","@id":"https:\/\/kkpp.pl\/en\/kkpp-i-region\/#webpage","url":"https:\/\/kkpp.pl\/en\/kkpp-i-region\/","name":"KKPP and region - KKPP K\u0119dzierzy\u0144sko-Kozielski Park Przemys\u0142owy Sp. z o.o.","isPartOf":{"@id":"https:\/\/kkpp.pl\/en\/#website"},"datePublished":"2018-03-01T09:32:38+00:00","dateModified":"2024-11-22T17:17:22+00:00","description":"K\u0119dzierzyn-Ko\u017ale jest pr\u0119\u017cnie rozwijaj\u0105cym si\u0119 o\u015brodkiem o bogatych tradycjach przemys\u0142owych.","breadcrumb":{"@id":"https:\/\/kkpp.pl\/en\/kkpp-i-region\/#breadcrumb"},"inLanguage":"en-US","potentialAction":[{"@type":"ReadAction","target":[["https:\/\/kkpp.pl\/kkpp-i-region\/"]]}]},{"@type":"BreadcrumbList","@id":"https:\/\/kkpp.pl\/en\/kkpp-i-region\/#breadcrumb","itemListElement":[{"@type":"ListItem","position":1,"name":"KKPP i Region"}]}]}},"_links":{"self":[{"href":"https:\/\/kkpp.pl\/en\/wp-json\/wp\/v2\/pages\/5"}],"collection":[{"href":"https:\/\/kkpp.pl\/en\/wp-json\/wp\/v2\/pages"}],"about":[{"href":"https:\/\/kkpp.pl\/en\/wp-json\/wp\/v2\/types\/page"}],"author":[{"embeddable":true,"href":"https:\/\/kkpp.pl\/en\/wp-json\/wp\/v2\/users\/1"}],"replies":[{"embeddable":true,"href":"https:\/\/kkpp.pl\/en\/wp-json\/wp\/v2\/comments?post=5"}],"version-history":[{"count":13,"href":"https:\/\/kkpp.pl\/en\/wp-json\/wp\/v2\/pages\/5\/revisions"}],"predecessor-version":[{"id":3760,"href":"https:\/\/kkpp.pl\/en\/wp-json\/wp\/v2\/pages\/5\/revisions\/3760"}],"wp:attachment":[{"href":"https:\/\/kkpp.pl\/en\/wp-json\/wp\/v2\/media?parent=5"}],"curies":[{"name":"wp","href":"https:\/\/api.w.org\/{rel}","templated":true}]}}